{"id":5640,"date":"2021-12-16T03:42:55","date_gmt":"2021-12-16T08:42:55","guid":{"rendered":"https:\/\/puyapeptide.net\/conditions-dutilisation\/"},"modified":"2022-07-09T11:30:50","modified_gmt":"2022-07-09T15:30:50","slug":"conditions-dutilisation","status":"publish","type":"page","link":"https:\/\/puyapeptide.net\/fr\/conditions-dutilisation\/","title":{"rendered":"Conditions d&#39;utilisation"},"content":{"rendered":"\t\t<div data-elementor-type=\"wp-page\" data-elementor-id=\"5640\" class=\"elementor elementor-5640\">\n\t\t\t\t\t\t<section class=\"elementor-section elementor-top-section elementor-element elementor-element-11542c42 elementor-section-boxed elementor-section-height-default elementor-section-height-default\" data-id=\"11542c42\" data-element_type=\"section\" data-e-type=\"section\">\n\t\t\t\t\t\t<div class=\"elementor-container elementor-column-gap-default\">\n\t\t\t\t\t<div class=\"elementor-column elementor-col-100 elementor-top-column elementor-element elementor-element-2c981488\" data-id=\"2c981488\" data-element_type=\"column\" data-e-type=\"column\">\n\t\t\t<div class=\"elementor-widget-wrap elementor-element-populated\">\n\t\t\t\t\t\t<div class=\"elementor-element elementor-element-1d3c05d5 elementor-widget elementor-widget-text-editor\" data-id=\"1d3c05d5\" data-element_type=\"widget\" data-e-type=\"widget\" data-widget_type=\"text-editor.default\">\n\t\t\t\t<div class=\"elementor-widget-container\">\n\t\t\t\t\t\t\t\t\t<\/p>\n<h3>Aper\u00e7u<\/h3>\n<\/p>\n<p> Ce site Web est exploit\u00e9 par puyapeptide.net pour offrir un service de vente en ligne.<\/p>\n<p> Sur ce site, les termes &quot;nous&quot;, &quot;notre&quot; et &quot;nos&quot; font r\u00e9f\u00e9rence \u00e0 <span style=\"color: var(--ast-global-color-3); font-size: 1rem;\">puyapeptide.net<\/span><\/p>\n<p> Nous offrons cette boutique en ligne puyapeptide.net, y compris toutes les informations, outils et services disponibles sur ce site pour vous, l&#39;utilisateur, sous r\u00e9serve de votre acceptation de tous les termes, conditions, politiques et avis \u00e9nonc\u00e9s ici.<\/p>\n<p> En visitant notre site et\/ou en achetant quelque chose chez nous, vous vous engagez dans notre &quot;Service&quot; et acceptez d&#39;\u00eatre li\u00e9 par les termes et conditions suivants (&quot;Conditions d&#39;utilisation&quot;), y compris ces termes et conditions et politiques suppl\u00e9mentaires.<\/p>\n<p> Nous nous r\u00e9servons le droit de mettre \u00e0 jour, de modifier ou de remplacer toute partie de ces conditions d&#39;utilisation en publiant des mises \u00e0 jour et\/ou des modifications sur notre site Web.<br \/> <strong>SECTION 1 &#8211; TERMES puyapeptide.net<\/strong><\/p>\n<p> En acceptant ces conditions d&#39;utilisation, vous ne pouvez pas utiliser nos produits \u00e0 des fins ill\u00e9gales ou non autoris\u00e9es et vous ne pouvez pas non plus, dans l&#39;utilisation du service, violer les lois de votre juridiction (y compris, mais sans s&#39;y limiter, les lois sur le droit d&#39;auteur).<\/p>\n<p> <strong>ARTICLE 2 \u2013 CONDITIONS G\u00c9N\u00c9RALES<\/strong><\/p>\n<p> Vous comprenez que votre contenu (\u00e0 l&#39;exclusion des informations de carte de cr\u00e9dit) peut \u00eatre transf\u00e9r\u00e9 en clair et impliquer (a) des transmissions sur divers r\u00e9seaux\u00a0; et (b) des changements pour se conformer et s&#39;adapter aux exigences techniques des r\u00e9seaux ou appareils de connexion. Comme vos commentaires sur nos blogs.<\/p>\n<p> (Les informations de carte de cr\u00e9dit sont toujours crypt\u00e9es lors du transfert sur les r\u00e9seaux.)<\/p>\n<p> <strong>ARTICLE 3 \u2013 MODIFICATIONS DU SERVICE ET DES PRIX<\/strong><\/p>\n<p> Les prix de nos produits sont sujets \u00e0 changement sans pr\u00e9avis.<\/p>\n<p> Nous nous r\u00e9servons le droit \u00e0 tout moment de modifier le Service (ou toute partie ou contenu de celui-ci) sans pr\u00e9avis \u00e0 tout moment.<\/p>\n<p> <strong>SECTION 4 \u2013 PRODUITS OU SERVICES (le cas \u00e9ch\u00e9ant)<\/strong><\/p>\n<p> Nous nous sommes efforc\u00e9s d&#39;afficher le plus fid\u00e8lement possible les couleurs et les images de nos produits qui apparaissent en magasin. Nous ne pouvons pas garantir que l&#39;affichage de n&#39;importe quelle couleur sur votre \u00e9cran d&#39;ordinateur sera pr\u00e9cis.<\/p>\n<p> Nous nous r\u00e9servons le droit, mais ne sommes pas oblig\u00e9s, de limiter les ventes de nos produits ou services \u00e0 toute personne, r\u00e9gion g\u00e9ographique ou juridiction. Nous pouvons exercer ce droit au cas par cas. Nous nous r\u00e9servons le droit de limiter les quantit\u00e9s de tout produit ou service que nous proposons.<\/p>\n<p> Nous ne garantissons pas que la qualit\u00e9 de tout produit, service, information ou autre mat\u00e9riel achet\u00e9 ou obtenu par vous r\u00e9pondra \u00e0 vos attentes \u00e0 100 %, ou que toute erreur dans le Service sera corrig\u00e9e.<\/p>\n<p> <strong>SECTION 5 \u2013 EXACTITUDE DES INFORMATIONS DE FACTURATION ET DE COMPTE<\/strong><\/p>\n<p> Nous nous r\u00e9servons le droit de refuser toute commande que vous passez chez nous. Nous pouvons, \u00e0 notre seule discr\u00e9tion, limiter ou annuler les quantit\u00e9s achet\u00e9es par personne, par foyer ou par commande. Ces restrictions peuvent inclure des commandes pass\u00e9es par ou sous le m\u00eame compte client, la m\u00eame carte de cr\u00e9dit et\/ou des commandes utilisant la m\u00eame adresse de facturation et\/ou de livraison. Dans le cas o\u00f9 nous modifions ou annulons une commande, nous pouvons tenter de vous en informer en contactant l&#39;adresse e-mail et\/ou le num\u00e9ro de t\u00e9l\u00e9phone de l&#39;adresse de facturation fournis au moment de la commande.<\/p>\n<p> Vous acceptez de fournir des informations d&#39;achat et de compte actuelles, compl\u00e8tes et exactes pour tous les achats effectu\u00e9s dans notre magasin. Vous acceptez de mettre \u00e0 jour rapidement votre compte et d&#39;autres informations, y compris votre adresse e-mail et vos num\u00e9ros de carte de cr\u00e9dit et dates d&#39;expiration, afin que nous puissions effectuer vos transactions et vous contacter si n\u00e9cessaire.<\/p>\n<p> <strong>ARTICLE 6 \u2013 LIENS TIERS<\/strong><\/p>\n<p> Certains contenus, produits et services disponibles via notre Service peuvent inclure des \u00e9l\u00e9ments provenant de tiers.<\/p>\n<p> Le contenu tiers sera principalement li\u00e9 \u00e0 nos m\u00e9dias sociaux, qui publient des informations plus d\u00e9taill\u00e9es. de nos produits puyapeptide.net et surtout ils sont fiables.<\/p>\n<p> <strong>SECTION 9 \u2013 COMMENTAIRES, RETOURS ET AUTRES SOUMISSIONS DES UTILISATEURS<\/strong><\/p>\n<p> Si, \u00e0 notre demande, vous envoyez certaines soumissions sp\u00e9cifiques (par exemple, des participations \u00e0 des concours) ou sans demande de notre part, vous envoyez des id\u00e9es cr\u00e9atives, des suggestions, des propositions, des plans ou d&#39;autres documents, que ce soit en ligne, par e-mail, par courrier postal ou autrement (collectivement, les \u00ab\u00a0commentaires\u00a0\u00bb), vous acceptez que nous puissions, \u00e0 tout moment, sans restriction, modifier, copier, publier, distribuer, traduire et autrement utiliser sur tout support les commentaires que vous nous transmettez.<\/p>\n<p> Nous ne sommes et ne serons sous aucune obligation<\/p>\n<p> (1) maintenir la confidentialit\u00e9 de tout commentaire\u00a0;<\/p>\n<p> (2) payer une compensation pour tout commentaire;<\/p>\n<p> (3) pour r\u00e9pondre \u00e0 tout commentaire.<\/p>\n<p> Nous pouvons, mais n&#39;avons aucune obligation, surveiller, modifier ou supprimer le contenu que nous d\u00e9terminons \u00e0 notre seule discr\u00e9tion comme \u00e9tant ill\u00e9gal, offensant, mena\u00e7ant, diffamatoire, pornographique, obsc\u00e8ne ou autrement r\u00e9pr\u00e9hensible ou violant la propri\u00e9t\u00e9 intellectuelle de toute partie ou les pr\u00e9sentes conditions d&#39;utilisation. .<\/p>\n<p> Vous acceptez que vos commentaires ne violent aucun droit d&#39;un tiers, y compris le droit d&#39;auteur, la marque, la confidentialit\u00e9, la personnalit\u00e9 ou tout autre droit personnel ou de propri\u00e9t\u00e9. Vous acceptez en outre que vos commentaires ne contiennent pas de mat\u00e9riel diffamatoire ou autrement ill\u00e9gal, abusif ou obsc\u00e8ne, ou ne contiennent aucun virus informatique ou autre logiciel malveillant qui pourrait affecter de quelque mani\u00e8re que ce soit le fonctionnement du Service ou de tout site Web connexe.<\/p>\n<p> Vous ne pouvez pas utiliser une fausse adresse e-mail, pr\u00e9tendre \u00eatre quelqu&#39;un d&#39;autre que vous-m\u00eame, ou nous induire en erreur ou induire des tiers en erreur quant \u00e0 l&#39;origine des commentaires. Vous \u00eates seul responsable des commentaires que vous faites et de leur exactitude. Nous n&#39;assumons aucune responsabilit\u00e9 et n&#39;assumons aucune responsabilit\u00e9 pour les commentaires publi\u00e9s par vous ou par un tiers.<\/p>\n<p> <strong>ARTICLE 7 \u2013 RENSEIGNEMENTS PERSONNELS<\/strong><\/p>\n<p> Votre soumission d&#39;informations personnelles via le magasin est r\u00e9gie par notre politique de confidentialit\u00e9.<\/p>\n<p> <strong>ARTICLE 8 \u2013 ERREURS, INEXACTITUDES ET OMISSIONS<\/strong><\/p>\n<p> Parfois, il peut y avoir des informations sur notre site ou dans le Service qui contiennent des erreurs typographiques, des inexactitudes ou des omissions qui peuvent concerner les descriptions de produits, les prix, les promotions, les offres, les frais d&#39;exp\u00e9dition des produits, les temps de transit et la disponibilit\u00e9.<\/p>\n<p> Nous nous r\u00e9servons le droit de corriger toute erreur, inexactitude ou omission, et de modifier ou de mettre \u00e0 jour les informations si des informations dans le Service ou sur tout site Web connexe sont inexactes \u00e0 tout moment et sans pr\u00e9avis.<\/p>\n<p> Nous nous engageons \u00e0 mettre \u00e0 jour, modifier ou clarifier les informations dans le Service ou sur tout site Web connexe, y compris, sans s&#39;y limiter, les informations sur les prix.<\/p>\n<p> Aucune date de mise \u00e0 jour ou d&#39;actualisation sp\u00e9cifi\u00e9e appliqu\u00e9e dans le Service ou sur tout site Web connexe ne doit \u00eatre consid\u00e9r\u00e9e comme indiquant que toutes les informations dans le Service ou sur tout site Web connexe ont \u00e9t\u00e9 modifi\u00e9es ou mises \u00e0 jour.<\/p>\n<p> <strong>ARTICLE 9 \u2013 UTILISATIONS INTERDITES<\/strong><\/p>\n<p> En plus des autres interdictions \u00e9nonc\u00e9es dans les Conditions d&#39;utilisation, il vous est interdit d&#39;utiliser nos produits.<\/p>\n<p> (a) \u00e0 des fins ill\u00e9gales\u00a0;<\/p>\n<p> (b) solliciter d&#39;autres personnes pour qu&#39;elles accomplissent ou participent \u00e0 des actes ill\u00e9gaux\u00a0;<\/p>\n<p> (c) d&#39;enfreindre les r\u00e9glementations, r\u00e8gles, lois ou r\u00e9glementations locales, internationales, f\u00e9d\u00e9rales, provinciales ou \u00e9tatiques<br \/> ordonnances\u00a0;<\/p>\n<p> (d) pour harceler, abuser, insulter, blesser, diffamer, calomnier, d\u00e9nigrer, intimider ou discriminer sur la base du sexe, de l&#39;orientation sexuelle, de la religion, de l&#39;origine ethnique, de la race, de l&#39;\u00e2ge, de l&#39;origine nationale ou du handicap\u00a0;<\/p>\n<p> (e) pour collecter ou suivre les informations personnelles d&#39;autrui\u00a0;<\/p>\n<p> (f) \u00e0 des fins obsc\u00e8nes ou immorales\u00a0;<\/p>\n<p> <strong>ARTICLE 10 &#8211;<\/strong> DROITS D&#39;IMPORTATION ET DROITS D&#39;IMPORTATION<\/p>\n<p> Avant d&#39;acheter le produit chez nous, vous devez v\u00e9rifier aupr\u00e8s de vos autorit\u00e9s locales pour vous assurer que vous \u00eates \u00e9ligible pour acheter ce produit. Veuillez noter que le service des douanes de votre pays peut vous facturer des droits d&#39;importation. En tant qu&#39;acheteur, vous serez responsable de payer ces droits d&#39;importation. Si vous ne parvenez pas \u00e0 d\u00e9douaner les produits et que les produits nous sont retourn\u00e9s, vous serez responsable des frais de retour.<\/p>\n<p> <strong>ARTICLE 11 \u2013 DROIT APPLICABLE<\/strong><\/p>\n<p> Les pr\u00e9sentes Conditions d&#39;utilisation et tout accord s\u00e9par\u00e9 par lequel nous vous fournissons des Services seront r\u00e9gis et interpr\u00e9t\u00e9s conform\u00e9ment aux lois.<\/p><\/p>\n\t\t\t\t\t\t\t\t<\/div>\n\t\t\t\t<\/div>\n\t\t\t\t\t<\/div>\n\t\t<\/div>\n\t\t\t\t\t<\/div>\n\t\t<\/section>\n\t\t\t\t<\/div>\n\t\t","protected":false},"excerpt":{"rendered":"<p>Aper\u00e7u Ce site Web est exploit\u00e9 par puyapeptide.net pour offrir un service de vente en ligne. Sur ce site, les termes &quot;nous&quot;, &quot;notre&quot; et &quot;nos&quot; font r\u00e9f\u00e9rence \u00e0 puyapeptide.net Nous offrons cette boutique en ligne puyapeptide.net, y compris toutes les informations, outils et services disponibles sur ce site pour vous, l&#39;utilisateur, sous r\u00e9serve de votre [&hellip;]<\/p>\n","protected":false},"author":1,"featured_media":0,"parent":0,"menu_order":0,"comment_status":"closed","ping_status":"closed","template":"elementor_header_footer","meta":{"om_disable_all_campaigns":false,"_monsterinsights_skip_tracking":false,"_monsterinsights_sitenote_active":false,"_monsterinsights_sitenote_note":"","_monsterinsights_sitenote_category":0,"site-sidebar-layout":"default","site-content-layout":"","ast-site-content-layout":"default","site-content-style":"default","site-sidebar-style":"default","ast-global-header-display":"","ast-banner-title-visibility":"","ast-main-header-display":"","ast-hfb-above-header-display":"","ast-hfb-below-header-display":"","ast-hfb-mobile-header-display":"","site-post-title":"","ast-breadcrumbs-content":"","ast-featured-img":"","footer-sml-layout":"","ast-disable-related-posts":"","theme-transparent-header-meta":"","adv-header-id-meta":"","stick-header-meta":"","header-above-stick-meta":"","header-main-stick-meta":"","header-below-stick-meta":"","astra-migrate-meta-layouts":"default","ast-page-background-enabled":"default","ast-page-background-meta":{"desktop":{"background-color":"","background-image":"","background-repeat":"repeat","background-position":"center center","background-size":"auto","background-attachment":"scroll","background-type":"","background-media":"","overlay-type":"","overlay-color":"","overlay-opacity":"","overlay-gradient":""},"tablet":{"background-color":"","background-image":"","background-repeat":"repeat","background-position":"center center","background-size":"auto","background-attachment":"scroll","background-type":"","background-media":"","overlay-type":"","overlay-color":"","overlay-opacity":"","overlay-gradient":""},"mobile":{"background-color":"","background-image":"","background-repeat":"repeat","background-position":"center center","background-size":"auto","background-attachment":"scroll","background-type":"","background-media":"","overlay-type":"","overlay-color":"","overlay-opacity":"","overlay-gradient":""}},"ast-content-background-meta":{"desktop":{"background-color":"var(--ast-global-color-5)","background-image":"","background-repeat":"repeat","background-position":"center center","background-size":"auto","background-attachment":"scroll","background-type":"","background-media":"","overlay-type":"","overlay-color":"","overlay-opacity":"","overlay-gradient":""},"tablet":{"background-color":"var(--ast-global-color-5)","background-image":"","background-repeat":"repeat","background-position":"center center","background-size":"auto","background-attachment":"scroll","background-type":"","background-media":"","overlay-type":"","overlay-color":"","overlay-opacity":"","overlay-gradient":""},"mobile":{"background-color":"var(--ast-global-color-5)","background-image":"","background-repeat":"repeat","background-position":"center center","background-size":"auto","background-attachment":"scroll","background-type":"","background-media":"","overlay-type":"","overlay-color":"","overlay-opacity":"","overlay-gradient":""}},"footnotes":""},"class_list":["post-5640","page","type-page","status-publish","hentry"],"_links":{"self":[{"href":"https:\/\/puyapeptide.net\/fr\/wp-json\/wp\/v2\/pages\/5640","targetHints":{"allow":["GET"]}}],"collection":[{"href":"https:\/\/puyapeptide.net\/fr\/wp-json\/wp\/v2\/pages"}],"about":[{"href":"https:\/\/puyapeptide.net\/fr\/wp-json\/wp\/v2\/types\/page"}],"author":[{"embeddable":true,"href":"https:\/\/puyapeptide.net\/fr\/wp-json\/wp\/v2\/users\/1"}],"replies":[{"embeddable":true,"href":"https:\/\/puyapeptide.net\/fr\/wp-json\/wp\/v2\/comments?post=5640"}],"version-history":[{"count":38,"href":"https:\/\/puyapeptide.net\/fr\/wp-json\/wp\/v2\/pages\/5640\/revisions"}],"predecessor-version":[{"id":9625,"href":"https:\/\/puyapeptide.net\/fr\/wp-json\/wp\/v2\/pages\/5640\/revisions\/9625"}],"wp:attachment":[{"href":"https:\/\/puyapeptide.net\/fr\/wp-json\/wp\/v2\/media?parent=5640"}],"curies":[{"name":"wp","href":"https:\/\/api.w.org\/{rel}","templated":true}]}}