{"id":6285,"date":"2021-12-16T04:23:40","date_gmt":"2021-12-16T09:23:40","guid":{"rendered":"https:\/\/puyapeptide.net\/product\/acetyl-hexapeptide-37-cas-1447824-16-9-pour-lhydratation-de-la-peau\/"},"modified":"2021-12-16T04:23:40","modified_gmt":"2021-12-16T09:23:40","slug":"acetyl-hexapeptide-37-cas-1447824-16-9-pour-lhydratation-de-la-peau","status":"publish","type":"product","link":"https:\/\/puyapeptide.net\/fr\/product\/acetyl-hexapeptide-37-cas-1447824-16-9-pour-lhydratation-de-la-peau\/","title":{"rendered":"Ac\u00e9tyl Hexapeptide-37 CAS 1447824-16-9 pour l&#39;hydratation de la peau"},"content":{"rendered":"<h2><strong>Ac\u00e9tyl Hexapeptide-37 CAS 1447824-16-9 pour l&#39;hydratation de la peau<\/strong><\/h2>\n<p>Nom du produit\u00a0: Acetyl Hexapeptide-37, Diffuporine<br \/>\nN\u00b0 CAS\u00a0: N\/A<br \/>\nPuret\u00e9\uff1a\u226598%<br \/>\nPoids mol\u00e9culaire \uff1a539.55g\/mol<br \/>\nFormule mol\u00e9culaire\u00a0: C22H33N7O9<br \/>\n Aspect\u00a0: poudre blanche<br \/>\nCondition de stockage\u00a0:\u00a02 \u2103\uff5e8 \u2103<br \/>\nSp\u00e9cification d&#39;emballage (poudre)\u00a0:\u00a01g, 10g, 100g<br \/>\nApplication\u00a0: mati\u00e8res premi\u00e8res cosm\u00e9tiques<\/p>\n<p>Ac\u00e9tyl hexapeptide-37, une eau channel protein cell hydratant, est un nouvel hexapeptide compos\u00e9 d&#39;acides amin\u00e9s naturels, qui peut augmenter efficacement l&#39;expression d&#39;AQP3 dans le corps humain au niveau de l&#39;ARNm, augmentant ainsi la teneur en AQP3 dans la peau. Il favorise la synth\u00e8se du collag\u00e8ne de type I dans les cellules prog\u00e9nitrices des fibroblastes dermiques humains et la prolif\u00e9ration des cellules k\u00e9ratinis\u00e9es.<\/p>\n<p> <strong>Fonction de l&#39;ac\u00e9tyl hexapeptide-37 CAS 1447824-16-9<\/strong><br \/>\n1. Acetyl Hexapeptide-37 peut anti-rides et anti-\u00e2ge et pour hydrater la peau<br \/>\n2. Am\u00e9liorer la qualit\u00e9 de la peau<br \/>\n3. Soins du visage et du corps<br \/>\n4. Produits de soin du visage, du cou et des mains<br \/>\n5. Peut \u00eatre ajout\u00e9 aux produits de soins de beaut\u00e9 tels que les lotions, les <strong>cr\u00e8mes<\/strong> du matin et du soir, les s\u00e9rums pour les yeux, etc. dans le corps humain au niveau de l&#39;ARNm, augmentant ainsi la teneur en AQP3 de la peau. Il a les caract\u00e9ristiques d&#39;am\u00e9liorer l&#39;hydratation et est un bon ingr\u00e9dient actif hydratant. Il peut \u00e9galement favoriser le type I dans les fibroblastes dermiques humains. La synth\u00e8se de collag\u00e8ne et la prolif\u00e9ration des k\u00e9ratinocytes. Le peptide hydratant Acetyl hexapeptide-37 est un nouvel actif anti-\u00e2ge complet.<\/p>\n","protected":false},"excerpt":{"rendered":"<p>Nom du produit : Acetyl Hexapeptide-37, Diffuporine<br \/>\nPurity\uff1a\u226598%<br \/>\nPoids mol\u00e9culaire \uff1a539.55g\/mol<br \/>\nFormule mol\u00e9culaire : C22H33N7O9<br \/>\nApparence : poudre blanche<br \/>\nApplication : Mati\u00e8res premi\u00e8res cosm\u00e9tiques<\/p>\n","protected":false},"featured_media":2206,"comment_status":"open","ping_status":"closed","template":"","meta":{"om_disable_all_campaigns":false,"_monsterinsights_skip_tracking":false,"_monsterinsights_sitenote_active":false,"_monsterinsights_sitenote_note":"","_monsterinsights_sitenote_category":0,"site-sidebar-layout":"default","site-content-layout":"default","ast-site-content-layout":"default","site-content-style":"default","site-sidebar-style":"default","ast-global-header-display":"","ast-banner-title-visibility":"","ast-main-header-display":"","ast-hfb-above-header-display":"","ast-hfb-below-header-display":"","ast-hfb-mobile-header-display":"","site-post-title":"","ast-breadcrumbs-content":"","ast-featured-img":"","footer-sml-layout":"","ast-disable-related-posts":"","theme-transparent-header-meta":"default","adv-header-id-meta":"","stick-header-meta":"","header-above-stick-meta":"","header-main-stick-meta":"","header-below-stick-meta":"","astra-migrate-meta-layouts":"default","ast-page-background-enabled":"default","ast-page-background-meta":{"desktop":{"background-color":"","background-image":"","background-repeat":"repeat","background-position":"center center","background-size":"auto","background-attachment":"scroll","background-type":"","background-media":"","overlay-type":"","overlay-color":"","overlay-opacity":"","overlay-gradient":""},"tablet":{"background-color":"","background-image":"","background-repeat":"repeat","background-position":"center center","background-size":"auto","background-attachment":"scroll","background-type":"","background-media":"","overlay-type":"","overlay-color":"","overlay-opacity":"","overlay-gradient":""},"mobile":{"background-color":"","background-image":"","background-repeat":"repeat","background-position":"center center","background-size":"auto","background-attachment":"scroll","background-type":"","background-media":"","overlay-type":"","overlay-color":"","overlay-opacity":"","overlay-gradient":""}},"ast-content-background-meta":{"desktop":{"background-color":"var(--ast-global-color-5)","background-image":"","background-repeat":"repeat","background-position":"center center","background-size":"auto","background-attachment":"scroll","background-type":"","background-media":"","overlay-type":"","overlay-color":"","overlay-opacity":"","overlay-gradient":""},"tablet":{"background-color":"var(--ast-global-color-5)","background-image":"","background-repeat":"repeat","background-position":"center center","background-size":"auto","background-attachment":"scroll","background-type":"","background-media":"","overlay-type":"","overlay-color":"","overlay-opacity":"","overlay-gradient":""},"mobile":{"background-color":"var(--ast-global-color-5)","background-image":"","background-repeat":"repeat","background-position":"center center","background-size":"auto","background-attachment":"scroll","background-type":"","background-media":"","overlay-type":"","overlay-color":"","overlay-opacity":"","overlay-gradient":""}}},"product_brand":[],"product_cat":[715],"product_tag":[3597],"class_list":{"0":"post-6285","1":"product","2":"type-product","3":"status-publish","4":"has-post-thumbnail","6":"product_cat-peptide-antioxydant-hydratant","7":"product_tag-acetyl-hexapeptide-37-cas-1447824-16-9-for-skin-moisturizing-fr","8":"desktop-align-left","9":"tablet-align-left","10":"mobile-align-left","12":"first","13":"instock","14":"shipping-taxable","15":"product-type-simple"},"_links":{"self":[{"href":"https:\/\/puyapeptide.net\/fr\/wp-json\/wp\/v2\/product\/6285","targetHints":{"allow":["GET"]}}],"collection":[{"href":"https:\/\/puyapeptide.net\/fr\/wp-json\/wp\/v2\/product"}],"about":[{"href":"https:\/\/puyapeptide.net\/fr\/wp-json\/wp\/v2\/types\/product"}],"replies":[{"embeddable":true,"href":"https:\/\/puyapeptide.net\/fr\/wp-json\/wp\/v2\/comments?post=6285"}],"wp:featuredmedia":[{"embeddable":true,"href":"https:\/\/puyapeptide.net\/fr\/wp-json\/wp\/v2\/media\/2206"}],"wp:attachment":[{"href":"https:\/\/puyapeptide.net\/fr\/wp-json\/wp\/v2\/media?parent=6285"}],"wp:term":[{"taxonomy":"product_brand","embeddable":true,"href":"https:\/\/puyapeptide.net\/fr\/wp-json\/wp\/v2\/product_brand?post=6285"},{"taxonomy":"product_cat","embeddable":true,"href":"https:\/\/puyapeptide.net\/fr\/wp-json\/wp\/v2\/product_cat?post=6285"},{"taxonomy":"product_tag","embeddable":true,"href":"https:\/\/puyapeptide.net\/fr\/wp-json\/wp\/v2\/product_tag?post=6285"}],"curies":[{"name":"wp","href":"https:\/\/api.w.org\/{rel}","templated":true}]}}