{"id":6328,"date":"2021-12-16T04:31:59","date_gmt":"2021-12-16T09:31:59","guid":{"rendered":"https:\/\/puyapeptide.net\/product\/myristoyl-hexapeptide-23-sympeptide380-peut-tuer-propionibacterium-acnes-adapte-a-divers-produits-de-controle-de-lhuile-et-de-soulagement-de-lacne\/"},"modified":"2021-12-16T04:31:59","modified_gmt":"2021-12-16T09:31:59","slug":"myristoyl-hexapeptide-23-sympeptide380-peut-tuer-propionibacterium-acnes-adapte-a-divers-produits-de-controle-de-lhuile-et-de-soulagement-de-lacne","status":"publish","type":"product","link":"https:\/\/puyapeptide.net\/fr\/product\/myristoyl-hexapeptide-23-sympeptide380-peut-tuer-propionibacterium-acnes-adapte-a-divers-produits-de-controle-de-lhuile-et-de-soulagement-de-lacne\/","title":{"rendered":"Myristoyl Hexapeptide-23\/sympeptide380 peut tuer Propionibacterium acnes adapt\u00e9 \u00e0 divers produits de contr\u00f4le de l&#39;huile et de soulagement de l&#39;acn\u00e9"},"content":{"rendered":"<h2><strong>Myristoyl Hexapeptide-23\/sympeptide380 peut tuer Propionibacterium acnes adapt\u00e9 \u00e0 divers produits de contr\u00f4le de l&#39;huile et de soulagement de l&#39;acn\u00e9<\/strong><\/h2>\n<p>Nom du produit\u00a0: Myristoyl Hexapeptide-23\/ SymPeptide 380<br \/>\nCas No\u00a0:N\/A<br \/>\nFormule\u00a0:C47H92N10O7<br \/>\nMolecular\u00a0:909.3g\/mol<br \/>\nOdeur\u00a0: non<br \/>\nStabilit\u00e9\u00a0: stable&lt; &amp;&gt; MSDS et COA\u00a0: disponibles pour votre r\u00e9f\u00e9rence<br \/>\nFormulation\u00a0: disponible pour votre r\u00e9f\u00e9rence, veuillez nous contacter.<br \/>\nLivraison\u00a0: rapidement en stock<br \/>\nSource\u00a0: synth\u00e9tique<br \/>\nCapacit\u00e9\u00a0: 500g par mois<br \/>\nApparence : poudre blanche<\/p>\n<p>Nous savons tous que l&#39;acn\u00e9 sur le visage doit \u00eatre caus\u00e9e par une sorte de bact\u00e9rie appel\u00e9e Propionibacterium acnes. Alors, qu&#39;est-ce qui fait que cette bact\u00e9rie vient \u00e0 vous\u00a0? Propionibacterium acnes est un bacille court positif \u00e0 coloration de Gram. Il existe \u00e9galement sur peau normale Propionibacterium acnes, parasite des follicules pileux et des glandes s\u00e9bac\u00e9es. Pendant la pubert\u00e9, les glandes s\u00e9bac\u00e9es s\u00e9cr\u00e8tent beaucoup ce qui entra\u00eene le blocage des follicules pileux, et le s\u00e9bum s&#39;accumule dans les follicules, provoquant la multiplication de Propionibacterium acnes et conduisant \u00e0 l&#39;acn\u00e9.<\/p>\n<p>Il est \u00e9galement vrai que lorsque je me souviens de mon adolescence, je \u00e9tait souvent plein d&#39;huile et quelques boutons apparaissaient de temps en temps. Beaucoup de mes amis avaient m\u00eame de l&#39;acn\u00e9 tout le temps et leurs visages \u00e9taient pleins de boutons, ce qui avait l&#39;air terrible. Comme il s&#39;agit d&#39;un probl\u00e8me qui afflige la plupart des gens, ils trouveront un moyen de le r\u00e9soudre. Je me souviens d&#39;un ami qui aimait aussi l&#39;acn\u00e9, et qui a ensuite d\u00e9pens\u00e9 beaucoup d&#39;argent pour se d\u00e9barrasser de l&#39;acn\u00e9, boire des toniques \u00e0 base de plantes, nettoyer les aiguilles ou quelque chose du genre, mais c&#39;\u00e9tait aussi un sympt\u00f4me mais pas un rem\u00e8de. Il n&#39;y a pas d&#39;autre moyen? Bien s\u00fbr que non\u00a0!<\/p>\n<p>Aujourd&#39;hui, nous vous pr\u00e9sentons l&#39;ennemi naturel des bact\u00e9ries de l&#39;acn\u00e9\uff1a myristyl hexapeptide-23<br \/>\nIn vitro\u00a0: puce \u00e0 ADN, MIC contre P. acnes, antimicrobien \u00e0 large spectre<br \/>\n&lt;&amp; &gt; <strong>Fonction de Myristoyl Hexapeptide-23<\/strong><br \/>\n\u2022 Myristoyl Hexapeptide-23 qui aide \u00e0 pr\u00e9venir les probl\u00e8mes de peau.<br \/>\n\u2022 Myristoyl Hexapeptide-23 Tue les bact\u00e9ries responsables de l&#39;acn\u00e9.<\/p>\n","protected":false},"excerpt":{"rendered":"<p>Nom du produit\u00a0: Myristoyl Hexapeptide-23\/ SymPeptide 380<br \/>\nCas No\u00a0:N\/A<br \/>\nFormule\u00a0:C47H92N10O7<br \/>\nMolecular\u00a0:909.3g\/mol<br \/>\nStabilit\u00e9\u00a0: stable<br \/>\nApparence\u00a0: poudre blanche<\/p>\n","protected":false},"featured_media":2101,"comment_status":"open","ping_status":"closed","template":"","meta":{"om_disable_all_campaigns":false,"_monsterinsights_skip_tracking":false,"_monsterinsights_sitenote_active":false,"_monsterinsights_sitenote_note":"","_monsterinsights_sitenote_category":0,"site-sidebar-layout":"default","site-content-layout":"default","ast-site-content-layout":"default","site-content-style":"default","site-sidebar-style":"default","ast-global-header-display":"","ast-banner-title-visibility":"","ast-main-header-display":"","ast-hfb-above-header-display":"","ast-hfb-below-header-display":"","ast-hfb-mobile-header-display":"","site-post-title":"","ast-breadcrumbs-content":"","ast-featured-img":"","footer-sml-layout":"","ast-disable-related-posts":"","theme-transparent-header-meta":"default","adv-header-id-meta":"","stick-header-meta":"","header-above-stick-meta":"","header-main-stick-meta":"","header-below-stick-meta":"","astra-migrate-meta-layouts":"default","ast-page-background-enabled":"default","ast-page-background-meta":{"desktop":{"background-color":"","background-image":"","background-repeat":"repeat","background-position":"center center","background-size":"auto","background-attachment":"scroll","background-type":"","background-media":"","overlay-type":"","overlay-color":"","overlay-opacity":"","overlay-gradient":""},"tablet":{"background-color":"","background-image":"","background-repeat":"repeat","background-position":"center center","background-size":"auto","background-attachment":"scroll","background-type":"","background-media":"","overlay-type":"","overlay-color":"","overlay-opacity":"","overlay-gradient":""},"mobile":{"background-color":"","background-image":"","background-repeat":"repeat","background-position":"center center","background-size":"auto","background-attachment":"scroll","background-type":"","background-media":"","overlay-type":"","overlay-color":"","overlay-opacity":"","overlay-gradient":""}},"ast-content-background-meta":{"desktop":{"background-color":"var(--ast-global-color-5)","background-image":"","background-repeat":"repeat","background-position":"center center","background-size":"auto","background-attachment":"scroll","background-type":"","background-media":"","overlay-type":"","overlay-color":"","overlay-opacity":"","overlay-gradient":""},"tablet":{"background-color":"var(--ast-global-color-5)","background-image":"","background-repeat":"repeat","background-position":"center center","background-size":"auto","background-attachment":"scroll","background-type":"","background-media":"","overlay-type":"","overlay-color":"","overlay-opacity":"","overlay-gradient":""},"mobile":{"background-color":"var(--ast-global-color-5)","background-image":"","background-repeat":"repeat","background-position":"center center","background-size":"auto","background-attachment":"scroll","background-type":"","background-media":"","overlay-type":"","overlay-color":"","overlay-opacity":"","overlay-gradient":""}}},"product_brand":[],"product_cat":[695],"product_tag":[3552],"class_list":{"0":"post-6328","1":"product","2":"type-product","3":"status-publish","4":"has-post-thumbnail","6":"product_cat-peptide-antibacterien-contre-lacne","7":"product_tag-myristoyl-hexapeptide-23-sympeptide380-can-kill-propionibacterium-acnes-suitable-for-various-oil-control-and-acne-relief-products-fr","8":"desktop-align-left","9":"tablet-align-left","10":"mobile-align-left","12":"first","13":"instock","14":"shipping-taxable","15":"product-type-simple"},"_links":{"self":[{"href":"https:\/\/puyapeptide.net\/fr\/wp-json\/wp\/v2\/product\/6328","targetHints":{"allow":["GET"]}}],"collection":[{"href":"https:\/\/puyapeptide.net\/fr\/wp-json\/wp\/v2\/product"}],"about":[{"href":"https:\/\/puyapeptide.net\/fr\/wp-json\/wp\/v2\/types\/product"}],"replies":[{"embeddable":true,"href":"https:\/\/puyapeptide.net\/fr\/wp-json\/wp\/v2\/comments?post=6328"}],"wp:featuredmedia":[{"embeddable":true,"href":"https:\/\/puyapeptide.net\/fr\/wp-json\/wp\/v2\/media\/2101"}],"wp:attachment":[{"href":"https:\/\/puyapeptide.net\/fr\/wp-json\/wp\/v2\/media?parent=6328"}],"wp:term":[{"taxonomy":"product_brand","embeddable":true,"href":"https:\/\/puyapeptide.net\/fr\/wp-json\/wp\/v2\/product_brand?post=6328"},{"taxonomy":"product_cat","embeddable":true,"href":"https:\/\/puyapeptide.net\/fr\/wp-json\/wp\/v2\/product_cat?post=6328"},{"taxonomy":"product_tag","embeddable":true,"href":"https:\/\/puyapeptide.net\/fr\/wp-json\/wp\/v2\/product_tag?post=6328"}],"curies":[{"name":"wp","href":"https:\/\/api.w.org\/{rel}","templated":true}]}}