{"id":6350,"date":"2021-12-16T04:34:41","date_gmt":"2021-12-16T09:34:41","guid":{"rendered":"https:\/\/puyapeptide.net\/product\/acetyl-tetrapeptide-40-telangy-cas-1472633-28-5-reduit-les-rougeurs-du-visage-causees-par-une-reaction-inflammatoire\/"},"modified":"2021-12-16T04:34:41","modified_gmt":"2021-12-16T09:34:41","slug":"acetyl-tetrapeptide-40-telangy-cas-1472633-28-5-reduit-les-rougeurs-du-visage-causees-par-une-reaction-inflammatoire","status":"publish","type":"product","link":"https:\/\/puyapeptide.net\/fr\/product\/acetyl-tetrapeptide-40-telangy-cas-1472633-28-5-reduit-les-rougeurs-du-visage-causees-par-une-reaction-inflammatoire\/","title":{"rendered":"Acetyl Tetrapeptide-40\/ Telangy CAS 1472633-28-5 r\u00e9duit les rougeurs du visage caus\u00e9es par une r\u00e9action inflammatoire"},"content":{"rendered":"<h2><strong>Acetyl Tetrapeptide-40\/ Telangy CAS 1472633-28-5 r\u00e9duit les rougeurs du visage caus\u00e9es par une r\u00e9action inflammatoire<\/strong><\/h2>\n<p>Nom du produit\u00a0: Acetyl Tetrapeptide-40<br \/>\nSynonymes\u00a0: Acetyl Tetrapeptide-40;Telangyn;L-Threonine, N-acetyl-L-alanyl-L-threonyl-L-asparaginyl-<br \/>\nCAS\u00a0: 1472633-28 -5<br \/>\nMF : C17H29N5O9<br \/>\nMW : 447.44<br \/>\nEINECS :<br \/>\nCat\u00e9gories de produits :<br \/>\nMol File : 1472633-28-5.mol<\/p>\n<p>Acetyl Tetrapeptide-40 inhibe le effet inflammatoire de LL-37 en r\u00e9duisant la lib\u00e9ration d&#39;interleukines (IL-6 et IL-8), caus\u00e9e par une suractivation de LL-37. Il a \u00e9galement un effet photoprotecteur qui r\u00e9duit les dommages cellulaires et les effets nocifs de l&#39;inflammation de la peau.<\/p>\n<p> <strong>Acetyl Tetrapeptide-40\/ Telangy CAS 1472633-28-5 Peptide Benefits<\/strong> par une r\u00e9action inflammatoire. Effets ind\u00e9sirables de l&#39;inflammation : rougeurs, vaisseaux sanguins dilat\u00e9s et hyperpigmentation, sont visiblement att\u00e9nu\u00e9s. Les zones rouges sont moins nombreuses et plus larges et son intensit\u00e9 est affaiblie. La peau est plus uniforme et moins marqu\u00e9e.<\/p>\n<p> <strong>Fonction de l&#39;Acetyl Tetrapeptide-40\/Telangy CAS 1472633-28-5<\/strong><br \/>\nCe t\u00e9trapeptide r\u00e9duit les rougeurs du visage caus\u00e9es par une r\u00e9action inflammatoire.Effets ind\u00e9sirables de l&#39;inflammation : rougeur , vaisseaux sanguins dilat\u00e9s et hyperpigmentation, sont visiblement r\u00e9duits. Les zones rouges sont moins nombreuses et plus larges et son intensit\u00e9 est affaiblie. La peau est plus uniforme et moins marqu\u00e9e.<\/p>\n<p> <strong>Application de l&#39;Acetyl Tetrapeptide-40\/Telangy CAS 1472633-28-5<\/strong><br \/>\n1. traitement des peaux pr\u00e9sentant une rosac\u00e9e l\u00e9g\u00e8re<br \/>\n 2.rougeurs<br \/>\n3.Anti-collag\u00e9nase<br \/>\n4.Anti-tyrosinase<br \/>\n5.Inhibition de la m\u00e9lanogen\u00e8se<br \/>\n6.Photoprotection des fibroblastes humains<\/p>\n","protected":false},"excerpt":{"rendered":"<p>Nom du produit : Acetyl Tetrapeptide-40<br \/>\nCAS : 1472633-28-5<br \/>\nMF : C17H29N5O9<br \/>\nMW : 447,44<br \/>\nMol File : 1472633-28-5.mol<\/p>\n","protected":false},"featured_media":2206,"comment_status":"open","ping_status":"closed","template":"","meta":{"om_disable_all_campaigns":false,"_monsterinsights_skip_tracking":false,"_monsterinsights_sitenote_active":false,"_monsterinsights_sitenote_note":"","_monsterinsights_sitenote_category":0,"site-sidebar-layout":"default","site-content-layout":"default","ast-site-content-layout":"default","site-content-style":"default","site-sidebar-style":"default","ast-global-header-display":"","ast-banner-title-visibility":"","ast-main-header-display":"","ast-hfb-above-header-display":"","ast-hfb-below-header-display":"","ast-hfb-mobile-header-display":"","site-post-title":"","ast-breadcrumbs-content":"","ast-featured-img":"","footer-sml-layout":"","ast-disable-related-posts":"","theme-transparent-header-meta":"default","adv-header-id-meta":"","stick-header-meta":"","header-above-stick-meta":"","header-main-stick-meta":"","header-below-stick-meta":"","astra-migrate-meta-layouts":"default","ast-page-background-enabled":"default","ast-page-background-meta":{"desktop":{"background-color":"","background-image":"","background-repeat":"repeat","background-position":"center center","background-size":"auto","background-attachment":"scroll","background-type":"","background-media":"","overlay-type":"","overlay-color":"","overlay-opacity":"","overlay-gradient":""},"tablet":{"background-color":"","background-image":"","background-repeat":"repeat","background-position":"center center","background-size":"auto","background-attachment":"scroll","background-type":"","background-media":"","overlay-type":"","overlay-color":"","overlay-opacity":"","overlay-gradient":""},"mobile":{"background-color":"","background-image":"","background-repeat":"repeat","background-position":"center center","background-size":"auto","background-attachment":"scroll","background-type":"","background-media":"","overlay-type":"","overlay-color":"","overlay-opacity":"","overlay-gradient":""}},"ast-content-background-meta":{"desktop":{"background-color":"var(--ast-global-color-5)","background-image":"","background-repeat":"repeat","background-position":"center center","background-size":"auto","background-attachment":"scroll","background-type":"","background-media":"","overlay-type":"","overlay-color":"","overlay-opacity":"","overlay-gradient":""},"tablet":{"background-color":"var(--ast-global-color-5)","background-image":"","background-repeat":"repeat","background-position":"center center","background-size":"auto","background-attachment":"scroll","background-type":"","background-media":"","overlay-type":"","overlay-color":"","overlay-opacity":"","overlay-gradient":""},"mobile":{"background-color":"var(--ast-global-color-5)","background-image":"","background-repeat":"repeat","background-position":"center center","background-size":"auto","background-attachment":"scroll","background-type":"","background-media":"","overlay-type":"","overlay-color":"","overlay-opacity":"","overlay-gradient":""}}},"product_brand":[],"product_cat":[670],"product_tag":[3530],"class_list":{"0":"post-6350","1":"product","2":"type-product","3":"status-publish","4":"has-post-thumbnail","6":"product_cat-peptide-anti-allergique-et-anti-inflammatoire","7":"product_tag-acetyl-tetrapeptide-40-telangy-cas-1472633-28-5-reduces-redness-of-face-caused-by-an-inflammatory-reaction-fr","8":"desktop-align-left","9":"tablet-align-left","10":"mobile-align-left","12":"first","13":"instock","14":"shipping-taxable","15":"product-type-simple"},"_links":{"self":[{"href":"https:\/\/puyapeptide.net\/fr\/wp-json\/wp\/v2\/product\/6350","targetHints":{"allow":["GET"]}}],"collection":[{"href":"https:\/\/puyapeptide.net\/fr\/wp-json\/wp\/v2\/product"}],"about":[{"href":"https:\/\/puyapeptide.net\/fr\/wp-json\/wp\/v2\/types\/product"}],"replies":[{"embeddable":true,"href":"https:\/\/puyapeptide.net\/fr\/wp-json\/wp\/v2\/comments?post=6350"}],"wp:featuredmedia":[{"embeddable":true,"href":"https:\/\/puyapeptide.net\/fr\/wp-json\/wp\/v2\/media\/2206"}],"wp:attachment":[{"href":"https:\/\/puyapeptide.net\/fr\/wp-json\/wp\/v2\/media?parent=6350"}],"wp:term":[{"taxonomy":"product_brand","embeddable":true,"href":"https:\/\/puyapeptide.net\/fr\/wp-json\/wp\/v2\/product_brand?post=6350"},{"taxonomy":"product_cat","embeddable":true,"href":"https:\/\/puyapeptide.net\/fr\/wp-json\/wp\/v2\/product_cat?post=6350"},{"taxonomy":"product_tag","embeddable":true,"href":"https:\/\/puyapeptide.net\/fr\/wp-json\/wp\/v2\/product_tag?post=6350"}],"curies":[{"name":"wp","href":"https:\/\/api.w.org\/{rel}","templated":true}]}}