{"id":6372,"date":"2021-12-16T04:40:20","date_gmt":"2021-12-16T09:40:20","guid":{"rendered":"https:\/\/puyapeptide.net\/product\/acetyl-tetrapeptide-22-pour-la-reparation-de-la-peau\/"},"modified":"2021-12-16T04:40:20","modified_gmt":"2021-12-16T09:40:20","slug":"acetyl-tetrapeptide-22-pour-la-reparation-de-la-peau","status":"publish","type":"product","link":"https:\/\/puyapeptide.net\/fr\/product\/acetyl-tetrapeptide-22-pour-la-reparation-de-la-peau\/","title":{"rendered":"Acetyl Tetrapeptide-22 pour la r\u00e9paration de la peau"},"content":{"rendered":"<h2><strong>Acetyl Tetrapeptide-22 pour la r\u00e9paration de la peau<\/strong><\/h2>\n<p>Nom du produit\u00a0: Acetyl Tetrapeptide-22<br \/>\nR\u00e9f\u00e9rence\u00a0: Thermostressine<br \/>\nFormule\u00a0:<br \/>\nMol\u00e9culaire\u00a0:<br \/>\nPuret\u00e9\u00a0: &gt;95%<br \/>\nSource\u00a0: synth\u00e9tique<br \/>\nCat\u00e9gorie\u00a0: cosm\u00e9tique<br \/>\nFormulation : disponible pour votre r\u00e9f\u00e9rence, veuillez nous contacter.<br \/>\nMSDS et COA : disponible pour votre r\u00e9f\u00e9rence, veuillez nous contacter<br \/>\nLivraison : rapidement en stock<br \/>\nOdeur : caract\u00e9ristique<br \/>\nStabilit\u00e9 : stable<br \/>\nSolubilit\u00e9 : soluble dans l&#39;eau<br \/>\nSolution\u00a0: 0,05\u00a0% de peptide<br \/>\nNiveau d&#39;utilisation recommand\u00e9\u00a0:2-5\u00a0%<br \/>\nApparence\u00a0: poudre blanche<\/p>\n<p>Acetyl Tetrapeptide-22 qui augmente les niveaux de HPS70 (Heat Shock Protein) dans la peau fournissant un bouclier protecteur, qui conf\u00e8re aux cellules une tol\u00e9rance au stress contre les d\u00e9fis quotidiens et les stimuli stressants. Il aide la peau \u00e0 \u00eatre plus d\u00e9tendue avec une apparence plus vitale. Il peut \u00eatre incorpor\u00e9 dans des formulations cosm\u00e9tiques telles que des \u00e9mulsions, des gels, des s\u00e9rums pour lutter contre le stress et traiter les peaux fragiles, fatigu\u00e9es et ternes.<\/p>\n<p> <strong>Utilisation de l&#39;Acetyl Tetrapeptide-22<\/strong><br \/>\nUtilisation : Acetyl Tetrapeptide-22 Aide \u00e0 lutter contre les cellules stress et augmente les niveaux de HSP70 pour \u00e9viter un stress suppl\u00e9mentaire<\/p>\n<p> <strong>Fonctions de l&#39;ac\u00e9tyl t\u00e9trapeptide-22<\/strong><br \/>\n L&#39;ac\u00e9tyl t\u00e9trapeptide-22 est le produit de r\u00e9action de l&#39;acide ac\u00e9tique et du t\u00e9trapeptide-22. Il augmente la quantit\u00e9 de prot\u00e9ines stimul\u00e9es par la chaleur (HSP70) dans la peau, am\u00e9liorant ainsi la tol\u00e9rance au stress et pr\u00e9venant les dommages. Par cons\u00e9quent, l&#39;ac\u00e9tyl t\u00e9trapeptide-22, l&#39;un des ingr\u00e9dients de r\u00e9g\u00e9n\u00e9ration de la peau les plus efficaces, peut rendre la peau plus d\u00e9tendue et son apparence plus importante.<\/p>\n<p> L&#39;ac\u00e9tyl t\u00e9trapeptide-22 induit le corps \u00e0 synth\u00e9tiser la prot\u00e9ine de choc thermique 70 en grande quantit\u00e9, ce qui est impliqu\u00e9 dans la r\u00e9paration et l&#39;\u00e9limination des prot\u00e9ines endommag\u00e9es, prot\u00e8ge les cellules contre les dommages graves, acc\u00e9l\u00e8re la r\u00e9paration et maintient les fonctions physiologiques normales des cellules\u00a0; am\u00e9liore la tol\u00e9rance des cellules aux facteurs de stress.<\/p>\n<p>L&#39;ac\u00e9tyl t\u00e9trapeptide-22 prot\u00e8ge la peau contre divers stress ind\u00e9sirables rencontr\u00e9s quotidiennement tels que les radicaux libres d&#39;oxyg\u00e8ne, le d\u00e9calage horaire, la d\u00e9shydratation, l&#39;irradiation UV, le froid et la chaleur excessifs, etc. , qui causent des dommages \u00e0 la peau, et maintient la vitalit\u00e9 de la peau. Il est plus appropri\u00e9 pour les personnes qui sont souvent dans un environnement stressant, comme les cols blancs avec une pression de travail \u00e9lev\u00e9e, etc.<\/p>\n","protected":false},"excerpt":{"rendered":"<p>Nom du produit : Acetyl Tetrapeptide-22<br \/>\nR\u00e9f\u00e9rence : Thermostressine<br \/>\nPuret\u00e9 : &gt;95%<br \/>\nSource : synth\u00e9tique<br \/>\nGrade : cosm\u00e9tique<\/p>\n","protected":false},"featured_media":2164,"comment_status":"open","ping_status":"closed","template":"","meta":{"om_disable_all_campaigns":false,"_monsterinsights_skip_tracking":false,"_monsterinsights_sitenote_active":false,"_monsterinsights_sitenote_note":"","_monsterinsights_sitenote_category":0,"site-sidebar-layout":"default","site-content-layout":"default","ast-site-content-layout":"default","site-content-style":"default","site-sidebar-style":"default","ast-global-header-display":"","ast-banner-title-visibility":"","ast-main-header-display":"","ast-hfb-above-header-display":"","ast-hfb-below-header-display":"","ast-hfb-mobile-header-display":"","site-post-title":"","ast-breadcrumbs-content":"","ast-featured-img":"","footer-sml-layout":"","ast-disable-related-posts":"","theme-transparent-header-meta":"default","adv-header-id-meta":"","stick-header-meta":"","header-above-stick-meta":"","header-main-stick-meta":"","header-below-stick-meta":"","astra-migrate-meta-layouts":"default","ast-page-background-enabled":"default","ast-page-background-meta":{"desktop":{"background-color":"","background-image":"","background-repeat":"repeat","background-position":"center center","background-size":"auto","background-attachment":"scroll","background-type":"","background-media":"","overlay-type":"","overlay-color":"","overlay-opacity":"","overlay-gradient":""},"tablet":{"background-color":"","background-image":"","background-repeat":"repeat","background-position":"center center","background-size":"auto","background-attachment":"scroll","background-type":"","background-media":"","overlay-type":"","overlay-color":"","overlay-opacity":"","overlay-gradient":""},"mobile":{"background-color":"","background-image":"","background-repeat":"repeat","background-position":"center center","background-size":"auto","background-attachment":"scroll","background-type":"","background-media":"","overlay-type":"","overlay-color":"","overlay-opacity":"","overlay-gradient":""}},"ast-content-background-meta":{"desktop":{"background-color":"var(--ast-global-color-5)","background-image":"","background-repeat":"repeat","background-position":"center center","background-size":"auto","background-attachment":"scroll","background-type":"","background-media":"","overlay-type":"","overlay-color":"","overlay-opacity":"","overlay-gradient":""},"tablet":{"background-color":"var(--ast-global-color-5)","background-image":"","background-repeat":"repeat","background-position":"center center","background-size":"auto","background-attachment":"scroll","background-type":"","background-media":"","overlay-type":"","overlay-color":"","overlay-opacity":"","overlay-gradient":""},"mobile":{"background-color":"var(--ast-global-color-5)","background-image":"","background-repeat":"repeat","background-position":"center center","background-size":"auto","background-attachment":"scroll","background-type":"","background-media":"","overlay-type":"","overlay-color":"","overlay-opacity":"","overlay-gradient":""}}},"product_brand":[],"product_cat":[670],"product_tag":[3508],"class_list":{"0":"post-6372","1":"product","2":"type-product","3":"status-publish","4":"has-post-thumbnail","6":"product_cat-peptide-anti-allergique-et-anti-inflammatoire","7":"product_tag-acetyl-tetrapeptide-22-for-skin-repair-fr","8":"desktop-align-left","9":"tablet-align-left","10":"mobile-align-left","12":"first","13":"instock","14":"shipping-taxable","15":"product-type-simple"},"_links":{"self":[{"href":"https:\/\/puyapeptide.net\/fr\/wp-json\/wp\/v2\/product\/6372","targetHints":{"allow":["GET"]}}],"collection":[{"href":"https:\/\/puyapeptide.net\/fr\/wp-json\/wp\/v2\/product"}],"about":[{"href":"https:\/\/puyapeptide.net\/fr\/wp-json\/wp\/v2\/types\/product"}],"replies":[{"embeddable":true,"href":"https:\/\/puyapeptide.net\/fr\/wp-json\/wp\/v2\/comments?post=6372"}],"wp:featuredmedia":[{"embeddable":true,"href":"https:\/\/puyapeptide.net\/fr\/wp-json\/wp\/v2\/media\/2164"}],"wp:attachment":[{"href":"https:\/\/puyapeptide.net\/fr\/wp-json\/wp\/v2\/media?parent=6372"}],"wp:term":[{"taxonomy":"product_brand","embeddable":true,"href":"https:\/\/puyapeptide.net\/fr\/wp-json\/wp\/v2\/product_brand?post=6372"},{"taxonomy":"product_cat","embeddable":true,"href":"https:\/\/puyapeptide.net\/fr\/wp-json\/wp\/v2\/product_cat?post=6372"},{"taxonomy":"product_tag","embeddable":true,"href":"https:\/\/puyapeptide.net\/fr\/wp-json\/wp\/v2\/product_tag?post=6372"}],"curies":[{"name":"wp","href":"https:\/\/api.w.org\/{rel}","templated":true}]}}