{"id":6396,"date":"2021-12-16T04:57:56","date_gmt":"2021-12-16T09:57:56","guid":{"rendered":"https:\/\/puyapeptide.net\/product\/acetyl-tetrapeptide-15-cas-928007-64-1-est-generalement-utilise-pour-les-soins-de-la-peau-sensible\/"},"modified":"2021-12-16T04:57:56","modified_gmt":"2021-12-16T09:57:56","slug":"acetyl-tetrapeptide-15-cas-928007-64-1-est-generalement-utilise-pour-les-soins-de-la-peau-sensible","status":"publish","type":"product","link":"https:\/\/puyapeptide.net\/fr\/product\/acetyl-tetrapeptide-15-cas-928007-64-1-est-generalement-utilise-pour-les-soins-de-la-peau-sensible\/","title":{"rendered":"Acetyl Tetrapeptide-15 CAS 928007-64-1 est g\u00e9n\u00e9ralement utilis\u00e9 pour les soins de la peau sensible"},"content":{"rendered":"<h2><strong>Acetyl Tetrapeptide-15 CAS 928007-64-1 est g\u00e9n\u00e9ralement utilis\u00e9 pour les soins de la peau sensible<\/strong><\/h2>\n<p>Nom du produit\u00a0: ac\u00e9tyl t\u00e9trapeptide 15<br \/>\nSynonymes\u00a0: ac\u00e9tyl t\u00e9trapeptide 15\u00a0; N-ac\u00e9tyl-L-tyrosyl-L-prolyl-L-ph\u00e9nylalanyl-L-ph\u00e9nylalaninamide\u00a0; Skinasensyl; ac\u00e9tyl t\u00e9trapeptide-15\/Skinasensyl LS 9749\u00a0;( 2S)-1-[(2S)-2-ac\u00e9tamido-3-(4-hydroxyph\u00e9nyl)propanoyl]-N-[(2S)-1-[[(2S)-1-amino-1-oxo-3-ph\u00e9nylpropane -2-yl]amino]-1-oxo-3-ph\u00e9nylpropan-2-yl]pyrrolidine-2-carboxamide;L-ph\u00e9nylalaninamide, N-ac\u00e9tyl-L-tyrosyl-L-prolyl-L-ph\u00e9nylalanyl-;AC-PPLY -OH;Acetyl tetrapeptide 15 USP\/EP\/BP<br \/>\nCAS\u00a0: 928007-64-1<br \/>\nMF\u00a0: C34H39N5O6<br \/>\nMW\u00a0: 613.7<br \/>\nEINECS\u00a0:<br \/>\nCat\u00e9gories de produits\u00a0:<br \/>\nFichier Mol\u00a0: 928007-64-1.mol<\/p>\n<p>Acetyl Tetrapeptide-15 est un nouveau t\u00e9trapeptide synth\u00e9tique qui aide \u00e0 soulager les peaux sensibles en normalisant le seuil de tol\u00e9rance aux facteurs environnementaux, \u00e0 certains produits inconfortables appliqu\u00e9s localement ou aux soins de la peau. Il imite un peptide opio\u00efde naturel et a \u00e9t\u00e9 d\u00e9velopp\u00e9 dans le but de diminuer la stimulation des terminaisons nerveuses de la peau.<\/p>\n<p>L&#39;ac\u00e9tyl t\u00e9trapeptide-15 est g\u00e9n\u00e9ralement utilis\u00e9 pour les soins de la peau sensible. Le t\u00e9trapeptide cible les peaux neurosensibles en r\u00e9duisant la lib\u00e9ration de m\u00e9diateurs pro-inflammatoires et en augmentant les niveaux de tol\u00e9rance de la peau, ce qui se traduit par une peau moins r\u00e9active et moins de douleur et d&#39;inconfort.<\/p>\n<p>Plus de 40\u00a0% de la population se plaint de sensibilit\u00e9 cutan\u00e9e. Cette peau, contrairement \u00e0 la peau normale, r\u00e9agit n\u00e9gativement \u00e0 diff\u00e9rents facteurs environnementaux : changements de temp\u00e9rature, exposition au soleil, produits cosm\u00e9tiques et utilisation de m\u00e9dicaments. Apr\u00e8s exposition \u00e0 ces facteurs, les personnes atteintes de troubles cutan\u00e9s sensibles ressentent des sensations inconfortables telles que des picotements, des br\u00fblures ou des rougeurs de la peau.<\/p>\n<p>L&#39;ac\u00e9tyl t\u00e9trapeptide 15 agit sur les r\u00e9cepteurs de la douleur (terminaisons nerveuses) et r\u00e9duit leur activit\u00e9. Cela r\u00e9duit la sensation de douleur et d&#39;inconfort caus\u00e9e par les facteurs qui provoquent la sensibilit\u00e9 de la peau.<\/p>\n<p>Des \u00e9tudes cliniques in vitro ont montr\u00e9 qu&#39;une r\u00e9duction de la relaxation du neurotransmetteur CGRP (peptide li\u00e9 au g\u00e8ne de la calcitonine) dans les neurones sensoriels r\u00e9duit la peau r\u00e9ponses de sensibilit\u00e9. Il a \u00e9galement \u00e9t\u00e9 d\u00e9montr\u00e9 que l&#39;ac\u00e9tylt\u00e9trapeptide-15 agissait comme un agoniste des r\u00e9cepteurs de substances de type opio\u00efde. Des \u00e9tudes cliniques in vivo ont montr\u00e9 que cela r\u00e9duit l&#39;inconfort et la douleur caus\u00e9s par les stimuli externes (chaleur et capsa\u00efcine).<\/p>\n<p>Ainsi, l&#39;ac\u00e9tyl t\u00e9trapeptide 15 aide \u00e0 restaurer des niveaux normaux de tol\u00e9rance cutan\u00e9e aux facteurs environnementaux ou cosm\u00e9tiques et r\u00e9pare la barri\u00e8re cutan\u00e9e .<\/p>\n<p> <strong>Fonction et application de l&#39;ac\u00e9tyl t\u00e9trapeptide-15 CAS 928007-64-1<\/strong><br \/>\n l&#39;ac\u00e9tyl t\u00e9trapeptide-15 r\u00e9duit l&#39;inconfort et les sensations douloureuses des peaux sensibles<\/p>\n","protected":false},"excerpt":{"rendered":"<p>Nom du produit : Ac\u00e9tyl t\u00e9trapeptide 15<br \/>\nCAS : 928007-64-1<br \/>\nMF : C34H39N5O6<br \/>\nMW : 613.7<br \/>\nMol Fichier : 928007-64-1.mol<\/p>\n","protected":false},"featured_media":2122,"comment_status":"open","ping_status":"closed","template":"","meta":{"om_disable_all_campaigns":false,"_monsterinsights_skip_tracking":false,"_monsterinsights_sitenote_active":false,"_monsterinsights_sitenote_note":"","_monsterinsights_sitenote_category":0,"site-sidebar-layout":"default","site-content-layout":"default","ast-site-content-layout":"default","site-content-style":"default","site-sidebar-style":"default","ast-global-header-display":"","ast-banner-title-visibility":"","ast-main-header-display":"","ast-hfb-above-header-display":"","ast-hfb-below-header-display":"","ast-hfb-mobile-header-display":"","site-post-title":"","ast-breadcrumbs-content":"","ast-featured-img":"","footer-sml-layout":"","ast-disable-related-posts":"","theme-transparent-header-meta":"default","adv-header-id-meta":"","stick-header-meta":"","header-above-stick-meta":"","header-main-stick-meta":"","header-below-stick-meta":"","astra-migrate-meta-layouts":"default","ast-page-background-enabled":"default","ast-page-background-meta":{"desktop":{"background-color":"","background-image":"","background-repeat":"repeat","background-position":"center center","background-size":"auto","background-attachment":"scroll","background-type":"","background-media":"","overlay-type":"","overlay-color":"","overlay-opacity":"","overlay-gradient":""},"tablet":{"background-color":"","background-image":"","background-repeat":"repeat","background-position":"center center","background-size":"auto","background-attachment":"scroll","background-type":"","background-media":"","overlay-type":"","overlay-color":"","overlay-opacity":"","overlay-gradient":""},"mobile":{"background-color":"","background-image":"","background-repeat":"repeat","background-position":"center center","background-size":"auto","background-attachment":"scroll","background-type":"","background-media":"","overlay-type":"","overlay-color":"","overlay-opacity":"","overlay-gradient":""}},"ast-content-background-meta":{"desktop":{"background-color":"var(--ast-global-color-5)","background-image":"","background-repeat":"repeat","background-position":"center center","background-size":"auto","background-attachment":"scroll","background-type":"","background-media":"","overlay-type":"","overlay-color":"","overlay-opacity":"","overlay-gradient":""},"tablet":{"background-color":"var(--ast-global-color-5)","background-image":"","background-repeat":"repeat","background-position":"center center","background-size":"auto","background-attachment":"scroll","background-type":"","background-media":"","overlay-type":"","overlay-color":"","overlay-opacity":"","overlay-gradient":""},"mobile":{"background-color":"var(--ast-global-color-5)","background-image":"","background-repeat":"repeat","background-position":"center center","background-size":"auto","background-attachment":"scroll","background-type":"","background-media":"","overlay-type":"","overlay-color":"","overlay-opacity":"","overlay-gradient":""}}},"product_brand":[],"product_cat":[670],"product_tag":[3488],"class_list":{"0":"post-6396","1":"product","2":"type-product","3":"status-publish","4":"has-post-thumbnail","6":"product_cat-peptide-anti-allergique-et-anti-inflammatoire","7":"product_tag-acetyl-tetrapeptide-15-cas-928007-64-1-is-generally-used-for-sensitive-skin-care-fr","8":"desktop-align-left","9":"tablet-align-left","10":"mobile-align-left","12":"first","13":"instock","14":"shipping-taxable","15":"product-type-simple"},"_links":{"self":[{"href":"https:\/\/puyapeptide.net\/fr\/wp-json\/wp\/v2\/product\/6396","targetHints":{"allow":["GET"]}}],"collection":[{"href":"https:\/\/puyapeptide.net\/fr\/wp-json\/wp\/v2\/product"}],"about":[{"href":"https:\/\/puyapeptide.net\/fr\/wp-json\/wp\/v2\/types\/product"}],"replies":[{"embeddable":true,"href":"https:\/\/puyapeptide.net\/fr\/wp-json\/wp\/v2\/comments?post=6396"}],"wp:featuredmedia":[{"embeddable":true,"href":"https:\/\/puyapeptide.net\/fr\/wp-json\/wp\/v2\/media\/2122"}],"wp:attachment":[{"href":"https:\/\/puyapeptide.net\/fr\/wp-json\/wp\/v2\/media?parent=6396"}],"wp:term":[{"taxonomy":"product_brand","embeddable":true,"href":"https:\/\/puyapeptide.net\/fr\/wp-json\/wp\/v2\/product_brand?post=6396"},{"taxonomy":"product_cat","embeddable":true,"href":"https:\/\/puyapeptide.net\/fr\/wp-json\/wp\/v2\/product_cat?post=6396"},{"taxonomy":"product_tag","embeddable":true,"href":"https:\/\/puyapeptide.net\/fr\/wp-json\/wp\/v2\/product_tag?post=6396"}],"curies":[{"name":"wp","href":"https:\/\/api.w.org\/{rel}","templated":true}]}}