{"id":6422,"date":"2021-12-16T04:59:37","date_gmt":"2021-12-16T09:59:37","guid":{"rendered":"https:\/\/puyapeptide.net\/product\/palmitoyl-tripeptide-8-cas-936544-53-5-pour-prevenir-et-apaiser-linflammation-des-peaux-irritees\/"},"modified":"2021-12-16T04:59:37","modified_gmt":"2021-12-16T09:59:37","slug":"palmitoyl-tripeptide-8-cas-936544-53-5-pour-prevenir-et-apaiser-linflammation-des-peaux-irritees","status":"publish","type":"product","link":"https:\/\/puyapeptide.net\/fr\/product\/palmitoyl-tripeptide-8-cas-936544-53-5-pour-prevenir-et-apaiser-linflammation-des-peaux-irritees\/","title":{"rendered":"Palmitoyl Tripeptide-8 CAS 936544-53-5 pour pr\u00e9venir et apaiser l&#39;inflammation des peaux irrit\u00e9es"},"content":{"rendered":"<h2><strong>Palmitoyl Tripeptide-8 CAS 936544-53-5 pour pr\u00e9venir et apaiser l&#39;inflammation des peaux irrit\u00e9es<\/strong><\/h2>\n<p>Nom du produit\u00a0: Palmitoyl Tripeptide-8<br \/>\nSynonymes\u00a0: Neutrazen\u00a0;Palmitoyl Tripeptide-8\u00a0;Palmiltoyl Tripeptide-8\u00a0;L-Argininamide, N-(1-oxohexadecyl)-L-histidyl-D-ph\u00e9nylalanyl-\u00a0;Factory Supplier Palmitoyl Tripeptide-8;Peptide cosm\u00e9tique Palmitoyl Tripeptide-8 Neutrazen Powder CAS 936544-53-5 pour anti-allergique et r\u00e9paration<br \/>\nCAS : 936544-53-5<br \/>\nMF : C37H61N9O4<br \/>\nMW : 695,94<br \/>\n EINECS :<br \/>\nCat\u00e9gories de produits :<br \/>\nMol File : 936544-53-5.mol<\/p>\n<p>Palmitoyl Tripeptide-8 est un nouveau peptide. Il aide \u00e0 pr\u00e9venir et \u00e0 apaiser l&#39;inflammation des peaux irrit\u00e9es. En tant qu&#39;atout suppl\u00e9mentaire, il agit en fait pour am\u00e9liorer la r\u00e9silience des peaux sensibles. Le palmitoyl tripeptide-8 peut r\u00e9duire une s\u00e9rie de cons\u00e9quences n\u00e9fastes caus\u00e9es par la lib\u00e9ration de substance P, r\u00e9duire la lib\u00e9ration de cytokines inflammatoires (IL-1, IL-8, TNF-\u03b1), soulager la vasodilatation, pr\u00e9venir et r\u00e9duire l&#39;irritation des stimuli externes , soulagent les d\u00e9mangeaisons, les picotements, l&#39;\u00e9ryth\u00e8me, l&#39;\u0153d\u00e8me et d&#39;autres sympt\u00f4mes, maintiennent un seuil de sensibilit\u00e9 cutan\u00e9e normal et maintiennent la peau en bonne sant\u00e9.<\/p>\n<p> <strong>Palmitoyl Tripeptide-8 CAS 936544-53-5 Propri\u00e9t\u00e9s chimiques<\/strong><br \/>\n densit\u00e9 1,20\u00b1 0,1 g\/cm3 (pr\u00e9vu)<br \/>\npka 13,34\u00b10,46(pr\u00e9vu)<\/p>\n<p> <strong>Fonction du palmitoyl tripeptide-8 CAS 936544-53-5<\/strong><br \/>\n1\u3001R\u00e9duit la r\u00e9action de la peau aux irritants, aide \u00e0 r\u00e9duire la peau r\u00e9actions inflammatoires, et soulage le neuro\u0153d\u00e8me.<\/p>\n<p>2\u3001Particuli\u00e8rement adapt\u00e9 pour le soin des peaux sensibles<\/p>\n<p>3\u3001Soulage rapidement les sympt\u00f4mes inflammatoires de rougeur, gonflement et douleur<\/p>\n<p> <strong>Application de Palmitoyl Tripeptide-8 CAS 936544-53-5<\/strong><br \/>\n1. Palmitoyl Tripeptide-8 Pr\u00e9vient et inverse les signes d&#39;inflammation neurog\u00e8ne.<\/p>\n<p>2. Palmitoyl Tripeptide-8 Calme et apaise la peau irrit\u00e9e.<\/p>\n<p>3. Palmitoyl Tripeptide-8 Aide \u00e0 maintenir et \u00e0 restaurer un seuil de sensibilit\u00e9 normal.<\/p>\n","protected":false},"excerpt":{"rendered":"<p>Nom du produit : Palmitoyl Tripeptide-8<br \/>\nCAS : 936544-53-5<br \/>\nMF : C37H61N9O4<br \/>\nMW : 695,94<br \/>\nMol Fichier : 936544-53-5.mol<\/p>\n","protected":false},"featured_media":2206,"comment_status":"open","ping_status":"closed","template":"","meta":{"om_disable_all_campaigns":false,"_monsterinsights_skip_tracking":false,"_monsterinsights_sitenote_active":false,"_monsterinsights_sitenote_note":"","_monsterinsights_sitenote_category":0,"site-sidebar-layout":"default","site-content-layout":"default","ast-site-content-layout":"default","site-content-style":"default","site-sidebar-style":"default","ast-global-header-display":"","ast-banner-title-visibility":"","ast-main-header-display":"","ast-hfb-above-header-display":"","ast-hfb-below-header-display":"","ast-hfb-mobile-header-display":"","site-post-title":"","ast-breadcrumbs-content":"","ast-featured-img":"","footer-sml-layout":"","ast-disable-related-posts":"","theme-transparent-header-meta":"default","adv-header-id-meta":"","stick-header-meta":"","header-above-stick-meta":"","header-main-stick-meta":"","header-below-stick-meta":"","astra-migrate-meta-layouts":"default","ast-page-background-enabled":"default","ast-page-background-meta":{"desktop":{"background-color":"","background-image":"","background-repeat":"repeat","background-position":"center center","background-size":"auto","background-attachment":"scroll","background-type":"","background-media":"","overlay-type":"","overlay-color":"","overlay-opacity":"","overlay-gradient":""},"tablet":{"background-color":"","background-image":"","background-repeat":"repeat","background-position":"center center","background-size":"auto","background-attachment":"scroll","background-type":"","background-media":"","overlay-type":"","overlay-color":"","overlay-opacity":"","overlay-gradient":""},"mobile":{"background-color":"","background-image":"","background-repeat":"repeat","background-position":"center center","background-size":"auto","background-attachment":"scroll","background-type":"","background-media":"","overlay-type":"","overlay-color":"","overlay-opacity":"","overlay-gradient":""}},"ast-content-background-meta":{"desktop":{"background-color":"var(--ast-global-color-5)","background-image":"","background-repeat":"repeat","background-position":"center center","background-size":"auto","background-attachment":"scroll","background-type":"","background-media":"","overlay-type":"","overlay-color":"","overlay-opacity":"","overlay-gradient":""},"tablet":{"background-color":"var(--ast-global-color-5)","background-image":"","background-repeat":"repeat","background-position":"center center","background-size":"auto","background-attachment":"scroll","background-type":"","background-media":"","overlay-type":"","overlay-color":"","overlay-opacity":"","overlay-gradient":""},"mobile":{"background-color":"var(--ast-global-color-5)","background-image":"","background-repeat":"repeat","background-position":"center center","background-size":"auto","background-attachment":"scroll","background-type":"","background-media":"","overlay-type":"","overlay-color":"","overlay-opacity":"","overlay-gradient":""}}},"product_brand":[],"product_cat":[670],"product_tag":[3470],"class_list":{"0":"post-6422","1":"product","2":"type-product","3":"status-publish","4":"has-post-thumbnail","6":"product_cat-peptide-anti-allergique-et-anti-inflammatoire","7":"product_tag-palmitoyl-tripeptide-8-cas-936544-53-5-to-prevent-and-sooth-inflammation-in-irritated-skin-fr","8":"desktop-align-left","9":"tablet-align-left","10":"mobile-align-left","12":"first","13":"instock","14":"shipping-taxable","15":"product-type-simple"},"_links":{"self":[{"href":"https:\/\/puyapeptide.net\/fr\/wp-json\/wp\/v2\/product\/6422","targetHints":{"allow":["GET"]}}],"collection":[{"href":"https:\/\/puyapeptide.net\/fr\/wp-json\/wp\/v2\/product"}],"about":[{"href":"https:\/\/puyapeptide.net\/fr\/wp-json\/wp\/v2\/types\/product"}],"replies":[{"embeddable":true,"href":"https:\/\/puyapeptide.net\/fr\/wp-json\/wp\/v2\/comments?post=6422"}],"wp:featuredmedia":[{"embeddable":true,"href":"https:\/\/puyapeptide.net\/fr\/wp-json\/wp\/v2\/media\/2206"}],"wp:attachment":[{"href":"https:\/\/puyapeptide.net\/fr\/wp-json\/wp\/v2\/media?parent=6422"}],"wp:term":[{"taxonomy":"product_brand","embeddable":true,"href":"https:\/\/puyapeptide.net\/fr\/wp-json\/wp\/v2\/product_brand?post=6422"},{"taxonomy":"product_cat","embeddable":true,"href":"https:\/\/puyapeptide.net\/fr\/wp-json\/wp\/v2\/product_cat?post=6422"},{"taxonomy":"product_tag","embeddable":true,"href":"https:\/\/puyapeptide.net\/fr\/wp-json\/wp\/v2\/product_tag?post=6422"}],"curies":[{"name":"wp","href":"https:\/\/api.w.org\/{rel}","templated":true}]}}