{"id":6437,"date":"2021-12-16T05:00:52","date_gmt":"2021-12-16T10:00:52","guid":{"rendered":"https:\/\/puyapeptide.net\/product\/pentapeptide-25-pour-la-cellulite-et-lamincissement\/"},"modified":"2021-12-16T05:00:52","modified_gmt":"2021-12-16T10:00:52","slug":"pentapeptide-25-pour-la-cellulite-et-lamincissement","status":"publish","type":"product","link":"https:\/\/puyapeptide.net\/fr\/product\/pentapeptide-25-pour-la-cellulite-et-lamincissement\/","title":{"rendered":"Pentapeptide-25 pour la cellulite et l&#39;amincissement"},"content":{"rendered":"<h2><strong>Pentapeptide-25 pour la cellulite et l&#39;amincissement<\/strong><\/h2>\n<p>Nom du produit : PENTAPEPTIDE-25<br \/>\nR\u00e9f\u00e9rence : UCPEPTIDE V<br \/>\nPuret\u00e9 : &gt;95%<br \/>\nSource : synth\u00e9tique<br \/>\nCat\u00e9gorie : cosm\u00e9tique<br \/>\nStabilit\u00e9 : stable<br \/>\nSolubilit\u00e9 : soluble dans l&#39;eau<br \/>\nOdeur\u00a0: non<br \/>\nFormulation\u00a0: disponible pour votre r\u00e9f\u00e9rence, veuillez nous contacter.<br \/>\nFDS et COA\u00a0: disponibles pour votre r\u00e9f\u00e9rence, veuillez nous contacter.<br \/>\nLivraison\u00a0: rapidement \u00e0 partir du stock<br \/>\nDose recommand\u00e9e\u00a0: 50 PPM<br \/>\nCapacit\u00e9 : 500g par mois<br \/>\nApparence : poudre blanche<\/p>\n<p>Pentapeptide-25 est un peptide \u00e0 effet amincissant, qui permet de limiter l&#39;accumulation de graisse dans l&#39;organisme, de r\u00e9duire le volume des v\u00e9sicules dans cellules graisseuses, ainsi que r\u00e9duire le volume des cellules graisseuses pour obtenir l&#39;effet de perte de poids, d&#39;amincissement et d&#39;amincissement du visage.<\/p>\n<p>Pentapeptide-25 est un peptide de type UCP obtenu par synth\u00e8se et con\u00e7u pour les produits de soins de la peau amincissants. .La s\u00e9quence d&#39;UCPEPTIDE V est similaire \u00e0 une s\u00e9quence courante dans les prot\u00e9ines de d\u00e9couplage (UCP), une famille universelle de transporteurs mitochondriaux qui permettent \u00e0 l&#39;\u00e9nergie d&#39;\u00eatre lib\u00e9r\u00e9e sous forme de chaleur.<\/p>\n<p> <strong>Utilisation du Pentapeptide-25<\/strong> &lt; &amp;&gt;1 &#8211; Peptide synth\u00e9tique biomim\u00e9tique des UCP (uncoupling protein)<br \/>\n2- PENTAPEPTIDE-25 Limite le stockage des lipides<br \/>\n3- PENTAPEPTIDE-25 R\u00e9duit le volume des vacuoles dans les adipocytes et la taille des adipocytes<\/p>\n","protected":false},"excerpt":{"rendered":"<p>Nom du produit : PENTAPEPTIDE-25<br \/>\nR\u00e9f\u00e9rence : UCPEPTIDE V<br \/>\nPuret\u00e9 : &gt;95%<br \/>\nSource : synth\u00e9tique<br \/>\nCat\u00e9gorie : cosm\u00e9tique<br \/>\nSolubilit\u00e9 : soluble dans l&#39;eau<\/p>\n","protected":false},"featured_media":2164,"comment_status":"open","ping_status":"closed","template":"","meta":{"om_disable_all_campaigns":false,"_monsterinsights_skip_tracking":false,"_monsterinsights_sitenote_active":false,"_monsterinsights_sitenote_note":"","_monsterinsights_sitenote_category":0,"site-sidebar-layout":"default","site-content-layout":"default","ast-site-content-layout":"default","site-content-style":"default","site-sidebar-style":"default","ast-global-header-display":"","ast-banner-title-visibility":"","ast-main-header-display":"","ast-hfb-above-header-display":"","ast-hfb-below-header-display":"","ast-hfb-mobile-header-display":"","site-post-title":"","ast-breadcrumbs-content":"","ast-featured-img":"","footer-sml-layout":"","ast-disable-related-posts":"","theme-transparent-header-meta":"default","adv-header-id-meta":"","stick-header-meta":"","header-above-stick-meta":"","header-main-stick-meta":"","header-below-stick-meta":"","astra-migrate-meta-layouts":"default","ast-page-background-enabled":"default","ast-page-background-meta":{"desktop":{"background-color":"","background-image":"","background-repeat":"repeat","background-position":"center center","background-size":"auto","background-attachment":"scroll","background-type":"","background-media":"","overlay-type":"","overlay-color":"","overlay-opacity":"","overlay-gradient":""},"tablet":{"background-color":"","background-image":"","background-repeat":"repeat","background-position":"center center","background-size":"auto","background-attachment":"scroll","background-type":"","background-media":"","overlay-type":"","overlay-color":"","overlay-opacity":"","overlay-gradient":""},"mobile":{"background-color":"","background-image":"","background-repeat":"repeat","background-position":"center center","background-size":"auto","background-attachment":"scroll","background-type":"","background-media":"","overlay-type":"","overlay-color":"","overlay-opacity":"","overlay-gradient":""}},"ast-content-background-meta":{"desktop":{"background-color":"var(--ast-global-color-5)","background-image":"","background-repeat":"repeat","background-position":"center center","background-size":"auto","background-attachment":"scroll","background-type":"","background-media":"","overlay-type":"","overlay-color":"","overlay-opacity":"","overlay-gradient":""},"tablet":{"background-color":"var(--ast-global-color-5)","background-image":"","background-repeat":"repeat","background-position":"center center","background-size":"auto","background-attachment":"scroll","background-type":"","background-media":"","overlay-type":"","overlay-color":"","overlay-opacity":"","overlay-gradient":""},"mobile":{"background-color":"var(--ast-global-color-5)","background-image":"","background-repeat":"repeat","background-position":"center center","background-size":"auto","background-attachment":"scroll","background-type":"","background-media":"","overlay-type":"","overlay-color":"","overlay-opacity":"","overlay-gradient":""}}},"product_brand":[],"product_cat":[648],"product_tag":[3442],"class_list":{"0":"post-6437","1":"product","2":"type-product","3":"status-publish","4":"has-post-thumbnail","6":"product_cat-peptide-de-perte-de-graisse","7":"product_tag-pentapeptide-25-for-cellulite-and-slimming-fr","8":"desktop-align-left","9":"tablet-align-left","10":"mobile-align-left","12":"first","13":"instock","14":"shipping-taxable","15":"product-type-simple"},"_links":{"self":[{"href":"https:\/\/puyapeptide.net\/fr\/wp-json\/wp\/v2\/product\/6437","targetHints":{"allow":["GET"]}}],"collection":[{"href":"https:\/\/puyapeptide.net\/fr\/wp-json\/wp\/v2\/product"}],"about":[{"href":"https:\/\/puyapeptide.net\/fr\/wp-json\/wp\/v2\/types\/product"}],"replies":[{"embeddable":true,"href":"https:\/\/puyapeptide.net\/fr\/wp-json\/wp\/v2\/comments?post=6437"}],"wp:featuredmedia":[{"embeddable":true,"href":"https:\/\/puyapeptide.net\/fr\/wp-json\/wp\/v2\/media\/2164"}],"wp:attachment":[{"href":"https:\/\/puyapeptide.net\/fr\/wp-json\/wp\/v2\/media?parent=6437"}],"wp:term":[{"taxonomy":"product_brand","embeddable":true,"href":"https:\/\/puyapeptide.net\/fr\/wp-json\/wp\/v2\/product_brand?post=6437"},{"taxonomy":"product_cat","embeddable":true,"href":"https:\/\/puyapeptide.net\/fr\/wp-json\/wp\/v2\/product_cat?post=6437"},{"taxonomy":"product_tag","embeddable":true,"href":"https:\/\/puyapeptide.net\/fr\/wp-json\/wp\/v2\/product_tag?post=6437"}],"curies":[{"name":"wp","href":"https:\/\/api.w.org\/{rel}","templated":true}]}}