{"id":6455,"date":"2021-12-16T05:01:43","date_gmt":"2021-12-16T10:01:43","guid":{"rendered":"https:\/\/puyapeptide.net\/product\/acetyl-hexapeptide-39-pour-minceur\/"},"modified":"2021-12-16T05:01:43","modified_gmt":"2021-12-16T10:01:43","slug":"acetyl-hexapeptide-39-pour-minceur","status":"publish","type":"product","link":"https:\/\/puyapeptide.net\/fr\/product\/acetyl-hexapeptide-39-pour-minceur\/","title":{"rendered":"Ac\u00e9tyl Hexapeptide-39 pour Minceur"},"content":{"rendered":"<h2><strong>Ac\u00e9tyl Hexapeptide-39 pour Minceur<\/strong><\/h2>\n<p>Nom anglais\u00a0: Acetyl Hexapeptide-39, Silusyne<br \/>\nFormule mol\u00e9culaire \uff1aC14H24N6O4<br \/>\nPoids mol\u00e9culaire \uff1a340.80g\/mol<br \/>\nApparence\u00a0: Poudre blanche<\/p>\n<p>Le nouvel ingr\u00e9dient Silusyne contient des hexapeptides dans un nouveau syst\u00e8me de d\u00e9livrance (nom INCI : acetyl hexapeptide-39) qui r\u00e9duit l&#39;expression de PGC-1\u03b2, obtenant l&#39;effet inverse et raccourcissant la liaison dermo-sous-cutan\u00e9e, conduisant \u00e0 un amincissement et \u00e0 un anti-rides. Traitement adipeux. Pour \u00e9tudier son r\u00f4le dans l&#39;expression de PGC-1\u03b1 et l&#39;accumulation de lipides ainsi que ses effets macroscopiques, des tests in vitro et in vivo ont \u00e9t\u00e9 effectu\u00e9s sur les deux composants. (PGC-1a) et diminue l&#39;adipogen\u00e8se. Il est utilis\u00e9 comme agent amincissant.<\/p>\n<p>Acetyl Hexapeptide-39 (peptide minceur) est un nouveau peptide actif minceur et amincissant contenant six acides amin\u00e9s, qui a pour effet de r\u00e9duire la cellulite, la cellulite, la cellulite et l&#39;amincissement. <\/p>\n<p>L&#39;ac\u00e9tyl hexapeptide-39 (peptide amincissant) diminue la diff\u00e9renciation et le taux de maturation des cellules graisseuses, r\u00e9duit l&#39;accumulation de lipides dans le tissu adipeux, et a pour effet de r\u00e9duire la cellulite, la cellulite, la cellulite et l&#39;amincissement.<\/p>\n<p> <strong>Application de l&#39;Acetyl Hexapeptide-39<\/strong><br \/>\n L&#39;Acetyl Hexapeptide-39 est un ingr\u00e9dient parfait pour les traitements anti-cellulite et minceur et en compl\u00e9ment de tout type de formulations de soins corporels.<\/p>\n<p> <strong>Utilisation de Acetyl Hexapeptide-39<\/strong><br \/>\nAcetyl Hexapeptide-39 R\u00e9duit l&#39;adipogen\u00e8se (nouvelle graisse) en diminuant l&#39;activit\u00e9 de PGC-1\u03b1<\/p>\n<p> <strong>Acetyl Hexapeptide-39 Avantages<\/strong><br \/>\nAcetyl Hexapeptide-39 est un ingr\u00e9dient parfait pour l&#39;anti-cellulite et soins amincissants et en compl\u00e9ment de tout type de formulations de soins corporels.<\/p>\n<p>Acetyl Hexa peptide-39 R\u00e9duit l&#39;adipogen\u00e8se (nouvelle graisse) en diminuant l&#39;activit\u00e9 de PGC-1\u03b1.<br \/>\nLa science a prouv\u00e9 que les peptides peuvent aider \u00e0 g\u00e9rer les rides de la peau et \u00e0 inverser les signes du vieillissement.<br \/>\nLa peau humaine est principalement compos\u00e9e de collag\u00e8ne. Le collag\u00e8ne est une prot\u00e9ine compos\u00e9e de longs segments d&#39;acides amin\u00e9s dispos\u00e9s en cha\u00eene. Le collag\u00e8ne fournit une base et une \u00e9paisseur \u00e0 la peau.<br \/>\nLes femmes de moins de 30 ans ont beaucoup de collag\u00e8ne, ce qui donne une peau lisse et ferme.<br \/>\nLe reste d&#39;entre nous a moins de collag\u00e8ne &#8211; la peau a tendance \u00e0 \u00eatre plus fine, r\u00e9v\u00e9lant plus de rides.&lt;&amp; &gt;Lorsque le collag\u00e8ne se d\u00e9compose, de courts segments d&#39;acides amin\u00e9s se forment. Ce sont les minuscules prot\u00e9ines et mol\u00e9cules actives appel\u00e9es peptides. Les peptides dans les soins de la peau peuvent offrir des avantages anti-\u00e2ge importants.<\/p>\n","protected":false},"excerpt":{"rendered":"<p>Nom anglais\u00a0: Acetyl Hexapeptide-39, Silusyne<br \/>\nFormule mol\u00e9culaire \uff1aC14H24N6O4<br \/>\nPoids mol\u00e9culaire \uff1a340.80g\/mol<br \/>\nApparence\u00a0: Poudre blanche<\/p>\n","protected":false},"featured_media":2101,"comment_status":"open","ping_status":"closed","template":"","meta":{"om_disable_all_campaigns":false,"_monsterinsights_skip_tracking":false,"_monsterinsights_sitenote_active":false,"_monsterinsights_sitenote_note":"","_monsterinsights_sitenote_category":0,"site-sidebar-layout":"default","site-content-layout":"default","ast-site-content-layout":"default","site-content-style":"default","site-sidebar-style":"default","ast-global-header-display":"","ast-banner-title-visibility":"","ast-main-header-display":"","ast-hfb-above-header-display":"","ast-hfb-below-header-display":"","ast-hfb-mobile-header-display":"","site-post-title":"","ast-breadcrumbs-content":"","ast-featured-img":"","footer-sml-layout":"","ast-disable-related-posts":"","theme-transparent-header-meta":"default","adv-header-id-meta":"","stick-header-meta":"","header-above-stick-meta":"","header-main-stick-meta":"","header-below-stick-meta":"","astra-migrate-meta-layouts":"default","ast-page-background-enabled":"default","ast-page-background-meta":{"desktop":{"background-color":"","background-image":"","background-repeat":"repeat","background-position":"center center","background-size":"auto","background-attachment":"scroll","background-type":"","background-media":"","overlay-type":"","overlay-color":"","overlay-opacity":"","overlay-gradient":""},"tablet":{"background-color":"","background-image":"","background-repeat":"repeat","background-position":"center center","background-size":"auto","background-attachment":"scroll","background-type":"","background-media":"","overlay-type":"","overlay-color":"","overlay-opacity":"","overlay-gradient":""},"mobile":{"background-color":"","background-image":"","background-repeat":"repeat","background-position":"center center","background-size":"auto","background-attachment":"scroll","background-type":"","background-media":"","overlay-type":"","overlay-color":"","overlay-opacity":"","overlay-gradient":""}},"ast-content-background-meta":{"desktop":{"background-color":"var(--ast-global-color-5)","background-image":"","background-repeat":"repeat","background-position":"center center","background-size":"auto","background-attachment":"scroll","background-type":"","background-media":"","overlay-type":"","overlay-color":"","overlay-opacity":"","overlay-gradient":""},"tablet":{"background-color":"var(--ast-global-color-5)","background-image":"","background-repeat":"repeat","background-position":"center center","background-size":"auto","background-attachment":"scroll","background-type":"","background-media":"","overlay-type":"","overlay-color":"","overlay-opacity":"","overlay-gradient":""},"mobile":{"background-color":"var(--ast-global-color-5)","background-image":"","background-repeat":"repeat","background-position":"center center","background-size":"auto","background-attachment":"scroll","background-type":"","background-media":"","overlay-type":"","overlay-color":"","overlay-opacity":"","overlay-gradient":""}}},"product_brand":[],"product_cat":[648],"product_tag":[3418],"class_list":{"0":"post-6455","1":"product","2":"type-product","3":"status-publish","4":"has-post-thumbnail","6":"product_cat-peptide-de-perte-de-graisse","7":"product_tag-acetyl-hexapeptide-39-for-slimming-fr","8":"desktop-align-left","9":"tablet-align-left","10":"mobile-align-left","12":"first","13":"instock","14":"shipping-taxable","15":"product-type-simple"},"_links":{"self":[{"href":"https:\/\/puyapeptide.net\/fr\/wp-json\/wp\/v2\/product\/6455","targetHints":{"allow":["GET"]}}],"collection":[{"href":"https:\/\/puyapeptide.net\/fr\/wp-json\/wp\/v2\/product"}],"about":[{"href":"https:\/\/puyapeptide.net\/fr\/wp-json\/wp\/v2\/types\/product"}],"replies":[{"embeddable":true,"href":"https:\/\/puyapeptide.net\/fr\/wp-json\/wp\/v2\/comments?post=6455"}],"wp:featuredmedia":[{"embeddable":true,"href":"https:\/\/puyapeptide.net\/fr\/wp-json\/wp\/v2\/media\/2101"}],"wp:attachment":[{"href":"https:\/\/puyapeptide.net\/fr\/wp-json\/wp\/v2\/media?parent=6455"}],"wp:term":[{"taxonomy":"product_brand","embeddable":true,"href":"https:\/\/puyapeptide.net\/fr\/wp-json\/wp\/v2\/product_brand?post=6455"},{"taxonomy":"product_cat","embeddable":true,"href":"https:\/\/puyapeptide.net\/fr\/wp-json\/wp\/v2\/product_cat?post=6455"},{"taxonomy":"product_tag","embeddable":true,"href":"https:\/\/puyapeptide.net\/fr\/wp-json\/wp\/v2\/product_tag?post=6455"}],"curies":[{"name":"wp","href":"https:\/\/api.w.org\/{rel}","templated":true}]}}