{"id":6482,"date":"2021-12-16T05:02:52","date_gmt":"2021-12-16T10:02:52","guid":{"rendered":"https:\/\/puyapeptide.net\/product\/lacetyl-hexapeptide-38-adifyline-cas-1400634-44-7-peut-augmenter-le-volume-des-seins-ou-des-joues\/"},"modified":"2021-12-16T05:02:52","modified_gmt":"2021-12-16T10:02:52","slug":"lacetyl-hexapeptide-38-adifyline-cas-1400634-44-7-peut-augmenter-le-volume-des-seins-ou-des-joues","status":"publish","type":"product","link":"https:\/\/puyapeptide.net\/fr\/product\/lacetyl-hexapeptide-38-adifyline-cas-1400634-44-7-peut-augmenter-le-volume-des-seins-ou-des-joues\/","title":{"rendered":"L&#39;ac\u00e9tyl hexapeptide 38\/Adifyline CAS 1400634-44-7 peut augmenter le volume des seins ou des joues"},"content":{"rendered":"<h2><strong>L&#39;ac\u00e9tyl hexapeptide 38\/Adifyline CAS 1400634-44-7 peut augmenter le volume des seins ou des joues<\/strong><\/h2>\n<p>Nom du produit\u00a0: Acetyl hexapeptide 38<br \/>\nSynonymes\u00a0: Acetyl hexapeptide 38;adifyline;PAW-\u03b2;Acetyl Hexapeptide-38, Adifyline;Acetyl six peptide;Acetyl hexapeptide-38 Powder;Acetyl Hexapeptide-38;Acetyl hexapeptide 38 USP \/EP\/BP<br \/>\nCAS\u00a0: 1400634-44-7<br \/>\nMF\u00a0:<br \/>\nMW\u00a0: 0<br \/>\nEINECS\u00a0: 000-000-0<br \/>\nCat\u00e9gories de produits\u00a0:<br \/>\nFichier Mol\u00a0: Fichier Mol&lt; &amp;&gt; Conditions de paiement\u00a0: Assurance commerciale, T\/T, Western Union, L\/C<\/p>\n<p>Acetyl Hexapeptide-38 (Adifyline) qui augmentent le volume des tissus adipeux dans des zones sp\u00e9cifiques, am\u00e9liorant l&#39;apparence du visage et offrant des courbes de corps attrayantes Il stimule l&#39;expression du coactivateur gamma 1a (PGC-1a) du r\u00e9cepteur activ\u00e9 par les prolif\u00e9rateurs de peroxysomes, ce qui am\u00e9liore le taux d&#39;adipogen\u00e8se. Cela entra\u00eene une accumulation de lipides et une croissance du volume plus \u00e9lev\u00e9es dans les zones souhait\u00e9es comme la poitrine et les joues.<br \/>\n L&#39;Hexapeptide38 augmente le volume local am\u00e9liorant l&#39;apparence du visage et en fournissant une silhouette courb\u00e9e, en favorisant l&#39;expression de PGC-1a et l&#39;accumulation de lipides dans le tissu adipeux.<\/p>\n<p> <strong>Fonction et application de l&#39;ac\u00e9tyl hexapeptide 38 \/ Adifyline CAS 1400634-44-7<\/strong> <\/p>\n<p>1. Am\u00e9liorer le taux d&#39;adipogen\u00e8se.<\/p>\n<p>2. Conduire \u00e0 une accumulation plus \u00e9lev\u00e9e de lipides et \u00e0 une croissance du volume dans les zones souhait\u00e9es comme la poitrine et les joues.<\/p>\n<p>3. Am\u00e9liorez l&#39;apparence du visage et offrez des courbes corporelles attrayantes.<\/p>\n<p> <strong>Utilisation de l&#39;ac\u00e9tyl hexapeptide 38\/Adifyline CAS 1400634-44-7<\/strong><br \/>\n augmente le volume local en am\u00e9liorant l&#39;apparence du visage et en fournissant une silhouette courb\u00e9e, en favorisant l&#39;expression de PGC-1a et accumulation de lipides dans le tissu adipeux.<\/p>\n","protected":false},"excerpt":{"rendered":"<p>Nom du produit : Ac\u00e9tyl hexapeptide 38<br \/>\nCAS : 1400634-44-7<br \/>\nMol File : Mol File<\/p>\n","protected":false},"featured_media":2122,"comment_status":"open","ping_status":"closed","template":"","meta":{"om_disable_all_campaigns":false,"_monsterinsights_skip_tracking":false,"_monsterinsights_sitenote_active":false,"_monsterinsights_sitenote_note":"","_monsterinsights_sitenote_category":0,"site-sidebar-layout":"default","site-content-layout":"default","ast-site-content-layout":"default","site-content-style":"default","site-sidebar-style":"default","ast-global-header-display":"","ast-banner-title-visibility":"","ast-main-header-display":"","ast-hfb-above-header-display":"","ast-hfb-below-header-display":"","ast-hfb-mobile-header-display":"","site-post-title":"","ast-breadcrumbs-content":"","ast-featured-img":"","footer-sml-layout":"","ast-disable-related-posts":"","theme-transparent-header-meta":"default","adv-header-id-meta":"","stick-header-meta":"","header-above-stick-meta":"","header-main-stick-meta":"","header-below-stick-meta":"","astra-migrate-meta-layouts":"default","ast-page-background-enabled":"default","ast-page-background-meta":{"desktop":{"background-color":"","background-image":"","background-repeat":"repeat","background-position":"center center","background-size":"auto","background-attachment":"scroll","background-type":"","background-media":"","overlay-type":"","overlay-color":"","overlay-opacity":"","overlay-gradient":""},"tablet":{"background-color":"","background-image":"","background-repeat":"repeat","background-position":"center center","background-size":"auto","background-attachment":"scroll","background-type":"","background-media":"","overlay-type":"","overlay-color":"","overlay-opacity":"","overlay-gradient":""},"mobile":{"background-color":"","background-image":"","background-repeat":"repeat","background-position":"center center","background-size":"auto","background-attachment":"scroll","background-type":"","background-media":"","overlay-type":"","overlay-color":"","overlay-opacity":"","overlay-gradient":""}},"ast-content-background-meta":{"desktop":{"background-color":"var(--ast-global-color-5)","background-image":"","background-repeat":"repeat","background-position":"center center","background-size":"auto","background-attachment":"scroll","background-type":"","background-media":"","overlay-type":"","overlay-color":"","overlay-opacity":"","overlay-gradient":""},"tablet":{"background-color":"var(--ast-global-color-5)","background-image":"","background-repeat":"repeat","background-position":"center center","background-size":"auto","background-attachment":"scroll","background-type":"","background-media":"","overlay-type":"","overlay-color":"","overlay-opacity":"","overlay-gradient":""},"mobile":{"background-color":"var(--ast-global-color-5)","background-image":"","background-repeat":"repeat","background-position":"center center","background-size":"auto","background-attachment":"scroll","background-type":"","background-media":"","overlay-type":"","overlay-color":"","overlay-opacity":"","overlay-gradient":""}}},"product_brand":[],"product_cat":[626],"product_tag":[3398],"class_list":{"0":"post-6482","1":"product","2":"type-product","3":"status-publish","4":"has-post-thumbnail","6":"product_cat-peptide-grossissant-et-ameliorant-la-poitrine","7":"product_tag-acetyl-hexapeptide-38-adifyline-cas-1400634-44-7-can-increase-the-volume-of-the-breasts-or-cheeks-fr","8":"desktop-align-left","9":"tablet-align-left","10":"mobile-align-left","12":"first","13":"instock","14":"shipping-taxable","15":"product-type-simple"},"_links":{"self":[{"href":"https:\/\/puyapeptide.net\/fr\/wp-json\/wp\/v2\/product\/6482","targetHints":{"allow":["GET"]}}],"collection":[{"href":"https:\/\/puyapeptide.net\/fr\/wp-json\/wp\/v2\/product"}],"about":[{"href":"https:\/\/puyapeptide.net\/fr\/wp-json\/wp\/v2\/types\/product"}],"replies":[{"embeddable":true,"href":"https:\/\/puyapeptide.net\/fr\/wp-json\/wp\/v2\/comments?post=6482"}],"wp:featuredmedia":[{"embeddable":true,"href":"https:\/\/puyapeptide.net\/fr\/wp-json\/wp\/v2\/media\/2122"}],"wp:attachment":[{"href":"https:\/\/puyapeptide.net\/fr\/wp-json\/wp\/v2\/media?parent=6482"}],"wp:term":[{"taxonomy":"product_brand","embeddable":true,"href":"https:\/\/puyapeptide.net\/fr\/wp-json\/wp\/v2\/product_brand?post=6482"},{"taxonomy":"product_cat","embeddable":true,"href":"https:\/\/puyapeptide.net\/fr\/wp-json\/wp\/v2\/product_cat?post=6482"},{"taxonomy":"product_tag","embeddable":true,"href":"https:\/\/puyapeptide.net\/fr\/wp-json\/wp\/v2\/product_tag?post=6482"}],"curies":[{"name":"wp","href":"https:\/\/api.w.org\/{rel}","templated":true}]}}