{"id":6504,"date":"2021-12-16T05:04:06","date_gmt":"2021-12-16T10:04:06","guid":{"rendered":"https:\/\/puyapeptide.net\/product\/le-palmitoyl-tripeptide-28-ameliore-lelasticite-et-la-fermete-de-la-peau-et-sert-danti-inflammatoire\/"},"modified":"2021-12-16T05:04:06","modified_gmt":"2021-12-16T10:04:06","slug":"le-palmitoyl-tripeptide-28-ameliore-lelasticite-et-la-fermete-de-la-peau-et-sert-danti-inflammatoire","status":"publish","type":"product","link":"https:\/\/puyapeptide.net\/fr\/product\/le-palmitoyl-tripeptide-28-ameliore-lelasticite-et-la-fermete-de-la-peau-et-sert-danti-inflammatoire\/","title":{"rendered":"Le palmitoyl tripeptide-28 am\u00e9liore l&#39;\u00e9lasticit\u00e9 et la fermet\u00e9 de la peau et sert d&#39;anti-inflammatoire"},"content":{"rendered":"<h2><strong>Le palmitoyl tripeptide-28 am\u00e9liore l&#39;\u00e9lasticit\u00e9 et la fermet\u00e9 de la peau et sert d&#39;anti-inflammatoire<\/strong><\/h2>\n<p>Nom du produit : Palmitoyl Tripeptide-28<br \/>\nR\u00e9f\u00e9rence : ECM Moduline peptide<br \/>\nSource : synth\u00e9tique<br \/>\nSolubilit\u00e9 : soluble dans l&#39;eau<br \/>\nStabilit\u00e9 : stable<br \/>\nPuret\u00e9 : &gt;=95%<br \/>\n Grade\u00a0: cosm\u00e9tique<br \/>\nMSDS et COA\u00a0: disponible pour votre r\u00e9f\u00e9rence, veuillez nous contacter<br \/>\nCapacit\u00e9\u00a0: 1kg par mois<br \/>\nApparence\u00a0: poudre blanche<\/p>\n<p> <strong>Fonctions du Palmitoyl Tripeptide-28<\/strong><br \/>\nPalmitoyl Tripeptide -28 am\u00e9liore l&#39;\u00e9lasticit\u00e9 et la fermet\u00e9 de la peau et sert d&#39;anti-inflammatoire.<\/p>\n<p> <strong>Application de Palmitoyl Tripeptide-28<\/strong><br \/>\nPalmitoyl Tripeptide-28 se lie au r\u00e9cepteur sp\u00e9cifique TGF-bII (TbRII) \u00e0 la surface cellulaire. Ce r\u00e9cepteur phosphoryle le r\u00e9cepteur TGF-bI (TbRI) pour g\u00e9n\u00e9rer un complexe de r\u00e9cepteurs actifs afin qu&#39;ils phosphorylent la prot\u00e9ine Smad 2 ou Smad 3. Smad 2 ou Smad 3 forment un complexe avec la prot\u00e9ine citoplasmique Smad 4 et cela permet la translocation du complexe Smad dans le noyau. L\u00e0, le complexe booster Smad se lie \u00e0 des s\u00e9quences sp\u00e9cifiques des promoteurs des g\u00e8nes de la matrice extracellulaire qui activent son expression.<\/p>\n<p>Palmitoyl Tripeptide-28 est la cl\u00e9 de la r\u00e9g\u00e9n\u00e9ration de la matrice extracellulaire car il stimule la synth\u00e8se des prot\u00e9ines dans le matrice extracellulaire, inhibe les m\u00e9talloprot\u00e9inases qui d\u00e9gradent le collag\u00e8ne, stimule la production d&#39;inhibiteurs de prot\u00e9ases et la synth\u00e8se d&#39;int\u00e9grines.<\/p>\n","protected":false},"excerpt":{"rendered":"<p>Nom du produit : Palmitoyl Tripeptide-28<br \/>\nSource : synth\u00e9tique<br \/>\nSolubilit\u00e9 : soluble dans l&#39;eau<br \/>\nStabilit\u00e9 : stable<br \/>\nPuret\u00e9 : &gt;=95%<br \/>\nCat\u00e9gorie : cosm\u00e9tique<br \/>\nApparence : poudre blanche<\/p>\n","protected":false},"featured_media":2206,"comment_status":"open","ping_status":"closed","template":"","meta":{"om_disable_all_campaigns":false,"_monsterinsights_skip_tracking":false,"_monsterinsights_sitenote_active":false,"_monsterinsights_sitenote_note":"","_monsterinsights_sitenote_category":0,"site-sidebar-layout":"default","site-content-layout":"default","ast-site-content-layout":"default","site-content-style":"default","site-sidebar-style":"default","ast-global-header-display":"","ast-banner-title-visibility":"","ast-main-header-display":"","ast-hfb-above-header-display":"","ast-hfb-below-header-display":"","ast-hfb-mobile-header-display":"","site-post-title":"","ast-breadcrumbs-content":"","ast-featured-img":"","footer-sml-layout":"","ast-disable-related-posts":"","theme-transparent-header-meta":"default","adv-header-id-meta":"","stick-header-meta":"","header-above-stick-meta":"","header-main-stick-meta":"","header-below-stick-meta":"","astra-migrate-meta-layouts":"default","ast-page-background-enabled":"default","ast-page-background-meta":{"desktop":{"background-color":"","background-image":"","background-repeat":"repeat","background-position":"center center","background-size":"auto","background-attachment":"scroll","background-type":"","background-media":"","overlay-type":"","overlay-color":"","overlay-opacity":"","overlay-gradient":""},"tablet":{"background-color":"","background-image":"","background-repeat":"repeat","background-position":"center center","background-size":"auto","background-attachment":"scroll","background-type":"","background-media":"","overlay-type":"","overlay-color":"","overlay-opacity":"","overlay-gradient":""},"mobile":{"background-color":"","background-image":"","background-repeat":"repeat","background-position":"center center","background-size":"auto","background-attachment":"scroll","background-type":"","background-media":"","overlay-type":"","overlay-color":"","overlay-opacity":"","overlay-gradient":""}},"ast-content-background-meta":{"desktop":{"background-color":"var(--ast-global-color-5)","background-image":"","background-repeat":"repeat","background-position":"center center","background-size":"auto","background-attachment":"scroll","background-type":"","background-media":"","overlay-type":"","overlay-color":"","overlay-opacity":"","overlay-gradient":""},"tablet":{"background-color":"var(--ast-global-color-5)","background-image":"","background-repeat":"repeat","background-position":"center center","background-size":"auto","background-attachment":"scroll","background-type":"","background-media":"","overlay-type":"","overlay-color":"","overlay-opacity":"","overlay-gradient":""},"mobile":{"background-color":"var(--ast-global-color-5)","background-image":"","background-repeat":"repeat","background-position":"center center","background-size":"auto","background-attachment":"scroll","background-type":"","background-media":"","overlay-type":"","overlay-color":"","overlay-opacity":"","overlay-gradient":""}}},"product_brand":[],"product_cat":[626],"product_tag":[3376,3354],"class_list":{"0":"post-6504","1":"product","2":"type-product","3":"status-publish","4":"has-post-thumbnail","6":"product_cat-peptide-grossissant-et-ameliorant-la-poitrine","7":"product_tag-firmness-and-serves-as-an-anti-inflammatory-fr","8":"product_tag-palmitoyl-tripeptide-28-improves-skin-elasticity-fr","9":"desktop-align-left","10":"tablet-align-left","11":"mobile-align-left","13":"first","14":"instock","15":"shipping-taxable","16":"product-type-simple"},"_links":{"self":[{"href":"https:\/\/puyapeptide.net\/fr\/wp-json\/wp\/v2\/product\/6504","targetHints":{"allow":["GET"]}}],"collection":[{"href":"https:\/\/puyapeptide.net\/fr\/wp-json\/wp\/v2\/product"}],"about":[{"href":"https:\/\/puyapeptide.net\/fr\/wp-json\/wp\/v2\/types\/product"}],"replies":[{"embeddable":true,"href":"https:\/\/puyapeptide.net\/fr\/wp-json\/wp\/v2\/comments?post=6504"}],"wp:featuredmedia":[{"embeddable":true,"href":"https:\/\/puyapeptide.net\/fr\/wp-json\/wp\/v2\/media\/2206"}],"wp:attachment":[{"href":"https:\/\/puyapeptide.net\/fr\/wp-json\/wp\/v2\/media?parent=6504"}],"wp:term":[{"taxonomy":"product_brand","embeddable":true,"href":"https:\/\/puyapeptide.net\/fr\/wp-json\/wp\/v2\/product_brand?post=6504"},{"taxonomy":"product_cat","embeddable":true,"href":"https:\/\/puyapeptide.net\/fr\/wp-json\/wp\/v2\/product_cat?post=6504"},{"taxonomy":"product_tag","embeddable":true,"href":"https:\/\/puyapeptide.net\/fr\/wp-json\/wp\/v2\/product_tag?post=6504"}],"curies":[{"name":"wp","href":"https:\/\/api.w.org\/{rel}","templated":true}]}}