{"id":6523,"date":"2021-12-16T05:05:45","date_gmt":"2021-12-16T10:05:45","guid":{"rendered":"https:\/\/puyapeptide.net\/product\/palmitoyl-tetrapeptide-20-de-qualite-superieure-pour-cheveux-gris\/"},"modified":"2021-12-16T05:05:45","modified_gmt":"2021-12-16T10:05:45","slug":"palmitoyl-tetrapeptide-20-de-qualite-superieure-pour-cheveux-gris","status":"publish","type":"product","link":"https:\/\/puyapeptide.net\/fr\/product\/palmitoyl-tetrapeptide-20-de-qualite-superieure-pour-cheveux-gris\/","title":{"rendered":"Palmitoyl Tetrapeptide-20 de qualit\u00e9 sup\u00e9rieure pour cheveux gris"},"content":{"rendered":"<h2><strong>Palmitoyl Tetrapeptide-20 de qualit\u00e9 sup\u00e9rieure pour cheveux gris<\/strong><\/h2>\n<p>Nom du produit Palmitoyl Tetrapeptide-20<br \/>\nPuret\u00e9 95-99%<br \/>\nFDS et COA disponibles pour votre r\u00e9f\u00e9rence<br \/>\nLivraison rapide du stock<br \/>\nS\u00e9quence Pal-PEKK<br \/>\nCas 221227-05-0 <\/p>\n<p>Palmitoyl t\u00e9trapeptide-20 est un agoniste de l&#39;\u03b1-MSH, stimule la synth\u00e8se de m\u00e9lanine et am\u00e9liore l&#39;activit\u00e9 de la catalase et r\u00e9duit l&#39;exc\u00e8s (H202). Il peut \u00eatre utilis\u00e9 dans la pigmentation des cheveux.<\/p>\n<p>Le palmitoyl t\u00e9trapeptide-20 est un peptide bionique hormonal (MSH-\u03b1) qui agit sur les deux principales causes des cheveux gris : la r\u00e9duction de la m\u00e9lanine et le stress oxydatif. Le Palmitoyl Tetrapeptide-10 (Marque : Kramer) offre un moyen d&#39;une efficacit\u00e9 sans pr\u00e9c\u00e9dent pour pr\u00e9venir, arr\u00eater et inverser le ph\u00e9nom\u00e8ne du vieillissement des cheveux. Test\u00e9 cliniquement pour \u00eatre efficace, le Black Hair Peptide peut aider les hommes et les femmes qui souffrent de cheveux gris en inversant le processus de vieillissement des cheveux et en augmentant l&#39;estime de soi des gens pour qu&#39;ils paraissent plus naturellement jeunes.<\/p>\n<p> <strong>Utilisation du Palmitoyl Tetrapeptide-20<\/strong> &lt; &amp;&gt; Palmitoyl tetrapeptide-20 stimule la pigmentation des cheveux et inverse le processus des cheveux gris, donne aux hommes et aux femmes une apparence plus jeune et am\u00e9liore leur estime de soi<\/p>\n<p> <strong>Fonction du Palmitoyl Tetrapeptide-20<\/strong><br \/>\nPalmitoyl Tetrapeptide-20 peut stimuler production de pigments capillaires naturels et restaure progressivement la couleur naturelle des cheveux; r\u00e9siste au vieillissement des cheveux et pr\u00e9vient l&#39;apparition des cheveux gris. Peut \u00eatre utilis\u00e9 pour les cheveux anti-vieillissement, couvrant les cheveux gris \u00e0 apparition pr\u00e9coce, les soins post-teinture, l&#39;exhausteur naturel de couleur des cheveux, plus doux que les colorants chimiques pour les produits de soin du cuir chevelu et de la barbe.<\/p>\n","protected":false},"excerpt":{"rendered":"<p>Nom du produit Palmitoyl Tetrapeptide-20<br \/>\nPuret\u00e9 95-99%<br \/>\nLivraison rapide du stock<br \/>\nS\u00e9quence Pal-PEKK<br \/>\nCas 221227-05-0<\/p>\n","protected":false},"featured_media":2164,"comment_status":"open","ping_status":"closed","template":"","meta":{"om_disable_all_campaigns":false,"_monsterinsights_skip_tracking":false,"_monsterinsights_sitenote_active":false,"_monsterinsights_sitenote_note":"","_monsterinsights_sitenote_category":0,"site-sidebar-layout":"default","site-content-layout":"default","ast-site-content-layout":"default","site-content-style":"default","site-sidebar-style":"default","ast-global-header-display":"","ast-banner-title-visibility":"","ast-main-header-display":"","ast-hfb-above-header-display":"","ast-hfb-below-header-display":"","ast-hfb-mobile-header-display":"","site-post-title":"","ast-breadcrumbs-content":"","ast-featured-img":"","footer-sml-layout":"","ast-disable-related-posts":"","theme-transparent-header-meta":"default","adv-header-id-meta":"","stick-header-meta":"","header-above-stick-meta":"","header-main-stick-meta":"","header-below-stick-meta":"","astra-migrate-meta-layouts":"default","ast-page-background-enabled":"default","ast-page-background-meta":{"desktop":{"background-color":"","background-image":"","background-repeat":"repeat","background-position":"center center","background-size":"auto","background-attachment":"scroll","background-type":"","background-media":"","overlay-type":"","overlay-color":"","overlay-opacity":"","overlay-gradient":""},"tablet":{"background-color":"","background-image":"","background-repeat":"repeat","background-position":"center center","background-size":"auto","background-attachment":"scroll","background-type":"","background-media":"","overlay-type":"","overlay-color":"","overlay-opacity":"","overlay-gradient":""},"mobile":{"background-color":"","background-image":"","background-repeat":"repeat","background-position":"center center","background-size":"auto","background-attachment":"scroll","background-type":"","background-media":"","overlay-type":"","overlay-color":"","overlay-opacity":"","overlay-gradient":""}},"ast-content-background-meta":{"desktop":{"background-color":"var(--ast-global-color-5)","background-image":"","background-repeat":"repeat","background-position":"center center","background-size":"auto","background-attachment":"scroll","background-type":"","background-media":"","overlay-type":"","overlay-color":"","overlay-opacity":"","overlay-gradient":""},"tablet":{"background-color":"var(--ast-global-color-5)","background-image":"","background-repeat":"repeat","background-position":"center center","background-size":"auto","background-attachment":"scroll","background-type":"","background-media":"","overlay-type":"","overlay-color":"","overlay-opacity":"","overlay-gradient":""},"mobile":{"background-color":"var(--ast-global-color-5)","background-image":"","background-repeat":"repeat","background-position":"center center","background-size":"auto","background-attachment":"scroll","background-type":"","background-media":"","overlay-type":"","overlay-color":"","overlay-opacity":"","overlay-gradient":""}}},"product_brand":[],"product_cat":[602],"product_tag":[3330],"class_list":{"0":"post-6523","1":"product","2":"type-product","3":"status-publish","4":"has-post-thumbnail","6":"product_cat-peptide-favorisant-la-croissance-des-cheveux-cils","7":"product_tag-top-grade-palmitoyl-tetrapeptide-20-for-grey-hair-fr","8":"desktop-align-left","9":"tablet-align-left","10":"mobile-align-left","12":"first","13":"instock","14":"shipping-taxable","15":"product-type-simple"},"_links":{"self":[{"href":"https:\/\/puyapeptide.net\/fr\/wp-json\/wp\/v2\/product\/6523","targetHints":{"allow":["GET"]}}],"collection":[{"href":"https:\/\/puyapeptide.net\/fr\/wp-json\/wp\/v2\/product"}],"about":[{"href":"https:\/\/puyapeptide.net\/fr\/wp-json\/wp\/v2\/types\/product"}],"replies":[{"embeddable":true,"href":"https:\/\/puyapeptide.net\/fr\/wp-json\/wp\/v2\/comments?post=6523"}],"wp:featuredmedia":[{"embeddable":true,"href":"https:\/\/puyapeptide.net\/fr\/wp-json\/wp\/v2\/media\/2164"}],"wp:attachment":[{"href":"https:\/\/puyapeptide.net\/fr\/wp-json\/wp\/v2\/media?parent=6523"}],"wp:term":[{"taxonomy":"product_brand","embeddable":true,"href":"https:\/\/puyapeptide.net\/fr\/wp-json\/wp\/v2\/product_brand?post=6523"},{"taxonomy":"product_cat","embeddable":true,"href":"https:\/\/puyapeptide.net\/fr\/wp-json\/wp\/v2\/product_cat?post=6523"},{"taxonomy":"product_tag","embeddable":true,"href":"https:\/\/puyapeptide.net\/fr\/wp-json\/wp\/v2\/product_tag?post=6523"}],"curies":[{"name":"wp","href":"https:\/\/api.w.org\/{rel}","templated":true}]}}