{"id":6569,"date":"2021-12-16T05:07:39","date_gmt":"2021-12-16T10:07:39","guid":{"rendered":"https:\/\/puyapeptide.net\/product\/oligopeptide-54-est-un-nouveau-peptide-favorisant-la-croissance-des-cheveux\/"},"modified":"2021-12-16T05:07:39","modified_gmt":"2021-12-16T10:07:39","slug":"oligopeptide-54-est-un-nouveau-peptide-favorisant-la-croissance-des-cheveux","status":"publish","type":"product","link":"https:\/\/puyapeptide.net\/fr\/product\/oligopeptide-54-est-un-nouveau-peptide-favorisant-la-croissance-des-cheveux\/","title":{"rendered":"Oligopeptide-54 est un nouveau peptide favorisant la croissance des cheveux"},"content":{"rendered":"<h2><strong>Oligopeptide-54 est un nouveau peptide favorisant la croissance des cheveux<\/strong><\/h2>\n<p>Nom anglais\u00a0: Oligopeptide-54, CG-Nokkin<br \/>\nPuret\u00e9 \uff1a\u226598%<br \/>\nPoids mol\u00e9culaire \uff1a923,61g\/mol<br \/>\nFormule mol\u00e9culaire \uff1aC51H57N9O8<br \/>\nApparence\u00a0: poudre blanche<br \/>\nSp\u00e9cification d&#39;emballage (poudre) : 1g, 10g, 100g<\/p>\n<p>Oligopeptide-54, oligopeptide-54 (CG nokkin), ce biopeptide diminue l&#39;activit\u00e9 des g\u00e8nes responsables de l&#39;alop\u00e9cie androg\u00e9nique en bloquant l&#39;expression des g\u00e8nes sensibles \u00e0 la DHT. Active la signalisation WNT avec un puissant antagoniste BMP qui favorise la croissance des cheveux et inhibe la perte de pigment dans les cheveux. Renforce les cheveux tout en stimulant les follicules pour produire des cheveux plus sains. Favorise la circulation sanguine dans le cuir chevelu et revitalise les follicules pileux.<\/p>\n<p>En outre, il stimule le m\u00e9tabolisme des m\u00e9lanocytes et leur migration, am\u00e9liorant ainsi la production de m\u00e9lanine dans les follicules pileux et agissant ainsi sur la couleur des cheveux. <\/p>\n<p>Am\u00e9liore les cheveux tout en stimulant les follicules pileux pour produire des cheveux sains, , emp\u00eachant les cheveux de devenir gris.<\/p>\n<p>Oligopeptide-54, oligopeptide-54 (CG nokkin) renforce les cheveux tout en stimulant les follicules pileux pour produire des cheveux sains et emp\u00eacher les cheveux de devenir gris.<\/p>\n<p> <strong>Fonction de l&#39;oligopeptide-54<\/strong><br \/>\n1. Pigmentation des cheveux et inversion du processus de grisonnement des cheveux<br \/>\n2. Stimulation de la pousse des cheveux<\/p>\n","protected":false},"excerpt":{"rendered":"<p>Nom anglais : Oligopeptide-54, CG-Nokkin<br \/>\nPuret\u00e9 \uff1a\u226598%<br \/>\nPoids mol\u00e9culaire \uff1a923.61g\/mol<br \/>\nFormule mol\u00e9culaire \uff1aC51H57N9O8<br \/>\nApparence : poudre blanche<\/p>\n","protected":false},"featured_media":2122,"comment_status":"open","ping_status":"closed","template":"","meta":{"om_disable_all_campaigns":false,"_monsterinsights_skip_tracking":false,"_monsterinsights_sitenote_active":false,"_monsterinsights_sitenote_note":"","_monsterinsights_sitenote_category":0,"site-sidebar-layout":"default","site-content-layout":"default","ast-site-content-layout":"default","site-content-style":"default","site-sidebar-style":"default","ast-global-header-display":"","ast-banner-title-visibility":"","ast-main-header-display":"","ast-hfb-above-header-display":"","ast-hfb-below-header-display":"","ast-hfb-mobile-header-display":"","site-post-title":"","ast-breadcrumbs-content":"","ast-featured-img":"","footer-sml-layout":"","ast-disable-related-posts":"","theme-transparent-header-meta":"default","adv-header-id-meta":"","stick-header-meta":"","header-above-stick-meta":"","header-main-stick-meta":"","header-below-stick-meta":"","astra-migrate-meta-layouts":"default","ast-page-background-enabled":"default","ast-page-background-meta":{"desktop":{"background-color":"","background-image":"","background-repeat":"repeat","background-position":"center center","background-size":"auto","background-attachment":"scroll","background-type":"","background-media":"","overlay-type":"","overlay-color":"","overlay-opacity":"","overlay-gradient":""},"tablet":{"background-color":"","background-image":"","background-repeat":"repeat","background-position":"center center","background-size":"auto","background-attachment":"scroll","background-type":"","background-media":"","overlay-type":"","overlay-color":"","overlay-opacity":"","overlay-gradient":""},"mobile":{"background-color":"","background-image":"","background-repeat":"repeat","background-position":"center center","background-size":"auto","background-attachment":"scroll","background-type":"","background-media":"","overlay-type":"","overlay-color":"","overlay-opacity":"","overlay-gradient":""}},"ast-content-background-meta":{"desktop":{"background-color":"var(--ast-global-color-5)","background-image":"","background-repeat":"repeat","background-position":"center center","background-size":"auto","background-attachment":"scroll","background-type":"","background-media":"","overlay-type":"","overlay-color":"","overlay-opacity":"","overlay-gradient":""},"tablet":{"background-color":"var(--ast-global-color-5)","background-image":"","background-repeat":"repeat","background-position":"center center","background-size":"auto","background-attachment":"scroll","background-type":"","background-media":"","overlay-type":"","overlay-color":"","overlay-opacity":"","overlay-gradient":""},"mobile":{"background-color":"var(--ast-global-color-5)","background-image":"","background-repeat":"repeat","background-position":"center center","background-size":"auto","background-attachment":"scroll","background-type":"","background-media":"","overlay-type":"","overlay-color":"","overlay-opacity":"","overlay-gradient":""}}},"product_brand":[],"product_cat":[602],"product_tag":[3288],"class_list":{"0":"post-6569","1":"product","2":"type-product","3":"status-publish","4":"has-post-thumbnail","6":"product_cat-peptide-favorisant-la-croissance-des-cheveux-cils","7":"product_tag-oligopeptide-54-is-a-novel-hair-growth-promoting-peptide-fr","8":"desktop-align-left","9":"tablet-align-left","10":"mobile-align-left","12":"first","13":"instock","14":"shipping-taxable","15":"product-type-simple"},"_links":{"self":[{"href":"https:\/\/puyapeptide.net\/fr\/wp-json\/wp\/v2\/product\/6569","targetHints":{"allow":["GET"]}}],"collection":[{"href":"https:\/\/puyapeptide.net\/fr\/wp-json\/wp\/v2\/product"}],"about":[{"href":"https:\/\/puyapeptide.net\/fr\/wp-json\/wp\/v2\/types\/product"}],"replies":[{"embeddable":true,"href":"https:\/\/puyapeptide.net\/fr\/wp-json\/wp\/v2\/comments?post=6569"}],"wp:featuredmedia":[{"embeddable":true,"href":"https:\/\/puyapeptide.net\/fr\/wp-json\/wp\/v2\/media\/2122"}],"wp:attachment":[{"href":"https:\/\/puyapeptide.net\/fr\/wp-json\/wp\/v2\/media?parent=6569"}],"wp:term":[{"taxonomy":"product_brand","embeddable":true,"href":"https:\/\/puyapeptide.net\/fr\/wp-json\/wp\/v2\/product_brand?post=6569"},{"taxonomy":"product_cat","embeddable":true,"href":"https:\/\/puyapeptide.net\/fr\/wp-json\/wp\/v2\/product_cat?post=6569"},{"taxonomy":"product_tag","embeddable":true,"href":"https:\/\/puyapeptide.net\/fr\/wp-json\/wp\/v2\/product_tag?post=6569"}],"curies":[{"name":"wp","href":"https:\/\/api.w.org\/{rel}","templated":true}]}}