{"id":6594,"date":"2021-12-16T05:09:36","date_gmt":"2021-12-16T10:09:36","guid":{"rendered":"https:\/\/puyapeptide.net\/product\/myristoyl-pentapeptide-17-cas-959610-30-1-est-un-ingredient-cosmetique-efficace-pour-favoriser-la-croissance-des-cils\/"},"modified":"2021-12-16T05:09:36","modified_gmt":"2021-12-16T10:09:36","slug":"myristoyl-pentapeptide-17-cas-959610-30-1-est-un-ingredient-cosmetique-efficace-pour-favoriser-la-croissance-des-cils","status":"publish","type":"product","link":"https:\/\/puyapeptide.net\/fr\/product\/myristoyl-pentapeptide-17-cas-959610-30-1-est-un-ingredient-cosmetique-efficace-pour-favoriser-la-croissance-des-cils\/","title":{"rendered":"Myristoyl Pentapeptide-17 CAS 959610-30-1 est un ingr\u00e9dient cosm\u00e9tique efficace pour favoriser la croissance des cils"},"content":{"rendered":"<h2><strong>Myristoyl Pentapeptide-17 CAS 959610-30-1 est un ingr\u00e9dient cosm\u00e9tique efficace pour favoriser la croissance des cils<\/strong><\/h2>\n<p>Nom du produit\u00a0: Myristoyl Pentapeptide-17<br \/>\nSynonymes\u00a0: Myristoyl Pentapeptide-17;sympeptide226;N2-(1-Oxotetradecyl)-L-lysyl-L-leucyl-L-alanyl-L-lysyl-L-lysinamide\u00a0; Noix de muscade cinq peptide 17;Myr-KLAKK-NH2;N-[(2S)-6-amino-1-[[(2S)-1-[[(2S)-1-[[(2S)-6-amino- 1-[[(2S)-1,6-diamino-1-oxohexan-2-yl]amino]-1-oxohexan-2-yl]amino]-1-oxopropan-2-yl]amino]-4-m\u00e9thyl -1-oxopentan-2-yl]amino]-1-oxohexan-2-yl]t\u00e9trad\u00e9canamide;N2-(1-oxot\u00e9trad\u00e9cyl)-L-lysyl-L-leucyl-L-alanyl-L-lysyl-L-lys; Sympeptide 235<br \/>\nCAS\u00a0: 959610-30-1<br \/>\nMF\u00a0: C41H81N9O6<br \/>\nMW\u00a0: 796.14<br \/>\nEINECS\u00a0:<br \/>\nCat\u00e9gories de produits\u00a0:<br \/>\nFichier Mol\u00a0: 959610-30-1.mol&lt;&amp; &gt;<br \/>\nMyristoyl pentapeptide-17\/eyelash peptide est un ingr\u00e9dient cosm\u00e9tique efficace pour favoriser la croissance des cils, qui peut stimuler efficacement la synth\u00e8se de la k\u00e9ratine des cheveux, favoriser la croissance des cheveux (cils, sourcils, cheveux) et les rendre plus \u00e9pais et plus r\u00e9sistants .<\/p>\n<p>L&#39;un des r\u00f4les principaux du Myristoyl Pentapeptide-17 est un antioxydant. Comme tous les antioxydants, le Myristoyl Pentapeptide-17 a pour r\u00f4le de prot\u00e9ger la peau des radicaux libres nocifs, r\u00e9sultant d&#39;une trop grande exposition au soleil ou de la rencontre de polluants environnementaux. Ces radicaux libres causent des dommages aux cellules individuelles de la peau, mais leur v\u00e9ritable danger est qu&#39;ils peuvent provoquer un vieillissement pr\u00e9matur\u00e9. La cause des radicaux libres peut encourager les cellules de la peau \u00e0 commencer \u00e0 se multiplier rapidement et sans contr\u00f4le. Non seulement prot\u00e8ge les cellules de la peau des antioxydants, mais il aide \u00e9galement \u00e0 les neutraliser, afin qu&#39;elles puissent \u00eatre \u00e9limin\u00e9es. Le visage peut recommencer \u00e0 \u00eatre en bonne sant\u00e9. Cela en fait l&#39;un des antioxydants les plus b\u00e9n\u00e9fiques sur le march\u00e9.<\/p>\n<p> <strong>Myristoyl Pentapeptide-17 CAS 959610-30-1 Propri\u00e9t\u00e9s chimiques<\/strong><br \/>\nPoint d&#39;\u00e9bullition 1071,6\u00b165,0 \u00b0C (pr\u00e9vu)<br \/>\n densit\u00e9 1,062\u00b10,06 g\/cm3 (pr\u00e9dite)<br \/>\ntemp\u00e9rature de stockage. Scell\u00e9 \u00e0 sec, temp\u00e9rature ambiante<br \/>\n pka 13,42 \u00b1 0,46 (pr\u00e9vu)<\/p>\n<p> <strong>Application et utilisations de Myristoyl Pentapeptide-17 CAS 959610-30-1<\/strong><br \/>\n1.Am\u00e9lioration extraordinaire de l&#39;apparence des cils et des sourcils<br \/>\n2.Fournit des cils magnifiques, denses et luxuriants<br \/>\n3.Technologie sans prostaglandine<br \/>\n4.Aucune irritation des yeux ou risque de d\u00e9coloration<br \/>\n5.Test\u00e9 par des dermatologues et des ophtalmologistes.<\/p>\n","protected":false},"excerpt":{"rendered":"<p>Nom du produit : Myristoyl Pentapeptide-17<br \/>\nCAS : 959610-30-1<br \/>\nMF : C41H81N9O6<br \/>\nMW : 796.14<br \/>\nMol Fichier : 959610-30-1.mol<\/p>\n","protected":false},"featured_media":2101,"comment_status":"open","ping_status":"closed","template":"","meta":{"om_disable_all_campaigns":false,"_monsterinsights_skip_tracking":false,"_monsterinsights_sitenote_active":false,"_monsterinsights_sitenote_note":"","_monsterinsights_sitenote_category":0,"site-sidebar-layout":"default","site-content-layout":"default","ast-site-content-layout":"default","site-content-style":"default","site-sidebar-style":"default","ast-global-header-display":"","ast-banner-title-visibility":"","ast-main-header-display":"","ast-hfb-above-header-display":"","ast-hfb-below-header-display":"","ast-hfb-mobile-header-display":"","site-post-title":"","ast-breadcrumbs-content":"","ast-featured-img":"","footer-sml-layout":"","ast-disable-related-posts":"","theme-transparent-header-meta":"default","adv-header-id-meta":"","stick-header-meta":"","header-above-stick-meta":"","header-main-stick-meta":"","header-below-stick-meta":"","astra-migrate-meta-layouts":"default","ast-page-background-enabled":"default","ast-page-background-meta":{"desktop":{"background-color":"","background-image":"","background-repeat":"repeat","background-position":"center center","background-size":"auto","background-attachment":"scroll","background-type":"","background-media":"","overlay-type":"","overlay-color":"","overlay-opacity":"","overlay-gradient":""},"tablet":{"background-color":"","background-image":"","background-repeat":"repeat","background-position":"center center","background-size":"auto","background-attachment":"scroll","background-type":"","background-media":"","overlay-type":"","overlay-color":"","overlay-opacity":"","overlay-gradient":""},"mobile":{"background-color":"","background-image":"","background-repeat":"repeat","background-position":"center center","background-size":"auto","background-attachment":"scroll","background-type":"","background-media":"","overlay-type":"","overlay-color":"","overlay-opacity":"","overlay-gradient":""}},"ast-content-background-meta":{"desktop":{"background-color":"var(--ast-global-color-5)","background-image":"","background-repeat":"repeat","background-position":"center center","background-size":"auto","background-attachment":"scroll","background-type":"","background-media":"","overlay-type":"","overlay-color":"","overlay-opacity":"","overlay-gradient":""},"tablet":{"background-color":"var(--ast-global-color-5)","background-image":"","background-repeat":"repeat","background-position":"center center","background-size":"auto","background-attachment":"scroll","background-type":"","background-media":"","overlay-type":"","overlay-color":"","overlay-opacity":"","overlay-gradient":""},"mobile":{"background-color":"var(--ast-global-color-5)","background-image":"","background-repeat":"repeat","background-position":"center center","background-size":"auto","background-attachment":"scroll","background-type":"","background-media":"","overlay-type":"","overlay-color":"","overlay-opacity":"","overlay-gradient":""}}},"product_brand":[],"product_cat":[584],"product_tag":[3268],"class_list":{"0":"post-6594","1":"product","2":"type-product","3":"status-publish","4":"has-post-thumbnail","6":"product_cat-peptide-de-soin-des-yeux","7":"product_tag-myristoyl-pentapeptide-17-cas-959610-30-1-is-an-effective-cosmetic-ingredient-to-promote-eyelash-growth-fr","8":"desktop-align-left","9":"tablet-align-left","10":"mobile-align-left","12":"first","13":"instock","14":"shipping-taxable","15":"product-type-simple"},"_links":{"self":[{"href":"https:\/\/puyapeptide.net\/fr\/wp-json\/wp\/v2\/product\/6594","targetHints":{"allow":["GET"]}}],"collection":[{"href":"https:\/\/puyapeptide.net\/fr\/wp-json\/wp\/v2\/product"}],"about":[{"href":"https:\/\/puyapeptide.net\/fr\/wp-json\/wp\/v2\/types\/product"}],"replies":[{"embeddable":true,"href":"https:\/\/puyapeptide.net\/fr\/wp-json\/wp\/v2\/comments?post=6594"}],"wp:featuredmedia":[{"embeddable":true,"href":"https:\/\/puyapeptide.net\/fr\/wp-json\/wp\/v2\/media\/2101"}],"wp:attachment":[{"href":"https:\/\/puyapeptide.net\/fr\/wp-json\/wp\/v2\/media?parent=6594"}],"wp:term":[{"taxonomy":"product_brand","embeddable":true,"href":"https:\/\/puyapeptide.net\/fr\/wp-json\/wp\/v2\/product_brand?post=6594"},{"taxonomy":"product_cat","embeddable":true,"href":"https:\/\/puyapeptide.net\/fr\/wp-json\/wp\/v2\/product_cat?post=6594"},{"taxonomy":"product_tag","embeddable":true,"href":"https:\/\/puyapeptide.net\/fr\/wp-json\/wp\/v2\/product_tag?post=6594"}],"curies":[{"name":"wp","href":"https:\/\/api.w.org\/{rel}","templated":true}]}}