{"id":6626,"date":"2021-12-16T05:36:35","date_gmt":"2021-12-16T10:36:35","guid":{"rendered":"https:\/\/puyapeptide.net\/product\/acetyl-tetrapeptide-3-cas-827306-88-7-peut-reparer-les-cellules-du-follicule-pileux-stimuler-la-croissance-naturelle-des-sourcils-et-des-cheveux\/"},"modified":"2021-12-16T05:36:35","modified_gmt":"2021-12-16T10:36:35","slug":"acetyl-tetrapeptide-3-cas-827306-88-7-peut-reparer-les-cellules-du-follicule-pileux-stimuler-la-croissance-naturelle-des-sourcils-et-des-cheveux","status":"publish","type":"product","link":"https:\/\/puyapeptide.net\/fr\/product\/acetyl-tetrapeptide-3-cas-827306-88-7-peut-reparer-les-cellules-du-follicule-pileux-stimuler-la-croissance-naturelle-des-sourcils-et-des-cheveux\/","title":{"rendered":"Acetyl Tetrapeptide-3 CAS 827306-88-7 peut r\u00e9parer les cellules du follicule pileux Stimuler la croissance naturelle des sourcils et des cheveux"},"content":{"rendered":"<h2><strong>Acetyl Tetrapeptide-3 CAS 827306-88-7 peut r\u00e9parer les cellules du follicule pileux Stimuler la croissance naturelle des sourcils et des cheveux<\/strong><\/h2>\n<p>Nom du produit\u00a0: Acetyl Tetrapeptide-3<br \/>\nSynonymes\u00a0: N2-Acetyl-L-lysylglycyl-L-histidyl-L-lysinamide;Acetyl Tetrapeptide-3;capixyl;acetyl tetrapeptide-3\/capixyl;Acetyl Tetrapeptide-4, Capixyl;Ac-KGHK;Acetyl Tetrapeptide-3\/Capixyl-3;L-Lysinamide, N2-ac\u00e9tyl-L-lysylglycyl-L-histidyl-<br \/>\nCAS: 827306-88-7<br \/>\nMF: C22H39N9O5<br \/>\n MW\u00a0:\u00a0509.6<br \/>\nEINECS\u00a0: 1308068-626-2<br \/>\nCat\u00e9gories de produits\u00a0:<br \/>\nMol File\u00a0: 827306-88-7.mol<\/p>\n<p>Acetyl tetrapeptide-3 est un polypeptide de beaut\u00e9 contenant quatre acides amin\u00e9s , qui peut r\u00e9parer rapidement les cellules du follicule pileux, stimuler la croissance naturelle des sourcils et des cheveux, r\u00e9duire efficacement la perte de cheveux caus\u00e9e par le vieillissement et rendre les sourcils et les cheveux plus denses, naturels, souples et tendus.<\/p>\n<p> <strong>Acetyl Tetrapeptide-3 CAS 827306-88-7 Propri\u00e9t\u00e9s chimiques<\/strong><br \/>\nPoint d&#39;\u00e9bullition 1075,4\u00b165,0 \u00b0C (pr\u00e9vu)<br \/>\ndensit\u00e9 1,250\u00b10,06 g\/cm3(pr\u00e9dit)<br \/>\ntemp\u00e9rature de stockage. Conserver dans un endroit sombre, atmosph\u00e8re inerte, conserver au cong\u00e9lateur, \u00e0 moins de -20 \u00b0C<br \/>\npka 13,35 \u00b1 0,46 (pr\u00e9vu)<\/p>\n<p> <strong>Fonctions de l&#39;ac\u00e9tyl t\u00e9trapeptide-3 CAS 827306-88-7<\/strong><br \/>\n Croissance des cheveux stimulant, am\u00e9liore l&#39;ancrage des cheveux.<br \/>\nAm\u00e9liore l&#39;apparence des cils et\/ou des sourcils.<\/p>\n<p> <strong>Applications de l&#39;Acetyl Tetrapeptide-3 CAS 827306-88-7<\/strong><br \/>\nR\u00e9duit la chute des cheveux\u00a0;<br \/>\nAm\u00e9liore la repousse des cheveux ;<br \/>\nAm\u00e9liore la sant\u00e9 des follicules et l&#39;ancrage des cheveux \u00e0 la racine\u00a0;<br \/>\nR\u00e9duit l&#39;inflammation du cuir chevelu<\/p>\n","protected":false},"excerpt":{"rendered":"<p>Nom du produit : Acetyl Tetrapeptide-3<br \/>\nCAS : 827306-88-7<br \/>\nMF : C22H39N9O5<br \/>\nMW : 509,6<br \/>\nMol Fichier : 827306-88-7.mol<\/p>\n","protected":false},"featured_media":2164,"comment_status":"open","ping_status":"closed","template":"","meta":{"om_disable_all_campaigns":false,"_monsterinsights_skip_tracking":false,"_monsterinsights_sitenote_active":false,"_monsterinsights_sitenote_note":"","_monsterinsights_sitenote_category":0,"site-sidebar-layout":"default","site-content-layout":"default","ast-site-content-layout":"default","site-content-style":"default","site-sidebar-style":"default","ast-global-header-display":"","ast-banner-title-visibility":"","ast-main-header-display":"","ast-hfb-above-header-display":"","ast-hfb-below-header-display":"","ast-hfb-mobile-header-display":"","site-post-title":"","ast-breadcrumbs-content":"","ast-featured-img":"","footer-sml-layout":"","ast-disable-related-posts":"","theme-transparent-header-meta":"default","adv-header-id-meta":"","stick-header-meta":"","header-above-stick-meta":"","header-main-stick-meta":"","header-below-stick-meta":"","astra-migrate-meta-layouts":"default","ast-page-background-enabled":"default","ast-page-background-meta":{"desktop":{"background-color":"","background-image":"","background-repeat":"repeat","background-position":"center center","background-size":"auto","background-attachment":"scroll","background-type":"","background-media":"","overlay-type":"","overlay-color":"","overlay-opacity":"","overlay-gradient":""},"tablet":{"background-color":"","background-image":"","background-repeat":"repeat","background-position":"center center","background-size":"auto","background-attachment":"scroll","background-type":"","background-media":"","overlay-type":"","overlay-color":"","overlay-opacity":"","overlay-gradient":""},"mobile":{"background-color":"","background-image":"","background-repeat":"repeat","background-position":"center center","background-size":"auto","background-attachment":"scroll","background-type":"","background-media":"","overlay-type":"","overlay-color":"","overlay-opacity":"","overlay-gradient":""}},"ast-content-background-meta":{"desktop":{"background-color":"var(--ast-global-color-5)","background-image":"","background-repeat":"repeat","background-position":"center center","background-size":"auto","background-attachment":"scroll","background-type":"","background-media":"","overlay-type":"","overlay-color":"","overlay-opacity":"","overlay-gradient":""},"tablet":{"background-color":"var(--ast-global-color-5)","background-image":"","background-repeat":"repeat","background-position":"center center","background-size":"auto","background-attachment":"scroll","background-type":"","background-media":"","overlay-type":"","overlay-color":"","overlay-opacity":"","overlay-gradient":""},"mobile":{"background-color":"var(--ast-global-color-5)","background-image":"","background-repeat":"repeat","background-position":"center center","background-size":"auto","background-attachment":"scroll","background-type":"","background-media":"","overlay-type":"","overlay-color":"","overlay-opacity":"","overlay-gradient":""}}},"product_brand":[],"product_cat":[],"product_tag":[3256],"class_list":{"0":"post-6626","1":"product","2":"type-product","3":"status-publish","4":"has-post-thumbnail","6":"product_tag-acetyl-tetrapeptide-3-cas-827306-88-7-can-repair-hair-follicle-cells-stimulate-natural-growth-of-eyebrows-and-hair-fr","7":"desktop-align-left","8":"tablet-align-left","9":"mobile-align-left","11":"first","12":"instock","13":"shipping-taxable","14":"product-type-simple"},"_links":{"self":[{"href":"https:\/\/puyapeptide.net\/fr\/wp-json\/wp\/v2\/product\/6626","targetHints":{"allow":["GET"]}}],"collection":[{"href":"https:\/\/puyapeptide.net\/fr\/wp-json\/wp\/v2\/product"}],"about":[{"href":"https:\/\/puyapeptide.net\/fr\/wp-json\/wp\/v2\/types\/product"}],"replies":[{"embeddable":true,"href":"https:\/\/puyapeptide.net\/fr\/wp-json\/wp\/v2\/comments?post=6626"}],"wp:featuredmedia":[{"embeddable":true,"href":"https:\/\/puyapeptide.net\/fr\/wp-json\/wp\/v2\/media\/2164"}],"wp:attachment":[{"href":"https:\/\/puyapeptide.net\/fr\/wp-json\/wp\/v2\/media?parent=6626"}],"wp:term":[{"taxonomy":"product_brand","embeddable":true,"href":"https:\/\/puyapeptide.net\/fr\/wp-json\/wp\/v2\/product_brand?post=6626"},{"taxonomy":"product_cat","embeddable":true,"href":"https:\/\/puyapeptide.net\/fr\/wp-json\/wp\/v2\/product_cat?post=6626"},{"taxonomy":"product_tag","embeddable":true,"href":"https:\/\/puyapeptide.net\/fr\/wp-json\/wp\/v2\/product_tag?post=6626"}],"curies":[{"name":"wp","href":"https:\/\/api.w.org\/{rel}","templated":true}]}}