{"id":6640,"date":"2021-12-16T05:39:42","date_gmt":"2021-12-16T10:39:42","guid":{"rendered":"https:\/\/puyapeptide.net\/product\/biotine-tripeptide-1-biotinoyl-tripeptide-1-biotinoyl-tripeptide-1-cas-299157-54-3-favorise-la-croissance-des-cils-des-cheveux-et-des-sourcils\/"},"modified":"2021-12-16T05:39:42","modified_gmt":"2021-12-16T10:39:42","slug":"biotine-tripeptide-1-biotinoyl-tripeptide-1-biotinoyl-tripeptide-1-cas-299157-54-3-favorise-la-croissance-des-cils-des-cheveux-et-des-sourcils","status":"publish","type":"product","link":"https:\/\/puyapeptide.net\/fr\/product\/biotine-tripeptide-1-biotinoyl-tripeptide-1-biotinoyl-tripeptide-1-cas-299157-54-3-favorise-la-croissance-des-cils-des-cheveux-et-des-sourcils\/","title":{"rendered":"Biotine Tripeptide-1\/ BIoTinoyl Tripeptide-1\/BIoTinoyl Tripeptide-1 CAS 299157-54-3 Favorise la croissance des cils, des cheveux et des sourcils"},"content":{"rendered":"<h2><strong>Biotine Tripeptide-1\/ BIoTinoyl Tripeptide-1\/BIoTinoyl Tripeptide-1 CAS 299157-54-3 Favorise la croissance des cils, des cheveux et des sourcils<\/strong><\/h2>\n<p>Nom du produit : Biotinyl-GHK tripeptide<br \/>\nSynonymes : Biotinoyl Tripeptide-1;BIO-GHK;biotinoyl tripeptide;Procapil;widelash;Biotinoylglycylhistidyllysine;Biotinyl-GHK tripeptide;N-[5-[(3aS,4S,6aR )-Hexahydro-2-oxo-1H-thi\u00e9no[3,4-d]imidazol-4-yl]-1-oxopenyl]glycyl-L-histidyl-L-lysine<br \/>\nCAS : 299157-54-3&lt;&amp; &gt;MF : C24H38N8O6S<br \/>\nMW : 566.67<br \/>\nEINECS :<br \/>\nCat\u00e9gories de produits :<br \/>\nMol File : 299157-54-3.mol<\/p>\n<p>Biotine Tripeptide-1 est un tripeptide qui combine la vitamine Les s\u00e9ries H et Matrikine signalent le peptide GHK. Que ce soit pour les hommes ou les femmes, la chute des cheveux est un probl\u00e8me courant, dont 95% sont des alop\u00e9cies androg\u00e9niques.<\/p>\n<p>La biotine Tripeptide-1 est un tripeptide qui associe la vitamine H \u00e0 la famille Matrikine de peptides signal GHK. La perte de cheveux est un probl\u00e8me courant chez les hommes et les femmes, et 95% d&#39;entre eux sont des alop\u00e9cies androg\u00e9niques. En Chine, 21 % des hommes perdront leurs cheveux apr\u00e8s 45 ans contre 6 % des femmes. Les agents de repousse des cheveux courants actuellement sur le march\u00e9, tels que le minoxidil, ont une faible efficacit\u00e9, de nombreux effets secondaires et des aiguilles dans le groupe d&#39;\u00e2ge inf\u00e9rieur 18-40 ans.<\/p>\n<p>La biotine tripeptide-1 a l&#39;effet de tripeptide- 1 qui peut augmenter la synth\u00e8se de matrice extracellulaire telle que le collag\u00e8ne IV et la laminine 5, ralentir le vieillissement des follicules pileux, am\u00e9liorer la structure des follicules pileux, favoriser la fixation des cheveux dans les follicules pileux dermiques, pr\u00e9venir la chute des cheveux ; activer l&#39;expression des g\u00e8nes de r\u00e9paration tissulaire, favoriser la reconstruction et la r\u00e9paration de la structure cutan\u00e9e ; favoriser la prolif\u00e9ration et la diff\u00e9renciation cellulaire, stimuler la croissance des cheveux (l&#39;activit\u00e9 de 2PPM de biotine tripeptide-1 est comparable \u00e0 2PPM de minoxidil).<\/p>\n<p> <strong>Biotine Tripeptide-1\/ BIoTinoyl Tripeptide-1 \/BIoTinoyl Tripeptide-1 CAS 299157-54- 3 Propri\u00e9t\u00e9s chimiques<\/strong><br \/>\nPoint d&#39;\u00e9bullition 1128,5\u00b165,0 \u00b0C(Pr\u00e9dit)<br \/>\ndensit\u00e9 1,321\u00b10,06 g\/cm3(Pr\u00e9dit)<br \/>\npka 3,16\u00b10,10(Pr\u00e9dit)<\/p>\n<p> <strong>Biotine Tripeptide-1 pour stimulation de la pousse des cheveux<\/strong><br \/>\n <img fetchpriority=\"high\" decoding=\"async\" src=\"https:\/\/puyapeptide.net\/wp-content\/uploads\/2021\/12\/Biotin-Tripeptide-1-for-hair-growth-stimulation.png\" alt=\"Biotine Tripeptide-1 pour la stimulation de la croissance des cheveux\" width=\"562\" height=\"272\" class=\"alignnone size-full wp-image-4327\" \/> <\/p>\n<p> <strong>Fonction de la biotine Tripeptide-1\/ BIoTinoyl Tripeptide-1 \/BIoTinoyl Tripeptide-1 CAS 299157-54-3<\/p>\n<p>1. Faire pousser et \u00e9paissir les cils, les sourcils, les cheveux<\/strong><br \/>\n2. Les produits de soin qui favorisent la pousse des cils\/cheveux\/sourcils, peuvent \u00eatre utilis\u00e9s avec du mascara, une lotion de soin des cils, une lotion de pousse des cheveux, etc.<\/p>\n","protected":false},"excerpt":{"rendered":"<p>Nom du produit : Biotinyl-GHK tripeptide<br \/>\nCAS : 299157-54-3<br \/>\nMF : C24H38N8O6S<br \/>\nMW : 566.67<br \/>\nMol File : 299157-54-3.mol<\/p>\n","protected":false},"featured_media":2206,"comment_status":"open","ping_status":"closed","template":"","meta":{"om_disable_all_campaigns":false,"_monsterinsights_skip_tracking":false,"_monsterinsights_sitenote_active":false,"_monsterinsights_sitenote_note":"","_monsterinsights_sitenote_category":0,"site-sidebar-layout":"default","site-content-layout":"default","ast-site-content-layout":"default","site-content-style":"default","site-sidebar-style":"default","ast-global-header-display":"","ast-banner-title-visibility":"","ast-main-header-display":"","ast-hfb-above-header-display":"","ast-hfb-below-header-display":"","ast-hfb-mobile-header-display":"","site-post-title":"","ast-breadcrumbs-content":"","ast-featured-img":"","footer-sml-layout":"","ast-disable-related-posts":"","theme-transparent-header-meta":"default","adv-header-id-meta":"","stick-header-meta":"","header-above-stick-meta":"","header-main-stick-meta":"","header-below-stick-meta":"","astra-migrate-meta-layouts":"default","ast-page-background-enabled":"default","ast-page-background-meta":{"desktop":{"background-color":"","background-image":"","background-repeat":"repeat","background-position":"center center","background-size":"auto","background-attachment":"scroll","background-type":"","background-media":"","overlay-type":"","overlay-color":"","overlay-opacity":"","overlay-gradient":""},"tablet":{"background-color":"","background-image":"","background-repeat":"repeat","background-position":"center center","background-size":"auto","background-attachment":"scroll","background-type":"","background-media":"","overlay-type":"","overlay-color":"","overlay-opacity":"","overlay-gradient":""},"mobile":{"background-color":"","background-image":"","background-repeat":"repeat","background-position":"center center","background-size":"auto","background-attachment":"scroll","background-type":"","background-media":"","overlay-type":"","overlay-color":"","overlay-opacity":"","overlay-gradient":""}},"ast-content-background-meta":{"desktop":{"background-color":"var(--ast-global-color-5)","background-image":"","background-repeat":"repeat","background-position":"center center","background-size":"auto","background-attachment":"scroll","background-type":"","background-media":"","overlay-type":"","overlay-color":"","overlay-opacity":"","overlay-gradient":""},"tablet":{"background-color":"var(--ast-global-color-5)","background-image":"","background-repeat":"repeat","background-position":"center center","background-size":"auto","background-attachment":"scroll","background-type":"","background-media":"","overlay-type":"","overlay-color":"","overlay-opacity":"","overlay-gradient":""},"mobile":{"background-color":"var(--ast-global-color-5)","background-image":"","background-repeat":"repeat","background-position":"center center","background-size":"auto","background-attachment":"scroll","background-type":"","background-media":"","overlay-type":"","overlay-color":"","overlay-opacity":"","overlay-gradient":""}}},"product_brand":[],"product_cat":[602],"product_tag":[3182,3226,3204],"class_list":{"0":"post-6640","1":"product","2":"type-product","3":"status-publish","4":"has-post-thumbnail","6":"product_cat-peptide-favorisant-la-croissance-des-cheveux-cils","7":"product_tag-biotin-tripeptide-1-biotinoyl-tripeptide-1-biotinoyl-tripeptide-1-cas-299157-54-3-promotes-eyelash-fr","8":"product_tag-eyebrow-growth-fr","9":"product_tag-hair-fr","10":"desktop-align-left","11":"tablet-align-left","12":"mobile-align-left","14":"first","15":"instock","16":"shipping-taxable","17":"product-type-simple"},"_links":{"self":[{"href":"https:\/\/puyapeptide.net\/fr\/wp-json\/wp\/v2\/product\/6640","targetHints":{"allow":["GET"]}}],"collection":[{"href":"https:\/\/puyapeptide.net\/fr\/wp-json\/wp\/v2\/product"}],"about":[{"href":"https:\/\/puyapeptide.net\/fr\/wp-json\/wp\/v2\/types\/product"}],"replies":[{"embeddable":true,"href":"https:\/\/puyapeptide.net\/fr\/wp-json\/wp\/v2\/comments?post=6640"}],"wp:featuredmedia":[{"embeddable":true,"href":"https:\/\/puyapeptide.net\/fr\/wp-json\/wp\/v2\/media\/2206"}],"wp:attachment":[{"href":"https:\/\/puyapeptide.net\/fr\/wp-json\/wp\/v2\/media?parent=6640"}],"wp:term":[{"taxonomy":"product_brand","embeddable":true,"href":"https:\/\/puyapeptide.net\/fr\/wp-json\/wp\/v2\/product_brand?post=6640"},{"taxonomy":"product_cat","embeddable":true,"href":"https:\/\/puyapeptide.net\/fr\/wp-json\/wp\/v2\/product_cat?post=6640"},{"taxonomy":"product_tag","embeddable":true,"href":"https:\/\/puyapeptide.net\/fr\/wp-json\/wp\/v2\/product_tag?post=6640"}],"curies":[{"name":"wp","href":"https:\/\/api.w.org\/{rel}","templated":true}]}}