{"id":6675,"date":"2021-12-16T05:41:03","date_gmt":"2021-12-16T10:41:03","guid":{"rendered":"https:\/\/puyapeptide.net\/product\/tetrapeptide-14-effets-anti-age-liftant-et-anti-rides\/"},"modified":"2021-12-16T05:41:03","modified_gmt":"2021-12-16T10:41:03","slug":"tetrapeptide-14-effets-anti-age-liftant-et-anti-rides","status":"publish","type":"product","link":"https:\/\/puyapeptide.net\/fr\/product\/tetrapeptide-14-effets-anti-age-liftant-et-anti-rides\/","title":{"rendered":"Tetrapeptide-14 Effets anti-\u00e2ge, liftant et anti-rides"},"content":{"rendered":"<h2><strong>Tetrapeptide-14 Effets anti-\u00e2ge, liftant et anti-rides<\/strong><\/h2>\n<p>Nom du produit\u00a0: Tetrapeptide-14<br \/>\nSource\u00a0: synth\u00e9tique<br \/>\nGrade\u00a0: cosm\u00e9tique<br \/>\nFormulation\u00a0: disponible pour votre r\u00e9f\u00e9rence, veuillez nous contacter.<br \/>\nMSDS et COA\u00a0: disponibles pour votre r\u00e9f\u00e9rence, veuillez nous contacter<br \/>\nLivraison : rapidement en stock<br \/>\nOdeur : caract\u00e9ristique<br \/>\nStabilit\u00e9 : stable<br \/>\nSolubilit\u00e9 : soluble dans l&#39;eau<br \/>\nCapacit\u00e9 : 600g par mois<br \/>\nAspect : poudre blanche<\/p>\n<p>T\u00e9trapeptide -14 est une s\u00e9quence peptidique sp\u00e9cifique qui peut \u00eatre utilis\u00e9e dans les traitements cosm\u00e9tiques pour att\u00e9nuer les rougeurs associ\u00e9es \u00e0 la rosac\u00e9e ou \u00e0 une l\u00e9g\u00e8re exposition au soleil<br \/>\n-Agit en r\u00e9gulant \u00e0 la baisse l&#39;interleukine-6 (IL-6) pour pr\u00e9venir l&#39;inflammation, qui<br \/>\ndans tour r\u00e9duit les dommages MMP-1 avec l&#39;effet net d&#39;une peau lumineuse et uniforme<br \/>\napparence<br \/>\n-R\u00e9duit \u00e9galement la probabilit\u00e9 de pigmentation post-inflammatoire avec<br \/>\nam\u00e9lioration de la sant\u00e9 globale de la peau<\/p>\n<p> <strong>Utilisations du t\u00e9trapeptide- 14<\/strong><br \/>\nTetrapeptide-14 est une matrice d&#39;administration unique qui combine un peptide diminuant les rougeurs et les inflammations avec les propri\u00e9t\u00e9s anti-oxydantes du th\u00e9, les propri\u00e9t\u00e9s calmantes de b oswellia serrata et la qualit\u00e9 apaisante du miel.<\/p>\n","protected":false},"excerpt":{"rendered":"<p>Nom du produit\u00a0: Tetrapeptide-14<br \/>\nSource\u00a0: synth\u00e9tique<br \/>\nCat\u00e9gorie\u00a0: cosm\u00e9tique<br \/>\nLivraison\u00a0: rapidement du stock<br \/>\nOdeur\u00a0: caract\u00e9ristique<br \/>\nApparence\u00a0: poudre blanche<\/p>\n","protected":false},"featured_media":2164,"comment_status":"open","ping_status":"closed","template":"","meta":{"om_disable_all_campaigns":false,"_monsterinsights_skip_tracking":false,"_monsterinsights_sitenote_active":false,"_monsterinsights_sitenote_note":"","_monsterinsights_sitenote_category":0,"site-sidebar-layout":"default","site-content-layout":"default","ast-site-content-layout":"default","site-content-style":"default","site-sidebar-style":"default","ast-global-header-display":"","ast-banner-title-visibility":"","ast-main-header-display":"","ast-hfb-above-header-display":"","ast-hfb-below-header-display":"","ast-hfb-mobile-header-display":"","site-post-title":"","ast-breadcrumbs-content":"","ast-featured-img":"","footer-sml-layout":"","ast-disable-related-posts":"","theme-transparent-header-meta":"default","adv-header-id-meta":"","stick-header-meta":"","header-above-stick-meta":"","header-main-stick-meta":"","header-below-stick-meta":"","astra-migrate-meta-layouts":"default","ast-page-background-enabled":"default","ast-page-background-meta":{"desktop":{"background-color":"","background-image":"","background-repeat":"repeat","background-position":"center center","background-size":"auto","background-attachment":"scroll","background-type":"","background-media":"","overlay-type":"","overlay-color":"","overlay-opacity":"","overlay-gradient":""},"tablet":{"background-color":"","background-image":"","background-repeat":"repeat","background-position":"center center","background-size":"auto","background-attachment":"scroll","background-type":"","background-media":"","overlay-type":"","overlay-color":"","overlay-opacity":"","overlay-gradient":""},"mobile":{"background-color":"","background-image":"","background-repeat":"repeat","background-position":"center center","background-size":"auto","background-attachment":"scroll","background-type":"","background-media":"","overlay-type":"","overlay-color":"","overlay-opacity":"","overlay-gradient":""}},"ast-content-background-meta":{"desktop":{"background-color":"var(--ast-global-color-5)","background-image":"","background-repeat":"repeat","background-position":"center center","background-size":"auto","background-attachment":"scroll","background-type":"","background-media":"","overlay-type":"","overlay-color":"","overlay-opacity":"","overlay-gradient":""},"tablet":{"background-color":"var(--ast-global-color-5)","background-image":"","background-repeat":"repeat","background-position":"center center","background-size":"auto","background-attachment":"scroll","background-type":"","background-media":"","overlay-type":"","overlay-color":"","overlay-opacity":"","overlay-gradient":""},"mobile":{"background-color":"var(--ast-global-color-5)","background-image":"","background-repeat":"repeat","background-position":"center center","background-size":"auto","background-attachment":"scroll","background-type":"","background-media":"","overlay-type":"","overlay-color":"","overlay-opacity":"","overlay-gradient":""}}},"product_brand":[],"product_cat":[584],"product_tag":[3133,3111],"class_list":{"0":"post-6675","1":"product","2":"type-product","3":"status-publish","4":"has-post-thumbnail","6":"product_cat-peptide-de-soin-des-yeux","7":"product_tag-lifting-and-anti-wrinkle-effects-fr","8":"product_tag-tetrapeptide-14-anti-aging-fr","9":"desktop-align-left","10":"tablet-align-left","11":"mobile-align-left","13":"first","14":"instock","15":"shipping-taxable","16":"product-type-simple"},"_links":{"self":[{"href":"https:\/\/puyapeptide.net\/fr\/wp-json\/wp\/v2\/product\/6675","targetHints":{"allow":["GET"]}}],"collection":[{"href":"https:\/\/puyapeptide.net\/fr\/wp-json\/wp\/v2\/product"}],"about":[{"href":"https:\/\/puyapeptide.net\/fr\/wp-json\/wp\/v2\/types\/product"}],"replies":[{"embeddable":true,"href":"https:\/\/puyapeptide.net\/fr\/wp-json\/wp\/v2\/comments?post=6675"}],"wp:featuredmedia":[{"embeddable":true,"href":"https:\/\/puyapeptide.net\/fr\/wp-json\/wp\/v2\/media\/2164"}],"wp:attachment":[{"href":"https:\/\/puyapeptide.net\/fr\/wp-json\/wp\/v2\/media?parent=6675"}],"wp:term":[{"taxonomy":"product_brand","embeddable":true,"href":"https:\/\/puyapeptide.net\/fr\/wp-json\/wp\/v2\/product_brand?post=6675"},{"taxonomy":"product_cat","embeddable":true,"href":"https:\/\/puyapeptide.net\/fr\/wp-json\/wp\/v2\/product_cat?post=6675"},{"taxonomy":"product_tag","embeddable":true,"href":"https:\/\/puyapeptide.net\/fr\/wp-json\/wp\/v2\/product_tag?post=6675"}],"curies":[{"name":"wp","href":"https:\/\/api.w.org\/{rel}","templated":true}]}}