{"id":6693,"date":"2021-12-16T05:41:54","date_gmt":"2021-12-16T10:41:54","guid":{"rendered":"https:\/\/puyapeptide.net\/product\/le-tetrapeptide-16-inhibe-la-lumiere-ultraviolette-uv\/"},"modified":"2021-12-16T05:41:54","modified_gmt":"2021-12-16T10:41:54","slug":"le-tetrapeptide-16-inhibe-la-lumiere-ultraviolette-uv","status":"publish","type":"product","link":"https:\/\/puyapeptide.net\/fr\/product\/le-tetrapeptide-16-inhibe-la-lumiere-ultraviolette-uv\/","title":{"rendered":"Le t\u00e9trapeptide-16 inhibe la lumi\u00e8re ultraviolette (UV)"},"content":{"rendered":"<h2><strong>Le t\u00e9trapeptide-16 inhibe la lumi\u00e8re ultraviolette (UV)<\/strong><\/h2>\n<p>Nom du produit\u00a0: Tetrapeptide-16<br \/>\nSource\u00a0: synth\u00e9tique<br \/>\nGrade\u00a0: cosm\u00e9tique<br \/>\nFormulation\u00a0: disponible pour votre r\u00e9f\u00e9rence, veuillez nous contacter.<br \/>\nMSDS et COA\u00a0: disponibles pour votre r\u00e9f\u00e9rence, veuillez nous contacter<br \/>\nLivraison : rapidement en stock<br \/>\nOdeur : caract\u00e9ristique<br \/>\nStabilit\u00e9 : stable<br \/>\nSolubilit\u00e9 : soluble dans l&#39;eau<br \/>\nCapacit\u00e9 : 800g par mois<br \/>\nAspect : poudre blanche<\/p>\n<p>Ceci Le t\u00e9trapeptide-16 inhibe l&#39;expression induite par la lumi\u00e8re ultraviolette (UV) de la cytokine pro-inflammatoire interleukine-6 (IL-6) par les cellules \u00e9pith\u00e9liales et les fibroblastes de la peau. De plus, les t\u00e9trapeptides r\u00e9priment la r\u00e9gulation positive de la m\u00e9talloprot\u00e9inase matricielle-1 (MMP-1) par les fibroblastes cutan\u00e9s induite soit par une exposition directe aux rayons UV, soit par un traitement avec des milieux conditionn\u00e9s par des k\u00e9ratinocytes trait\u00e9s aux UV. La petite taille et la bioactivit\u00e9 des t\u00e9trapeptides les rendent appropri\u00e9s pour une utilisation dans des th\u00e9rapies dirig\u00e9es contre des troubles inflammatoires de la peau et en tant qu&#39;ingr\u00e9dients actifs dans des produits de soins de la peau.<\/p>\n","protected":false},"excerpt":{"rendered":"<p>Nom du produit : Tetrapeptide-16<br \/>\nSource : synth\u00e9tique<br \/>\nCat\u00e9gorie : cosm\u00e9tique<br \/>\nSolubilit\u00e9 : soluble dans l&#39;eau<br \/>\nApparence : poudre blanche<\/p>\n","protected":false},"featured_media":2101,"comment_status":"open","ping_status":"closed","template":"","meta":{"om_disable_all_campaigns":false,"_monsterinsights_skip_tracking":false,"_monsterinsights_sitenote_active":false,"_monsterinsights_sitenote_note":"","_monsterinsights_sitenote_category":0,"site-sidebar-layout":"default","site-content-layout":"default","ast-site-content-layout":"default","site-content-style":"default","site-sidebar-style":"default","ast-global-header-display":"","ast-banner-title-visibility":"","ast-main-header-display":"","ast-hfb-above-header-display":"","ast-hfb-below-header-display":"","ast-hfb-mobile-header-display":"","site-post-title":"","ast-breadcrumbs-content":"","ast-featured-img":"","footer-sml-layout":"","ast-disable-related-posts":"","theme-transparent-header-meta":"default","adv-header-id-meta":"","stick-header-meta":"","header-above-stick-meta":"","header-main-stick-meta":"","header-below-stick-meta":"","astra-migrate-meta-layouts":"default","ast-page-background-enabled":"default","ast-page-background-meta":{"desktop":{"background-color":"","background-image":"","background-repeat":"repeat","background-position":"center center","background-size":"auto","background-attachment":"scroll","background-type":"","background-media":"","overlay-type":"","overlay-color":"","overlay-opacity":"","overlay-gradient":""},"tablet":{"background-color":"","background-image":"","background-repeat":"repeat","background-position":"center center","background-size":"auto","background-attachment":"scroll","background-type":"","background-media":"","overlay-type":"","overlay-color":"","overlay-opacity":"","overlay-gradient":""},"mobile":{"background-color":"","background-image":"","background-repeat":"repeat","background-position":"center center","background-size":"auto","background-attachment":"scroll","background-type":"","background-media":"","overlay-type":"","overlay-color":"","overlay-opacity":"","overlay-gradient":""}},"ast-content-background-meta":{"desktop":{"background-color":"var(--ast-global-color-5)","background-image":"","background-repeat":"repeat","background-position":"center center","background-size":"auto","background-attachment":"scroll","background-type":"","background-media":"","overlay-type":"","overlay-color":"","overlay-opacity":"","overlay-gradient":""},"tablet":{"background-color":"var(--ast-global-color-5)","background-image":"","background-repeat":"repeat","background-position":"center center","background-size":"auto","background-attachment":"scroll","background-type":"","background-media":"","overlay-type":"","overlay-color":"","overlay-opacity":"","overlay-gradient":""},"mobile":{"background-color":"var(--ast-global-color-5)","background-image":"","background-repeat":"repeat","background-position":"center center","background-size":"auto","background-attachment":"scroll","background-type":"","background-media":"","overlay-type":"","overlay-color":"","overlay-opacity":"","overlay-gradient":""}}},"product_brand":[],"product_cat":[584],"product_tag":[3172],"class_list":{"0":"post-6693","1":"product","2":"type-product","3":"status-publish","4":"has-post-thumbnail","6":"product_cat-peptide-de-soin-des-yeux","7":"product_tag-tetrapeptide-16-inhibit-ultraviolet-light-uv-fr","8":"desktop-align-left","9":"tablet-align-left","10":"mobile-align-left","12":"first","13":"instock","14":"shipping-taxable","15":"product-type-simple"},"_links":{"self":[{"href":"https:\/\/puyapeptide.net\/fr\/wp-json\/wp\/v2\/product\/6693","targetHints":{"allow":["GET"]}}],"collection":[{"href":"https:\/\/puyapeptide.net\/fr\/wp-json\/wp\/v2\/product"}],"about":[{"href":"https:\/\/puyapeptide.net\/fr\/wp-json\/wp\/v2\/types\/product"}],"replies":[{"embeddable":true,"href":"https:\/\/puyapeptide.net\/fr\/wp-json\/wp\/v2\/comments?post=6693"}],"wp:featuredmedia":[{"embeddable":true,"href":"https:\/\/puyapeptide.net\/fr\/wp-json\/wp\/v2\/media\/2101"}],"wp:attachment":[{"href":"https:\/\/puyapeptide.net\/fr\/wp-json\/wp\/v2\/media?parent=6693"}],"wp:term":[{"taxonomy":"product_brand","embeddable":true,"href":"https:\/\/puyapeptide.net\/fr\/wp-json\/wp\/v2\/product_brand?post=6693"},{"taxonomy":"product_cat","embeddable":true,"href":"https:\/\/puyapeptide.net\/fr\/wp-json\/wp\/v2\/product_cat?post=6693"},{"taxonomy":"product_tag","embeddable":true,"href":"https:\/\/puyapeptide.net\/fr\/wp-json\/wp\/v2\/product_tag?post=6693"}],"curies":[{"name":"wp","href":"https:\/\/api.w.org\/{rel}","templated":true}]}}