{"id":6704,"date":"2021-12-16T05:42:39","date_gmt":"2021-12-16T10:42:39","guid":{"rendered":"https:\/\/puyapeptide.net\/product\/dipeptide-2-eyeliss-h-val-trp-oh-cas-24587-37-9-pour-lelimination-des-poches-sous-les-yeux-et-le-lissage-des-rides\/"},"modified":"2021-12-16T05:42:39","modified_gmt":"2021-12-16T10:42:39","slug":"dipeptide-2-eyeliss-h-val-trp-oh-cas-24587-37-9-pour-lelimination-des-poches-sous-les-yeux-et-le-lissage-des-rides","status":"publish","type":"product","link":"https:\/\/puyapeptide.net\/fr\/product\/dipeptide-2-eyeliss-h-val-trp-oh-cas-24587-37-9-pour-lelimination-des-poches-sous-les-yeux-et-le-lissage-des-rides\/","title":{"rendered":"Dipeptide-2\/ Eyeliss\/ H-VAL-TRP-OH CAS 24587-37-9 Pour l&#39;\u00e9limination des poches sous les yeux et le lissage des rides"},"content":{"rendered":"<h2><strong>Dipeptide-2\/ Eyeliss\/ H-VAL-TRP-OH CAS 24587-37-9 Pour l&#39;\u00e9limination des poches sous les yeux et le lissage des rides<\/strong><\/h2>\n<p>Nom du produit\u00a0: Dipeptide-2\/ Eyeliss\/ H-VAL-TRP-OH<br \/>\nSynonymes\u00a0: L-VALYL-L-TRYPTOPHAN;H-VAL-TRP-OH;L-Valyl-L-tyrosine;Dipeptide Val -Try;VW-2;eyeliss;VW;Dipeptide-2 \/ Dipeptide Val-Try<br \/>\nCAS: 24587-37-9<br \/>\nMF: C16H21N3O3<br \/>\nMW: 303.36<br \/>\nEINECS:<br \/>\nProduit Cat\u00e9gories : D\u00e9riv\u00e9s d&#39;acides amin\u00e9s<br \/>\nMol Fichier : 24587-37-9.mol<\/p>\n<p>Le dipeptide-2 est un peptide compos\u00e9 de deux acides amin\u00e9s : la valine et le tryptophane. Par exemple, une vari\u00e9t\u00e9 de peptides sont fabriqu\u00e9s par le corps o\u00f9 ils contr\u00f4lent les processus physiologiques. Ils le font en fonctionnant comme des enzymes ou en modifiant la fonction des cellules.<\/p>\n<p> <strong>Fonction et application de Dipeptide-2\/ Eyeliss\/ H-VAL-TRP-OH CAS 24587-37-9<\/strong> <\/p>\n<p> Le dipeptide-2 aide \u00e0 r\u00e9duire les poches et les poches sous les yeux. Les yeux gonfl\u00e9s sont dus \u00e0 une accumulation de liquide caus\u00e9e par un mauvais drainage, des capillaires fragiles et une perte d&#39;\u00e9lasticit\u00e9. Le liquide s&#39;infiltre dans les tissus environnants et produit des \u00ab\u00a0poches pour les yeux\u00a0\u00bb.<\/p>\n<p>Cible les trois conditions en am\u00e9liorant le drainage, en r\u00e9duisant la fragilit\u00e9 capillaire et en r\u00e9duisant l&#39;irritation et le rel\u00e2chement cutan\u00e9 tout en augmentant la fermet\u00e9 et l&#39;\u00e9lasticit\u00e9 de la peau.<\/p>\n<p>1 . se d\u00e9barrasser rapidement des poches sous les yeux, l&#39;effet de drainage du dipeptide-2 peut r\u00e9duire les poches sous les yeux en 15 jours.<\/p>\n<p>2. est ajout\u00e9 aux formulations cosm\u00e9tiques telles que lotions, gels, s\u00e9rums, etc. pour obtenir l&#39;effet id\u00e9al d&#39;\u00e9limination des poches sous les yeux.<\/p>\n<p>3. aide \u00e0 pr\u00e9venir et \u00e0 \u00e9liminer les poches sous les yeux tout en raffermissant et en r\u00e9gulant la peau pour lisser les rides.<\/p>\n","protected":false},"excerpt":{"rendered":"<p>Nom du produit : Dipeptide-2\/ Eyeliss\/ H-VAL-TRP-OH<br \/>\nCAS : 24587-37-9<br \/>\nMF : C16H21N3O3<br \/>\nMW : 303.36<br \/>\nMol File : 24587-37-9. mole<\/p>\n","protected":false},"featured_media":2122,"comment_status":"open","ping_status":"closed","template":"","meta":{"om_disable_all_campaigns":false,"_monsterinsights_skip_tracking":false,"_monsterinsights_sitenote_active":false,"_monsterinsights_sitenote_note":"","_monsterinsights_sitenote_category":0,"site-sidebar-layout":"default","site-content-layout":"default","ast-site-content-layout":"default","site-content-style":"default","site-sidebar-style":"default","ast-global-header-display":"","ast-banner-title-visibility":"","ast-main-header-display":"","ast-hfb-above-header-display":"","ast-hfb-below-header-display":"","ast-hfb-mobile-header-display":"","site-post-title":"","ast-breadcrumbs-content":"","ast-featured-img":"","footer-sml-layout":"","ast-disable-related-posts":"","theme-transparent-header-meta":"default","adv-header-id-meta":"","stick-header-meta":"","header-above-stick-meta":"","header-main-stick-meta":"","header-below-stick-meta":"","astra-migrate-meta-layouts":"default","ast-page-background-enabled":"default","ast-page-background-meta":{"desktop":{"background-color":"","background-image":"","background-repeat":"repeat","background-position":"center center","background-size":"auto","background-attachment":"scroll","background-type":"","background-media":"","overlay-type":"","overlay-color":"","overlay-opacity":"","overlay-gradient":""},"tablet":{"background-color":"","background-image":"","background-repeat":"repeat","background-position":"center center","background-size":"auto","background-attachment":"scroll","background-type":"","background-media":"","overlay-type":"","overlay-color":"","overlay-opacity":"","overlay-gradient":""},"mobile":{"background-color":"","background-image":"","background-repeat":"repeat","background-position":"center center","background-size":"auto","background-attachment":"scroll","background-type":"","background-media":"","overlay-type":"","overlay-color":"","overlay-opacity":"","overlay-gradient":""}},"ast-content-background-meta":{"desktop":{"background-color":"var(--ast-global-color-5)","background-image":"","background-repeat":"repeat","background-position":"center center","background-size":"auto","background-attachment":"scroll","background-type":"","background-media":"","overlay-type":"","overlay-color":"","overlay-opacity":"","overlay-gradient":""},"tablet":{"background-color":"var(--ast-global-color-5)","background-image":"","background-repeat":"repeat","background-position":"center center","background-size":"auto","background-attachment":"scroll","background-type":"","background-media":"","overlay-type":"","overlay-color":"","overlay-opacity":"","overlay-gradient":""},"mobile":{"background-color":"var(--ast-global-color-5)","background-image":"","background-repeat":"repeat","background-position":"center center","background-size":"auto","background-attachment":"scroll","background-type":"","background-media":"","overlay-type":"","overlay-color":"","overlay-opacity":"","overlay-gradient":""}}},"product_brand":[],"product_cat":[584],"product_tag":[],"class_list":{"0":"post-6704","1":"product","2":"type-product","3":"status-publish","4":"has-post-thumbnail","6":"product_cat-peptide-de-soin-des-yeux","7":"desktop-align-left","8":"tablet-align-left","9":"mobile-align-left","11":"first","12":"instock","13":"shipping-taxable","14":"product-type-simple"},"_links":{"self":[{"href":"https:\/\/puyapeptide.net\/fr\/wp-json\/wp\/v2\/product\/6704","targetHints":{"allow":["GET"]}}],"collection":[{"href":"https:\/\/puyapeptide.net\/fr\/wp-json\/wp\/v2\/product"}],"about":[{"href":"https:\/\/puyapeptide.net\/fr\/wp-json\/wp\/v2\/types\/product"}],"replies":[{"embeddable":true,"href":"https:\/\/puyapeptide.net\/fr\/wp-json\/wp\/v2\/comments?post=6704"}],"wp:featuredmedia":[{"embeddable":true,"href":"https:\/\/puyapeptide.net\/fr\/wp-json\/wp\/v2\/media\/2122"}],"wp:attachment":[{"href":"https:\/\/puyapeptide.net\/fr\/wp-json\/wp\/v2\/media?parent=6704"}],"wp:term":[{"taxonomy":"product_brand","embeddable":true,"href":"https:\/\/puyapeptide.net\/fr\/wp-json\/wp\/v2\/product_brand?post=6704"},{"taxonomy":"product_cat","embeddable":true,"href":"https:\/\/puyapeptide.net\/fr\/wp-json\/wp\/v2\/product_cat?post=6704"},{"taxonomy":"product_tag","embeddable":true,"href":"https:\/\/puyapeptide.net\/fr\/wp-json\/wp\/v2\/product_tag?post=6704"}],"curies":[{"name":"wp","href":"https:\/\/api.w.org\/{rel}","templated":true}]}}