{"id":6729,"date":"2021-12-16T06:01:44","date_gmt":"2021-12-16T11:01:44","guid":{"rendered":"https:\/\/puyapeptide.net\/product\/lacetyl-tetrapeptide-5-eyeseryl-cas-820959-17-9-peut-aider-a-reduire-les-poches-des-yeux\/"},"modified":"2021-12-16T06:01:44","modified_gmt":"2021-12-16T11:01:44","slug":"lacetyl-tetrapeptide-5-eyeseryl-cas-820959-17-9-peut-aider-a-reduire-les-poches-des-yeux","status":"publish","type":"product","link":"https:\/\/puyapeptide.net\/fr\/product\/lacetyl-tetrapeptide-5-eyeseryl-cas-820959-17-9-peut-aider-a-reduire-les-poches-des-yeux\/","title":{"rendered":"L&#39;ac\u00e9tyl t\u00e9trapeptide-5\/ Eyeseryl CAS 820959-17-9 peut aider \u00e0 r\u00e9duire les poches des yeux"},"content":{"rendered":"<h2><strong>L&#39;ac\u00e9tyl t\u00e9trapeptide-5\/ Eyeseryl CAS 820959-17-9 peut aider \u00e0 r\u00e9duire les poches des yeux<\/strong><\/h2>\n<p>Nom du produit\u00a0: Acetyl tetrapeptide-5\/ Eyeseryl<br \/>\nSynonymes\u00a0: (2S)-2-[[(2S)-2-[[(2S)-2-(3-acetamidopropanoylamino)-3-(1H- acide imidazol-5-yl)propanoyl]amino]-3-hydroxypropanoyl]amino]-3-(1H-imidazol-5-yl)propano\u00efque\u00a0;N-ac\u00e9tyl-b\u00eata-alanyl-L-histidyl-L-s\u00e9ryl-L- histidine;Acetyl t\u00e9trapeptide-5;Acetyl Tetrapeptide;Depuffin\/Acetyl Tetrapeptide-5;Acetyl Tetrapeptide-5\/eyeseryl;Depuffin;tetrapeptide<br \/>\nCAS: 820959-17-9<br \/>\nMF: C20H28N8O7<br \/>\nMW: 492,49&lt; &amp;&gt;EINECS : 1312995-182-4<br \/>\nCat\u00e9gories de produits : BEAUTY PEPTIDES<br \/>\nMol File : 820959-17-9.mol<\/p>\n<p>Acetyl tetrapeptide-5\/ Eyeseryl est un peptide actif anti-\u0153d\u00e8me fonction et largement utilis\u00e9 dans la capacit\u00e9 de se d\u00e9barrasser des poches sous les yeux, de se d\u00e9barrasser des poches sous les yeux et des cernes, de lutter contre l&#39;\u0153d\u00e8me, l&#39;anti-glycosylation et peut soulager consid\u00e9rablement les sympt\u00f4mes des poches sous les yeux de type \u0153d\u00e8me. Eye Silk Amino Peptide est consid\u00e9r\u00e9 comme un agent hydratant Chemicalbook ou un agent absorbant l&#39;humidit\u00e9 qui peut aider \u00e0 r\u00e9duire les poches des yeux et \u00e0 am\u00e9liorer l&#39;\u00e9lasticit\u00e9 de la peau ainsi que la douceur globale. Il utilise les propri\u00e9t\u00e9s hygroscopiques de ce compos\u00e9 pour r\u00e9duire les poches en attirant l&#39;humidit\u00e9 du plus profond de la peau vers la couche la plus externe de la peau (la couche corn\u00e9e).<\/p>\n<p> L&#39;ac\u00e9tyl t\u00e9trapeptide-5 est consid\u00e9r\u00e9 comme un hydratant ou un agent hygroscopique, qui peut aider \u00e0 r\u00e9duire les poches des yeux, \u00e0 am\u00e9liorer l&#39;\u00e9lasticit\u00e9 de la peau et la douceur globale. Il utilise l&#39;hygroscopicit\u00e9 de ce compos\u00e9 pour absorber l&#39;humidit\u00e9 de la partie profonde de la peau \u00e0 la couche la plus externe de la peau (stratum corneum), r\u00e9duisant ainsi les poches. Sa fonction hydratante lui permet d&#39;\u00eatre utilis\u00e9 efficacement pour traiter la peau s\u00e8che.<\/p>\n<p> <strong>Fonction de l&#39;Acetyl Tetrapeptide-5 CAS 820959-17-9<\/strong><br \/>\n1. Am\u00e9liore la microcirculation de la peau des yeux en inhibant l&#39;enzyme de conversion de l&#39;angiotensine I<br \/>\n2. Augmenter l&#39;activit\u00e9 de la SOD et inhiber sa glycosylation<br \/>\n3. R\u00e9duire la perm\u00e9abilit\u00e9 des vaisseaux sanguins et r\u00e9duire l&#39;exsudation d&#39;eau<\/p>\n","protected":false},"excerpt":{"rendered":"<p>Nom du produit : Ac\u00e9tyl t\u00e9trapeptide-5\/ Eyeseryl<br \/>\nCAS : 820959-17-9<br \/>\nMF : C20H28N8O7<br \/>\nMW : 492.49<br \/>\nEINECS : 1312995-182-4<br \/>\nMol File : 820959-17 -9.mol<\/p>\n","protected":false},"featured_media":2206,"comment_status":"open","ping_status":"closed","template":"","meta":{"om_disable_all_campaigns":false,"_monsterinsights_skip_tracking":false,"_monsterinsights_sitenote_active":false,"_monsterinsights_sitenote_note":"","_monsterinsights_sitenote_category":0,"site-sidebar-layout":"default","site-content-layout":"default","ast-site-content-layout":"default","site-content-style":"default","site-sidebar-style":"default","ast-global-header-display":"","ast-banner-title-visibility":"","ast-main-header-display":"","ast-hfb-above-header-display":"","ast-hfb-below-header-display":"","ast-hfb-mobile-header-display":"","site-post-title":"","ast-breadcrumbs-content":"","ast-featured-img":"","footer-sml-layout":"","ast-disable-related-posts":"","theme-transparent-header-meta":"default","adv-header-id-meta":"","stick-header-meta":"","header-above-stick-meta":"","header-main-stick-meta":"","header-below-stick-meta":"","astra-migrate-meta-layouts":"default","ast-page-background-enabled":"default","ast-page-background-meta":{"desktop":{"background-color":"","background-image":"","background-repeat":"repeat","background-position":"center center","background-size":"auto","background-attachment":"scroll","background-type":"","background-media":"","overlay-type":"","overlay-color":"","overlay-opacity":"","overlay-gradient":""},"tablet":{"background-color":"","background-image":"","background-repeat":"repeat","background-position":"center center","background-size":"auto","background-attachment":"scroll","background-type":"","background-media":"","overlay-type":"","overlay-color":"","overlay-opacity":"","overlay-gradient":""},"mobile":{"background-color":"","background-image":"","background-repeat":"repeat","background-position":"center center","background-size":"auto","background-attachment":"scroll","background-type":"","background-media":"","overlay-type":"","overlay-color":"","overlay-opacity":"","overlay-gradient":""}},"ast-content-background-meta":{"desktop":{"background-color":"var(--ast-global-color-5)","background-image":"","background-repeat":"repeat","background-position":"center center","background-size":"auto","background-attachment":"scroll","background-type":"","background-media":"","overlay-type":"","overlay-color":"","overlay-opacity":"","overlay-gradient":""},"tablet":{"background-color":"var(--ast-global-color-5)","background-image":"","background-repeat":"repeat","background-position":"center center","background-size":"auto","background-attachment":"scroll","background-type":"","background-media":"","overlay-type":"","overlay-color":"","overlay-opacity":"","overlay-gradient":""},"mobile":{"background-color":"var(--ast-global-color-5)","background-image":"","background-repeat":"repeat","background-position":"center center","background-size":"auto","background-attachment":"scroll","background-type":"","background-media":"","overlay-type":"","overlay-color":"","overlay-opacity":"","overlay-gradient":""}}},"product_brand":[],"product_cat":[584],"product_tag":[3095],"class_list":{"0":"post-6729","1":"product","2":"type-product","3":"status-publish","4":"has-post-thumbnail","6":"product_cat-peptide-de-soin-des-yeux","7":"product_tag-acetyl-tetrapeptide-5-eyeseryl-cas-820959-17-9-can-help-reduce-eye-puffiness-fr","8":"desktop-align-left","9":"tablet-align-left","10":"mobile-align-left","12":"first","13":"instock","14":"shipping-taxable","15":"product-type-simple"},"_links":{"self":[{"href":"https:\/\/puyapeptide.net\/fr\/wp-json\/wp\/v2\/product\/6729","targetHints":{"allow":["GET"]}}],"collection":[{"href":"https:\/\/puyapeptide.net\/fr\/wp-json\/wp\/v2\/product"}],"about":[{"href":"https:\/\/puyapeptide.net\/fr\/wp-json\/wp\/v2\/types\/product"}],"replies":[{"embeddable":true,"href":"https:\/\/puyapeptide.net\/fr\/wp-json\/wp\/v2\/comments?post=6729"}],"wp:featuredmedia":[{"embeddable":true,"href":"https:\/\/puyapeptide.net\/fr\/wp-json\/wp\/v2\/media\/2206"}],"wp:attachment":[{"href":"https:\/\/puyapeptide.net\/fr\/wp-json\/wp\/v2\/media?parent=6729"}],"wp:term":[{"taxonomy":"product_brand","embeddable":true,"href":"https:\/\/puyapeptide.net\/fr\/wp-json\/wp\/v2\/product_brand?post=6729"},{"taxonomy":"product_cat","embeddable":true,"href":"https:\/\/puyapeptide.net\/fr\/wp-json\/wp\/v2\/product_cat?post=6729"},{"taxonomy":"product_tag","embeddable":true,"href":"https:\/\/puyapeptide.net\/fr\/wp-json\/wp\/v2\/product_tag?post=6729"}],"curies":[{"name":"wp","href":"https:\/\/api.w.org\/{rel}","templated":true}]}}