{"id":6743,"date":"2021-12-16T06:02:45","date_gmt":"2021-12-16T11:02:45","guid":{"rendered":"https:\/\/puyapeptide.net\/product\/oligopeptide-68-cas-1206525-47-4-pour-leclairage-de-la-peau-et-lanti-age\/"},"modified":"2021-12-16T06:02:45","modified_gmt":"2021-12-16T11:02:45","slug":"oligopeptide-68-cas-1206525-47-4-pour-leclairage-de-la-peau-et-lanti-age","status":"publish","type":"product","link":"https:\/\/puyapeptide.net\/fr\/product\/oligopeptide-68-cas-1206525-47-4-pour-leclairage-de-la-peau-et-lanti-age\/","title":{"rendered":"Oligopeptide-68 CAS 1206525-47-4 pour l&#39;\u00e9clairage de la peau et l&#39;anti-\u00e2ge"},"content":{"rendered":"<h2><strong>Oligopeptide-68 CAS 1206525-47-4 pour l&#39;\u00e9clairage de la peau et l&#39;anti-\u00e2ge<\/strong><\/h2>\n<p>Nom du produit\u00a0: Oligopeptide-68<br \/>\nSynonymes\u00a0: Glycyl-L-arginylglycyl-L-alpha-aspartyl-L-tyrosyl-L-isoleucyl-L-tryptophyl-L-seryl-L-leucyl-L-alpha- aspartyl-L-thr\u00e9onyl-L-glutamine\u00a0; Oligopeptide-68, b\u00eata-blanc\u00a0; L-Glutamine, glycyl-L-arginylglycyl-L-\u03b1-aspartyl-L-tyrosyl-L-isoleucyl-L-tryptophyl-L-seryl- L-leucyl-L-\u03b1-aspartyl-L-thr\u00e9onyl-;Oligopeptide-68 CAS 1206525-47-4 Poudre d&#39;oligopeptide-68 blanchissant<br \/>\nCAS\u00a0: 1206525-47-4<br \/>\nMF\u00a0: C62H91N17O21<br \/>\nMW\u00a0: 1410.49<br \/>\nEINECS : 205-358-3<br \/>\nCat\u00e9gories de produits :<br \/>\nMol File : 1206525-47-4.mol<\/p>\n<p>Oligopeptide-68 &#8211; est une combinaison complexe de peptide agoniste du TGF-\u00df qui inhibe le facteur de transcription associ\u00e9 \u00e0 la microphtalmie (MITF). MITF est un r\u00e9gulateur transcriptionnel majeur des enzymes m\u00e9lanog\u00e8nes, la tyrosinase, TRP-1 et TRP-2. Ce peptide induit un \u00e9claircissement important de la peau qui a une activit\u00e9 plus \u00e9lev\u00e9e que l&#39;arbutine et la vitamine C.<\/p>\n<p> <strong>Fonction de l&#39;oligopeptide-68 CAS 1206525-47-4<\/strong> <\/p>\n<p>1. blanchir les taches de rousseur.<br \/>\n2. inhiber la production excessive de m\u00e9lanine.<br \/>\n3. r\u00e9duire les d\u00e9p\u00f4ts de m\u00e9lanine.<\/p>\n<p> <strong>Avantages de l&#39;oligopeptide-68 CAS 1206525-47-4<\/strong><br \/>\n1. Il peut blanchir les taches de rousseur.<br \/>\n2. Il peut inhiber la production excessive de m\u00e9lanine.<br \/>\n3. Il peut r\u00e9duire le d\u00e9p\u00f4t de m\u00e9lanine.<br \/>\nM\u00e9canisme d&#39;action de l&#39;oligopeptide-68.<br \/>\nR\u00e9duit la production de m\u00e9lanine et pr\u00e9vient la surproduction de m\u00e9lanine en inhibant la MSH (hormone stimulant les m\u00e9lanocytes).<\/p>\n<p>La science a prouv\u00e9 que les peptides peuvent aider \u00e0 g\u00e9rer les rides de votre peau et inverser les signes du vieillissement.<br \/>\nLa peau humaine est compos\u00e9e principalement de collag\u00e8ne. Le collag\u00e8ne est une prot\u00e9ine compos\u00e9e de longs segments d&#39;acides amin\u00e9s dispos\u00e9s en cha\u00eene. Le collag\u00e8ne fournit une base et une \u00e9paisseur \u00e0 la peau.<br \/>\nLes femmes de moins de 30 ans ont beaucoup de collag\u00e8ne, ce qui donne une peau lisse et ferme.<br \/>\nLe reste d&#39;entre nous a moins de collag\u00e8ne &#8211; la peau a tendance \u00e0 \u00eatre plus fine, r\u00e9v\u00e9lant plus de rides.&lt;&amp; &gt;Lorsque le collag\u00e8ne se d\u00e9compose, de courts segments d&#39;acides amin\u00e9s se forment. Ce sont les minuscules prot\u00e9ines et mol\u00e9cules actives appel\u00e9es peptides. Les peptides dans les soins de la peau peuvent offrir des avantages anti-\u00e2ge importants.<\/p>\n","protected":false},"excerpt":{"rendered":"<p>Nom du produit : Oligopeptide-68<br \/>\nCAS : 1206525-47-4<br \/>\nMF : C62H91N17O21<br \/>\nMW : 1410.49<br \/>\nEINECS : 205-358-3<br \/>\nMol File : 1206525-47-4. mole<\/p>\n","protected":false},"featured_media":2164,"comment_status":"open","ping_status":"closed","template":"","meta":{"om_disable_all_campaigns":false,"_monsterinsights_skip_tracking":false,"_monsterinsights_sitenote_active":false,"_monsterinsights_sitenote_note":"","_monsterinsights_sitenote_category":0,"site-sidebar-layout":"default","site-content-layout":"default","ast-site-content-layout":"default","site-content-style":"default","site-sidebar-style":"default","ast-global-header-display":"","ast-banner-title-visibility":"","ast-main-header-display":"","ast-hfb-above-header-display":"","ast-hfb-below-header-display":"","ast-hfb-mobile-header-display":"","site-post-title":"","ast-breadcrumbs-content":"","ast-featured-img":"","footer-sml-layout":"","ast-disable-related-posts":"","theme-transparent-header-meta":"default","adv-header-id-meta":"","stick-header-meta":"","header-above-stick-meta":"","header-main-stick-meta":"","header-below-stick-meta":"","astra-migrate-meta-layouts":"default","ast-page-background-enabled":"default","ast-page-background-meta":{"desktop":{"background-color":"","background-image":"","background-repeat":"repeat","background-position":"center center","background-size":"auto","background-attachment":"scroll","background-type":"","background-media":"","overlay-type":"","overlay-color":"","overlay-opacity":"","overlay-gradient":""},"tablet":{"background-color":"","background-image":"","background-repeat":"repeat","background-position":"center center","background-size":"auto","background-attachment":"scroll","background-type":"","background-media":"","overlay-type":"","overlay-color":"","overlay-opacity":"","overlay-gradient":""},"mobile":{"background-color":"","background-image":"","background-repeat":"repeat","background-position":"center center","background-size":"auto","background-attachment":"scroll","background-type":"","background-media":"","overlay-type":"","overlay-color":"","overlay-opacity":"","overlay-gradient":""}},"ast-content-background-meta":{"desktop":{"background-color":"var(--ast-global-color-5)","background-image":"","background-repeat":"repeat","background-position":"center center","background-size":"auto","background-attachment":"scroll","background-type":"","background-media":"","overlay-type":"","overlay-color":"","overlay-opacity":"","overlay-gradient":""},"tablet":{"background-color":"var(--ast-global-color-5)","background-image":"","background-repeat":"repeat","background-position":"center center","background-size":"auto","background-attachment":"scroll","background-type":"","background-media":"","overlay-type":"","overlay-color":"","overlay-opacity":"","overlay-gradient":""},"mobile":{"background-color":"var(--ast-global-color-5)","background-image":"","background-repeat":"repeat","background-position":"center center","background-size":"auto","background-attachment":"scroll","background-type":"","background-media":"","overlay-type":"","overlay-color":"","overlay-opacity":"","overlay-gradient":""}}},"product_brand":[],"product_cat":[559],"product_tag":[3067],"class_list":{"0":"post-6743","1":"product","2":"type-product","3":"status-publish","4":"has-post-thumbnail","6":"product_cat-peptide-de-blanchiment","7":"product_tag-oligopeptide-68-cas-1206525-47-4-for-for-skin-lighting-and-anti-aging-fr","8":"desktop-align-left","9":"tablet-align-left","10":"mobile-align-left","12":"first","13":"instock","14":"shipping-taxable","15":"product-type-simple"},"_links":{"self":[{"href":"https:\/\/puyapeptide.net\/fr\/wp-json\/wp\/v2\/product\/6743","targetHints":{"allow":["GET"]}}],"collection":[{"href":"https:\/\/puyapeptide.net\/fr\/wp-json\/wp\/v2\/product"}],"about":[{"href":"https:\/\/puyapeptide.net\/fr\/wp-json\/wp\/v2\/types\/product"}],"replies":[{"embeddable":true,"href":"https:\/\/puyapeptide.net\/fr\/wp-json\/wp\/v2\/comments?post=6743"}],"wp:featuredmedia":[{"embeddable":true,"href":"https:\/\/puyapeptide.net\/fr\/wp-json\/wp\/v2\/media\/2164"}],"wp:attachment":[{"href":"https:\/\/puyapeptide.net\/fr\/wp-json\/wp\/v2\/media?parent=6743"}],"wp:term":[{"taxonomy":"product_brand","embeddable":true,"href":"https:\/\/puyapeptide.net\/fr\/wp-json\/wp\/v2\/product_brand?post=6743"},{"taxonomy":"product_cat","embeddable":true,"href":"https:\/\/puyapeptide.net\/fr\/wp-json\/wp\/v2\/product_cat?post=6743"},{"taxonomy":"product_tag","embeddable":true,"href":"https:\/\/puyapeptide.net\/fr\/wp-json\/wp\/v2\/product_tag?post=6743"}],"curies":[{"name":"wp","href":"https:\/\/api.w.org\/{rel}","templated":true}]}}