{"id":6791,"date":"2021-12-16T06:04:30","date_gmt":"2021-12-16T11:04:30","guid":{"rendered":"https:\/\/puyapeptide.net\/product\/hexapeptide-2-est-un-peptide-cosmetique-contenant-six-acides-amines-qui-peut-efficacement-eclaircir-la-peau\/"},"modified":"2021-12-16T06:04:30","modified_gmt":"2021-12-16T11:04:30","slug":"hexapeptide-2-est-un-peptide-cosmetique-contenant-six-acides-amines-qui-peut-efficacement-eclaircir-la-peau","status":"publish","type":"product","link":"https:\/\/puyapeptide.net\/fr\/product\/hexapeptide-2-est-un-peptide-cosmetique-contenant-six-acides-amines-qui-peut-efficacement-eclaircir-la-peau\/","title":{"rendered":"Hexapeptide-2 est un peptide cosm\u00e9tique contenant six acides amin\u00e9s, qui peut efficacement \u00e9claircir la peau"},"content":{"rendered":"<h2><strong>Hexapeptide-2 est un peptide cosm\u00e9tique contenant six acides amin\u00e9s, qui peut efficacement \u00e9claircir la peau<\/strong><\/h2>\n<p>Nom du produit\u00a0: HEXAPEPTIDE-2<br \/>\nSynonymes\u00a0: HEXAPEPTIDE-2;Dermostatyl (hexapeptide-2);Dermostatyl<br \/>\nCAS\u00a0: \/<br \/>\nMF\u00a0: C46H56N12O6<br \/>\nMW\u00a0: 873,01g\/mol<br \/>\n Puret\u00e9 : \u226598%<br \/>\nCat\u00e9gories de produits :<br \/>\nMol File : Mol File<\/p>\n<p>Hexapeptide-2 est un peptide de beaut\u00e9 contenant six acides amin\u00e9s, qui peut efficacement \u00e9claircir la peau et uniformiser la couleur de la peau et vigoureux, et est un oligopeptide \u00e9claircissant efficace. Il est principalement utilis\u00e9 pour le blanchiment et l&#39;\u00e9claircissement de la peau et l&#39;\u00e9limination des taches<\/p>\n<p> <strong>Qu&#39;est-ce que l&#39;hexapeptide-2\u00a0?<\/strong><br \/>\n L&#39;Hexapeptide-2 est un peptide \u00e9claircissant pour la peau qui \u00e9claircit la peau et uniformise le teint. Ce peptide obtenu par synth\u00e8se agit comme un antagoniste de l&#39;\u03b1-MSH. La liaison de l&#39;\u03b1-MSH \u00e0 ses r\u00e9cepteurs m\u00e9die la pigmentation de la peau. Il est en comp\u00e9tition pour la liaison de l&#39;\u03b1-MSH \u00e0 ses r\u00e9cepteurs, diminuant ainsi la synth\u00e8se de m\u00e9lanine. L&#39;Hexapeptide-2 induit une diminution de la teneur en m\u00e9lanine des cellules \u00e9pidermiques.<\/p>\n<p> <strong>Avantages de l&#39;Hexapeptide-2<\/strong><br \/>\n1. Hexapeptide-2 r\u00e9duit les rides du visage existantes.<br \/>\n2. L&#39;Hexapeptide-2 est efficace contre le d\u00e9veloppement de nouvelles rides.<br \/>\n3.L&#39;Hexapeptide-2 diminue la profondeur des rides du visage caus\u00e9es par la contraction des muscles des expressions faciales, en particulier pr\u00e8s des yeux et sur le front.<br \/>\n&lt;&amp; &gt; <strong>Fonction de l&#39;Hexapeptide-2<\/strong><br \/>\nLa science a prouv\u00e9 que les peptides peuvent aider \u00e0 g\u00e9rer les rides de votre peau et \u00e0 inverser les signes du vieillissement.<br \/>\nLa peau humaine est principalement compos\u00e9e de collag\u00e8ne. Le collag\u00e8ne est une prot\u00e9ine compos\u00e9e de longs segments d&#39;acides amin\u00e9s dispos\u00e9s en cha\u00eene. Le collag\u00e8ne fournit une base et une \u00e9paisseur \u00e0 la peau.<br \/>\nLes femmes de moins de 30 ans ont beaucoup de collag\u00e8ne, ce qui donne une peau lisse et ferme.<br \/>\nLe reste d&#39;entre nous a moins de collag\u00e8ne &#8211; la peau a tendance \u00e0 \u00eatre plus fine, r\u00e9v\u00e9lant plus de rides.&lt;&amp; &gt;Lorsque le collag\u00e8ne se d\u00e9compose, de courts segments d&#39;acides amin\u00e9s se forment. Ce sont les minuscules prot\u00e9ines et mol\u00e9cules actives appel\u00e9es peptides. Les peptides dans les soins de la peau peuvent offrir des avantages anti-\u00e2ge importants.<\/p>\n","protected":false},"excerpt":{"rendered":"<p>Nom du produit : HEXAPEPTIDE-2<br \/>\nMF : C46H56N12O6<br \/>\nMW : 873,01g\/mol<br \/>\nPuret\u00e9 : \u226598%<\/p>\n","protected":false},"featured_media":2206,"comment_status":"open","ping_status":"closed","template":"","meta":{"om_disable_all_campaigns":false,"_monsterinsights_skip_tracking":false,"_monsterinsights_sitenote_active":false,"_monsterinsights_sitenote_note":"","_monsterinsights_sitenote_category":0,"site-sidebar-layout":"default","site-content-layout":"default","ast-site-content-layout":"default","site-content-style":"default","site-sidebar-style":"default","ast-global-header-display":"","ast-banner-title-visibility":"","ast-main-header-display":"","ast-hfb-above-header-display":"","ast-hfb-below-header-display":"","ast-hfb-mobile-header-display":"","site-post-title":"","ast-breadcrumbs-content":"","ast-featured-img":"","footer-sml-layout":"","ast-disable-related-posts":"","theme-transparent-header-meta":"default","adv-header-id-meta":"","stick-header-meta":"","header-above-stick-meta":"","header-main-stick-meta":"","header-below-stick-meta":"","astra-migrate-meta-layouts":"default","ast-page-background-enabled":"default","ast-page-background-meta":{"desktop":{"background-color":"","background-image":"","background-repeat":"repeat","background-position":"center center","background-size":"auto","background-attachment":"scroll","background-type":"","background-media":"","overlay-type":"","overlay-color":"","overlay-opacity":"","overlay-gradient":""},"tablet":{"background-color":"","background-image":"","background-repeat":"repeat","background-position":"center center","background-size":"auto","background-attachment":"scroll","background-type":"","background-media":"","overlay-type":"","overlay-color":"","overlay-opacity":"","overlay-gradient":""},"mobile":{"background-color":"","background-image":"","background-repeat":"repeat","background-position":"center center","background-size":"auto","background-attachment":"scroll","background-type":"","background-media":"","overlay-type":"","overlay-color":"","overlay-opacity":"","overlay-gradient":""}},"ast-content-background-meta":{"desktop":{"background-color":"var(--ast-global-color-5)","background-image":"","background-repeat":"repeat","background-position":"center center","background-size":"auto","background-attachment":"scroll","background-type":"","background-media":"","overlay-type":"","overlay-color":"","overlay-opacity":"","overlay-gradient":""},"tablet":{"background-color":"var(--ast-global-color-5)","background-image":"","background-repeat":"repeat","background-position":"center center","background-size":"auto","background-attachment":"scroll","background-type":"","background-media":"","overlay-type":"","overlay-color":"","overlay-opacity":"","overlay-gradient":""},"mobile":{"background-color":"var(--ast-global-color-5)","background-image":"","background-repeat":"repeat","background-position":"center center","background-size":"auto","background-attachment":"scroll","background-type":"","background-media":"","overlay-type":"","overlay-color":"","overlay-opacity":"","overlay-gradient":""}}},"product_brand":[],"product_cat":[559],"product_tag":[3003,3025],"class_list":{"0":"post-6791","1":"product","2":"type-product","3":"status-publish","4":"has-post-thumbnail","6":"product_cat-peptide-de-blanchiment","7":"product_tag-hexapeptide-2-is-a-cosmetic-peptide-containing-six-amino-acids-fr","8":"product_tag-which-can-effectively-brighten-the-skin-fr","9":"desktop-align-left","10":"tablet-align-left","11":"mobile-align-left","13":"first","14":"instock","15":"shipping-taxable","16":"product-type-simple"},"_links":{"self":[{"href":"https:\/\/puyapeptide.net\/fr\/wp-json\/wp\/v2\/product\/6791","targetHints":{"allow":["GET"]}}],"collection":[{"href":"https:\/\/puyapeptide.net\/fr\/wp-json\/wp\/v2\/product"}],"about":[{"href":"https:\/\/puyapeptide.net\/fr\/wp-json\/wp\/v2\/types\/product"}],"replies":[{"embeddable":true,"href":"https:\/\/puyapeptide.net\/fr\/wp-json\/wp\/v2\/comments?post=6791"}],"wp:featuredmedia":[{"embeddable":true,"href":"https:\/\/puyapeptide.net\/fr\/wp-json\/wp\/v2\/media\/2206"}],"wp:attachment":[{"href":"https:\/\/puyapeptide.net\/fr\/wp-json\/wp\/v2\/media?parent=6791"}],"wp:term":[{"taxonomy":"product_brand","embeddable":true,"href":"https:\/\/puyapeptide.net\/fr\/wp-json\/wp\/v2\/product_brand?post=6791"},{"taxonomy":"product_cat","embeddable":true,"href":"https:\/\/puyapeptide.net\/fr\/wp-json\/wp\/v2\/product_cat?post=6791"},{"taxonomy":"product_tag","embeddable":true,"href":"https:\/\/puyapeptide.net\/fr\/wp-json\/wp\/v2\/product_tag?post=6791"}],"curies":[{"name":"wp","href":"https:\/\/api.w.org\/{rel}","templated":true}]}}