{"id":6828,"date":"2021-12-16T06:07:08","date_gmt":"2021-12-16T11:07:08","guid":{"rendered":"https:\/\/puyapeptide.net\/product\/poudre-de-glutathion-cas-70-18-8-pour-supplements-nutritifs-blanchissant-la-peau-poudre-de-glutathion-reduite-l-glutathion\/"},"modified":"2021-12-16T06:07:08","modified_gmt":"2021-12-16T11:07:08","slug":"poudre-de-glutathion-cas-70-18-8-pour-supplements-nutritifs-blanchissant-la-peau-poudre-de-glutathion-reduite-l-glutathion","status":"publish","type":"product","link":"https:\/\/puyapeptide.net\/fr\/product\/poudre-de-glutathion-cas-70-18-8-pour-supplements-nutritifs-blanchissant-la-peau-poudre-de-glutathion-reduite-l-glutathion\/","title":{"rendered":"Poudre de glutathion CAS 70-18-8 pour suppl\u00e9ments nutritifs blanchissant la peau Poudre de glutathion r\u00e9duite L-glutathion"},"content":{"rendered":"<h2><strong>Poudre de glutathion CAS 70-18-8 pour suppl\u00e9ments nutritifs blanchissant la peau Poudre de glutathion r\u00e9duite L-glutathion<\/strong><\/h2>\n<p>Nom du produit\u00a0: glutathion<br \/>\nSynonymes\u00a0: glutatiol;glutatione;glutide;glutinal;isethion;l-glutatione;N(NL-.gamma.-Glutamyl-L-cyst\u00e9inyl)glycine;n-(nl-gamma-glutamyl -l-cyst\u00e9inyl)-glycine<br \/>\nCAS\u00a0: 70-18-8<br \/>\nMF\u00a0: C10H17N3O6S<br \/>\nMW\u00a0: 307.32<br \/>\nEINECS\u00a0: 200-725-4<br \/>\nCat\u00e9gories de produits\u00a0: chimiques\u00a0;Inhibiteurs\u00a0;Amin\u00e9s Acides &amp; D\u00e9riv\u00e9s;Mat\u00e9riau;Interm\u00e9diaires pharmaceutiques;pharmaceutique;pharmaceutique;Acides amin\u00e9s 13C, 2H, 15N;Antioxydant;Biochimie;Interm\u00e9diaires et chimie fine;Pharmaceutique;API<br \/>\nMol File: 70-18-8.mol<br \/>\n&lt; &amp;&gt; Le glutathion (GSH), \u00e9galement appel\u00e9 glutathion r\u00e9duit, est un tripeptide compos\u00e9 de glutamate, de cyst\u00e9ine et de glycine. On le trouve dans presque toutes les cellules du corps humain. De nos jours, la production industrielle de glutathion est principalement obtenue par synth\u00e8se enzymatique. Dans la m\u00e9thode, le glutathion a une puret\u00e9 \u00e9lev\u00e9e et une bonne solubilit\u00e9 dans l&#39;eau. En tant que tripeptide actif dot\u00e9 de fonctions physiologiques importantes, le glutathion est le compos\u00e9 sulfhydryle non prot\u00e9ique le plus important dans les organismes. Il a des activit\u00e9s biologiques telles que la d\u00e9toxification, l&#39;antioxydation, l&#39;\u00e9limination des radicaux libres, le blanchiment de la peau et la d\u00e9coloration des taches. Par cons\u00e9quent, il est largement utilis\u00e9 dans les cosm\u00e9tiques, la m\u00e9decine, les produits de sant\u00e9 et d&#39;autres industries. Il peut \u00eatre consid\u00e9rablement soluble dans l&#39;eau et facile \u00e0 ajouter dans toutes sortes de produits cosm\u00e9tiques blanchissants pour la peau. Le glutathion plaqu\u00e9 est divis\u00e9 en qualit\u00e9 cosm\u00e9tique et qualit\u00e9 m\u00e9dicale.<\/p>\n<p> <strong>Propri\u00e9t\u00e9s chimiques du glutathion CAS 70-18-8<\/strong><br \/>\nPoint de fusion 192-195 \u00b0C (d\u00e9c.) (lit.)<br \/>\nalpha -16,5 \u00ba (c=2, H2O)<br \/>\nPoint d&#39;\u00e9bullition 754,5\u00b160,0 \u00b0C(Pr\u00e9vu)<br \/>\ndensit\u00e9 1,4482 (estimation approximative)<br \/>\nindice de r\u00e9fraction -17 \u00b0 (C=2, H2O)<br \/>\ntemp\u00e9rature de stockage . 2-8\u00b0C<br \/>\nsolubilit\u00e9 H2O : 50 mg\/mL<br \/>\npka pK1 2,12\u00a0; pK2 3,53\u00a0; pK3 8,66\u00a0; pK4 9.12(\u00e0 25\u2103)<br \/>\nforme poudre<br \/>\ncouleur Blanc<br \/>\nOdeur Inodore<br \/>\nPH 3 (10g\/l, H2O, 20\u00b0C)<br \/>\nSolubilit\u00e9 dans l&#39;eau soluble<br \/>\nMerck 14, 4475<br \/>\nBRN 1729812<br \/>\nStabilit\u00e9 : Stable. Incompatible avec les agents oxydants forts.<br \/>\nInChIKey RWSXRVCMGQZWBV-WDSKDSINSA-N<br \/>\nCAS DataBase Reference 70-18-8(CAS DataBase Reference)<br \/>\nEPA Substance Registry System Glutathion (70-18-8)<br \/>\n&lt; &amp;&gt; <strong>Organigramme du processus du fabricant de glutathion<\/strong><br \/>\n <img fetchpriority=\"high\" decoding=\"async\" class=\"alignnone size-full wp-image-4159\" src=\"https:\/\/puyapeptide.net\/wp-content\/uploads\/2021\/12\/Glutathione-Manufacturer-Process-Flow-Chart.png\" alt=\"Organigramme du processus du fabricant de glutathion\" width=\"1458\" height=\"255\" srcset=\"https:\/\/puyapeptide.net\/wp-content\/uploads\/2021\/12\/Glutathione-Manufacturer-Process-Flow-Chart.png 1458w, https:\/\/puyapeptide.net\/wp-content\/uploads\/2021\/12\/Glutathione-Manufacturer-Process-Flow-Chart-768x134.png 768w, https:\/\/puyapeptide.net\/wp-content\/uploads\/2021\/12\/Glutathione-Manufacturer-Process-Flow-Chart-600x105.png 600w\" sizes=\"(max-width: 1458px) 100vw, 1458px\" \/><br \/>\n <strong>Glutathione CAS 70-18-8 Avantages<\/strong><br \/>\n 1.Blanchir la peau et \u00e9liminer les taches de rousseur<br \/>\n Le glutathion peut ch\u00e9later les toxines internes et externes telles que les m\u00e9taux lourds. Il peut emp\u00eacher la pigmentation de la peau. Il peut \u00e9galement inhiber la formation de nouvelle m\u00e9lanine et r\u00e9duire son oxydation. Le glutathion soulage les probl\u00e8mes de peau tels que le chloasma. Il a une grande fonction d&#39;\u00e9claircissement de la peau et d&#39;\u00e9limination des taches de rousseur. Pendant ce temps, le glutathion est un petit peptide mol\u00e9culaire. Ainsi, il peut facilement p\u00e9n\u00e9trer dans la membrane cellulaire et \u00eatre absorb\u00e9 par la peau, lorsqu&#39;il est appliqu\u00e9 \u00e0 l&#39;ext\u00e9rieur. C&#39;est un ingr\u00e9dient cosm\u00e9tique efficace pour blanchir la peau<br \/>\n2.La structure anti-oxydante<br \/>\n du glutathion contient un groupe thiol vif-SH. Il est donc facilement oxyd\u00e9 et d\u00e9shydrog\u00e9n\u00e9. Les radicaux libres peuvent \u00eatre r\u00e9duits directement en substances acides en combinant le groupe thiol avec des radicaux libres dans le corps. Il acc\u00e9l\u00e8re ainsi l&#39;\u00e9limination des radicaux libres ; et lutter contre les dommages caus\u00e9s par les radicaux libres \u00e0 la peau. En m\u00eame temps, le glutathion est une sorte d&#39;agent de radioprotection. Il peut permettre aux rayonnements de produire des radicaux libres hautement actifs dans les organismes vivants par une action directe et indirecte. Et puis le glutathion peut \u00e9liminer ces radicaux libres pour obtenir son effet antioxydant.<br \/>\n3.Isoler les PM2.5<br \/>\nLe glutathion peut isoler les dommages des PM2.5 \u00e0 la peau, lorsqu&#39;il agit sur la surface de la peau.&lt; &amp;&gt;<br \/>\n <strong>Glutathion CAS 70-18-8 Application et dosage de r\u00e9f\u00e9rence<\/strong><br \/>\n Le glutathion est principalement utilis\u00e9 dans les produits de soin de la peau blanchissants, tels que s\u00e9rum, masque facial, \u00e9mulsion, toner, essence, cr\u00e8me, etc.<\/p>\n<table>\n<tbody>\n<tr>\n<td> Produit<\/td>\n<td> Dosage de r\u00e9f\u00e9rence<\/td>\n<\/tr>\n<tr>\n<td> Glutathion 98%<\/td>\n<td> 0,1-0,5%<\/td>\n<\/tr>\n<\/tbody>\n<\/table>\n<p>Attention au glutathion CAS 70-18-8\u00a0:<br \/>\nLe glutathion ne peut pas \u00eatre utilis\u00e9 avec la vitamine B12, l&#39;acide orotique (vitamine B13) dans les cosm\u00e9tiques, ou il provoquera une irritation de la peau<\/p>\n<p> <strong>Application du glutathion CAS 70 -18-8<\/strong><br \/>\nGSH est l&#39;\u00e9tat actif principal, repr\u00e9sentant environ 95\u00a0%\u00a0; Le GSSG est inactif \u00e0 environ 1\u00a0%\u00a0;<br \/>\n Le GSH n&#39;a que des liaisons peptidiques et le GSSG contient \u00e9galement une liaison disulfure\u00a0;<br \/>\n La capacit\u00e9 de liaison du GSH est plus forte que le GSSG\u00a0;<br \/>\n La glutathion r\u00e9ductase catalyse l&#39;interconversion entre le GSH et le GSSG.&lt;&amp; &gt; Croyez que vous devriez avoir une compr\u00e9hension pr\u00e9liminaire du glutathion. Allons plus loin.<\/p>\n","protected":false},"excerpt":{"rendered":"<p>Nom du produit : Glutathion<br \/>\nCAS : 70-18-8<br \/>\nMF : C10H17N3O6S<br \/>\nMW : 307,32<br \/>\nEINECS : 200-725-4<br \/>\nMol Fichier : 70-18-8.mol<\/p>\n","protected":false},"featured_media":2164,"comment_status":"open","ping_status":"closed","template":"","meta":{"om_disable_all_campaigns":false,"_monsterinsights_skip_tracking":false,"_monsterinsights_sitenote_active":false,"_monsterinsights_sitenote_note":"","_monsterinsights_sitenote_category":0,"site-sidebar-layout":"default","site-content-layout":"default","ast-site-content-layout":"default","site-content-style":"default","site-sidebar-style":"default","ast-global-header-display":"","ast-banner-title-visibility":"","ast-main-header-display":"","ast-hfb-above-header-display":"","ast-hfb-below-header-display":"","ast-hfb-mobile-header-display":"","site-post-title":"","ast-breadcrumbs-content":"","ast-featured-img":"","footer-sml-layout":"","ast-disable-related-posts":"","theme-transparent-header-meta":"default","adv-header-id-meta":"","stick-header-meta":"","header-above-stick-meta":"","header-main-stick-meta":"","header-below-stick-meta":"","astra-migrate-meta-layouts":"default","ast-page-background-enabled":"default","ast-page-background-meta":{"desktop":{"background-color":"","background-image":"","background-repeat":"repeat","background-position":"center center","background-size":"auto","background-attachment":"scroll","background-type":"","background-media":"","overlay-type":"","overlay-color":"","overlay-opacity":"","overlay-gradient":""},"tablet":{"background-color":"","background-image":"","background-repeat":"repeat","background-position":"center center","background-size":"auto","background-attachment":"scroll","background-type":"","background-media":"","overlay-type":"","overlay-color":"","overlay-opacity":"","overlay-gradient":""},"mobile":{"background-color":"","background-image":"","background-repeat":"repeat","background-position":"center center","background-size":"auto","background-attachment":"scroll","background-type":"","background-media":"","overlay-type":"","overlay-color":"","overlay-opacity":"","overlay-gradient":""}},"ast-content-background-meta":{"desktop":{"background-color":"var(--ast-global-color-5)","background-image":"","background-repeat":"repeat","background-position":"center center","background-size":"auto","background-attachment":"scroll","background-type":"","background-media":"","overlay-type":"","overlay-color":"","overlay-opacity":"","overlay-gradient":""},"tablet":{"background-color":"var(--ast-global-color-5)","background-image":"","background-repeat":"repeat","background-position":"center center","background-size":"auto","background-attachment":"scroll","background-type":"","background-media":"","overlay-type":"","overlay-color":"","overlay-opacity":"","overlay-gradient":""},"mobile":{"background-color":"var(--ast-global-color-5)","background-image":"","background-repeat":"repeat","background-position":"center center","background-size":"auto","background-attachment":"scroll","background-type":"","background-media":"","overlay-type":"","overlay-color":"","overlay-opacity":"","overlay-gradient":""}}},"product_brand":[],"product_cat":[559],"product_tag":[2959],"class_list":{"0":"post-6828","1":"product","2":"type-product","3":"status-publish","4":"has-post-thumbnail","6":"product_cat-peptide-de-blanchiment","7":"product_tag-glutathione-powder-cas-70-18-8-for-nutrient-supplements-skin-whitening-reduced-glutathione-powder-l-glutathione-fr","8":"desktop-align-left","9":"tablet-align-left","10":"mobile-align-left","12":"first","13":"instock","14":"shipping-taxable","15":"product-type-simple"},"_links":{"self":[{"href":"https:\/\/puyapeptide.net\/fr\/wp-json\/wp\/v2\/product\/6828","targetHints":{"allow":["GET"]}}],"collection":[{"href":"https:\/\/puyapeptide.net\/fr\/wp-json\/wp\/v2\/product"}],"about":[{"href":"https:\/\/puyapeptide.net\/fr\/wp-json\/wp\/v2\/types\/product"}],"replies":[{"embeddable":true,"href":"https:\/\/puyapeptide.net\/fr\/wp-json\/wp\/v2\/comments?post=6828"}],"wp:featuredmedia":[{"embeddable":true,"href":"https:\/\/puyapeptide.net\/fr\/wp-json\/wp\/v2\/media\/2164"}],"wp:attachment":[{"href":"https:\/\/puyapeptide.net\/fr\/wp-json\/wp\/v2\/media?parent=6828"}],"wp:term":[{"taxonomy":"product_brand","embeddable":true,"href":"https:\/\/puyapeptide.net\/fr\/wp-json\/wp\/v2\/product_brand?post=6828"},{"taxonomy":"product_cat","embeddable":true,"href":"https:\/\/puyapeptide.net\/fr\/wp-json\/wp\/v2\/product_cat?post=6828"},{"taxonomy":"product_tag","embeddable":true,"href":"https:\/\/puyapeptide.net\/fr\/wp-json\/wp\/v2\/product_tag?post=6828"}],"curies":[{"name":"wp","href":"https:\/\/api.w.org\/{rel}","templated":true}]}}