{"id":6856,"date":"2021-12-16T06:08:24","date_gmt":"2021-12-16T11:08:24","guid":{"rendered":"https:\/\/puyapeptide.net\/product\/nonapeptide-1-melitane-cas-158563-45-2-est-un-peptide-eclaircissant-pour-la-peau\/"},"modified":"2021-12-16T06:08:24","modified_gmt":"2021-12-16T11:08:24","slug":"nonapeptide-1-melitane-cas-158563-45-2-est-un-peptide-eclaircissant-pour-la-peau","status":"publish","type":"product","link":"https:\/\/puyapeptide.net\/fr\/product\/nonapeptide-1-melitane-cas-158563-45-2-est-un-peptide-eclaircissant-pour-la-peau\/","title":{"rendered":"Nonapeptide-1\/ Melitane CAS 158563-45-2 est un peptide \u00e9claircissant pour la peau"},"content":{"rendered":"<h2><strong>Nonapeptide-1\/ Melitane CAS 158563-45-2 est un peptide \u00e9claircissant pour la peau<\/strong><\/h2>\n<p>Nom du produit\u00a0: Nonapeptide-1<br \/>\nSynonymes\u00a0: L-m\u00e9thionyl-L-prolyl-D-ph\u00e9nylalanyl-L-arginyl-D-tryptophyl-L-ph\u00e9nylalanyl-L-lysyl-L-prolyl-L-valinamide\u00a0; Melanostatine-5\u00a0; Melanostatine-5 (nonpeptide-1); Melanostatine\u00a0; Met-Pro-D-Phe-Arg-D-Trp-Phe-Lys-Pro-Val-NH2\u00a0; Melitane \/ Nonapeptide-1\u00a0; Nonapeptide-1, Melanostatine -5, Melanostatine;Melitan<br \/>\nCAS\u00a0: 158563-45-2<br \/>\nMF\u00a0: C61H87N15O9S<br \/>\nMW\u00a0: 1206.5<br \/>\nEINECS\u00a0:<br \/>\nCat\u00e9gories de produits\u00a0:<br \/>\nFichier Mol\u00a0: 158563-45-2 .mol<\/p>\n<p>Nonapeptide-1, \u00e9galement connu sous le nom de Meritide, est un non-peptide blanchissant contenant neuf acides amin\u00e9s. Il est principalement utilis\u00e9 pour blanchir et \u00e9claircir la peau et \u00e9liminer les taches. En inhibant la MSH (m\u00e9lanotrophine), en r\u00e9duisant la production de m\u00e9lanine et en emp\u00eachant la production excessive de m\u00e9lanine.<br \/>\n Nonapeptide-1 est un peptide \u00e9claircissant pour la peau, d\u00e9riv\u00e9 de l&#39;hormone stimulant les m\u00e9lanocytes (MSH ). Il pr\u00e9vient l&#39;activit\u00e9 de la tyrosine dans les m\u00e9lanocytes, l&#39;inhibition de la synth\u00e8se de m\u00e9lanine et aide \u00e0 uniformiser le teint de la peau en att\u00e9nuant l&#39;hyperpigmentation. Ce processus r\u00e9duit la formation de pigmentation ind\u00e9sirable, permettant le contr\u00f4le du teint et des taches brunes.<\/p>\n<p> <strong>Fonction de Nonapeptide-1\/ Melitane CAS 158563-45-2<\/strong><br \/>\n1. Nonapeptide-1 Bloque la liaison de l&#39;\u03b1-MSH avec son r\u00e9cepteur MC1R sur la membrane cellulaire du m\u00e9lanocyte. Le processus successif de production de m\u00e9lanine est arr\u00eat\u00e9.<br \/>\n2. Un agent blanchissant qui agit sur la toute premi\u00e8re \u00e9tape du m\u00e9canisme d&#39;assombrissement de la peau. Tr\u00e8s efficace.<br \/>\n3. Nonapeptide-1 Emp\u00eache l&#39;activation suppl\u00e9mentaire de la tyrosinase et bloque ainsi la synth\u00e8se de m\u00e9lanine pour un meilleur contr\u00f4le du teint et des taches brunes.<br \/>\n4. Nonapeptide-1 Emp\u00eache l&#39;hyperproduction de m\u00e9lanine<br \/>\n5. Activit\u00e9 blanchissante prouv\u00e9e sur peau asiatique<\/p>\n<p> <strong>ApplicationNonapeptide-1\/ Melitane CAS 158563-45-2<\/strong><br \/>\n\u00c9clat de la peau \/ Eclaircissement-blanchiment de la peau \/ Anti-taches<\/p>\n","protected":false},"excerpt":{"rendered":"<p>Nom du produit : Nonapeptide-1<br \/>\nCAS : 158563-45-2<br \/>\nMF : C61H87N15O9S<br \/>\nMW : 1206.5<br \/>\nMol Fichier : 158563-45-2.mol<\/p>\n","protected":false},"featured_media":2101,"comment_status":"open","ping_status":"closed","template":"","meta":{"om_disable_all_campaigns":false,"_monsterinsights_skip_tracking":false,"_monsterinsights_sitenote_active":false,"_monsterinsights_sitenote_note":"","_monsterinsights_sitenote_category":0,"site-sidebar-layout":"default","site-content-layout":"default","ast-site-content-layout":"default","site-content-style":"default","site-sidebar-style":"default","ast-global-header-display":"","ast-banner-title-visibility":"","ast-main-header-display":"","ast-hfb-above-header-display":"","ast-hfb-below-header-display":"","ast-hfb-mobile-header-display":"","site-post-title":"","ast-breadcrumbs-content":"","ast-featured-img":"","footer-sml-layout":"","ast-disable-related-posts":"","theme-transparent-header-meta":"default","adv-header-id-meta":"","stick-header-meta":"","header-above-stick-meta":"","header-main-stick-meta":"","header-below-stick-meta":"","astra-migrate-meta-layouts":"default","ast-page-background-enabled":"default","ast-page-background-meta":{"desktop":{"background-color":"","background-image":"","background-repeat":"repeat","background-position":"center center","background-size":"auto","background-attachment":"scroll","background-type":"","background-media":"","overlay-type":"","overlay-color":"","overlay-opacity":"","overlay-gradient":""},"tablet":{"background-color":"","background-image":"","background-repeat":"repeat","background-position":"center center","background-size":"auto","background-attachment":"scroll","background-type":"","background-media":"","overlay-type":"","overlay-color":"","overlay-opacity":"","overlay-gradient":""},"mobile":{"background-color":"","background-image":"","background-repeat":"repeat","background-position":"center center","background-size":"auto","background-attachment":"scroll","background-type":"","background-media":"","overlay-type":"","overlay-color":"","overlay-opacity":"","overlay-gradient":""}},"ast-content-background-meta":{"desktop":{"background-color":"var(--ast-global-color-5)","background-image":"","background-repeat":"repeat","background-position":"center center","background-size":"auto","background-attachment":"scroll","background-type":"","background-media":"","overlay-type":"","overlay-color":"","overlay-opacity":"","overlay-gradient":""},"tablet":{"background-color":"var(--ast-global-color-5)","background-image":"","background-repeat":"repeat","background-position":"center center","background-size":"auto","background-attachment":"scroll","background-type":"","background-media":"","overlay-type":"","overlay-color":"","overlay-opacity":"","overlay-gradient":""},"mobile":{"background-color":"var(--ast-global-color-5)","background-image":"","background-repeat":"repeat","background-position":"center center","background-size":"auto","background-attachment":"scroll","background-type":"","background-media":"","overlay-type":"","overlay-color":"","overlay-opacity":"","overlay-gradient":""}}},"product_brand":[],"product_cat":[559],"product_tag":[2936],"class_list":{"0":"post-6856","1":"product","2":"type-product","3":"status-publish","4":"has-post-thumbnail","6":"product_cat-peptide-de-blanchiment","7":"product_tag-nonapeptide-1-melitane-cas-158563-45-2-is-a-skin-lightening-peptide-fr","8":"desktop-align-left","9":"tablet-align-left","10":"mobile-align-left","12":"first","13":"instock","14":"shipping-taxable","15":"product-type-simple"},"_links":{"self":[{"href":"https:\/\/puyapeptide.net\/fr\/wp-json\/wp\/v2\/product\/6856","targetHints":{"allow":["GET"]}}],"collection":[{"href":"https:\/\/puyapeptide.net\/fr\/wp-json\/wp\/v2\/product"}],"about":[{"href":"https:\/\/puyapeptide.net\/fr\/wp-json\/wp\/v2\/types\/product"}],"replies":[{"embeddable":true,"href":"https:\/\/puyapeptide.net\/fr\/wp-json\/wp\/v2\/comments?post=6856"}],"wp:featuredmedia":[{"embeddable":true,"href":"https:\/\/puyapeptide.net\/fr\/wp-json\/wp\/v2\/media\/2101"}],"wp:attachment":[{"href":"https:\/\/puyapeptide.net\/fr\/wp-json\/wp\/v2\/media?parent=6856"}],"wp:term":[{"taxonomy":"product_brand","embeddable":true,"href":"https:\/\/puyapeptide.net\/fr\/wp-json\/wp\/v2\/product_brand?post=6856"},{"taxonomy":"product_cat","embeddable":true,"href":"https:\/\/puyapeptide.net\/fr\/wp-json\/wp\/v2\/product_cat?post=6856"},{"taxonomy":"product_tag","embeddable":true,"href":"https:\/\/puyapeptide.net\/fr\/wp-json\/wp\/v2\/product_tag?post=6856"}],"curies":[{"name":"wp","href":"https:\/\/api.w.org\/{rel}","templated":true}]}}