{"id":6878,"date":"2021-12-16T06:09:15","date_gmt":"2021-12-16T11:09:15","guid":{"rendered":"https:\/\/puyapeptide.net\/product\/acetyl-decapeptide-3-cas-935288-50-9-peut-penetrer-dans-le-derme-pour-augmenter-le-collagene\/"},"modified":"2021-12-16T06:09:15","modified_gmt":"2021-12-16T11:09:15","slug":"acetyl-decapeptide-3-cas-935288-50-9-peut-penetrer-dans-le-derme-pour-augmenter-le-collagene","status":"publish","type":"product","link":"https:\/\/puyapeptide.net\/fr\/product\/acetyl-decapeptide-3-cas-935288-50-9-peut-penetrer-dans-le-derme-pour-augmenter-le-collagene\/","title":{"rendered":"Acetyl Decapeptide-3 CAS 935288-50-9 peut p\u00e9n\u00e9trer dans le derme pour augmenter le collag\u00e8ne"},"content":{"rendered":"<h2><strong>Acetyl Decapeptide-3 CAS 935288-50-9 peut p\u00e9n\u00e9trer dans le derme pour augmenter le collag\u00e8ne<\/strong><\/h2>\n<p>Nom du produit\u00a0: Acetyl Decapeptide-3<br \/>\nSynonymes\u00a0: Acetyl Decapeptide-3;Acetyl Decapeptide-3\/ Decapeptide-4;L-Tyrosinamide, N-acetyl-L-tyrosyl-L-arginyl-L-seryl-L -arginyl-L-lysyl-L-tyrosyl-L-thr\u00e9onyl-L-seryl-L-tryptophyl-;Acetyl Decapeptide-3 USP\/EP\/BP;Acetyl Decapeptide-3 CAS 935288-50-9<br \/>\n CAS\u00a0: 935288-50-9<br \/>\nMF\u00a0: C68H95N19O17<br \/>\nMW\u00a0: 1450.6<br \/>\nEINECS\u00a0:<br \/>\nCat\u00e9gories de produits\u00a0:<br \/>\nMol File\u00a0: 935288-50-9.mol<\/p>\n<p>Acetyl le d\u00e9capeptide-3 peut p\u00e9n\u00e9trer dans le derme pour augmenter le collag\u00e8ne et inverser le processus de vieillissement cutan\u00e9 en se reconstruisant de l&#39;int\u00e9rieur vers l&#39;ext\u00e9rieur\u00a0; stimule la prolif\u00e9ration du collag\u00e8ne, des fibres \u00e9lastiques et de l&#39;acide hyaluronique, am\u00e9liore la teneur en eau et la r\u00e9tention d&#39;eau de la peau, augmente l&#39;\u00e9paisseur de la peau et r\u00e9duit les ridules.<br \/>\nAnti-rides et anti-\u00e2ge Am\u00e9liore la qualit\u00e9 de la peau. Des produits de soin du visage, du cou et des mains peuvent \u00eatre ajout\u00e9s aux soins de beaut\u00e9 de la peau, tels que lotion, masque facial, cr\u00e8me du matin et du soir, s\u00e9rum pour les yeux, etc.<\/p>\n<p> <strong>Fonction de l&#39;ac\u00e9tyl d\u00e9capeptide-3 CAS 935288-50-9<\/strong><br \/>\n Favorise la production de nouvelles cellules cutan\u00e9es R\u00e9duit et pr\u00e9vient les rides et ridules Vitalit\u00e9 et \u00e9nergie cutan\u00e9es normales \u00c9claircit le teint Favorise la production de nouvelles cellules cutan\u00e9es \u00c9claircit les cicatrices Favorise la production cellulaire Migration cellulaire Survie cellulaire et expression accrue de la matrice extracellulaire.&lt;&amp; &gt;1. Anti-rides et anti-\u00e2ge<br \/>\n2. Am\u00e9liorer la qualit\u00e9 de la peau<\/p>\n<p> <strong>Application de l&#39;ac\u00e9tyl d\u00e9capeptide-3 CAS 935288-50-9<\/strong><br \/>\n Produits de soin du visage, du cou et des mains, qui peuvent \u00eatre ajout\u00e9s aux produits de beaut\u00e9 de la peau, tels que lotions, masques faciaux, matin et cr\u00e8mes du soir, \u00e9lixirs pour les yeux, etc.<\/p>\n","protected":false},"excerpt":{"rendered":"<p>Nom du produit : Acetyl Decapeptide-3<br \/>\nCAS : 935288-50-9<br \/>\nMF : C68H95N19O17<br \/>\nMW : 1450.6<br \/>\nMol File : 935288-50-9.mol<\/p>\n","protected":false},"featured_media":2206,"comment_status":"open","ping_status":"closed","template":"","meta":{"om_disable_all_campaigns":false,"_monsterinsights_skip_tracking":false,"_monsterinsights_sitenote_active":false,"_monsterinsights_sitenote_note":"","_monsterinsights_sitenote_category":0,"site-sidebar-layout":"default","site-content-layout":"default","ast-site-content-layout":"default","site-content-style":"default","site-sidebar-style":"default","ast-global-header-display":"","ast-banner-title-visibility":"","ast-main-header-display":"","ast-hfb-above-header-display":"","ast-hfb-below-header-display":"","ast-hfb-mobile-header-display":"","site-post-title":"","ast-breadcrumbs-content":"","ast-featured-img":"","footer-sml-layout":"","ast-disable-related-posts":"","theme-transparent-header-meta":"default","adv-header-id-meta":"","stick-header-meta":"","header-above-stick-meta":"","header-main-stick-meta":"","header-below-stick-meta":"","astra-migrate-meta-layouts":"default","ast-page-background-enabled":"default","ast-page-background-meta":{"desktop":{"background-color":"","background-image":"","background-repeat":"repeat","background-position":"center center","background-size":"auto","background-attachment":"scroll","background-type":"","background-media":"","overlay-type":"","overlay-color":"","overlay-opacity":"","overlay-gradient":""},"tablet":{"background-color":"","background-image":"","background-repeat":"repeat","background-position":"center center","background-size":"auto","background-attachment":"scroll","background-type":"","background-media":"","overlay-type":"","overlay-color":"","overlay-opacity":"","overlay-gradient":""},"mobile":{"background-color":"","background-image":"","background-repeat":"repeat","background-position":"center center","background-size":"auto","background-attachment":"scroll","background-type":"","background-media":"","overlay-type":"","overlay-color":"","overlay-opacity":"","overlay-gradient":""}},"ast-content-background-meta":{"desktop":{"background-color":"var(--ast-global-color-5)","background-image":"","background-repeat":"repeat","background-position":"center center","background-size":"auto","background-attachment":"scroll","background-type":"","background-media":"","overlay-type":"","overlay-color":"","overlay-opacity":"","overlay-gradient":""},"tablet":{"background-color":"var(--ast-global-color-5)","background-image":"","background-repeat":"repeat","background-position":"center center","background-size":"auto","background-attachment":"scroll","background-type":"","background-media":"","overlay-type":"","overlay-color":"","overlay-opacity":"","overlay-gradient":""},"mobile":{"background-color":"var(--ast-global-color-5)","background-image":"","background-repeat":"repeat","background-position":"center center","background-size":"auto","background-attachment":"scroll","background-type":"","background-media":"","overlay-type":"","overlay-color":"","overlay-opacity":"","overlay-gradient":""}}},"product_brand":[],"product_cat":[540],"product_tag":[2916],"class_list":{"0":"post-6878","1":"product","2":"type-product","3":"status-publish","4":"has-post-thumbnail","6":"product_cat-peptide-anti-rides-et-anti-age","7":"product_tag-acetyl-decapeptide-3-cas-935288-50-9-can-penetrate-the-dermis-to-increase-collagen-fr","8":"desktop-align-left","9":"tablet-align-left","10":"mobile-align-left","12":"first","13":"instock","14":"shipping-taxable","15":"product-type-simple"},"_links":{"self":[{"href":"https:\/\/puyapeptide.net\/fr\/wp-json\/wp\/v2\/product\/6878","targetHints":{"allow":["GET"]}}],"collection":[{"href":"https:\/\/puyapeptide.net\/fr\/wp-json\/wp\/v2\/product"}],"about":[{"href":"https:\/\/puyapeptide.net\/fr\/wp-json\/wp\/v2\/types\/product"}],"replies":[{"embeddable":true,"href":"https:\/\/puyapeptide.net\/fr\/wp-json\/wp\/v2\/comments?post=6878"}],"wp:featuredmedia":[{"embeddable":true,"href":"https:\/\/puyapeptide.net\/fr\/wp-json\/wp\/v2\/media\/2206"}],"wp:attachment":[{"href":"https:\/\/puyapeptide.net\/fr\/wp-json\/wp\/v2\/media?parent=6878"}],"wp:term":[{"taxonomy":"product_brand","embeddable":true,"href":"https:\/\/puyapeptide.net\/fr\/wp-json\/wp\/v2\/product_brand?post=6878"},{"taxonomy":"product_cat","embeddable":true,"href":"https:\/\/puyapeptide.net\/fr\/wp-json\/wp\/v2\/product_cat?post=6878"},{"taxonomy":"product_tag","embeddable":true,"href":"https:\/\/puyapeptide.net\/fr\/wp-json\/wp\/v2\/product_tag?post=6878"}],"curies":[{"name":"wp","href":"https:\/\/api.w.org\/{rel}","templated":true}]}}