{"id":6926,"date":"2021-12-16T06:11:35","date_gmt":"2021-12-16T11:11:35","guid":{"rendered":"https:\/\/puyapeptide.net\/product\/palmitoyl-dipeptide-7-cas-911813-90-6-est-un-peptide-de-type-signal-qui-favorise-la-synthese-des-proteines-matricielles-et-du-collagene\/"},"modified":"2021-12-16T06:11:35","modified_gmt":"2021-12-16T11:11:35","slug":"palmitoyl-dipeptide-7-cas-911813-90-6-est-un-peptide-de-type-signal-qui-favorise-la-synthese-des-proteines-matricielles-et-du-collagene","status":"publish","type":"product","link":"https:\/\/puyapeptide.net\/fr\/product\/palmitoyl-dipeptide-7-cas-911813-90-6-est-un-peptide-de-type-signal-qui-favorise-la-synthese-des-proteines-matricielles-et-du-collagene\/","title":{"rendered":"Palmitoyl dipeptide-7 CAS 911813-90-6 est un peptide de type signal qui favorise la synth\u00e8se des prot\u00e9ines matricielles et du collag\u00e8ne"},"content":{"rendered":"<h2><strong>Palmitoyl dipeptide-7 CAS 911813-90-6 est un peptide de type signal qui favorise la synth\u00e8se des prot\u00e9ines matricielles et du collag\u00e8ne<\/strong><\/h2>\n<p>Nom du produit\u00a0: Palmitoyl dipeptide-7\/ (2S,3R)-2-[[(2S)-6-amino-2-(hexadecanoylamino)hexanoyl]amino]-3-hydroxybutano\u00efque acide<br \/>\nSynonymes\u00a0: Palmitoyl Dipeptide -7;PAL-KT;(2S,3R)-2-[[(2S)-6-amino-2-(hexad\u00e9canoylamino)hexanoyl]amino]-3-hydroxybutano\u00efque;Palmitoyl Dipeptide-7 palestrina<br \/>\nCAS\u00a0: 911813-90-6<br \/>\nMF : C26H51N3O5<br \/>\nMW : 485.7<br \/>\nEINECS :<br \/>\nCat\u00e9gories de produits :<br \/>\nMol File : 911813-90-6.mol<\/p>\n<p>Palmitoyl dipeptide- 7 est un peptide de type signal qui favorise les prot\u00e9ines matricielles, favorise la synth\u00e8se du collag\u00e8ne et peut \u00e9galement augmenter la production d&#39;\u00e9lastine, d&#39;acide hyaluronique, de glycosaminoglycane et de fibronectine. Il favorise la synth\u00e8se du collag\u00e8ne en augmentant l&#39;activit\u00e9 des cellules stromales, ce qui rend la peau plus \u00e9lastique et plus jeune.<\/p>\n<p>Palmitoyl Dipeptide-7 est l&#39;un des peptides les plus courts. Lorsqu&#39;il a \u00e9t\u00e9 test\u00e9 avec des \u00e9quivalents de peau humaine, il s&#39;est av\u00e9r\u00e9 am\u00e9liorer la diff\u00e9renciation de l&#39;\u00e9piderme, de la zone de la membrane basale et des fibroblastes dermiques. Dans les fibroblastes dermiques, le Palmitoyl Dipeptide-7 a augment\u00e9 le collag\u00e8ne I, le collag\u00e8ne IV et la fibronectine. L&#39;utilisation de peptides pour une application topique est limit\u00e9e par la nature ionique des cha\u00eenes d&#39;acides amin\u00e9s. Cependant, cela peut \u00eatre contourn\u00e9 par l&#39;incorporation d&#39;un d\u00e9riv\u00e9 lipophile, tel que le palmitoyl.<\/p>\n<p> <strong>Fonction du Palmitoyl dipeptide-7 CAS 911813 -90-6<\/strong><br \/>\nAnti-\u00e2ge\u00a0; peptides cosm\u00e9tiques<\/p>\n","protected":false},"excerpt":{"rendered":"<p>Nom du produit : Palmitoyl dipeptide-7\/ (2S,3R)-2-[[(2S)-6-amino-2-(hexad\u00e9canoylamino)hexanoyl]amino]-3-hydroxybutano\u00efque acide<br \/>\nCAS : 911813-90-6<br \/>\nMF : C26H51N3O5<br \/>\nMW : 485,7<br \/>\nMol Fichier : 911813-90-6.mol<\/p>\n","protected":false},"featured_media":2290,"comment_status":"open","ping_status":"closed","template":"","meta":{"om_disable_all_campaigns":false,"_monsterinsights_skip_tracking":false,"_monsterinsights_sitenote_active":false,"_monsterinsights_sitenote_note":"","_monsterinsights_sitenote_category":0,"site-sidebar-layout":"default","site-content-layout":"default","ast-site-content-layout":"default","site-content-style":"default","site-sidebar-style":"default","ast-global-header-display":"","ast-banner-title-visibility":"","ast-main-header-display":"","ast-hfb-above-header-display":"","ast-hfb-below-header-display":"","ast-hfb-mobile-header-display":"","site-post-title":"","ast-breadcrumbs-content":"","ast-featured-img":"","footer-sml-layout":"","ast-disable-related-posts":"","theme-transparent-header-meta":"default","adv-header-id-meta":"","stick-header-meta":"","header-above-stick-meta":"","header-main-stick-meta":"","header-below-stick-meta":"","astra-migrate-meta-layouts":"default","ast-page-background-enabled":"default","ast-page-background-meta":{"desktop":{"background-color":"","background-image":"","background-repeat":"repeat","background-position":"center center","background-size":"auto","background-attachment":"scroll","background-type":"","background-media":"","overlay-type":"","overlay-color":"","overlay-opacity":"","overlay-gradient":""},"tablet":{"background-color":"","background-image":"","background-repeat":"repeat","background-position":"center center","background-size":"auto","background-attachment":"scroll","background-type":"","background-media":"","overlay-type":"","overlay-color":"","overlay-opacity":"","overlay-gradient":""},"mobile":{"background-color":"","background-image":"","background-repeat":"repeat","background-position":"center center","background-size":"auto","background-attachment":"scroll","background-type":"","background-media":"","overlay-type":"","overlay-color":"","overlay-opacity":"","overlay-gradient":""}},"ast-content-background-meta":{"desktop":{"background-color":"var(--ast-global-color-5)","background-image":"","background-repeat":"repeat","background-position":"center center","background-size":"auto","background-attachment":"scroll","background-type":"","background-media":"","overlay-type":"","overlay-color":"","overlay-opacity":"","overlay-gradient":""},"tablet":{"background-color":"var(--ast-global-color-5)","background-image":"","background-repeat":"repeat","background-position":"center center","background-size":"auto","background-attachment":"scroll","background-type":"","background-media":"","overlay-type":"","overlay-color":"","overlay-opacity":"","overlay-gradient":""},"mobile":{"background-color":"var(--ast-global-color-5)","background-image":"","background-repeat":"repeat","background-position":"center center","background-size":"auto","background-attachment":"scroll","background-type":"","background-media":"","overlay-type":"","overlay-color":"","overlay-opacity":"","overlay-gradient":""}}},"product_brand":[],"product_cat":[540],"product_tag":[2878],"class_list":{"0":"post-6926","1":"product","2":"type-product","3":"status-publish","4":"has-post-thumbnail","6":"product_cat-peptide-anti-rides-et-anti-age","7":"product_tag-palmitoyl-dipeptide-7-cas-911813-90-6-is-a-signal-like-peptide-that-promotes-matrix-protein-and-collagen-synthesis-fr","8":"desktop-align-left","9":"tablet-align-left","10":"mobile-align-left","12":"first","13":"instock","14":"shipping-taxable","15":"product-type-simple"},"_links":{"self":[{"href":"https:\/\/puyapeptide.net\/fr\/wp-json\/wp\/v2\/product\/6926","targetHints":{"allow":["GET"]}}],"collection":[{"href":"https:\/\/puyapeptide.net\/fr\/wp-json\/wp\/v2\/product"}],"about":[{"href":"https:\/\/puyapeptide.net\/fr\/wp-json\/wp\/v2\/types\/product"}],"replies":[{"embeddable":true,"href":"https:\/\/puyapeptide.net\/fr\/wp-json\/wp\/v2\/comments?post=6926"}],"wp:featuredmedia":[{"embeddable":true,"href":"https:\/\/puyapeptide.net\/fr\/wp-json\/wp\/v2\/media\/2290"}],"wp:attachment":[{"href":"https:\/\/puyapeptide.net\/fr\/wp-json\/wp\/v2\/media?parent=6926"}],"wp:term":[{"taxonomy":"product_brand","embeddable":true,"href":"https:\/\/puyapeptide.net\/fr\/wp-json\/wp\/v2\/product_brand?post=6926"},{"taxonomy":"product_cat","embeddable":true,"href":"https:\/\/puyapeptide.net\/fr\/wp-json\/wp\/v2\/product_cat?post=6926"},{"taxonomy":"product_tag","embeddable":true,"href":"https:\/\/puyapeptide.net\/fr\/wp-json\/wp\/v2\/product_tag?post=6926"}],"curies":[{"name":"wp","href":"https:\/\/api.w.org\/{rel}","templated":true}]}}