{"id":6935,"date":"2021-12-16T06:11:37","date_gmt":"2021-12-16T11:11:37","guid":{"rendered":"https:\/\/puyapeptide.net\/product\/vente-chaude-peptide-cosmetique-l-carnosine-carnosine-cas-305-84-0\/"},"modified":"2021-12-16T06:11:37","modified_gmt":"2021-12-16T11:11:37","slug":"vente-chaude-peptide-cosmetique-l-carnosine-carnosine-cas-305-84-0","status":"publish","type":"product","link":"https:\/\/puyapeptide.net\/fr\/product\/vente-chaude-peptide-cosmetique-l-carnosine-carnosine-cas-305-84-0\/","title":{"rendered":"Vente chaude Peptide Cosm\u00e9tique L-Carnosine\/Carnosine CAS 305-84-0"},"content":{"rendered":"<h2><strong>Vente chaude Peptide Cosm\u00e9tique L-Carnosine\/Carnosine CAS 305-84-0<\/strong><\/h2>\n<p>Nom du produit\u00a0: L-Carnosine\/Carnosine<br \/>\nSynonymes\u00a0: NB-ALANYL-L-HISTIDINE;H-BETA-ALA-HIS-OH;L-IGNOTINE;L-BETA-ALANINE HISTIDINE;L-CARNOSINE;B -ALANYL-L-HISTIDINE;BETA-AH;BETA-ALANYL-L-HISTIDINE<br \/>\nCAS\u00a0: 305-84-0<br \/>\nMF\u00a0: C9H14N4O3<br \/>\nMW\u00a0: 226,23<br \/>\nEINECS\u00a0: 206-169-9<br \/>\nCat\u00e9gories de produits\u00a0:\u00a0additif alimentaire;amino\u00a0;acides amin\u00e9s\u00a0;chiral\u00a0;suppl\u00e9ments nutritionnels\u00a0;API\u00a0;d\u00e9riv\u00e9s d&#39;acides amin\u00e9s\u00a0;cosmestique<br \/>\nMol File\u00a0: 305-84-0.mol<\/p>\n<p>La carnosine est un dipeptide comprenant b\u00eata-alanine et histidine. On le trouve dans les tissus musculaires et autres. Il a une forte propri\u00e9t\u00e9 oxydante car il peut pi\u00e9ger \u00e0 la fois les esp\u00e8ces r\u00e9actives de l&#39;oxyg\u00e8ne (ROS) et les esp\u00e8ces r\u00e9actives de l&#39;azote (RNS). La carnosine agit comme un agent tampon cytosolique et comme un r\u00e9gulateur de la fonction des macrophages.1 Attribuant \u00e0 sa capacit\u00e9 \u00e0 former des complexes avec des m\u00e9taux de transition, elle est utilis\u00e9e pour r\u00e9guler la teneur en ions de m\u00e9taux de transition dans les fluides biologiques et les tissus.<br \/>\nLa carnosine peut emp\u00eacher vieillissement et peut \u00eatre utilis\u00e9 pour pr\u00e9venir ou traiter les complications du diab\u00e8te telles que les l\u00e9sions nerveuses, les troubles oculaires (cataractes) et les probl\u00e8mes r\u00e9naux. Les actions th\u00e9rapeutiques potentielles de la carnosine comprennent des effets antihypertenseurs, une immunomodulation, une cicatrisation et des effets antitumoraux\/chimiopr\u00e9ventifs. Le compos\u00e9 ch\u00e9lat\u00e9 d&#39;ions zinc et de carnosine a \u00e9t\u00e9 utilis\u00e9 au Japon pour traiter la gastrite, les ulc\u00e8res gastriques et les sympt\u00f4mes de la dyspepsie.<\/p>\n<p> <strong>L-Carnosine\/Carnosine CAS 305-84-0 Propri\u00e9t\u00e9s chimiques<\/strong><br \/>\nPoint de fusion 253 \u00b0C (d\u00e9c.) (lit.)<br \/>\nalpha 20,9 \u00ba (c=1,5, H2O)<br \/>\nPoint d&#39;\u00e9bullition 367,84\u00b0C (estimation approximative)<br \/>\ndensit\u00e9 1,2673 (estimation approximative)<br \/>\nindice de r\u00e9fraction 21 \u00b0 ( C=2, H2O)<br \/>\ntemp. -20\u00b0C<br \/>\npka 2.62(\u00e0 25\u2103)<br \/>\nforme cristalline<br \/>\ncouleur blanche<br \/>\nSolubilit\u00e9 dans l&#39;eau presque transparente<br \/>\nMerck 14,1850<br \/>\nBRN 87671<br \/>\nStabilit\u00e9\u00a0: Stable, mais peut \u00eatre sensible \u00e0 la chaleur &#8211; conserver au froid. Incompatible avec les agents oxydants forts.<br \/>\nInChIKey CQOVPNPJLQNMDC-ZETCQYMHSA-N<br \/>\nCAS DataBase Reference 305-84-0(CAS DataBase Reference)<br \/>\nEPA Substance Registry System L-Histidine, .beta.-alanyl- (305 -84-0)<\/p>\n<p> <strong>Fonction de L-Carnosine\/Carnosine CAS 305-84-0<\/strong><br \/>\n1. Nouveaux additifs alimentaires\u00a0;<br \/>\n2. La carnosine est une composition de -alanine et de dipeptide d&#39;histidine, pouvant \u00eatre synth\u00e9tis\u00e9e chez les animaux\u00a0;<br \/>\n3. Inhibe l&#39;oxydation des graisses et prot\u00e8ge le r\u00f4le de la chair\u00a0;<br \/>\n4. Le peptide cosm\u00e9tique peut pr\u00e9venir le vieillissement cutan\u00e9 et l&#39;effet de blanchiment de la peau\u00a0;<br \/>\n5. Traiter la cataracte s\u00e9nile\u00a0;<br \/>\n6. Peut favoriser la cicatrisation <\/p>\n<p> <strong>Application de L-Carnosine\/Carnosine CAS 305-84-0<\/strong><br \/>\n1. Peut se lier \u00e0 des compos\u00e9s m\u00e9talliques nocifs et les inactiver.<br \/>\n2. Prot\u00e9gez les cellules saines des dommages caus\u00e9s par les radiations.<br \/>\n3. Agit comme un catalyseur pour am\u00e9liorer le travail de nombreux autres nutriments et compos\u00e9s.<\/p>\n","protected":false},"excerpt":{"rendered":"<p>Nom du produit : L-Carnosine\/Carnosine<br \/>\nCAS : 305-84-0<br \/>\nMF : C9H14N4O3<br \/>\nMW : 226.23<br \/>\nEINECS : 206-169-9<br \/>\nMol File : 305-84- 0.mol<\/p>\n","protected":false},"featured_media":2164,"comment_status":"open","ping_status":"closed","template":"","meta":{"om_disable_all_campaigns":false,"_monsterinsights_skip_tracking":false,"_monsterinsights_sitenote_active":false,"_monsterinsights_sitenote_note":"","_monsterinsights_sitenote_category":0,"site-sidebar-layout":"default","site-content-layout":"default","ast-site-content-layout":"default","site-content-style":"default","site-sidebar-style":"default","ast-global-header-display":"","ast-banner-title-visibility":"","ast-main-header-display":"","ast-hfb-above-header-display":"","ast-hfb-below-header-display":"","ast-hfb-mobile-header-display":"","site-post-title":"","ast-breadcrumbs-content":"","ast-featured-img":"","footer-sml-layout":"","ast-disable-related-posts":"","theme-transparent-header-meta":"default","adv-header-id-meta":"","stick-header-meta":"","header-above-stick-meta":"","header-main-stick-meta":"","header-below-stick-meta":"","astra-migrate-meta-layouts":"default","ast-page-background-enabled":"default","ast-page-background-meta":{"desktop":{"background-color":"","background-image":"","background-repeat":"repeat","background-position":"center center","background-size":"auto","background-attachment":"scroll","background-type":"","background-media":"","overlay-type":"","overlay-color":"","overlay-opacity":"","overlay-gradient":""},"tablet":{"background-color":"","background-image":"","background-repeat":"repeat","background-position":"center center","background-size":"auto","background-attachment":"scroll","background-type":"","background-media":"","overlay-type":"","overlay-color":"","overlay-opacity":"","overlay-gradient":""},"mobile":{"background-color":"","background-image":"","background-repeat":"repeat","background-position":"center center","background-size":"auto","background-attachment":"scroll","background-type":"","background-media":"","overlay-type":"","overlay-color":"","overlay-opacity":"","overlay-gradient":""}},"ast-content-background-meta":{"desktop":{"background-color":"var(--ast-global-color-5)","background-image":"","background-repeat":"repeat","background-position":"center center","background-size":"auto","background-attachment":"scroll","background-type":"","background-media":"","overlay-type":"","overlay-color":"","overlay-opacity":"","overlay-gradient":""},"tablet":{"background-color":"var(--ast-global-color-5)","background-image":"","background-repeat":"repeat","background-position":"center center","background-size":"auto","background-attachment":"scroll","background-type":"","background-media":"","overlay-type":"","overlay-color":"","overlay-opacity":"","overlay-gradient":""},"mobile":{"background-color":"var(--ast-global-color-5)","background-image":"","background-repeat":"repeat","background-position":"center center","background-size":"auto","background-attachment":"scroll","background-type":"","background-media":"","overlay-type":"","overlay-color":"","overlay-opacity":"","overlay-gradient":""}}},"product_brand":[],"product_cat":[540],"product_tag":[2906],"class_list":{"0":"post-6935","1":"product","2":"type-product","3":"status-publish","4":"has-post-thumbnail","6":"product_cat-peptide-anti-rides-et-anti-age","7":"product_tag-hot-sale-cosmetic-peptide-l-carnosine-carnosine-cas-305-84-0-fr","8":"desktop-align-left","9":"tablet-align-left","10":"mobile-align-left","12":"first","13":"instock","14":"shipping-taxable","15":"product-type-simple"},"_links":{"self":[{"href":"https:\/\/puyapeptide.net\/fr\/wp-json\/wp\/v2\/product\/6935","targetHints":{"allow":["GET"]}}],"collection":[{"href":"https:\/\/puyapeptide.net\/fr\/wp-json\/wp\/v2\/product"}],"about":[{"href":"https:\/\/puyapeptide.net\/fr\/wp-json\/wp\/v2\/types\/product"}],"replies":[{"embeddable":true,"href":"https:\/\/puyapeptide.net\/fr\/wp-json\/wp\/v2\/comments?post=6935"}],"wp:featuredmedia":[{"embeddable":true,"href":"https:\/\/puyapeptide.net\/fr\/wp-json\/wp\/v2\/media\/2164"}],"wp:attachment":[{"href":"https:\/\/puyapeptide.net\/fr\/wp-json\/wp\/v2\/media?parent=6935"}],"wp:term":[{"taxonomy":"product_brand","embeddable":true,"href":"https:\/\/puyapeptide.net\/fr\/wp-json\/wp\/v2\/product_brand?post=6935"},{"taxonomy":"product_cat","embeddable":true,"href":"https:\/\/puyapeptide.net\/fr\/wp-json\/wp\/v2\/product_cat?post=6935"},{"taxonomy":"product_tag","embeddable":true,"href":"https:\/\/puyapeptide.net\/fr\/wp-json\/wp\/v2\/product_tag?post=6935"}],"curies":[{"name":"wp","href":"https:\/\/api.w.org\/{rel}","templated":true}]}}