{"id":6998,"date":"2021-12-16T06:38:09","date_gmt":"2021-12-16T11:38:09","guid":{"rendered":"https:\/\/puyapeptide.net\/product\/palmitoyl-tripeptide-38-cas-1447824-23-8-est-un-puissant-peptide-anti-rides\/"},"modified":"2021-12-16T06:38:09","modified_gmt":"2021-12-16T11:38:09","slug":"palmitoyl-tripeptide-38-cas-1447824-23-8-est-un-puissant-peptide-anti-rides","status":"publish","type":"product","link":"https:\/\/puyapeptide.net\/fr\/product\/palmitoyl-tripeptide-38-cas-1447824-23-8-est-un-puissant-peptide-anti-rides\/","title":{"rendered":"Palmitoyl tripeptide-38 CAS 1447824-23-8 est un puissant peptide anti-rides"},"content":{"rendered":"<h2><strong>Palmitoyl tripeptide-38 CAS 1447824-23-8 est un puissant peptide anti-rides<\/strong><\/h2>\n<p>Nom du produit\u00a0: Palmitoyl Tripeptide 38<br \/>\nS\u00e9quence\u00a0: Pal-Lys-Met(O2)-Lys-OH<br \/>\nSynonymes\u00a0: Matrixyl synthsis\u00a0;Palmitoyl Tripeptide 38\u00a0;matrixyl synthe6\u00a0;Palmitoyl Tripeptide 38 USP\/EP\/BP\u00a0; Exp\u00e9dition s\u00fbre et livraison rapide Palmitoyl Tripeptide 38 poudre CAS 1447824-23-8 de Biocar;matrixyl synthe6 Matrixyl synthsis<br \/>\nCAS: 1447824-23-8<br \/>\nMF:<br \/>\nMW: 0<br \/>\nEINECS: 7824- 223-8<br \/>\nCat\u00e9gories de produits :<br \/>\nMol File : Mol File<\/p>\n<p>Palmitoyl Tripeptide-38 est compos\u00e9 de trois acides amin\u00e9s et est un lipopeptide dioxyg\u00e9n\u00e9. Ce peptide est inspir\u00e9 d&#39;un tripeptide naturellement pr\u00e9sent dans le collag\u00e8ne VI et la laminine. Il reconstruit la peau de l&#39;int\u00e9rieur, l\u00e0 o\u00f9 cela est n\u00e9cessaire, pour apaiser la peau liss\u00e9e des rides, et est particuli\u00e8rement efficace pour les rides du front, les pattes d&#39;oie, les lignes de la t\u00eate et du cou.<\/p>\n<p>Palmitoyl Tripeptide-38 est le produit de r\u00e9action d&#39;acide palmitique et de Tripeptide-38.<\/p>\n<p>Il p\u00e9n\u00e8tre profond\u00e9ment dans le derme pour stimuler la production de collag\u00e8ne et la synth\u00e8se d&#39;acide hyaluronique, en particulier sur le front.<\/p>\n<p> <strong>Fonction et application du Palmitoyl Tripeptide 38<\/strong><br \/>\n1. Le Palmitoyl Tripeptide-38 est un puissant peptide anti-rides agissant sur 6 essentiels de la reconstruction cutan\u00e9e et test\u00e9 avec succ\u00e8s sur le front.<br \/>\n2. L&#39;extrait de Palmitoyl Tripeptide-38 et de Portulaca pilosa peut \u00eatre utilis\u00e9 pour repulper les l\u00e8vres par synth\u00e8se d&#39;acide hyaluronique. Il am\u00e9liore la texture interne et superficielle des l\u00e8vres avec un impact visible sur la forme des l\u00e8vres. Ce produit augmente le volume, l&#39;hydratation et la douceur des l\u00e8vres. Il offre des effets anti-vieillissement et anti-affaissement.<\/p>\n<p> <strong>M\u00e9canisme de Palmitoyl tripeptide-38 CAS 1447824-23-8<\/strong> <\/p>\n<p> Palmitoyl tripeptide-38 a un effet de type matrikine, qui peut favoriser la synth\u00e8se du collag\u00e8ne I,III,IV, de la fibronectine, de l&#39;acide hyaluronique et de la laminine 5, les six principaux composants de la matrice cutan\u00e9e et de la jonction \u00e9pidermique-dermique (DEJ)\u00a0; par cons\u00e9quent, le palmitoyl tripeptide-38 peut reconstruire la structure du maillage de la peau et apaiser les rides et lisser la peau.<\/p>\n<p>Test clinique sur l&#39;efficacit\u00e9 de retarder le vieillissement et de lutter contre les rides chez 25 femmes volontaires, \u00e2g\u00e9es de 42 \u00e0 70 ans, pour les rides du front et les rides des yeux. Apr\u00e8s deux mois d&#39;application biquotidienne d&#39;une solution contenant 2% de tripeptides.<\/p>\n<p>Qualit\u00e9 de la peau du front am\u00e9lior\u00e9e de 28%, volume des rides r\u00e9duit de 31%, profondeur maximale des rides r\u00e9duite de 16,3%<\/p>\n<p> La qualit\u00e9 de la peau des coins des yeux a \u00e9t\u00e9 am\u00e9lior\u00e9e de 12,6 %, le volume des pattes d&#39;oie a \u00e9t\u00e9 r\u00e9duit de 21,1 %, la surface des rides a \u00e9t\u00e9 r\u00e9duite de 28,5 %, la profondeur des rides a \u00e9t\u00e9 r\u00e9duite de 15 % en moyenne, et la propagation l&#39;angle des rides a \u00e9t\u00e9 augment\u00e9 de 8,4%<\/p>\n<p>Apr\u00e8s le test, il est \u00e9vident que le palmitoyl tripeptide-38 a toujours un effet tr\u00e8s \u00e9vident sur l&#39;\u00e9limination des rides.<\/p>\n","protected":false},"excerpt":{"rendered":"<p>Nom du produit\u00a0: Palmitoyl Tripeptide 38<br \/>\nS\u00e9quence\u00a0: Pal-Lys-Met(O2)-Lys-OH<br \/>\nCAS\u00a0: 1447824-23-8<br \/>\nFichier Mol\u00a0: Fichier Mol<\/p>\n","protected":false},"featured_media":2206,"comment_status":"open","ping_status":"closed","template":"","meta":{"om_disable_all_campaigns":false,"_monsterinsights_skip_tracking":false,"_monsterinsights_sitenote_active":false,"_monsterinsights_sitenote_note":"","_monsterinsights_sitenote_category":0,"site-sidebar-layout":"default","site-content-layout":"default","ast-site-content-layout":"default","site-content-style":"default","site-sidebar-style":"default","ast-global-header-display":"","ast-banner-title-visibility":"","ast-main-header-display":"","ast-hfb-above-header-display":"","ast-hfb-below-header-display":"","ast-hfb-mobile-header-display":"","site-post-title":"","ast-breadcrumbs-content":"","ast-featured-img":"","footer-sml-layout":"","ast-disable-related-posts":"","theme-transparent-header-meta":"default","adv-header-id-meta":"","stick-header-meta":"","header-above-stick-meta":"","header-main-stick-meta":"","header-below-stick-meta":"","astra-migrate-meta-layouts":"default","ast-page-background-enabled":"default","ast-page-background-meta":{"desktop":{"background-color":"","background-image":"","background-repeat":"repeat","background-position":"center center","background-size":"auto","background-attachment":"scroll","background-type":"","background-media":"","overlay-type":"","overlay-color":"","overlay-opacity":"","overlay-gradient":""},"tablet":{"background-color":"","background-image":"","background-repeat":"repeat","background-position":"center center","background-size":"auto","background-attachment":"scroll","background-type":"","background-media":"","overlay-type":"","overlay-color":"","overlay-opacity":"","overlay-gradient":""},"mobile":{"background-color":"","background-image":"","background-repeat":"repeat","background-position":"center center","background-size":"auto","background-attachment":"scroll","background-type":"","background-media":"","overlay-type":"","overlay-color":"","overlay-opacity":"","overlay-gradient":""}},"ast-content-background-meta":{"desktop":{"background-color":"var(--ast-global-color-5)","background-image":"","background-repeat":"repeat","background-position":"center center","background-size":"auto","background-attachment":"scroll","background-type":"","background-media":"","overlay-type":"","overlay-color":"","overlay-opacity":"","overlay-gradient":""},"tablet":{"background-color":"var(--ast-global-color-5)","background-image":"","background-repeat":"repeat","background-position":"center center","background-size":"auto","background-attachment":"scroll","background-type":"","background-media":"","overlay-type":"","overlay-color":"","overlay-opacity":"","overlay-gradient":""},"mobile":{"background-color":"var(--ast-global-color-5)","background-image":"","background-repeat":"repeat","background-position":"center center","background-size":"auto","background-attachment":"scroll","background-type":"","background-media":"","overlay-type":"","overlay-color":"","overlay-opacity":"","overlay-gradient":""}}},"product_brand":[],"product_cat":[540],"product_tag":[2752],"class_list":{"0":"post-6998","1":"product","2":"type-product","3":"status-publish","4":"has-post-thumbnail","6":"product_cat-peptide-anti-rides-et-anti-age","7":"product_tag-palmitoyl-tripeptide-38-cas-1447824-23-8-is-a-powerful-anti-wrinkle-peptide-fr","8":"desktop-align-left","9":"tablet-align-left","10":"mobile-align-left","12":"first","13":"instock","14":"shipping-taxable","15":"product-type-simple"},"_links":{"self":[{"href":"https:\/\/puyapeptide.net\/fr\/wp-json\/wp\/v2\/product\/6998","targetHints":{"allow":["GET"]}}],"collection":[{"href":"https:\/\/puyapeptide.net\/fr\/wp-json\/wp\/v2\/product"}],"about":[{"href":"https:\/\/puyapeptide.net\/fr\/wp-json\/wp\/v2\/types\/product"}],"replies":[{"embeddable":true,"href":"https:\/\/puyapeptide.net\/fr\/wp-json\/wp\/v2\/comments?post=6998"}],"wp:featuredmedia":[{"embeddable":true,"href":"https:\/\/puyapeptide.net\/fr\/wp-json\/wp\/v2\/media\/2206"}],"wp:attachment":[{"href":"https:\/\/puyapeptide.net\/fr\/wp-json\/wp\/v2\/media?parent=6998"}],"wp:term":[{"taxonomy":"product_brand","embeddable":true,"href":"https:\/\/puyapeptide.net\/fr\/wp-json\/wp\/v2\/product_brand?post=6998"},{"taxonomy":"product_cat","embeddable":true,"href":"https:\/\/puyapeptide.net\/fr\/wp-json\/wp\/v2\/product_cat?post=6998"},{"taxonomy":"product_tag","embeddable":true,"href":"https:\/\/puyapeptide.net\/fr\/wp-json\/wp\/v2\/product_tag?post=6998"}],"curies":[{"name":"wp","href":"https:\/\/api.w.org\/{rel}","templated":true}]}}