{"id":7010,"date":"2021-12-16T06:38:53","date_gmt":"2021-12-16T11:38:53","guid":{"rendered":"https:\/\/puyapeptide.net\/product\/hexapeptide-9-cleatide-cas-1228371-11-6-it-is-a-very-stable-collagen-peptide\/"},"modified":"2021-12-18T02:29:46","modified_gmt":"2021-12-18T07:29:46","slug":"hexapeptide-9-cleatide-cas-1228371-11-6-it-is-a-very-stable-collagen-peptide","status":"publish","type":"product","link":"https:\/\/puyapeptide.net\/fr\/product\/hexapeptide-9-cleatide-cas-1228371-11-6-it-is-a-very-stable-collagen-peptide\/","title":{"rendered":"Hexapeptide-9\/ Cleatide CAS 1228371-11-6 C&#39;est un peptide de collag\u00e8ne tr\u00e8s stable"},"content":{"rendered":"<h2><strong>Hexapeptide-9\/ Cleatide CAS 1228371-11-6 C&#39;est un peptide de collag\u00e8ne tr\u00e8s stable<\/strong><\/h2>\n<p>Nom du produit\u00a0: Hexapeptide 9<br \/>\nSynonymes\u00a0: Collaxyl;Hexapeptide 9;Collaxyl III\/Hexapeptide-9;Hexapeptide-9\/collaxyl;Hexapeptide-9 (Cleatide);Hexapeptide 9 fandachem;Hexapeptide 9 poudre;Hexapeptide 9 USP\/ EP\/BP<br \/>\nCAS : 1228371-11-6<br \/>\nMF :<br \/>\nMW : 0<br \/>\nEINECS :<br \/>\nCat\u00e9gories de produits :<br \/>\nMol File : Mol File<\/p>\n<p>Hexapeptide -9 est un peptide qui, en un mot, force la peau \u00e0 se gu\u00e9rir. Il joue le r\u00f4le d&#39;un messager qui d\u00e9clenche rapidement la r\u00e9g\u00e9n\u00e9ration de la peau pour ses cellules endommag\u00e9es.<br \/>\nIl y a eu une exp\u00e9rience r\u00e9alis\u00e9e par les fabricants de Hexapeptide-9 sur un morceau de peau MORT. Ils ont d\u00e9chir\u00e9 la peau pour simuler les dommages caus\u00e9s aux cellules lors d&#39;une blessure, comme des pouss\u00e9es d&#39;acn\u00e9 r\u00e9p\u00e9t\u00e9es.<br \/>\nLes scientifiques ont appliqu\u00e9 Hexapeptide-9 1 fois et l&#39;ont laiss\u00e9 sur la peau morte pendant 72 heures. C&#39;est l&#39;image de l&#39;exp\u00e9rience, vue au microscope. N&#39;oubliez pas que c&#39;\u00e9tait sur la peau morte, alors imaginez bien qu&#39;il peut fonctionner sur la peau vivante.<\/p>\n<p>L&#39;hexapeptide-9 peut \u00eatre compos\u00e9 de six acides amin\u00e9s et est un peptide de collag\u00e8ne tr\u00e8s stable. La structure de ce peptide est pr\u00e9sente dans la structure du collag\u00e8ne IV et XII (deux collag\u00e8nes cl\u00e9s de la membrane basale) dans le corps humain. Hexapeptide-9Chemicalbook pr\u00e9sente un effet r\u00e9parateur anti-rides complet et significatif gr\u00e2ce \u00e0 cette structure, et a un effet tr\u00e8s particulier sur la r\u00e9paration des marques d&#39;acn\u00e9. En outre, l&#39;hexapeptide-9 a \u00e9galement un effet cosm\u00e9tique important dans l&#39;\u00e9limination des rides des yeux et des pattes d&#39;oie autour des yeux.<\/p>\n<p> <strong>Fonction et application de l&#39;Hexapeptide-9\/ Cleatide CAS 1228371-11-6<\/strong><br \/>\n1\u3001Augmentation collag\u00e8ne de type I<br \/>\n2\u3001Augmenter le collag\u00e8ne de type IV<br \/>\n3\u3001Augmenter la laminine-5<br \/>\n4\u3001Augmenter l&#39;int\u00e9grine<br \/>\n5\u3001Favoriser la diff\u00e9renciation et la maturation des cellules \u00e9pidermiques<br \/>\n6\u3001Favoriser la r\u00e9g\u00e9n\u00e9ration cutan\u00e9e &lt;&amp; &gt;7\u3001R\u00e9duire les rides<\/p>\n<p> <strong>Hexapeptide-9\/ Cleatide CAS 1228371-11-6 Avantages<\/strong><br \/>\n1.Hexapeptide-9 a un effet de r\u00e9duction des rides significatif.<br \/>\n2.Hexapeptide-9 a la peau effet r\u00e9parateur.<\/p>\n<p>La science a prouv\u00e9 que les peptides peuvent aider \u00e0 g\u00e9rer les rides de votre peau et \u00e0 inverser les signes du vieillissement.<br \/>\nLa peau humaine est principalement compos\u00e9e de collag\u00e8ne. Le collag\u00e8ne est une prot\u00e9ine compos\u00e9e de longs segments d&#39;acides amin\u00e9s dispos\u00e9s en cha\u00eene. Le collag\u00e8ne fournit une base et une \u00e9paisseur \u00e0 la peau.<br \/>\nLes femmes de moins de 30 ans ont beaucoup de collag\u00e8ne, ce qui donne une peau lisse et ferme.<br \/>\nLe reste d&#39;entre nous a moins de collag\u00e8ne &#8211; la peau a tendance \u00e0 \u00eatre plus fine, r\u00e9v\u00e9lant plus de rides.&lt;&amp; &gt;Lorsque le collag\u00e8ne se d\u00e9compose, de courts segments d&#39;acides amin\u00e9s se forment. Ce sont les minuscules prot\u00e9ines et mol\u00e9cules actives appel\u00e9es peptides. Les peptides dans les soins de la peau peuvent offrir des avantages anti-\u00e2ge importants.<\/p>\n","protected":false},"excerpt":{"rendered":"<p>Nom du produit\u00a0: Hexapeptide 9<br \/>\nCAS\u00a0: 1228371-11-6<br \/>\nFichier Mol\u00a0: Fichier Mol<\/p>\n","protected":false},"featured_media":2101,"comment_status":"open","ping_status":"closed","template":"","meta":{"om_disable_all_campaigns":false,"_monsterinsights_skip_tracking":false,"_monsterinsights_sitenote_active":false,"_monsterinsights_sitenote_note":"","_monsterinsights_sitenote_category":0,"site-sidebar-layout":"default","site-content-layout":"default","ast-site-content-layout":"default","site-content-style":"default","site-sidebar-style":"default","ast-global-header-display":"","ast-banner-title-visibility":"","ast-main-header-display":"","ast-hfb-above-header-display":"","ast-hfb-below-header-display":"","ast-hfb-mobile-header-display":"","site-post-title":"","ast-breadcrumbs-content":"","ast-featured-img":"","footer-sml-layout":"","ast-disable-related-posts":"","theme-transparent-header-meta":"default","adv-header-id-meta":"","stick-header-meta":"","header-above-stick-meta":"","header-main-stick-meta":"","header-below-stick-meta":"","astra-migrate-meta-layouts":"default","ast-page-background-enabled":"default","ast-page-background-meta":{"desktop":{"background-color":"","background-image":"","background-repeat":"repeat","background-position":"center center","background-size":"auto","background-attachment":"scroll","background-type":"","background-media":"","overlay-type":"","overlay-color":"","overlay-opacity":"","overlay-gradient":""},"tablet":{"background-color":"","background-image":"","background-repeat":"repeat","background-position":"center center","background-size":"auto","background-attachment":"scroll","background-type":"","background-media":"","overlay-type":"","overlay-color":"","overlay-opacity":"","overlay-gradient":""},"mobile":{"background-color":"","background-image":"","background-repeat":"repeat","background-position":"center center","background-size":"auto","background-attachment":"scroll","background-type":"","background-media":"","overlay-type":"","overlay-color":"","overlay-opacity":"","overlay-gradient":""}},"ast-content-background-meta":{"desktop":{"background-color":"var(--ast-global-color-5)","background-image":"","background-repeat":"repeat","background-position":"center center","background-size":"auto","background-attachment":"scroll","background-type":"","background-media":"","overlay-type":"","overlay-color":"","overlay-opacity":"","overlay-gradient":""},"tablet":{"background-color":"var(--ast-global-color-5)","background-image":"","background-repeat":"repeat","background-position":"center center","background-size":"auto","background-attachment":"scroll","background-type":"","background-media":"","overlay-type":"","overlay-color":"","overlay-opacity":"","overlay-gradient":""},"mobile":{"background-color":"var(--ast-global-color-5)","background-image":"","background-repeat":"repeat","background-position":"center center","background-size":"auto","background-attachment":"scroll","background-type":"","background-media":"","overlay-type":"","overlay-color":"","overlay-opacity":"","overlay-gradient":""}}},"product_brand":[],"product_cat":[540],"product_tag":[2716],"class_list":{"0":"post-7010","1":"product","2":"type-product","3":"status-publish","4":"has-post-thumbnail","6":"product_cat-peptide-anti-rides-et-anti-age","7":"product_tag-hexapeptide-9-cleatide-cas-1228371-11-6-it-is-a-very-stable-collagen-peptide-fr","8":"desktop-align-left","9":"tablet-align-left","10":"mobile-align-left","12":"first","13":"instock","14":"shipping-taxable","15":"product-type-simple"},"_links":{"self":[{"href":"https:\/\/puyapeptide.net\/fr\/wp-json\/wp\/v2\/product\/7010","targetHints":{"allow":["GET"]}}],"collection":[{"href":"https:\/\/puyapeptide.net\/fr\/wp-json\/wp\/v2\/product"}],"about":[{"href":"https:\/\/puyapeptide.net\/fr\/wp-json\/wp\/v2\/types\/product"}],"replies":[{"embeddable":true,"href":"https:\/\/puyapeptide.net\/fr\/wp-json\/wp\/v2\/comments?post=7010"}],"wp:featuredmedia":[{"embeddable":true,"href":"https:\/\/puyapeptide.net\/fr\/wp-json\/wp\/v2\/media\/2101"}],"wp:attachment":[{"href":"https:\/\/puyapeptide.net\/fr\/wp-json\/wp\/v2\/media?parent=7010"}],"wp:term":[{"taxonomy":"product_brand","embeddable":true,"href":"https:\/\/puyapeptide.net\/fr\/wp-json\/wp\/v2\/product_brand?post=7010"},{"taxonomy":"product_cat","embeddable":true,"href":"https:\/\/puyapeptide.net\/fr\/wp-json\/wp\/v2\/product_cat?post=7010"},{"taxonomy":"product_tag","embeddable":true,"href":"https:\/\/puyapeptide.net\/fr\/wp-json\/wp\/v2\/product_tag?post=7010"}],"curies":[{"name":"wp","href":"https:\/\/api.w.org\/{rel}","templated":true}]}}