{"id":7055,"date":"2021-12-16T06:40:33","date_gmt":"2021-12-16T11:40:33","guid":{"rendered":"https:\/\/puyapeptide.net\/product\/lacetyl-dipeptide-1-acetyl-dipeptide-1-ester-de-cetyle-cas-196604-48-5-peut-ameliorer-lelasticite-naturelle-de-la-peau-et-reduire-laffaissement-de-la-peau\/"},"modified":"2021-12-16T06:40:33","modified_gmt":"2021-12-16T11:40:33","slug":"lacetyl-dipeptide-1-acetyl-dipeptide-1-ester-de-cetyle-cas-196604-48-5-peut-ameliorer-lelasticite-naturelle-de-la-peau-et-reduire-laffaissement-de-la-peau","status":"publish","type":"product","link":"https:\/\/puyapeptide.net\/fr\/product\/lacetyl-dipeptide-1-acetyl-dipeptide-1-ester-de-cetyle-cas-196604-48-5-peut-ameliorer-lelasticite-naturelle-de-la-peau-et-reduire-laffaissement-de-la-peau\/","title":{"rendered":"L&#39;ac\u00e9tyl dipeptide-1\/ ac\u00e9tyl dipeptide-1 ester de c\u00e9tyle CAS 196604-48-5 peut am\u00e9liorer l&#39;\u00e9lasticit\u00e9 naturelle de la peau et r\u00e9duire l&#39;affaissement de la peau"},"content":{"rendered":"<h2><strong>L&#39;ac\u00e9tyl dipeptide-1\/ ac\u00e9tyl dipeptide-1 ester de c\u00e9tyle CAS 196604-48-5 peut am\u00e9liorer l&#39;\u00e9lasticit\u00e9 naturelle de la peau et r\u00e9duire l&#39;affaissement de la peau<\/strong><\/h2>\n<p>Nom du produit : Acetyl Dipeptide-1 cetyl ester<br \/>\nSynonymes : Sensicalmine;Acetyl Dipeptide-1 Cetyl Ester, Sensicalmine, Tyr-Arg;Calmosensine;Calmosensine (ingr\u00e9dient cosm\u00e9tique);Idealift;N-Acetyl-L-tyrosyl- L-arginine hexadecyl ester\u00a0; Ac-Tyr-Arg-O-hexadecyl ester, Acetyl Dipeptide-1 Cetyl Ester<br \/>\nCAS\u00a0: 196604-48-5<br \/>\nMF\u00a0: C33H57N5O5<br \/>\nMW\u00a0: 603,84<br \/>\nEINECS :<br \/>\nCat\u00e9gories de produits : cosm\u00e9tique<br \/>\nMol File : 196604-48-5.mol<\/p>\n<p>Acetyl Dipeptide-1 Cetyl Ester est un produit obtenu par couplage de l&#39;ac\u00e9tyle ester de la tyrosine de Dipeptide-1 (qv) avec l&#39;ester c\u00e9tylique d&#39;arginine de dipeptide-1.<br \/>\nLe s\u00e9rum anti-\u00e2ge Acetyl Dipeptide-1 Cetyl Ester peut am\u00e9liorer l&#39;\u00e9lasticit\u00e9 naturelle de votre peau et ainsi r\u00e9duire le rel\u00e2chement cutan\u00e9. Rendez votre visage plus ferme et plus ferme, en lissant les rides et en retenant l&#39;humidit\u00e9. Il ralentit le processus de vieillissement, assouplit, lisse les ridules existantes, lutte contre le rel\u00e2chement cutan\u00e9, minimise les pores et raffermit la peau. Votre peau para\u00eetra lisse avec un \u00e9clat sain et radieux.<\/p>\n<p> <strong>Acetyl Dipeptide-1 Cetyl ester Propri\u00e9t\u00e9s chimiques<\/strong><br \/>\ndensit\u00e9 1,12\u00b10,1 g\/cm3 (pr\u00e9vu)<br \/>\npka 9,83\u00b10,15 (pr\u00e9vu)&lt; &amp;&gt;<br \/>\n <strong>Utilisation de l&#39;ester c\u00e9tylique d&#39;ac\u00e9tyle Dipeptide-1 CAS 196604-48-5<\/strong><br \/>\n Agent de conditionnement des cheveux\u00a0; Conditionnement de la peau<br \/>\n1. Largement utilis\u00e9 dans les hydratants, les cr\u00e8mes, les masques faciaux, les cr\u00e8mes pour les yeux et les produits de bain.<br \/>\n2. Utilis\u00e9 conjointement avec des \u00e9dulcorants tr\u00e8s sucr\u00e9s tels que le NHDC, il peut adoucir le go\u00fbt sucr\u00e9 et am\u00e9liorer la saveur des aliments.<\/p>\n","protected":false},"excerpt":{"rendered":"<p>Nom du produit : Acetyl Dipeptide-1 cetyl ester<br \/>\nCAS : 196604-48-5<br \/>\nMF : C33H57N5O5<br \/>\nMW : 603.84<br \/>\nMol Fichier : 196604-48-5.mol<\/p>\n","protected":false},"featured_media":2206,"comment_status":"open","ping_status":"closed","template":"","meta":{"om_disable_all_campaigns":false,"_monsterinsights_skip_tracking":false,"_monsterinsights_sitenote_active":false,"_monsterinsights_sitenote_note":"","_monsterinsights_sitenote_category":0,"site-sidebar-layout":"default","site-content-layout":"default","ast-site-content-layout":"default","site-content-style":"default","site-sidebar-style":"default","ast-global-header-display":"","ast-banner-title-visibility":"","ast-main-header-display":"","ast-hfb-above-header-display":"","ast-hfb-below-header-display":"","ast-hfb-mobile-header-display":"","site-post-title":"","ast-breadcrumbs-content":"","ast-featured-img":"","footer-sml-layout":"","ast-disable-related-posts":"","theme-transparent-header-meta":"default","adv-header-id-meta":"","stick-header-meta":"","header-above-stick-meta":"","header-main-stick-meta":"","header-below-stick-meta":"","astra-migrate-meta-layouts":"default","ast-page-background-enabled":"default","ast-page-background-meta":{"desktop":{"background-color":"","background-image":"","background-repeat":"repeat","background-position":"center center","background-size":"auto","background-attachment":"scroll","background-type":"","background-media":"","overlay-type":"","overlay-color":"","overlay-opacity":"","overlay-gradient":""},"tablet":{"background-color":"","background-image":"","background-repeat":"repeat","background-position":"center center","background-size":"auto","background-attachment":"scroll","background-type":"","background-media":"","overlay-type":"","overlay-color":"","overlay-opacity":"","overlay-gradient":""},"mobile":{"background-color":"","background-image":"","background-repeat":"repeat","background-position":"center center","background-size":"auto","background-attachment":"scroll","background-type":"","background-media":"","overlay-type":"","overlay-color":"","overlay-opacity":"","overlay-gradient":""}},"ast-content-background-meta":{"desktop":{"background-color":"var(--ast-global-color-5)","background-image":"","background-repeat":"repeat","background-position":"center center","background-size":"auto","background-attachment":"scroll","background-type":"","background-media":"","overlay-type":"","overlay-color":"","overlay-opacity":"","overlay-gradient":""},"tablet":{"background-color":"var(--ast-global-color-5)","background-image":"","background-repeat":"repeat","background-position":"center center","background-size":"auto","background-attachment":"scroll","background-type":"","background-media":"","overlay-type":"","overlay-color":"","overlay-opacity":"","overlay-gradient":""},"mobile":{"background-color":"var(--ast-global-color-5)","background-image":"","background-repeat":"repeat","background-position":"center center","background-size":"auto","background-attachment":"scroll","background-type":"","background-media":"","overlay-type":"","overlay-color":"","overlay-opacity":"","overlay-gradient":""}}},"product_brand":[],"product_cat":[540],"product_tag":[2699],"class_list":{"0":"post-7055","1":"product","2":"type-product","3":"status-publish","4":"has-post-thumbnail","6":"product_cat-peptide-anti-rides-et-anti-age","7":"product_tag-acetyl-dipeptide-1-acetyl-dipeptide-1-cetyl-ester-cas-196604-48-5-can-improve-natural-skin-elasticity-and-reduce-sagging-skin-fr","8":"desktop-align-left","9":"tablet-align-left","10":"mobile-align-left","12":"first","13":"instock","14":"shipping-taxable","15":"product-type-simple"},"_links":{"self":[{"href":"https:\/\/puyapeptide.net\/fr\/wp-json\/wp\/v2\/product\/7055","targetHints":{"allow":["GET"]}}],"collection":[{"href":"https:\/\/puyapeptide.net\/fr\/wp-json\/wp\/v2\/product"}],"about":[{"href":"https:\/\/puyapeptide.net\/fr\/wp-json\/wp\/v2\/types\/product"}],"replies":[{"embeddable":true,"href":"https:\/\/puyapeptide.net\/fr\/wp-json\/wp\/v2\/comments?post=7055"}],"wp:featuredmedia":[{"embeddable":true,"href":"https:\/\/puyapeptide.net\/fr\/wp-json\/wp\/v2\/media\/2206"}],"wp:attachment":[{"href":"https:\/\/puyapeptide.net\/fr\/wp-json\/wp\/v2\/media?parent=7055"}],"wp:term":[{"taxonomy":"product_brand","embeddable":true,"href":"https:\/\/puyapeptide.net\/fr\/wp-json\/wp\/v2\/product_brand?post=7055"},{"taxonomy":"product_cat","embeddable":true,"href":"https:\/\/puyapeptide.net\/fr\/wp-json\/wp\/v2\/product_cat?post=7055"},{"taxonomy":"product_tag","embeddable":true,"href":"https:\/\/puyapeptide.net\/fr\/wp-json\/wp\/v2\/product_tag?post=7055"}],"curies":[{"name":"wp","href":"https:\/\/api.w.org\/{rel}","templated":true}]}}