{"id":7077,"date":"2021-12-16T06:41:21","date_gmt":"2021-12-16T11:41:21","guid":{"rendered":"https:\/\/puyapeptide.net\/product\/puya-supply-acetyl-pentapeptide-1-peut-ameliorer-les-proteines-de-collagene-et-delastine\/"},"modified":"2021-12-16T06:41:21","modified_gmt":"2021-12-16T11:41:21","slug":"puya-supply-acetyl-pentapeptide-1-peut-ameliorer-les-proteines-de-collagene-et-delastine","status":"publish","type":"product","link":"https:\/\/puyapeptide.net\/fr\/product\/puya-supply-acetyl-pentapeptide-1-peut-ameliorer-les-proteines-de-collagene-et-delastine\/","title":{"rendered":"Puya Supply Acetyl Pentapeptide-1 peut am\u00e9liorer les prot\u00e9ines de collag\u00e8ne et d&#39;\u00e9lastine"},"content":{"rendered":"<h2><strong>Puya Supply Acetyl Pentapeptide-1 peut am\u00e9liorer les prot\u00e9ines de collag\u00e8ne et d&#39;\u00e9lastine<\/strong><\/h2>\n<p>Nom du produit\u00a0: Acetyl Pentapeptide-1<br \/>\nMolecular\u00a0:720<br \/>\nApparence\u00a0: poudre blanche ou blanc cass\u00e9<br \/>\nCOA et MSDS\u00a0: disponibles pour votre r\u00e9f\u00e9rence<br \/>\nPuret\u00e9\u00a0:\u00a095\u00a0%<br \/>\nGrade\u00a0: cosm\u00e9tique<br \/>\nSource : synth\u00e9tique<br \/>\nContenance : 300g par mois<br \/>\nApparence : poudre blanche<\/p>\n<p>L&#39;ac\u00e9tyl pentapeptide-1 est un ingr\u00e9dient id\u00e9al pour am\u00e9liorer la fermet\u00e9 de la peau en renfor\u00e7ant les \u00e9l\u00e9ments naturels qui parviennent \u00e0 maintenir ces propri\u00e9t\u00e9s dans la peau, y compris l&#39;\u00e9lastine et le collag\u00e8ne. Ainsi, il peut \u00eatre incorpor\u00e9 dans des formulations raffermissantes et anti-\u00e2ge pour les soins du visage et du corps, o\u00f9 la coh\u00e9sion et la r\u00e9silience de la peau doivent \u00eatre augment\u00e9es pour minimiser l&#39;affaissement et la flaccidit\u00e9. De plus, il serait \u00e9galement utile d&#39;ajouter des formulations amincissantes pour \u00e9viter la flaccidit\u00e9 apr\u00e8s avoir perdu du poids.<\/p>\n<p> <strong>La fonction de l&#39;Acetyl Pentapeptide-1<\/strong><br \/>\n Favoriser la production de collag\u00e8ne, r\u00e9parer la peau endommag\u00e9e, anti-\u00e2ge, am\u00e9liorer la peau \u00e9lasticit\u00e9, am\u00e9liore la vitalit\u00e9 de la peau.<br \/>\n1.Am\u00e9liorer la synth\u00e8se des prot\u00e9ines de collag\u00e8ne et d&#39;\u00e9lastine, anti-rides;<br \/>\n2.Il aide \u00e0 l&#39;\u00e9paisseur et \u00e0 la fermet\u00e9 de la peau, rend la peau raffermissante.<\/p>\n<p> <strong>Utilisation de l&#39;ac\u00e9tyl pentapeptide- 1<\/strong><br \/>\n L&#39;ac\u00e9tyl pentapeptide-1 peut am\u00e9liorer la synth\u00e8se des prot\u00e9ines de collag\u00e8ne et d&#39;\u00e9lastine, anti-rides; il aide \u00e0 raffermir et \u00e0 raffermir la peau, la raffermir.<\/p>\n","protected":false},"excerpt":{"rendered":"<p>Nom du produit\u00a0: Acetyl Pentapeptide-1<br \/>\nMol\u00e9culaire\u00a0:\u00a0720<br \/>\nApparence\u00a0: poudre blanche ou blanc cass\u00e9<br \/>\nPuret\u00e9\u00a0:\u00a095\u00a0%<br \/>\nCat\u00e9gorie\u00a0: cosm\u00e9tique<br \/>\nSource\u00a0: synth\u00e9tique<br \/>\nApparence\u00a0: poudre blanche<\/p>\n","protected":false},"featured_media":2122,"comment_status":"open","ping_status":"closed","template":"","meta":{"om_disable_all_campaigns":false,"_monsterinsights_skip_tracking":false,"_monsterinsights_sitenote_active":false,"_monsterinsights_sitenote_note":"","_monsterinsights_sitenote_category":0,"site-sidebar-layout":"default","site-content-layout":"default","ast-site-content-layout":"default","site-content-style":"default","site-sidebar-style":"default","ast-global-header-display":"","ast-banner-title-visibility":"","ast-main-header-display":"","ast-hfb-above-header-display":"","ast-hfb-below-header-display":"","ast-hfb-mobile-header-display":"","site-post-title":"","ast-breadcrumbs-content":"","ast-featured-img":"","footer-sml-layout":"","ast-disable-related-posts":"","theme-transparent-header-meta":"default","adv-header-id-meta":"","stick-header-meta":"","header-above-stick-meta":"","header-main-stick-meta":"","header-below-stick-meta":"","astra-migrate-meta-layouts":"default","ast-page-background-enabled":"default","ast-page-background-meta":{"desktop":{"background-color":"","background-image":"","background-repeat":"repeat","background-position":"center center","background-size":"auto","background-attachment":"scroll","background-type":"","background-media":"","overlay-type":"","overlay-color":"","overlay-opacity":"","overlay-gradient":""},"tablet":{"background-color":"","background-image":"","background-repeat":"repeat","background-position":"center center","background-size":"auto","background-attachment":"scroll","background-type":"","background-media":"","overlay-type":"","overlay-color":"","overlay-opacity":"","overlay-gradient":""},"mobile":{"background-color":"","background-image":"","background-repeat":"repeat","background-position":"center center","background-size":"auto","background-attachment":"scroll","background-type":"","background-media":"","overlay-type":"","overlay-color":"","overlay-opacity":"","overlay-gradient":""}},"ast-content-background-meta":{"desktop":{"background-color":"var(--ast-global-color-5)","background-image":"","background-repeat":"repeat","background-position":"center center","background-size":"auto","background-attachment":"scroll","background-type":"","background-media":"","overlay-type":"","overlay-color":"","overlay-opacity":"","overlay-gradient":""},"tablet":{"background-color":"var(--ast-global-color-5)","background-image":"","background-repeat":"repeat","background-position":"center center","background-size":"auto","background-attachment":"scroll","background-type":"","background-media":"","overlay-type":"","overlay-color":"","overlay-opacity":"","overlay-gradient":""},"mobile":{"background-color":"var(--ast-global-color-5)","background-image":"","background-repeat":"repeat","background-position":"center center","background-size":"auto","background-attachment":"scroll","background-type":"","background-media":"","overlay-type":"","overlay-color":"","overlay-opacity":"","overlay-gradient":""}}},"product_brand":[],"product_cat":[540],"product_tag":[2673],"class_list":{"0":"post-7077","1":"product","2":"type-product","3":"status-publish","4":"has-post-thumbnail","6":"product_cat-peptide-anti-rides-et-anti-age","7":"product_tag-puya-supply-acetyl-pentapeptide-1-can-improve-collagen-protein-and-elastin-protein-fr","8":"desktop-align-left","9":"tablet-align-left","10":"mobile-align-left","12":"first","13":"instock","14":"shipping-taxable","15":"product-type-simple"},"_links":{"self":[{"href":"https:\/\/puyapeptide.net\/fr\/wp-json\/wp\/v2\/product\/7077","targetHints":{"allow":["GET"]}}],"collection":[{"href":"https:\/\/puyapeptide.net\/fr\/wp-json\/wp\/v2\/product"}],"about":[{"href":"https:\/\/puyapeptide.net\/fr\/wp-json\/wp\/v2\/types\/product"}],"replies":[{"embeddable":true,"href":"https:\/\/puyapeptide.net\/fr\/wp-json\/wp\/v2\/comments?post=7077"}],"wp:featuredmedia":[{"embeddable":true,"href":"https:\/\/puyapeptide.net\/fr\/wp-json\/wp\/v2\/media\/2122"}],"wp:attachment":[{"href":"https:\/\/puyapeptide.net\/fr\/wp-json\/wp\/v2\/media?parent=7077"}],"wp:term":[{"taxonomy":"product_brand","embeddable":true,"href":"https:\/\/puyapeptide.net\/fr\/wp-json\/wp\/v2\/product_brand?post=7077"},{"taxonomy":"product_cat","embeddable":true,"href":"https:\/\/puyapeptide.net\/fr\/wp-json\/wp\/v2\/product_cat?post=7077"},{"taxonomy":"product_tag","embeddable":true,"href":"https:\/\/puyapeptide.net\/fr\/wp-json\/wp\/v2\/product_tag?post=7077"}],"curies":[{"name":"wp","href":"https:\/\/api.w.org\/{rel}","templated":true}]}}