{"id":7093,"date":"2021-12-16T06:43:02","date_gmt":"2021-12-16T11:43:02","guid":{"rendered":"https:\/\/puyapeptide.net\/product\/acetyl-octapeptide-3-snap-8-acetyl-glutamyl-heptapeptide-1-cas-868844-74-0-pour-anti-rides\/"},"modified":"2021-12-16T06:43:02","modified_gmt":"2021-12-16T11:43:02","slug":"acetyl-octapeptide-3-snap-8-acetyl-glutamyl-heptapeptide-1-cas-868844-74-0-pour-anti-rides","status":"publish","type":"product","link":"https:\/\/puyapeptide.net\/fr\/product\/acetyl-octapeptide-3-snap-8-acetyl-glutamyl-heptapeptide-1-cas-868844-74-0-pour-anti-rides\/","title":{"rendered":"Ac\u00e9tyl octapeptide-3\/ SNAP-8\/Ac\u00e9tyl Glutamyl Heptapeptide-1 CAS 868844-74-0 pour anti-rides"},"content":{"rendered":"<h2><strong>Ac\u00e9tyl octapeptide-3\/ SNAP-8\/ Ac\u00e9tyl Glutamyl Heptapeptide-1 CAS 868844-74-0 pour anti-rides<\/strong><\/h2>\n<p>Nom du produit : Ac\u00e9tyl octapeptide-3\/ SNAP-8\/ Ac\u00e9tyl Glutamyl Heptapeptide-1<br \/>\nSynonymes : N-Ac\u00e9tyl-L-alpha-glutamyl-L-alpha-glutamyl-L-m\u00e9thionyl-L-glutaminyl-L -arginyl-L-arginyl-L-alanyl-L-alpha-asparagine\u00a0; SNAP-8 (Ac\u00e9tyl Glutamyl Heptapeptide-3); Acetyl GlutaMyl Heptapeptide-3\u00a0; Acetyl Octapeptide-3\u00a0; Acetyl GlutaMyl Octapeptide-3\u00a0; Acetyl Octapetpide-3\u00a0; snap-8\/Acetyl Octapeptide-3\/Acetyl Glutamyl Heptapeptide-3;Acetyl Octapeptide-8<br \/>\nCAS\u00a0: 868844-74-0<br \/>\nMF\u00a0: C41H70N16O16S<br \/>\nMW\u00a0: 1075.17<br \/>\nEINECS\u00a0:<br \/>\nProduit Cat\u00e9gories : Cosm\u00e9tique beauty peptide<br \/>\nMol Fichier : 868844-74-0.mol<\/p>\n<p>L&#39;octapeptide anti-rides SNAP-8 est un allongement du c\u00e9l\u00e8bre hexapeptide. SNAP-8 r\u00e9duit la profondeur des rides du visage caus\u00e9es par la contraction des muscles de l&#39;expression faciale, en particulier sur le front et autour des yeux. SNAP-8 est une alternative plus s\u00fbre, moins ch\u00e8re et plus douce \u00e0 la toxine botulique, ciblant topiquement le m\u00eame m\u00e9canisme de formation des rides d&#39;une mani\u00e8re tr\u00e8s diff\u00e9rente.<\/p>\n<p> <strong>Acetyl octapeptide-3\/ SNAP-8\/ Acetyl Glutamyl Heptapeptide-1 CAS 868844-74-0 Propri\u00e9t\u00e9s chimiques<\/strong><br \/>\ndensit\u00e9 1.56<br \/>\ntemp. de stockage. Conserver dans un endroit sombre, atmosph\u00e8re inerte, 2-8 \u00b0 C<br \/>\n pka 4,07 \u00b1 0,10 (pr\u00e9vu) <\/p>\n<p> <strong>Application et fonction de l&#39;ac\u00e9tyl octapeptide-3\/ SNAP-8\/ ac\u00e9tyl glutamyl heptapeptide-1 CAS 868844- 74-0<\/strong><br \/>\nAcetyl Glutamyl Heptapeptide-3 ou Acetyl Octapeptide-1 (ou -3) (SNAP-8) est scientifiquement et raisonnablement con\u00e7u des ingr\u00e9dients actifs anti-rides du polypeptide. Il a un r\u00f4le similaire \u00e0 celui de l&#39;essence d&#39;ar\u00e9ginine et est devenu l&#39;une des mati\u00e8res premi\u00e8res les plus populaires au monde pour les cosm\u00e9tiques anti-rides haut de gamme. Anti-rides caus\u00e9s par la contraction des muscles de l&#39;expression du visage, diminuant l&#39;excitabilit\u00e9 neuronale par la d\u00e9stabilisation du complexe SNARE.&lt; &amp;&gt; Snap-8, cet ingr\u00e9dient contient huit acides amin\u00e9s et (d&#39;o\u00f9 l&#39;&quot;Octa&quot;) a les m\u00eames (certains disent bien mieux) les qualit\u00e9s anti-rides de l&#39;Argirelin. Snap-8 a produit une r\u00e9duction d&#39;environ 35% de la profondeur des rides.<br \/>\nLa solution de peptide Snap-8 contient un octapeptide anti-rides qui est un allongement du peptide hexapeptide ARGIRELIN. Par cons\u00e9quent, il r\u00e9duit les rides d&#39;expression gr\u00e2ce \u00e0 un m\u00e9canisme d&#39;action semblable \u00e0 la toxine botulique.<\/p>\n<p> <strong>Utilisation d&#39;Acetyl octapeptide-3\/ SNAP-8\/ Acetyl Glutamyl Heptapeptide-1 CAS 868844-74-0<\/strong><br \/>\nanti-rides , lisser les rides.<\/p>\n","protected":false},"excerpt":{"rendered":"<p>Nom du produit : Acetyl octapeptide-3\/ SNAP-8\/ Acetyl Glutamyl Heptapeptide-1<br \/>\nCAS : 868844-74-0<br \/>\nMF : C41H70N16O16S<br \/>\nMW : 1075.17<br \/>\nMol File : 868844-74-0 .mol<\/p>\n","protected":false},"featured_media":2164,"comment_status":"open","ping_status":"closed","template":"","meta":{"om_disable_all_campaigns":false,"_monsterinsights_skip_tracking":false,"_monsterinsights_sitenote_active":false,"_monsterinsights_sitenote_note":"","_monsterinsights_sitenote_category":0,"site-sidebar-layout":"default","site-content-layout":"default","ast-site-content-layout":"default","site-content-style":"default","site-sidebar-style":"default","ast-global-header-display":"","ast-banner-title-visibility":"","ast-main-header-display":"","ast-hfb-above-header-display":"","ast-hfb-below-header-display":"","ast-hfb-mobile-header-display":"","site-post-title":"","ast-breadcrumbs-content":"","ast-featured-img":"","footer-sml-layout":"","ast-disable-related-posts":"","theme-transparent-header-meta":"default","adv-header-id-meta":"","stick-header-meta":"","header-above-stick-meta":"","header-main-stick-meta":"","header-below-stick-meta":"","astra-migrate-meta-layouts":"default","ast-page-background-enabled":"default","ast-page-background-meta":{"desktop":{"background-color":"","background-image":"","background-repeat":"repeat","background-position":"center center","background-size":"auto","background-attachment":"scroll","background-type":"","background-media":"","overlay-type":"","overlay-color":"","overlay-opacity":"","overlay-gradient":""},"tablet":{"background-color":"","background-image":"","background-repeat":"repeat","background-position":"center center","background-size":"auto","background-attachment":"scroll","background-type":"","background-media":"","overlay-type":"","overlay-color":"","overlay-opacity":"","overlay-gradient":""},"mobile":{"background-color":"","background-image":"","background-repeat":"repeat","background-position":"center center","background-size":"auto","background-attachment":"scroll","background-type":"","background-media":"","overlay-type":"","overlay-color":"","overlay-opacity":"","overlay-gradient":""}},"ast-content-background-meta":{"desktop":{"background-color":"var(--ast-global-color-5)","background-image":"","background-repeat":"repeat","background-position":"center center","background-size":"auto","background-attachment":"scroll","background-type":"","background-media":"","overlay-type":"","overlay-color":"","overlay-opacity":"","overlay-gradient":""},"tablet":{"background-color":"var(--ast-global-color-5)","background-image":"","background-repeat":"repeat","background-position":"center center","background-size":"auto","background-attachment":"scroll","background-type":"","background-media":"","overlay-type":"","overlay-color":"","overlay-opacity":"","overlay-gradient":""},"mobile":{"background-color":"var(--ast-global-color-5)","background-image":"","background-repeat":"repeat","background-position":"center center","background-size":"auto","background-attachment":"scroll","background-type":"","background-media":"","overlay-type":"","overlay-color":"","overlay-opacity":"","overlay-gradient":""}}},"product_brand":[],"product_cat":[540],"product_tag":[2647],"class_list":{"0":"post-7093","1":"product","2":"type-product","3":"status-publish","4":"has-post-thumbnail","6":"product_cat-peptide-anti-rides-et-anti-age","7":"product_tag-acetyl-octapeptide-3-snap-8-acetyl-glutamyl-heptapeptide-1-cas-868844-74-0-for-anti-wrinkle-fr","8":"desktop-align-left","9":"tablet-align-left","10":"mobile-align-left","12":"first","13":"instock","14":"shipping-taxable","15":"product-type-simple"},"_links":{"self":[{"href":"https:\/\/puyapeptide.net\/fr\/wp-json\/wp\/v2\/product\/7093","targetHints":{"allow":["GET"]}}],"collection":[{"href":"https:\/\/puyapeptide.net\/fr\/wp-json\/wp\/v2\/product"}],"about":[{"href":"https:\/\/puyapeptide.net\/fr\/wp-json\/wp\/v2\/types\/product"}],"replies":[{"embeddable":true,"href":"https:\/\/puyapeptide.net\/fr\/wp-json\/wp\/v2\/comments?post=7093"}],"wp:featuredmedia":[{"embeddable":true,"href":"https:\/\/puyapeptide.net\/fr\/wp-json\/wp\/v2\/media\/2164"}],"wp:attachment":[{"href":"https:\/\/puyapeptide.net\/fr\/wp-json\/wp\/v2\/media?parent=7093"}],"wp:term":[{"taxonomy":"product_brand","embeddable":true,"href":"https:\/\/puyapeptide.net\/fr\/wp-json\/wp\/v2\/product_brand?post=7093"},{"taxonomy":"product_cat","embeddable":true,"href":"https:\/\/puyapeptide.net\/fr\/wp-json\/wp\/v2\/product_cat?post=7093"},{"taxonomy":"product_tag","embeddable":true,"href":"https:\/\/puyapeptide.net\/fr\/wp-json\/wp\/v2\/product_tag?post=7093"}],"curies":[{"name":"wp","href":"https:\/\/api.w.org\/{rel}","templated":true}]}}