{"id":7119,"date":"2021-12-16T06:43:54","date_gmt":"2021-12-16T11:43:54","guid":{"rendered":"https:\/\/puyapeptide.net\/product\/acetyl-hexapeptide-1-melitane-acetyl-hexapeptide-1-cas-448944-47-6-renforce-les-defenses-de-la-peau-contre-les-effets-nocifs-des-uv\/"},"modified":"2021-12-16T06:43:54","modified_gmt":"2021-12-16T11:43:54","slug":"acetyl-hexapeptide-1-melitane-acetyl-hexapeptide-1-cas-448944-47-6-renforce-les-defenses-de-la-peau-contre-les-effets-nocifs-des-uv","status":"publish","type":"product","link":"https:\/\/puyapeptide.net\/fr\/product\/acetyl-hexapeptide-1-melitane-acetyl-hexapeptide-1-cas-448944-47-6-renforce-les-defenses-de-la-peau-contre-les-effets-nocifs-des-uv\/","title":{"rendered":"Acetyl Hexapeptide-1\/ Melitane (Acetyl Hexapeptide-1) CAS 448944-47-6 Renforce les d\u00e9fenses de la peau contre les effets nocifs des UV"},"content":{"rendered":"<h2><strong>Acetyl Hexapeptide-1\/ Melitane (Acetyl Hexapeptide-1) CAS 448944-47-6 Renforce les d\u00e9fenses de la peau contre les effets nocifs des UV<\/strong><\/h2>\n<p>Nom du produit\u00a0: Acetyl Hexapeptide-1\/ Melitane (Acetyl Hexapeptide-1)<br \/>\nSynonymes\u00a0: N-Acetyl-L-norleucyl-L-alanyl-L-histidyl-D-ph\u00e9nylalanyl-L-arginyl-L-tryptophanamide ;melitane;melitane\/acetylhexapeptide-1;peptides Acetyl Hexapeptide-1;L-Tryptophanamide, N-ac\u00e9tyl-L-norleucyl-L-alanyl-L-histidyl-D-ph\u00e9nylalanyl-L-arginyl-;N-Acetyl-L- norleucyl-L-alanyl-L-histidyl-D-ph\u00e9nylalanyl-L-arginyl-L-tryptophanamide USP\/EP\/BP<br \/>\nCAS : 448944-47-6<br \/>\nMF : C43H59N13O7<br \/>\nMW : 870,01&lt;&amp; &gt;EINECS :<br \/>\nCat\u00e9gories de produits :<br \/>\nMol File : 448944-47-6.mol<\/p>\n<p>Acetyl Hexapeptide-1 est le produit de r\u00e9action de l&#39;alanine, de l&#39;arginine, de l&#39;histidine, de la leucine, de la ph\u00e9nylalanine et du tryptophane hexapeptide avec acide ac\u00e9tique.<br \/>\nIl active la r\u00e9gulation de la synth\u00e8se de m\u00e9lanine, reliant la protection de la lumi\u00e8re naturelle et le r\u00e9gulateur de l&#39;inflammation.<\/p>\n<p>Acetyl Hexapeptide-1 agit comme un analogue de peptide bio-\u03b1-MSH. Il stimule la pigmentation des cheveux, fonce les cheveux et inverse le processus des cheveux gris. Il peut \u00e9galement aider \u00e0 r\u00e9parer les dommages \u00e0 l&#39;ADN caus\u00e9s par l&#39;exposition aux UV et \u00e0 r\u00e9duire l&#39;\u00e9ryth\u00e8me cutan\u00e9.<\/p>\n<p> <strong>Acetyl Hexapeptide-1\/ Melitane (Acetyl Hexapeptide-1) CAS 448944-47-6 Propri\u00e9t\u00e9s chimiques<\/strong><br \/>\n densit\u00e9 1,39 \u00b1 0,1 g\/cm3 (pr\u00e9vu)<br \/>\npka 13,36\u00b10,46(pr\u00e9vu)<\/p>\n<p> <strong>Applications de l&#39;ac\u00e9tyl hexapeptide-1 CAS 448944-47-6<\/strong><br \/>\n1. Acetyl Hexapeptide-1 Stimule la pigmentation des cheveux et inverse le processus des cheveux gris.<br \/>\n2. Acetyl Hexapeptide-1 Induit la pigmentation de la peau.<br \/>\n3. Acetyl Hexapeptide-1 Renforce les d\u00e9fenses de la peau contre les effets nocifs des UV<br \/>\n4. Acetyl Hexapeptide-1 R\u00e9duit l&#39;\u00e9ryth\u00e8me cutan\u00e9.<br \/>\n5. Acetyl Hexapeptide-1 Prot\u00e8ge et r\u00e9pare les dommages \u00e0 l&#39;ADN caus\u00e9s par l&#39;exposition aux UV (UVA &amp; UVB).<br \/>\n6. Acetyl Hexapeptide-1 R\u00e9duit la r\u00e9ponse inflammatoire.<\/p>\n<p> <strong>Acetyl Hexapeptide-1 CAS 448944-47-6 Avantages<\/strong><br \/>\nLa science a prouv\u00e9 que les peptides peuvent aider \u00e0 g\u00e9rer les rides de votre peau et inverser les signes du vieillissement.&lt;&amp; &gt; La peau humaine est compos\u00e9e principalement de collag\u00e8ne. Le collag\u00e8ne est une prot\u00e9ine compos\u00e9e de longs segments d&#39;acides amin\u00e9s dispos\u00e9s en cha\u00eene. Le collag\u00e8ne fournit une base et une \u00e9paisseur \u00e0 la peau.<br \/>\nLes femmes de moins de 30 ans ont beaucoup de collag\u00e8ne, ce qui donne une peau lisse et ferme.<br \/>\nLe reste d&#39;entre nous a moins de collag\u00e8ne &#8211; la peau a tendance \u00e0 \u00eatre plus fine, r\u00e9v\u00e9lant plus de rides.&lt;&amp; &gt;Lorsque le collag\u00e8ne se d\u00e9compose, de courts segments d&#39;acides amin\u00e9s se forment. Ce sont les minuscules prot\u00e9ines et mol\u00e9cules actives appel\u00e9es peptides. Les peptides dans les soins de la peau peuvent offrir des avantages anti-\u00e2ge importants.<\/p>\n","protected":false},"excerpt":{"rendered":"<p>Nom du produit : Acetyl Hexapeptide-1\/ Melitane (Acetyl Hexapeptide-1)<br \/>\nCAS : 448944-47-6<br \/>\nMF : C43H59N13O7<br \/>\nMW : 870.01<br \/>\nMol File : 448944-47-6.mol<\/p>\n","protected":false},"featured_media":2122,"comment_status":"open","ping_status":"closed","template":"","meta":{"om_disable_all_campaigns":false,"_monsterinsights_skip_tracking":false,"_monsterinsights_sitenote_active":false,"_monsterinsights_sitenote_note":"","_monsterinsights_sitenote_category":0,"site-sidebar-layout":"default","site-content-layout":"default","ast-site-content-layout":"default","site-content-style":"default","site-sidebar-style":"default","ast-global-header-display":"","ast-banner-title-visibility":"","ast-main-header-display":"","ast-hfb-above-header-display":"","ast-hfb-below-header-display":"","ast-hfb-mobile-header-display":"","site-post-title":"","ast-breadcrumbs-content":"","ast-featured-img":"","footer-sml-layout":"","ast-disable-related-posts":"","theme-transparent-header-meta":"default","adv-header-id-meta":"","stick-header-meta":"","header-above-stick-meta":"","header-main-stick-meta":"","header-below-stick-meta":"","astra-migrate-meta-layouts":"default","ast-page-background-enabled":"default","ast-page-background-meta":{"desktop":{"background-color":"","background-image":"","background-repeat":"repeat","background-position":"center center","background-size":"auto","background-attachment":"scroll","background-type":"","background-media":"","overlay-type":"","overlay-color":"","overlay-opacity":"","overlay-gradient":""},"tablet":{"background-color":"","background-image":"","background-repeat":"repeat","background-position":"center center","background-size":"auto","background-attachment":"scroll","background-type":"","background-media":"","overlay-type":"","overlay-color":"","overlay-opacity":"","overlay-gradient":""},"mobile":{"background-color":"","background-image":"","background-repeat":"repeat","background-position":"center center","background-size":"auto","background-attachment":"scroll","background-type":"","background-media":"","overlay-type":"","overlay-color":"","overlay-opacity":"","overlay-gradient":""}},"ast-content-background-meta":{"desktop":{"background-color":"var(--ast-global-color-5)","background-image":"","background-repeat":"repeat","background-position":"center center","background-size":"auto","background-attachment":"scroll","background-type":"","background-media":"","overlay-type":"","overlay-color":"","overlay-opacity":"","overlay-gradient":""},"tablet":{"background-color":"var(--ast-global-color-5)","background-image":"","background-repeat":"repeat","background-position":"center center","background-size":"auto","background-attachment":"scroll","background-type":"","background-media":"","overlay-type":"","overlay-color":"","overlay-opacity":"","overlay-gradient":""},"mobile":{"background-color":"var(--ast-global-color-5)","background-image":"","background-repeat":"repeat","background-position":"center center","background-size":"auto","background-attachment":"scroll","background-type":"","background-media":"","overlay-type":"","overlay-color":"","overlay-opacity":"","overlay-gradient":""}}},"product_brand":[],"product_cat":[741],"product_tag":[],"class_list":{"0":"post-7119","1":"product","2":"type-product","3":"status-publish","4":"has-post-thumbnail","6":"product_cat-autre-peptide-cosmetique","7":"desktop-align-left","8":"tablet-align-left","9":"mobile-align-left","11":"first","12":"instock","13":"shipping-taxable","14":"product-type-simple"},"_links":{"self":[{"href":"https:\/\/puyapeptide.net\/fr\/wp-json\/wp\/v2\/product\/7119","targetHints":{"allow":["GET"]}}],"collection":[{"href":"https:\/\/puyapeptide.net\/fr\/wp-json\/wp\/v2\/product"}],"about":[{"href":"https:\/\/puyapeptide.net\/fr\/wp-json\/wp\/v2\/types\/product"}],"replies":[{"embeddable":true,"href":"https:\/\/puyapeptide.net\/fr\/wp-json\/wp\/v2\/comments?post=7119"}],"wp:featuredmedia":[{"embeddable":true,"href":"https:\/\/puyapeptide.net\/fr\/wp-json\/wp\/v2\/media\/2122"}],"wp:attachment":[{"href":"https:\/\/puyapeptide.net\/fr\/wp-json\/wp\/v2\/media?parent=7119"}],"wp:term":[{"taxonomy":"product_brand","embeddable":true,"href":"https:\/\/puyapeptide.net\/fr\/wp-json\/wp\/v2\/product_brand?post=7119"},{"taxonomy":"product_cat","embeddable":true,"href":"https:\/\/puyapeptide.net\/fr\/wp-json\/wp\/v2\/product_cat?post=7119"},{"taxonomy":"product_tag","embeddable":true,"href":"https:\/\/puyapeptide.net\/fr\/wp-json\/wp\/v2\/product_tag?post=7119"}],"curies":[{"name":"wp","href":"https:\/\/api.w.org\/{rel}","templated":true}]}}