{"id":7136,"date":"2021-12-16T06:47:53","date_gmt":"2021-12-16T11:47:53","guid":{"rendered":"https:\/\/puyapeptide.net\/product\/pentapeptide-18-leuphasyl-cas-64963-01-5-anti-rides-et-peau-lisse\/"},"modified":"2021-12-16T06:47:53","modified_gmt":"2021-12-16T11:47:53","slug":"pentapeptide-18-leuphasyl-cas-64963-01-5-anti-rides-et-peau-lisse","status":"publish","type":"product","link":"https:\/\/puyapeptide.net\/fr\/product\/pentapeptide-18-leuphasyl-cas-64963-01-5-anti-rides-et-peau-lisse\/","title":{"rendered":"Pentapeptide-18\/ Leuphasyl CAS 64963-01-5 Anti-Rides et Peau Lisse"},"content":{"rendered":"<h2><strong>Pentapeptide-18\/ Leuphasyl CAS 64963-01-5 Anti-Rides et Peau Lisse<\/strong><\/h2>\n<p>Nom du produit\u00a0: TYR-D-ALA-GLY-PHE-LEU\/ Pentapeptide-18\/ Leuphasyl<br \/>\nSynonymes\u00a0: H-TYR-D-ALA-GLY-PHE-LEU-OH;(D-ALA2)- LEU-ENK\u00c9PHALINE;D-ALA2-LEU5-ENK\u00c9PHALINE;[D-ALA2]-LEUCINE ENK\u00c9PHALINE;TYR-D-ALA-GLY-PHE-LEU;N-[N-[N-(NL-tyrosyl-D-alanyl) glycyl]-L-ph\u00e9nylalanyl]-L-leucine;(D-alanine2)leucine enk\u00e9phaline;L-Tyr-D-Ala-Gly-L-Phe-L-Leu-OH<br \/>\nCAS: 64963-01-5&lt; &amp;&gt;MF\u00a0: C29H39N5O7<br \/>\nMW\u00a0: 569.65<br \/>\nEINECS\u00a0: 265-291-0<br \/>\nCat\u00e9gories de produits\u00a0:<br \/>\nMol File\u00a0: 64963-01-5.mol<\/p>\n<p>Leuphasyl est un amid peptide, un agoniste opio\u00efde delta, est un analogue de la leu-enk\u00e9phaline \u00e0 longue dur\u00e9e d&#39;action r\u00e9sistant \u00e0 la d\u00e9gradation utilis\u00e9 pour \u00e9tudier la voie de signalisation des r\u00e9cepteurs opio\u00efdes delta. Il cible in vitro le m\u00e9canisme de formation des rides d&#39;expression d&#39;une nouvelle mani\u00e8re, offrant une alternative aux peptides comme l&#39;Acetyl Hexapeptide-3. Il s&#39;agit d&#39;un puissant analogue de la leu-enk\u00e9phaline \u00e0 action prolong\u00e9e qui r\u00e9siste \u00e0 la d\u00e9gradation enzymatique. Il peut \u00eatre incorpor\u00e9 dans des formulations cosm\u00e9tiques telles que des \u00e9mulsions, des gels et des cires o\u00f9 l&#39;\u00e9limination des rides ou ridules profondes du front ou du contour des yeux est souhait\u00e9e.<\/p>\n<p> <strong>TYR-D-ALA-GLY-PHE-LEU \/ Pentapeptide-18\/ Propri\u00e9t\u00e9s chimiques du leuphasyl<\/strong><br \/>\nPoint de fusion 160-163,5 \u00b0C<br \/>\nPoint d&#39;\u00e9bullition 991,9\u00b165,0 \u00b0C(Pr\u00e9vu)<br \/>\ndensit\u00e9 1,257\u00b10,06 g\/cm3(Pr\u00e9dit)<br \/>\ntemp. Conserver dans un endroit sombre, Scell\u00e9 dans un endroit sec, Conserver au cong\u00e9lateur, \u00e0 moins de -20\u00b0C<br \/>\npka 3.40\u00b10.10(Predicted)<br \/>\nInChIKey ZHUJMSMQIPIPTF-JMBSJVKXSA-N<\/p>\n<p> <strong>Pentapeptide 18\/Leuphasyl Avantages<\/strong> &lt;&amp; &gt;Pentapeptide-18 r\u00e9duit la profondeur des rides du visage caus\u00e9es par la contraction des muscles de l&#39;expression faciale, en particulier au niveau du front et du contour des yeux. Il cible in vitro le m\u00e9canisme de formation des rides d&#39;expression d&#39;une nouvelle mani\u00e8re, offrant une alternative aux peptides comme l&#39;Acetyl Hexapeptide-3. Il peut \u00eatre incorpor\u00e9 dans des formulations cosm\u00e9tiques telles que des \u00e9mulsions, des gels et des cires.<\/p>\n<p>Le pentapeptide-18 est un neuropeptide imitant le m\u00e9canisme naturel des enk\u00e9phalines, qui donne des r\u00e9sultats similaires \u00e0 ceux du botulinum. Il r\u00e9duit la profondeur des vergetures et des rides caus\u00e9es par les contractions musculaires.<\/p>\n<p> Le pentapeptide-18 a \u00e9t\u00e9 utilis\u00e9 dans le s\u00e9rum anti-rides pour les yeux pour r\u00e9duire l&#39;apparence des ridules et des rides-pattes d&#39;oie avec une am\u00e9lioration significative de rugosit\u00e9 de la peau. Il peut fonctionner en synergie avec l&#39;Argirilene et augmenter consid\u00e9rablement les avantages.<br \/>\n <strong>Fonctions et applications du Pentapeptide 18\/Leuphasyl<\/strong><br \/>\n1.Am\u00e9liorer la microcirculation du sang.<br \/>\n2.Renforcer la circulation sanguine.<br \/>\n3.\u00c9liminer l&#39;inflammation .<br \/>\n4.R\u00e9sistez au sachet et diluez les ridules et les pattes de vache autour des yeux.<br \/>\n5.Retardez les effets du vieillissement pr\u00e9matur\u00e9 en am\u00e9liorant l&#39;\u00e9lasticit\u00e9 et la fermet\u00e9 de la peau.<\/p>\n","protected":false},"excerpt":{"rendered":"<p>Nom du produit : TYR-D-ALA-GLY-PHE-LEU\/ Pentapeptide-18\/ Leuphasyl<br \/>\nCAS : 64963-01-5<br \/>\nMF : C29H39N5O7<br \/>\nMW : 569,65<br \/>\nEINECS : 265-291 -0<br \/>\nMol Fichier : 64963-01-5.mol<\/p>\n","protected":false},"featured_media":2122,"comment_status":"open","ping_status":"closed","template":"","meta":{"om_disable_all_campaigns":false,"_monsterinsights_skip_tracking":false,"_monsterinsights_sitenote_active":false,"_monsterinsights_sitenote_note":"","_monsterinsights_sitenote_category":0,"site-sidebar-layout":"default","site-content-layout":"default","ast-site-content-layout":"default","site-content-style":"default","site-sidebar-style":"default","ast-global-header-display":"","ast-banner-title-visibility":"","ast-main-header-display":"","ast-hfb-above-header-display":"","ast-hfb-below-header-display":"","ast-hfb-mobile-header-display":"","site-post-title":"","ast-breadcrumbs-content":"","ast-featured-img":"","footer-sml-layout":"","ast-disable-related-posts":"","theme-transparent-header-meta":"default","adv-header-id-meta":"","stick-header-meta":"","header-above-stick-meta":"","header-main-stick-meta":"","header-below-stick-meta":"","astra-migrate-meta-layouts":"default","ast-page-background-enabled":"default","ast-page-background-meta":{"desktop":{"background-color":"","background-image":"","background-repeat":"repeat","background-position":"center center","background-size":"auto","background-attachment":"scroll","background-type":"","background-media":"","overlay-type":"","overlay-color":"","overlay-opacity":"","overlay-gradient":""},"tablet":{"background-color":"","background-image":"","background-repeat":"repeat","background-position":"center center","background-size":"auto","background-attachment":"scroll","background-type":"","background-media":"","overlay-type":"","overlay-color":"","overlay-opacity":"","overlay-gradient":""},"mobile":{"background-color":"","background-image":"","background-repeat":"repeat","background-position":"center center","background-size":"auto","background-attachment":"scroll","background-type":"","background-media":"","overlay-type":"","overlay-color":"","overlay-opacity":"","overlay-gradient":""}},"ast-content-background-meta":{"desktop":{"background-color":"var(--ast-global-color-5)","background-image":"","background-repeat":"repeat","background-position":"center center","background-size":"auto","background-attachment":"scroll","background-type":"","background-media":"","overlay-type":"","overlay-color":"","overlay-opacity":"","overlay-gradient":""},"tablet":{"background-color":"var(--ast-global-color-5)","background-image":"","background-repeat":"repeat","background-position":"center center","background-size":"auto","background-attachment":"scroll","background-type":"","background-media":"","overlay-type":"","overlay-color":"","overlay-opacity":"","overlay-gradient":""},"mobile":{"background-color":"var(--ast-global-color-5)","background-image":"","background-repeat":"repeat","background-position":"center center","background-size":"auto","background-attachment":"scroll","background-type":"","background-media":"","overlay-type":"","overlay-color":"","overlay-opacity":"","overlay-gradient":""}}},"product_brand":[],"product_cat":[540],"product_tag":[2627],"class_list":{"0":"post-7136","1":"product","2":"type-product","3":"status-publish","4":"has-post-thumbnail","6":"product_cat-peptide-anti-rides-et-anti-age","7":"product_tag-pentapeptide-18-leuphasyl-cas-64963-01-5-anti-wrinkle-and-smooth-skin-fr","8":"desktop-align-left","9":"tablet-align-left","10":"mobile-align-left","12":"first","13":"instock","14":"shipping-taxable","15":"product-type-simple"},"_links":{"self":[{"href":"https:\/\/puyapeptide.net\/fr\/wp-json\/wp\/v2\/product\/7136","targetHints":{"allow":["GET"]}}],"collection":[{"href":"https:\/\/puyapeptide.net\/fr\/wp-json\/wp\/v2\/product"}],"about":[{"href":"https:\/\/puyapeptide.net\/fr\/wp-json\/wp\/v2\/types\/product"}],"replies":[{"embeddable":true,"href":"https:\/\/puyapeptide.net\/fr\/wp-json\/wp\/v2\/comments?post=7136"}],"wp:featuredmedia":[{"embeddable":true,"href":"https:\/\/puyapeptide.net\/fr\/wp-json\/wp\/v2\/media\/2122"}],"wp:attachment":[{"href":"https:\/\/puyapeptide.net\/fr\/wp-json\/wp\/v2\/media?parent=7136"}],"wp:term":[{"taxonomy":"product_brand","embeddable":true,"href":"https:\/\/puyapeptide.net\/fr\/wp-json\/wp\/v2\/product_brand?post=7136"},{"taxonomy":"product_cat","embeddable":true,"href":"https:\/\/puyapeptide.net\/fr\/wp-json\/wp\/v2\/product_cat?post=7136"},{"taxonomy":"product_tag","embeddable":true,"href":"https:\/\/puyapeptide.net\/fr\/wp-json\/wp\/v2\/product_tag?post=7136"}],"curies":[{"name":"wp","href":"https:\/\/api.w.org\/{rel}","templated":true}]}}