{"id":7165,"date":"2021-12-16T07:15:04","date_gmt":"2021-12-16T12:15:04","guid":{"rendered":"https:\/\/puyapeptide.net\/product\/palmitoyl-oligopeptide-palmitoyl-tripeptide-1-cas-147732-56-7-utilise-pour-la-preparation-de-cosmetiques-anti-age\/"},"modified":"2021-12-16T07:15:04","modified_gmt":"2021-12-16T12:15:04","slug":"palmitoyl-oligopeptide-palmitoyl-tripeptide-1-cas-147732-56-7-utilise-pour-la-preparation-de-cosmetiques-anti-age","status":"publish","type":"product","link":"https:\/\/puyapeptide.net\/fr\/product\/palmitoyl-oligopeptide-palmitoyl-tripeptide-1-cas-147732-56-7-utilise-pour-la-preparation-de-cosmetiques-anti-age\/","title":{"rendered":"Palmitoyl oligopeptide\/ Palmitoyl Tripeptide-1 CAS 147732-56-7 utilis\u00e9 pour la pr\u00e9paration de cosm\u00e9tiques anti-\u00e2ge"},"content":{"rendered":"<h2><strong>Palmitoyl oligopeptide\/ Palmitoyl Tripeptide-1 CAS 147732-56-7 utilis\u00e9 pour la pr\u00e9paration de cosm\u00e9tiques anti-\u00e2ge<\/strong><\/h2>\n<p>Nom du produit\u00a0: N-1(1-oxohexadecyl-glycyl-L-histidyl-L-Lysine\/ Palmitoyl oligopeptide\/ Palmitoyl Tripeptide-1<br \/>\nSynonymes\u00a0: L-Lysine, N-(1-oxohexadecyl)glycyl-L -histidyl-;Palmitoyl Tripeptide-1Pal-AHK;N2-[(N-Palmitoylglycyl)-L-histidyl]-L-lysine;Pal-GHK(PalMitoyl Tripeptide-1);N-(1-Oxohexadecyl)glycyl-L- histidyl-L-lysine;N2-[N-[N-(1-oxohexadecyl)glycyl]-L-histidyl]-L-lysine;PalMitoyl Tripeptide-1\u30013;Pal-GHK, &gt;=95%<br \/>\nCAS : 147732-56-7<br \/>\nMF : C30H54N6O5<br \/>\nMW : 578.79<br \/>\nEINECS :<br \/>\nCat\u00e9gories de produits : Cosm\u00e9tique beauty peptide<br \/>\nMol File : 147732-56-7.mol<br \/>\n&lt;&amp; &gt;La s\u00e9quence palmitoyl oligopeptide se trouve dans les prot\u00e9ines de la matrice extracellulaire telles que la cha\u00eene du collag\u00e8ne, et on pense qu&#39;elle est lib\u00e9r\u00e9e lors des blessures et des inflammations. Une stimulation par r\u00e9troaction de la r\u00e9paration du collag\u00e8ne a \u00e9galement \u00e9t\u00e9 propos\u00e9e pour ce peptide, mais le principal avantage \u00e0 On pense que la peau photovieillie est l&#39;am\u00e9lioration de l&#39;apport de cuivre. Il s&#39;av\u00e8re qu&#39;elle a des effets b\u00e9n\u00e9fiques sur la stimulation du collag\u00e8ne.<\/p>\n<p>Palmitoyl Tetrapept ide-7 imite l&#39;activit\u00e9 de la DHEA, l&#39;hormone de jeunesse qui fonctionne pour inverser la surproduction d&#39;IL-6, et donc r\u00e9duire les sympt\u00f4mes du vieillissement ainsi que le ph\u00e9nom\u00e8ne d&#39;immunos\u00e9nescence. Palmitoyl Tetrapeptide-7 peut am\u00e9liorer les fonctions dans une vari\u00e9t\u00e9 de peau formulation cosm\u00e9tique de soin et de couleur.<\/p>\n<p> <strong>N-1(1-oxohexadecyl-glycyl-L-histidyl-L-Lysine\/ Palmitoyl oligopeptide\/ Palmitoyl Tripeptide-1 Propri\u00e9t\u00e9s chimiques<\/strong><br \/>\nPoint d&#39;\u00e9bullition 913,0\u00b165,0 \u00b0C( Pr\u00e9dit)<br \/>\ndensit\u00e9 1,105<br \/>\npka 3,16\u00b10,10(pr\u00e9vu)<\/p>\n<p> <strong>N-1(1-oxohexadecyl-glycyl-L-histidyl-L-Lysine\/ Palmitoyl oligopeptide\/ Palmitoyl Tripeptide-1 Avantages<\/strong> &lt; &amp;&gt;1)Matrixyl 3000 (Palmitoyl Oligopeptide et Palmitoyl Tetrapeptide-7) utilise 2 matrikines pour envoyer en synergie des messagers pour reconstruire le collag\u00e8ne endommag\u00e9.<br \/>\n2)Matrixyl 3000 contient les matrikines Pal-GHK et Pal-GQPR agissant en synergie pour r\u00e9parer les dommages cutan\u00e9s de l&#39;\u00e2ge<br \/>\n3)Matrixyl 3000 contient les matrikines Pal-GHK et Pal-GQPR agissant en synergie pour r\u00e9parer les dommages cutan\u00e9s s de l&#39;\u00e2ge. En activant la production naturelle de collag\u00e8ne, d&#39;\u00e9lastine et d&#39;acide hyaluronique par la peau, Matrixyl 3000 agit pour r\u00e9duire les rides et autres signes du vieillissement.<\/p>\n<p> <strong>N-1(1-oxohexadecyl-glycyl-L-histidyl-L-Lysine\/ Palmitoyl oligopeptide\/ Palmitoyl Tripeptide-1 Mode d&#39;action<\/strong><br \/>\n1) Le Matrixyl diminue les rides de 45%<br \/>\n2)L\u00e8ve et raffermit la peau<br \/>\n3)Restaure l&#39;apparence jeune de la peau<\/p>\n<p> <strong>N-1( 1-oxohexadecyl-glycyl-L-histidyl-L-Lysine\/ Palmitoyl oligopeptide\/ Palmitoyl Tripeptide-1 Dosage<\/strong><br \/>\n Cela d\u00e9pend de votre poids corporel. Toutes les recherches men\u00e9es jusqu&#39;\u00e0 pr\u00e9sent ont utilis\u00e9 des \u00e9tudes sur les rongeurs, les rats et les souris sont g\u00e9n\u00e9ralement inject\u00e9 avec une dose efficace estim\u00e9e \u00e0 environ 10 g (mcg) par KG, chez l&#39;homme, on pense qu&#39;elle est d&#39;environ la charge \u00e9quivalente de 1,6 \u03bcg par KG chez l&#39;homme, donc si vous \u00eates\u00a0:<\/p>\n<p>60 KG (132 lb) alors votre dose orale quotidienne id\u00e9ale de BPC-157 serait de 96 g (mcg)<br \/>\n70 KG (154 lb) =&gt; 112 \u03bcg<br \/>\n80 KG (176 lb) =&gt; 128 \u03bcg&lt; &amp;&gt;90 KG (198 lb.) =&gt; 144 g<\/p>\n","protected":false},"excerpt":{"rendered":"<p>Nom du produit : N-1(1-oxohexadecyl-glycyl-L-histidyl-L-Lysine\/ Palmitoyl oligopeptide\/ Palmitoyl Tripeptide-1<br \/>\nCAS : 147732-56-7<br \/>\nMF : C30H54N6O5<br \/>\nMW : 578,79<br \/>\nFichier Mol\u00a0: 147732-56-7.mol<\/p>\n","protected":false},"featured_media":2206,"comment_status":"open","ping_status":"closed","template":"","meta":{"om_disable_all_campaigns":false,"_monsterinsights_skip_tracking":false,"_monsterinsights_sitenote_active":false,"_monsterinsights_sitenote_note":"","_monsterinsights_sitenote_category":0,"site-sidebar-layout":"default","site-content-layout":"default","ast-site-content-layout":"default","site-content-style":"default","site-sidebar-style":"default","ast-global-header-display":"","ast-banner-title-visibility":"","ast-main-header-display":"","ast-hfb-above-header-display":"","ast-hfb-below-header-display":"","ast-hfb-mobile-header-display":"","site-post-title":"","ast-breadcrumbs-content":"","ast-featured-img":"","footer-sml-layout":"","ast-disable-related-posts":"","theme-transparent-header-meta":"default","adv-header-id-meta":"","stick-header-meta":"","header-above-stick-meta":"","header-main-stick-meta":"","header-below-stick-meta":"","astra-migrate-meta-layouts":"default","ast-page-background-enabled":"default","ast-page-background-meta":{"desktop":{"background-color":"","background-image":"","background-repeat":"repeat","background-position":"center center","background-size":"auto","background-attachment":"scroll","background-type":"","background-media":"","overlay-type":"","overlay-color":"","overlay-opacity":"","overlay-gradient":""},"tablet":{"background-color":"","background-image":"","background-repeat":"repeat","background-position":"center center","background-size":"auto","background-attachment":"scroll","background-type":"","background-media":"","overlay-type":"","overlay-color":"","overlay-opacity":"","overlay-gradient":""},"mobile":{"background-color":"","background-image":"","background-repeat":"repeat","background-position":"center center","background-size":"auto","background-attachment":"scroll","background-type":"","background-media":"","overlay-type":"","overlay-color":"","overlay-opacity":"","overlay-gradient":""}},"ast-content-background-meta":{"desktop":{"background-color":"var(--ast-global-color-5)","background-image":"","background-repeat":"repeat","background-position":"center center","background-size":"auto","background-attachment":"scroll","background-type":"","background-media":"","overlay-type":"","overlay-color":"","overlay-opacity":"","overlay-gradient":""},"tablet":{"background-color":"var(--ast-global-color-5)","background-image":"","background-repeat":"repeat","background-position":"center center","background-size":"auto","background-attachment":"scroll","background-type":"","background-media":"","overlay-type":"","overlay-color":"","overlay-opacity":"","overlay-gradient":""},"mobile":{"background-color":"var(--ast-global-color-5)","background-image":"","background-repeat":"repeat","background-position":"center center","background-size":"auto","background-attachment":"scroll","background-type":"","background-media":"","overlay-type":"","overlay-color":"","overlay-opacity":"","overlay-gradient":""}}},"product_brand":[],"product_cat":[540],"product_tag":[2607],"class_list":{"0":"post-7165","1":"product","2":"type-product","3":"status-publish","4":"has-post-thumbnail","6":"product_cat-peptide-anti-rides-et-anti-age","7":"product_tag-palmitoyl-oligopeptide-palmitoyl-tripeptide-1-cas-147732-56-7-used-for-the-preparation-of-anti-aging-cosmetics-fr","8":"desktop-align-left","9":"tablet-align-left","10":"mobile-align-left","12":"first","13":"instock","14":"shipping-taxable","15":"product-type-simple"},"_links":{"self":[{"href":"https:\/\/puyapeptide.net\/fr\/wp-json\/wp\/v2\/product\/7165","targetHints":{"allow":["GET"]}}],"collection":[{"href":"https:\/\/puyapeptide.net\/fr\/wp-json\/wp\/v2\/product"}],"about":[{"href":"https:\/\/puyapeptide.net\/fr\/wp-json\/wp\/v2\/types\/product"}],"replies":[{"embeddable":true,"href":"https:\/\/puyapeptide.net\/fr\/wp-json\/wp\/v2\/comments?post=7165"}],"wp:featuredmedia":[{"embeddable":true,"href":"https:\/\/puyapeptide.net\/fr\/wp-json\/wp\/v2\/media\/2206"}],"wp:attachment":[{"href":"https:\/\/puyapeptide.net\/fr\/wp-json\/wp\/v2\/media?parent=7165"}],"wp:term":[{"taxonomy":"product_brand","embeddable":true,"href":"https:\/\/puyapeptide.net\/fr\/wp-json\/wp\/v2\/product_brand?post=7165"},{"taxonomy":"product_cat","embeddable":true,"href":"https:\/\/puyapeptide.net\/fr\/wp-json\/wp\/v2\/product_cat?post=7165"},{"taxonomy":"product_tag","embeddable":true,"href":"https:\/\/puyapeptide.net\/fr\/wp-json\/wp\/v2\/product_tag?post=7165"}],"curies":[{"name":"wp","href":"https:\/\/api.w.org\/{rel}","templated":true}]}}