{"id":7182,"date":"2021-12-16T07:16:19","date_gmt":"2021-12-16T12:16:19","guid":{"rendered":"https:\/\/puyapeptide.net\/product\/peptide-de-cuivre-ghk-cu-tripeptide-de-cuivre-cas-89030-95-5-pour-la-cicatrisation-des-plaies-et-le-renouvellement-cutane\/"},"modified":"2021-12-16T07:16:19","modified_gmt":"2021-12-16T12:16:19","slug":"peptide-de-cuivre-ghk-cu-tripeptide-de-cuivre-cas-89030-95-5-pour-la-cicatrisation-des-plaies-et-le-renouvellement-cutane","status":"publish","type":"product","link":"https:\/\/puyapeptide.net\/fr\/product\/peptide-de-cuivre-ghk-cu-tripeptide-de-cuivre-cas-89030-95-5-pour-la-cicatrisation-des-plaies-et-le-renouvellement-cutane\/","title":{"rendered":"Peptide de cuivre (GHK-Cu)\/Tripeptide de cuivre CAS 89030-95-5 pour la cicatrisation des plaies et le renouvellement cutan\u00e9"},"content":{"rendered":"<h2><strong>Peptide de cuivre (GHK-Cu)\/Tripeptide de cuivre CAS 89030-95-5 pour la cicatrisation des plaies et le renouvellement cutan\u00e9<\/strong><\/h2>\n<p>Nom du produit\u00a0: Peptide de cuivre (GHK-Cu)\/Tripeptide de cuivre\/[N2-(N-Glycyl-L-histidyl)-L-lysinato(2-)]cuivre<br \/>\nS\u00e9quence\u00a0: (Cu2+ )H-Glu -His-Lys-OH<br \/>\nSynonymes\u00a0:\u00a0[N2-(N-Glycyl-L-histidyl)-L-lysinato(2-)]cuivre\u00a0;Ghk-Cu\/AHK-CU\u00a0;Tripeptide de cuivre (GHK-Cu); Cuivre Prezatide,[N2-(N-Glycyl-L-histidyl)-L-lysinato(2-)]cuivre;tripeptide\/GHK-Cu;Peptide de Cuivre, GHK-Cu, Tripeptide de Cuivre-1;GHK Cuivre;GHK.CU .HAC<br \/>\nCAS : 89030-95-5<br \/>\nMF : C14H21CuN6O4<br \/>\nMW : 400.91<br \/>\nEINECS :<br \/>\nCat\u00e9gories de produits : Pharmaceutique<br \/>\nMol File : 89030-95-5.mol&lt; &amp;&gt;<br \/>\nLe cuivre est un oligo-\u00e9l\u00e9ment important qui s&#39;est av\u00e9r\u00e9 important dans la cicatrisation des plaies et les processus enzymatiques. La lysyloxydase est une enzyme importante dans la production de collag\u00e8ne et d&#39;\u00e9lastine et le peptide de cuivre d\u00e9pend de l&#39;action du cuivre. La tyrosinase et la cytochrome c oxydase n\u00e9cessitent \u00e9galement du cuivre. Les effets n\u00e9fastes des radicaux libres sur la peau ont \u00e9t\u00e9 \u00e9lucid\u00e9s dans la recherche scientifique fondamentale sur le photovieillissement cutan\u00e9. La superoxyde dismutase agit comme un antioxydant important et n\u00e9cessite du cuivre comme cofacteur.<br \/>\nLa poudre de peptide de cuivre GHK se complexe spontan\u00e9ment avec le cuivre et facilite l&#39;absorption du cuivre par les cellules. La s\u00e9quence du peptide de cuivre se trouve dans les prot\u00e9ines de la matrice extracellulaire telles que la cha\u00eene de collag\u00e8ne, et on pense que le peptide de cuivre est lib\u00e9r\u00e9 pendant les blessures et l&#39;inflammation.<\/p>\n<p> <strong>Fonction du peptide de cuivre (GHK-Cu)\/Tripeptide de cuivre CAS 89030-95-5<\/strong><br \/>\n1. Acc\u00e9l\u00e9rer la r\u00e9paration des plaies<br \/>\n2. Augmenter la r\u00e9\u00e9pith\u00e9lialisation de la peau<br \/>\n3. Inverser les effets du vieillissement sur la peau<br \/>\n4. \u00e9paissit la peau, am\u00e9liore l&#39;\u00e9lasticit\u00e9 et augmente la couche de graisse sous-cutan\u00e9e<br \/>\n5. Am\u00e9liorer le succ\u00e8s de la greffe de cheveux, pr\u00e9venir la perte de cheveux<br \/>\n6. Les analogues de GHK avec des analogues de r\u00e9sidus gras augmentent la taille des follicules pileux, stimulent la croissance des cheveux et r\u00e9duisent la chute des cheveux<br \/>\n7. Gu\u00e9rir endommager les muqueuses intestinales. Active la principale prot\u00e9ine antioxydante de la peau &#8211; la superoxyde dismutase<\/p>\n<p> <strong>Application typique du peptide de cuivre (GHK-Cu)\/tripeptide de cuivre CAS 89030-95-5<\/strong><br \/>\nInversion de l&#39;\u00e2ge de la peau, renouvellement de la peau, cicatrisation sans cicatrice et \u00e9limination de la peau l\u00e9sions avec une s\u00e9curit\u00e9 \u00e9lev\u00e9e. Il peut \u00eatre utilis\u00e9 pour anti-rides\/r\u00e9paration de la peau\/restauration des cheveux<\/p>\n","protected":false},"excerpt":{"rendered":"<p>Nom du produit\u00a0: Peptide de cuivre (GHK-Cu)\/Tripeptide de cuivre\/[N2-(N-Glycyl-L-histidyl)-L-lysinato(2-)]cuivre<br \/>\nCAS\u00a0: 89030-95-5<br \/>\nMF : C14H21CuN6O4<br \/>\nMW : 400.91<br \/>\nMol Dossier : 89030-95-5.mol<\/p>\n","protected":false},"featured_media":3865,"comment_status":"open","ping_status":"closed","template":"","meta":{"om_disable_all_campaigns":false,"_monsterinsights_skip_tracking":false,"_monsterinsights_sitenote_active":false,"_monsterinsights_sitenote_note":"","_monsterinsights_sitenote_category":0,"site-sidebar-layout":"default","site-content-layout":"default","ast-site-content-layout":"default","site-content-style":"default","site-sidebar-style":"default","ast-global-header-display":"","ast-banner-title-visibility":"","ast-main-header-display":"","ast-hfb-above-header-display":"","ast-hfb-below-header-display":"","ast-hfb-mobile-header-display":"","site-post-title":"","ast-breadcrumbs-content":"","ast-featured-img":"","footer-sml-layout":"","ast-disable-related-posts":"","theme-transparent-header-meta":"default","adv-header-id-meta":"","stick-header-meta":"","header-above-stick-meta":"","header-main-stick-meta":"","header-below-stick-meta":"","astra-migrate-meta-layouts":"default","ast-page-background-enabled":"default","ast-page-background-meta":{"desktop":{"background-color":"","background-image":"","background-repeat":"repeat","background-position":"center center","background-size":"auto","background-attachment":"scroll","background-type":"","background-media":"","overlay-type":"","overlay-color":"","overlay-opacity":"","overlay-gradient":""},"tablet":{"background-color":"","background-image":"","background-repeat":"repeat","background-position":"center center","background-size":"auto","background-attachment":"scroll","background-type":"","background-media":"","overlay-type":"","overlay-color":"","overlay-opacity":"","overlay-gradient":""},"mobile":{"background-color":"","background-image":"","background-repeat":"repeat","background-position":"center center","background-size":"auto","background-attachment":"scroll","background-type":"","background-media":"","overlay-type":"","overlay-color":"","overlay-opacity":"","overlay-gradient":""}},"ast-content-background-meta":{"desktop":{"background-color":"var(--ast-global-color-5)","background-image":"","background-repeat":"repeat","background-position":"center center","background-size":"auto","background-attachment":"scroll","background-type":"","background-media":"","overlay-type":"","overlay-color":"","overlay-opacity":"","overlay-gradient":""},"tablet":{"background-color":"var(--ast-global-color-5)","background-image":"","background-repeat":"repeat","background-position":"center center","background-size":"auto","background-attachment":"scroll","background-type":"","background-media":"","overlay-type":"","overlay-color":"","overlay-opacity":"","overlay-gradient":""},"mobile":{"background-color":"var(--ast-global-color-5)","background-image":"","background-repeat":"repeat","background-position":"center center","background-size":"auto","background-attachment":"scroll","background-type":"","background-media":"","overlay-type":"","overlay-color":"","overlay-opacity":"","overlay-gradient":""}}},"product_brand":[],"product_cat":[540],"product_tag":[2585],"class_list":{"0":"post-7182","1":"product","2":"type-product","3":"status-publish","4":"has-post-thumbnail","6":"product_cat-peptide-anti-rides-et-anti-age","7":"product_tag-copper-peptide-ghk-cu-copper-tripeptide-cas-89030-95-5-for-wound-healing-and-skin-renewal-fr","8":"desktop-align-left","9":"tablet-align-left","10":"mobile-align-left","12":"first","13":"instock","14":"shipping-taxable","15":"product-type-simple"},"_links":{"self":[{"href":"https:\/\/puyapeptide.net\/fr\/wp-json\/wp\/v2\/product\/7182","targetHints":{"allow":["GET"]}}],"collection":[{"href":"https:\/\/puyapeptide.net\/fr\/wp-json\/wp\/v2\/product"}],"about":[{"href":"https:\/\/puyapeptide.net\/fr\/wp-json\/wp\/v2\/types\/product"}],"replies":[{"embeddable":true,"href":"https:\/\/puyapeptide.net\/fr\/wp-json\/wp\/v2\/comments?post=7182"}],"wp:featuredmedia":[{"embeddable":true,"href":"https:\/\/puyapeptide.net\/fr\/wp-json\/wp\/v2\/media\/3865"}],"wp:attachment":[{"href":"https:\/\/puyapeptide.net\/fr\/wp-json\/wp\/v2\/media?parent=7182"}],"wp:term":[{"taxonomy":"product_brand","embeddable":true,"href":"https:\/\/puyapeptide.net\/fr\/wp-json\/wp\/v2\/product_brand?post=7182"},{"taxonomy":"product_cat","embeddable":true,"href":"https:\/\/puyapeptide.net\/fr\/wp-json\/wp\/v2\/product_cat?post=7182"},{"taxonomy":"product_tag","embeddable":true,"href":"https:\/\/puyapeptide.net\/fr\/wp-json\/wp\/v2\/product_tag?post=7182"}],"curies":[{"name":"wp","href":"https:\/\/api.w.org\/{rel}","templated":true}]}}