{"id":7196,"date":"2021-12-16T07:16:24","date_gmt":"2021-12-16T12:16:24","guid":{"rendered":"https:\/\/puyapeptide.net\/product\/argireline-argreline-acetate-cas-616204-22-9-pour-eliminer-les-rides-autour-du-front-ou-des-yeux\/"},"modified":"2021-12-16T07:16:24","modified_gmt":"2021-12-16T12:16:24","slug":"argireline-argreline-acetate-cas-616204-22-9-pour-eliminer-les-rides-autour-du-front-ou-des-yeux","status":"publish","type":"product","link":"https:\/\/puyapeptide.net\/fr\/product\/argireline-argreline-acetate-cas-616204-22-9-pour-eliminer-les-rides-autour-du-front-ou-des-yeux\/","title":{"rendered":"Argireline\/Argreline Ac\u00e9tate CAS 616204-22-9 pour \u00e9liminer les rides autour du front ou des yeux"},"content":{"rendered":"<h2><strong>Argireline\/Argreline Ac\u00e9tate CAS 616204-22-9 pour \u00e9liminer les rides autour du front ou des yeux<\/strong><\/h2>\n<p>Nom du produit\u00a0: Argireline<br \/>\nS\u00e9quence\u00a0: N-ac\u00e9tyl-Glu-Glu-Met-Gln-Arg-Arg-NH 2.<br \/>\nSynonymes\u00a0: Ac-Glu-Glu-Met-Glu-Arg-Arg- NH2\u00a0; N-ac\u00e9tyl-L-alpha-glutamyl-L-alpha-glutamyl-L-m\u00e9thionyl-L-glutaminyl-L-arginyl-L-argininamide\u00a0; ac\u00e9tyl hexapeptide-3\/ac\u00e9tyl hexapeptide-8\u00a0; argireline, ac\u00e9tyl hexapeptide-3 , BR;Anti-Rides Multi-Peptides;Reproage;Argireline;Argireline Ac\u00e9tate Ac-Glu-Glu-Met-Arg-Arg-NH2<br \/>\nCAS: 616204-22-9<br \/>\nMF: C34H60N14O12S<br \/>\nMW: 889<br \/>\nEINECS : 1592732-453-0<br \/>\nCat\u00e9gories de produits : Peptide<br \/>\nMol File : 616204-22-9.mol<\/p>\n<p>Argireline est compos\u00e9 de cha\u00eenes d&#39;acides amin\u00e9s. De telles cha\u00eenes peuvent affecter le fonctionnement de nos cellules, par exemple en relaxant les muscles de notre visage. Il est d\u00e9riv\u00e9 du peptide Acetyl hexapeptide-3, un substrat de la toxine botulique, ou plus commun\u00e9ment connu sous le nom de Botox.<\/p>\n<p>L&#39;ac\u00e9tate d&#39;argireline, \u00e9galement connu sous le nom de botulinum, est un oligopeptide qui imite le N-terminal 6 amino acides de la prot\u00e9ine SNAP-25. L&#39;acireline est l&#39;une des mati\u00e8res premi\u00e8res couramment utilis\u00e9es pour les cosm\u00e9tiques haut de gamme. Son effet principal est de r\u00e9duire les rides caus\u00e9es par la contraction des muscles de l&#39;expression du visage et a un effet id\u00e9al sur les rides du front ou du contour des yeux. L&#39;acireline est un substitut de toxine plus s\u00fbr, moins cher et plus doux pour la viande. L&#39;akireline est en comp\u00e9tition pour le site de SNAP-25 dans le complexe v\u00e9siculaire, ce qui affecte la formation du complexe v\u00e9siculaire, entra\u00eenant l&#39;incapacit\u00e9 des v\u00e9sicules \u00e0 lib\u00e9rer efficacement les neurotransmetteurs et affaiblir la contraction musculaire, relaxant ainsi les muscles et apaisant les ridules. Il peut rendre la peau claire et sans d\u00e9faut, et peut \u00e9galement favoriser la r\u00e9g\u00e9n\u00e9ration cellulaire pour redonner douceur et \u00e9lasticit\u00e9 \u00e0 la peau. Par cons\u00e9quent, il est largement utilis\u00e9 dans la pr\u00e9paration de produits cosm\u00e9tiques et de sant\u00e9.<\/p>\n<p> <strong>Argireline\/Argreline Acetate CAS 616204-22-9 Propri\u00e9t\u00e9s chimiques<\/strong><br \/>\n densit\u00e9 1.54<br \/>\ntemp\u00e9rature de stockage. -20\u00b0C<br \/>\nforme solide lyophilis\u00e9<br \/>\npka 4,43\u00b10,10(Pr\u00e9dit)<br \/>\ncouleur blanche<br \/>\nInChIKey RJZNPROJTJSYLC-LLINQDLYSA-N<\/p>\n<p> <strong>Fonction de l&#39;Argireline\/Ac\u00e9tate d&#39;Argreline CAS 616204-22 -9<\/strong> <\/p>\n<p>1.R\u00e9duire les rides caus\u00e9es par la contraction des muscles de l&#39;expression du visage. Il a pour effet id\u00e9al d&#39;\u00e9liminer les rides du front ou du contour des yeux.<br \/>\n2.Favorise la production de collag\u00e8ne, qui aide la peau \u00e0 reconstruire les tissus.<\/p>\n","protected":false},"excerpt":{"rendered":"<p>Nom du produit : Argireline<br \/>\nCAS : 616204-22-9<br \/>\nMF : C34H60N14O12S<br \/>\nMW : 889<br \/>\nEINECS : 1592732-453-0<br \/>\nMol Fichier : 616204-22-9.mol<\/p>\n","protected":false},"featured_media":2122,"comment_status":"open","ping_status":"closed","template":"","meta":{"om_disable_all_campaigns":false,"_monsterinsights_skip_tracking":false,"_monsterinsights_sitenote_active":false,"_monsterinsights_sitenote_note":"","_monsterinsights_sitenote_category":0,"site-sidebar-layout":"default","site-content-layout":"default","ast-site-content-layout":"default","site-content-style":"default","site-sidebar-style":"default","ast-global-header-display":"","ast-banner-title-visibility":"","ast-main-header-display":"","ast-hfb-above-header-display":"","ast-hfb-below-header-display":"","ast-hfb-mobile-header-display":"","site-post-title":"","ast-breadcrumbs-content":"","ast-featured-img":"","footer-sml-layout":"","ast-disable-related-posts":"","theme-transparent-header-meta":"default","adv-header-id-meta":"","stick-header-meta":"","header-above-stick-meta":"","header-main-stick-meta":"","header-below-stick-meta":"","astra-migrate-meta-layouts":"default","ast-page-background-enabled":"default","ast-page-background-meta":{"desktop":{"background-color":"","background-image":"","background-repeat":"repeat","background-position":"center center","background-size":"auto","background-attachment":"scroll","background-type":"","background-media":"","overlay-type":"","overlay-color":"","overlay-opacity":"","overlay-gradient":""},"tablet":{"background-color":"","background-image":"","background-repeat":"repeat","background-position":"center center","background-size":"auto","background-attachment":"scroll","background-type":"","background-media":"","overlay-type":"","overlay-color":"","overlay-opacity":"","overlay-gradient":""},"mobile":{"background-color":"","background-image":"","background-repeat":"repeat","background-position":"center center","background-size":"auto","background-attachment":"scroll","background-type":"","background-media":"","overlay-type":"","overlay-color":"","overlay-opacity":"","overlay-gradient":""}},"ast-content-background-meta":{"desktop":{"background-color":"var(--ast-global-color-5)","background-image":"","background-repeat":"repeat","background-position":"center center","background-size":"auto","background-attachment":"scroll","background-type":"","background-media":"","overlay-type":"","overlay-color":"","overlay-opacity":"","overlay-gradient":""},"tablet":{"background-color":"var(--ast-global-color-5)","background-image":"","background-repeat":"repeat","background-position":"center center","background-size":"auto","background-attachment":"scroll","background-type":"","background-media":"","overlay-type":"","overlay-color":"","overlay-opacity":"","overlay-gradient":""},"mobile":{"background-color":"var(--ast-global-color-5)","background-image":"","background-repeat":"repeat","background-position":"center center","background-size":"auto","background-attachment":"scroll","background-type":"","background-media":"","overlay-type":"","overlay-color":"","overlay-opacity":"","overlay-gradient":""}}},"product_brand":[],"product_cat":[540],"product_tag":[2560],"class_list":{"0":"post-7196","1":"product","2":"type-product","3":"status-publish","4":"has-post-thumbnail","6":"product_cat-peptide-anti-rides-et-anti-age","7":"product_tag-argireline-argreline-acetate-cas-616204-22-9-for-removing-wrinkles-around-the-forehead-or-eyes-fr","8":"desktop-align-left","9":"tablet-align-left","10":"mobile-align-left","12":"first","13":"instock","14":"shipping-taxable","15":"product-type-simple"},"_links":{"self":[{"href":"https:\/\/puyapeptide.net\/fr\/wp-json\/wp\/v2\/product\/7196","targetHints":{"allow":["GET"]}}],"collection":[{"href":"https:\/\/puyapeptide.net\/fr\/wp-json\/wp\/v2\/product"}],"about":[{"href":"https:\/\/puyapeptide.net\/fr\/wp-json\/wp\/v2\/types\/product"}],"replies":[{"embeddable":true,"href":"https:\/\/puyapeptide.net\/fr\/wp-json\/wp\/v2\/comments?post=7196"}],"wp:featuredmedia":[{"embeddable":true,"href":"https:\/\/puyapeptide.net\/fr\/wp-json\/wp\/v2\/media\/2122"}],"wp:attachment":[{"href":"https:\/\/puyapeptide.net\/fr\/wp-json\/wp\/v2\/media?parent=7196"}],"wp:term":[{"taxonomy":"product_brand","embeddable":true,"href":"https:\/\/puyapeptide.net\/fr\/wp-json\/wp\/v2\/product_brand?post=7196"},{"taxonomy":"product_cat","embeddable":true,"href":"https:\/\/puyapeptide.net\/fr\/wp-json\/wp\/v2\/product_cat?post=7196"},{"taxonomy":"product_tag","embeddable":true,"href":"https:\/\/puyapeptide.net\/fr\/wp-json\/wp\/v2\/product_tag?post=7196"}],"curies":[{"name":"wp","href":"https:\/\/api.w.org\/{rel}","templated":true}]}}