{"id":7239,"date":"2021-12-16T07:18:07","date_gmt":"2021-12-16T12:18:07","guid":{"rendered":"https:\/\/puyapeptide.net\/product\/melanotan-1-melanotan-i-afamelanotide-cas-75921-69-6\/"},"modified":"2021-12-16T07:18:07","modified_gmt":"2021-12-16T12:18:07","slug":"melanotan-1-melanotan-i-afamelanotide-cas-75921-69-6","status":"publish","type":"product","link":"https:\/\/puyapeptide.net\/fr\/product\/melanotan-1-melanotan-i-afamelanotide-cas-75921-69-6\/","title":{"rendered":"M\u00e9lanotan 1\/ M\u00e9lanotan I\/ Afam\u00e9lanotide CAS 75921-69-6"},"content":{"rendered":"<h2><strong>M\u00e9lanotan 1\/ M\u00e9lanotan I\/ Afam\u00e9lanotide CAS 75921-69-6<\/strong><\/h2>\n<p>Nom du produit\u00a0: Melanotan 1<br \/>\nS\u00e9quence\u00a0: Ac-Ser-Tyr-Ser-Nle-Glu-His-D-Phe-Arg-Trp-Gly-Lys-Pro-Val-NH2<br \/>\nSynonymes\u00a0: [ NLE4,D-PHE]ALPHA-M\u00c9LANOCYTE HORMONE STIMULANTE;(NLE4,D-PHE7)-ALPHA-MSH;[Nle4,D-Phe7]\u03b1-MSH;Ac-L-Ser-L-Tyr-L-Ser-L -Nle-L-Glu-L-His-D-Phe-L-Arg-L-Trp-Gly-L-Lys-L-Pro-L-Val-NH2;N-Ac-L-Ser-L-Tyr -L-Ser-L-Nle-L-Glu-L-His-D-Phe-L-Arg-L-Trp-Gly-L-Lys-L-Pro-L-Val-NH2;[Nle4,DPhe7] a-MSH, amide;[Nle4,DPhe7] a-MSH, amide:M\u00e9lanotan \u2160;[Nle4, D-Phe7]-\u03b1-MSH, amide<br \/>\nCAS: 75921-69-6<br \/>\nMF: C78H111N21O19&lt; &amp;&gt;MW\u00a0: 1646.85<br \/>\nEINECS\u00a0: 211-519-9<br \/>\nCat\u00e9gories de produits\u00a0:\u00a0Peptides de modulation des canaux ioniques\u00a0;Hormones de stimulation des m\u00e9lanocytes (MSH);ImmunomodulateursHormones\u00a0;Recherche sur l&#39;ob\u00e9sit\u00e9\u00a0;Peptides pour la biologie cellulaire\u00a0;Hormones hypophysaires;Peptide\u00a0;Stimulation de m\u00e9lanocytes Hormone (MSH)Peptides and Proteins;\u03b1-M\u00e9lanocyte Stimulating Hormone (\u03b1-MSH)Peptides for Cell Biology;Cytokines Growth Factors and Hormones (Obesity);Melanotan II A<br \/>\nMol File: 75921-69-6.mol&lt;&amp; &gt;<br \/>\nMelanotan 2 (\u00e9galement connu sous le nom de Melanotan II) est un synth\u00e9tiseur Variante enti\u00e8rement produite d&#39;une hormone peptidique produite naturellement dans<br \/>\nnotre corps qui stimule la m\u00e9lanogen\u00e8se, qui est responsable de la pigmentation de la peau. Cette hormone peptidique, appel\u00e9e<br \/>\nhormone de stimulation des m\u00e9lanocytes alpha ou MSH, active certains r\u00e9cepteurs de la m\u00e9lanocortine en train d&#39;exercer ses effets.<br \/>\nEn effet, la MSH apporte \u00e9galement de puissants avantages du m\u00e9tabolisme lipidique, de l&#39;app\u00e9tit et de la libido sexuelle via ces derniers. r\u00e9cepteurs de la m\u00e9lanocortine.<br \/>\n Par cons\u00e9quent, il a \u00e9t\u00e9 d\u00e9montr\u00e9 dans des \u00e9tudes que Melanotan 2 pr\u00e9sente des effets coupe-faim, lipolytiques et stimulants de la libido en plus<br \/>\n de favoriser le bronzage de la peau. Melanotan 2 a fait l&#39;objet de recherches approfondies pour \u00eatre utilis\u00e9 dans la protection contre les effets nocifs des rayons ultraviolets<br \/>\n du soleil en raison de ses caract\u00e9ristiques stimulant la m\u00e9lanogen\u00e8se.<br \/>\nEn outre, Melanotan 2 (MT-2) et une variante similaire produite synth\u00e9tiquement, ont \u00e9t\u00e9 \u00e9tudi\u00e9s comme rem\u00e8de potentiel<br \/>\n pour le traitement de la dysfonction sexuelle\u00a0; sp\u00e9cifiquement, la dysfonction \u00e9rectile masculine.<\/p>\n<p> <strong>Melanotan 1\/ Melanotan I\/ Afamelanotide CAS 75921-69-6 Propri\u00e9t\u00e9s chimiques<\/strong><br \/>\n densit\u00e9 1,46\u00b10,1 g\/cm3 (pr\u00e9dite)<br \/>\nRTECS OS1830200<br \/>\ntemp\u00e9rature de stockage . \u221220\u00b0C<br \/>\npka 4.43\u00b10.10(Predicted)<br \/>\nInChIKey UAHFGYDRQSXQEB-LEBBXHLNSA-N<br \/>\nCAS DataBase Reference 75921-69-6(CAS DataBase Reference)<\/p>\n<p> <strong>Utilisations de Melanotan 1\/ Melanotan I\/ Afamelanotide CAS 75921-69-6s<\/strong><br \/>\nAvec la sortie de Melanotan I, ce peptide lin\u00e9aire compos\u00e9 de 13 acides amin\u00e9s est appel\u00e9 \u00e0 jouer un r\u00f4le encore plus important dans la recherche sur les m\u00e9dicaments. Les principaux noms anglais de Melanotan I sont Melanotan-1 et Afamelanotide, qui appartiennent aux analogues de l&#39;\u03b1-MSH, Melanotan I peut \u00eatre utilis\u00e9 pour traiter les troubles de la photosensibilit\u00e9 caus\u00e9s par la protoporphyrie \u00e9rythropo\u00ef\u00e9tique.<\/p>\n","protected":false},"excerpt":{"rendered":"<p>Nom du produit : Melanotan 1<br \/>\nCAS : 75921-69-6<br \/>\nMF : C78H111N21O19<br \/>\nMW : 1646.85<br \/>\nEINECS : 211-519-9<br \/>\nMol File : 75921-69-6.mol<\/p>\n","protected":false},"featured_media":2206,"comment_status":"open","ping_status":"closed","template":"","meta":{"om_disable_all_campaigns":false,"_monsterinsights_skip_tracking":false,"_monsterinsights_sitenote_active":false,"_monsterinsights_sitenote_note":"","_monsterinsights_sitenote_category":0,"site-sidebar-layout":"default","site-content-layout":"default","ast-site-content-layout":"default","site-content-style":"default","site-sidebar-style":"default","ast-global-header-display":"","ast-banner-title-visibility":"","ast-main-header-display":"","ast-hfb-above-header-display":"","ast-hfb-below-header-display":"","ast-hfb-mobile-header-display":"","site-post-title":"","ast-breadcrumbs-content":"","ast-featured-img":"","footer-sml-layout":"","ast-disable-related-posts":"","theme-transparent-header-meta":"default","adv-header-id-meta":"","stick-header-meta":"","header-above-stick-meta":"","header-main-stick-meta":"","header-below-stick-meta":"","astra-migrate-meta-layouts":"default","ast-page-background-enabled":"default","ast-page-background-meta":{"desktop":{"background-color":"","background-image":"","background-repeat":"repeat","background-position":"center center","background-size":"auto","background-attachment":"scroll","background-type":"","background-media":"","overlay-type":"","overlay-color":"","overlay-opacity":"","overlay-gradient":""},"tablet":{"background-color":"","background-image":"","background-repeat":"repeat","background-position":"center center","background-size":"auto","background-attachment":"scroll","background-type":"","background-media":"","overlay-type":"","overlay-color":"","overlay-opacity":"","overlay-gradient":""},"mobile":{"background-color":"","background-image":"","background-repeat":"repeat","background-position":"center center","background-size":"auto","background-attachment":"scroll","background-type":"","background-media":"","overlay-type":"","overlay-color":"","overlay-opacity":"","overlay-gradient":""}},"ast-content-background-meta":{"desktop":{"background-color":"var(--ast-global-color-5)","background-image":"","background-repeat":"repeat","background-position":"center center","background-size":"auto","background-attachment":"scroll","background-type":"","background-media":"","overlay-type":"","overlay-color":"","overlay-opacity":"","overlay-gradient":""},"tablet":{"background-color":"var(--ast-global-color-5)","background-image":"","background-repeat":"repeat","background-position":"center center","background-size":"auto","background-attachment":"scroll","background-type":"","background-media":"","overlay-type":"","overlay-color":"","overlay-opacity":"","overlay-gradient":""},"mobile":{"background-color":"var(--ast-global-color-5)","background-image":"","background-repeat":"repeat","background-position":"center center","background-size":"auto","background-attachment":"scroll","background-type":"","background-media":"","overlay-type":"","overlay-color":"","overlay-opacity":"","overlay-gradient":""}}},"product_brand":[],"product_cat":[526],"product_tag":[2550],"class_list":{"0":"post-7239","1":"product","2":"type-product","3":"status-publish","4":"has-post-thumbnail","6":"product_cat-autres-peptides","7":"product_tag-melanotan-1-melanotan-i-afamelanotide-cas-75921-69-6-fr","8":"desktop-align-left","9":"tablet-align-left","10":"mobile-align-left","12":"first","13":"instock","14":"shipping-taxable","15":"product-type-simple"},"_links":{"self":[{"href":"https:\/\/puyapeptide.net\/fr\/wp-json\/wp\/v2\/product\/7239","targetHints":{"allow":["GET"]}}],"collection":[{"href":"https:\/\/puyapeptide.net\/fr\/wp-json\/wp\/v2\/product"}],"about":[{"href":"https:\/\/puyapeptide.net\/fr\/wp-json\/wp\/v2\/types\/product"}],"replies":[{"embeddable":true,"href":"https:\/\/puyapeptide.net\/fr\/wp-json\/wp\/v2\/comments?post=7239"}],"wp:featuredmedia":[{"embeddable":true,"href":"https:\/\/puyapeptide.net\/fr\/wp-json\/wp\/v2\/media\/2206"}],"wp:attachment":[{"href":"https:\/\/puyapeptide.net\/fr\/wp-json\/wp\/v2\/media?parent=7239"}],"wp:term":[{"taxonomy":"product_brand","embeddable":true,"href":"https:\/\/puyapeptide.net\/fr\/wp-json\/wp\/v2\/product_brand?post=7239"},{"taxonomy":"product_cat","embeddable":true,"href":"https:\/\/puyapeptide.net\/fr\/wp-json\/wp\/v2\/product_cat?post=7239"},{"taxonomy":"product_tag","embeddable":true,"href":"https:\/\/puyapeptide.net\/fr\/wp-json\/wp\/v2\/product_tag?post=7239"}],"curies":[{"name":"wp","href":"https:\/\/api.w.org\/{rel}","templated":true}]}}