{"id":7310,"date":"2021-12-16T07:21:46","date_gmt":"2021-12-16T12:21:46","guid":{"rendered":"https:\/\/puyapeptide.net\/product\/elcatonin-acetate-elcatonin-cas-60731-46-6-peut-reduire-le-calcium-serique\/"},"modified":"2021-12-16T07:21:46","modified_gmt":"2021-12-16T12:21:46","slug":"elcatonin-acetate-elcatonin-cas-60731-46-6-peut-reduire-le-calcium-serique","status":"publish","type":"product","link":"https:\/\/puyapeptide.net\/fr\/product\/elcatonin-acetate-elcatonin-cas-60731-46-6-peut-reduire-le-calcium-serique\/","title":{"rendered":"Elcatonin Acetate\/ Elcatonin CAS 60731-46-6 Peut r\u00e9duire le calcium s\u00e9rique"},"content":{"rendered":"<h2><strong>Elcatonin Acetate\/ Elcatonin CAS 60731-46-6 Peut r\u00e9duire le calcium s\u00e9rique<\/strong><\/h2>\n<p>Nom du produit\u00a0: Elcatonin<br \/>\nSynonymes\u00a0: (aminosubericacid1,7)-eelcalcitonin;1-butanoicacid-26-l-asparticacid-27-l-valine-7-dicarbacalcitonin(saumon);29-l-alanine-\u00a0; (L-ALPHA-ACIDE AMINOSUBERIQUE1,7)-CALCITONINE (ANGLE);ELCATONINE;ELCATONINE (ANGLE);(DES CYS1,CYCLO (SER2-ASU7))-CALCITONINE (ANGLE) SEL AC\u00c9TATE;CYCLO(-SER-ASN-LEU -SER-THR-ASU)-VAL-LEU-GLY-LYS-LEU-SER-GLN-GLU-LEU-HIS-LYS-LEU-GLN-THR-TYR-PRO-ARG-THR-ASP-VAL-GLY- ALA-GLY-THR-PRO-NH2<br \/>\nCAS : 60731-46-6<br \/>\nMF : C148H244N42O47<br \/>\nMW : 3363.83<br \/>\nEINECS : 262-393-7<br \/>\nCat\u00e9gories de produits :<br \/>\n Mol File: 60731-46-6.mol<\/p>\n<p>L&#39;elcatonine est un polypeptide avec une structure secondaire stable. Sa fonction physiologique principale est d&#39;inhiber l&#39;activit\u00e9 des ost\u00e9oclastes, de r\u00e9duire la r\u00e9sorption osseuse, de pr\u00e9venir la perte de calcium osseux et de r\u00e9duire le calcium s\u00e9rique chez les animaux normaux et les animaux hypercalc\u00e9miques.<\/p>\n<p> L&#39;elcatonine (formule mol\u00e9culaire\u00a0: C148H244N42O47) est une sorte de -cha\u00eene polypeptidique glycosyl\u00e9e constitu\u00e9e de 31 acides amin\u00e9s. C&#39;est un d\u00e9riv\u00e9 de la calcitonine, et est utilis\u00e9 comme agent anti-parathyro\u00efdien. Il est principalement utilis\u00e9 pour soulager et \u00e9liminer la douleur induite par l&#39;ost\u00e9oporose. Il a plusieurs effets physiologiques, notamment : (1) inhiber l&#39;absorption et l&#39;autolyse des os, entra\u00eenant ainsi la r\u00e9duction du taux de calcium dans le sang ; (2) inhiber la dissolution et le transfert des sels osseux, favorisant davantage l&#39;excr\u00e9tion du calcium et du phosphore dans l&#39;urine ; (3) il inhibe le processus de r\u00e9absorption du calcium, du phosphore et du sodium par les tubules r\u00e9naux.<\/p>\n<p> <strong>ac\u00e9tate d&#39;elcatonine\/elcatonine CAS 60731-46-6 propri\u00e9t\u00e9s chimiques<\/strong><br \/>\n densit\u00e9 1,49 \u00b1 0,1 g\/cm3 )<br \/>\nRTECS HS9270000<br \/>\ntemp. -15\u00b0C<\/p>\n<p> <strong>Utilisations de l&#39;ac\u00e9tate d&#39;elcatonine\/ Elcatonine CAS 60731-46-6<\/strong><br \/>\nOst\u00e9oporose\u00a0; Hypercalc\u00e9mie\u00a0; la maladie de Paget<\/p>\n","protected":false},"excerpt":{"rendered":"<p>Nom du produit : Elcatonin<br \/>\nCAS : 60731-46-6<br \/>\nMF : C148H244N42O47<br \/>\nMW : 3363.83<br \/>\nEINECS : 262-393-7<br \/>\nMol File : 60731-46-6.mol<\/p>\n","protected":false},"featured_media":2101,"comment_status":"open","ping_status":"closed","template":"","meta":{"om_disable_all_campaigns":false,"_monsterinsights_skip_tracking":false,"_monsterinsights_sitenote_active":false,"_monsterinsights_sitenote_note":"","_monsterinsights_sitenote_category":0,"site-sidebar-layout":"default","site-content-layout":"default","ast-site-content-layout":"default","site-content-style":"default","site-sidebar-style":"default","ast-global-header-display":"","ast-banner-title-visibility":"","ast-main-header-display":"","ast-hfb-above-header-display":"","ast-hfb-below-header-display":"","ast-hfb-mobile-header-display":"","site-post-title":"","ast-breadcrumbs-content":"","ast-featured-img":"","footer-sml-layout":"","ast-disable-related-posts":"","theme-transparent-header-meta":"default","adv-header-id-meta":"","stick-header-meta":"","header-above-stick-meta":"","header-main-stick-meta":"","header-below-stick-meta":"","astra-migrate-meta-layouts":"default","ast-page-background-enabled":"default","ast-page-background-meta":{"desktop":{"background-color":"","background-image":"","background-repeat":"repeat","background-position":"center center","background-size":"auto","background-attachment":"scroll","background-type":"","background-media":"","overlay-type":"","overlay-color":"","overlay-opacity":"","overlay-gradient":""},"tablet":{"background-color":"","background-image":"","background-repeat":"repeat","background-position":"center center","background-size":"auto","background-attachment":"scroll","background-type":"","background-media":"","overlay-type":"","overlay-color":"","overlay-opacity":"","overlay-gradient":""},"mobile":{"background-color":"","background-image":"","background-repeat":"repeat","background-position":"center center","background-size":"auto","background-attachment":"scroll","background-type":"","background-media":"","overlay-type":"","overlay-color":"","overlay-opacity":"","overlay-gradient":""}},"ast-content-background-meta":{"desktop":{"background-color":"var(--ast-global-color-5)","background-image":"","background-repeat":"repeat","background-position":"center center","background-size":"auto","background-attachment":"scroll","background-type":"","background-media":"","overlay-type":"","overlay-color":"","overlay-opacity":"","overlay-gradient":""},"tablet":{"background-color":"var(--ast-global-color-5)","background-image":"","background-repeat":"repeat","background-position":"center center","background-size":"auto","background-attachment":"scroll","background-type":"","background-media":"","overlay-type":"","overlay-color":"","overlay-opacity":"","overlay-gradient":""},"mobile":{"background-color":"var(--ast-global-color-5)","background-image":"","background-repeat":"repeat","background-position":"center center","background-size":"auto","background-attachment":"scroll","background-type":"","background-media":"","overlay-type":"","overlay-color":"","overlay-opacity":"","overlay-gradient":""}}},"product_brand":[],"product_cat":[469],"product_tag":[2427],"class_list":{"0":"post-7310","1":"product","2":"type-product","3":"status-publish","4":"has-post-thumbnail","6":"product_cat-peptide-dosteoporose","7":"product_tag-elcatonin-acetate-elcatonin-cas-60731-46-6-can-reduce-the-serum-calcium-fr","8":"desktop-align-left","9":"tablet-align-left","10":"mobile-align-left","12":"first","13":"instock","14":"shipping-taxable","15":"product-type-simple"},"_links":{"self":[{"href":"https:\/\/puyapeptide.net\/fr\/wp-json\/wp\/v2\/product\/7310","targetHints":{"allow":["GET"]}}],"collection":[{"href":"https:\/\/puyapeptide.net\/fr\/wp-json\/wp\/v2\/product"}],"about":[{"href":"https:\/\/puyapeptide.net\/fr\/wp-json\/wp\/v2\/types\/product"}],"replies":[{"embeddable":true,"href":"https:\/\/puyapeptide.net\/fr\/wp-json\/wp\/v2\/comments?post=7310"}],"wp:featuredmedia":[{"embeddable":true,"href":"https:\/\/puyapeptide.net\/fr\/wp-json\/wp\/v2\/media\/2101"}],"wp:attachment":[{"href":"https:\/\/puyapeptide.net\/fr\/wp-json\/wp\/v2\/media?parent=7310"}],"wp:term":[{"taxonomy":"product_brand","embeddable":true,"href":"https:\/\/puyapeptide.net\/fr\/wp-json\/wp\/v2\/product_brand?post=7310"},{"taxonomy":"product_cat","embeddable":true,"href":"https:\/\/puyapeptide.net\/fr\/wp-json\/wp\/v2\/product_cat?post=7310"},{"taxonomy":"product_tag","embeddable":true,"href":"https:\/\/puyapeptide.net\/fr\/wp-json\/wp\/v2\/product_tag?post=7310"}],"curies":[{"name":"wp","href":"https:\/\/api.w.org\/{rel}","templated":true}]}}