{"id":7386,"date":"2021-12-16T07:57:34","date_gmt":"2021-12-16T12:57:34","guid":{"rendered":"https:\/\/puyapeptide.net\/product\/bivalirudin-cas-128270-60-0-est-un-anticoagulant-pour-la-recherche-en-laboratoire\/"},"modified":"2021-12-16T07:57:34","modified_gmt":"2021-12-16T12:57:34","slug":"bivalirudin-cas-128270-60-0-est-un-anticoagulant-pour-la-recherche-en-laboratoire","status":"publish","type":"product","link":"https:\/\/puyapeptide.net\/fr\/product\/bivalirudin-cas-128270-60-0-est-un-anticoagulant-pour-la-recherche-en-laboratoire\/","title":{"rendered":"Bivalirudin CAS 128270-60-0 est un anticoagulant pour la recherche en laboratoire"},"content":{"rendered":"<h2><strong>Bivalirudin CAS 128270-60-0 est un anticoagulant pour la recherche en laboratoire<\/strong><\/h2>\n<p>Nom du produit : Bivalirudin<br \/>\nSynonymes : Bivalirudin, TFA;BIVALIRUDIN;BIVALIRUDIN TRIFLUOROACETATE;BITTERMELONP.E;Human Bivalirudin;DPHE-PRO-ARG-PRO-GLY-GLY-GLY-GLY-ASN-GLY-ASP- PHE-GLU-GLU-LLE-PRO-GLU-GLU-TYR-LEU;Ac\u00e9tate de bivalirudine;Bivalirudine BG 8967, Hirulog, Hirulog I<br \/>\nCAS\u00a0: 128270-60-0<br \/>\nMF\u00a0: C98H138N24O33<br \/>\nMW\u00a0: 2180.29<br \/>\nEINECS\u00a0: 274-570-6<br \/>\nCat\u00e9gories de produits\u00a0: API\u00a0;proteins\u00a0;Peptide<br \/>\nMol File\u00a0: 128270-60-0.mol<\/p>\n<p>Bivalirudin est une sorte de nouveaux anticoagulants synth\u00e9tiques. C&#39;est l&#39;inhibiteur direct, sp\u00e9cifique et r\u00e9versible de la thrombine. Il a \u00e9t\u00e9 d\u00e9velopp\u00e9 par le Suisse Basset (Biogen) \u00e0 l&#39;origine. Ensuite, il a \u00e9t\u00e9 transf\u00e9r\u00e9 \u00e0 la United States Medicines Company et approuv\u00e9 pour la commercialisation aux \u00c9tats-Unis en 2000. Son ingr\u00e9dient anticoagulant est une sorte de 20 peptides d\u00e9riv\u00e9s de l&#39;hirudine. La bivalirudine peut sp\u00e9cifiquement se lier au site catalytique et au site de liaison anionique, que ce soit la thrombine qui se trouve dans la circulation sanguine ou la thrombine li\u00e9e au thrombus, inhibant ainsi directement l&#39;activit\u00e9 de la thrombine. Et son r\u00f4le se caract\u00e9rise par une courte, r\u00e9versible. Les premi\u00e8res \u00e9tudes cliniques montrent que le traitement anticoagulant de la bivalirudine est bon. Et l&#39;incidence des \u00e9v\u00e9nements h\u00e9morragiques est faible. Son utilisation est donc plus s\u00fbre que l&#39;h\u00e9parine traditionnelle. Il est principalement utilis\u00e9 pour la pr\u00e9vention du traitement interventionnel par angioplastie des complications isch\u00e9miques de l&#39;angine de poitrine instable avant et apr\u00e8s.<\/p>\n<p> <strong>Bivalirudin CAS 128270-60-0 Propri\u00e9t\u00e9s chimiques<\/strong><br \/>\ndensit\u00e9 1,52\u00b10,1 g\/cm3 (pr\u00e9vu)<br \/>\ntemp\u00e9rature de stockage. -20\u00b0C<br \/>\nforme poudre<br \/>\ncouleur blanc \u00e0 blanc cass\u00e9<br \/>\nInChIKey OIRCOABEOLEUMC-GEJPAHFPSA-N<\/p>\n<p> <strong>Utilisations de Bivalirudin CAS 128270-60-0<\/strong><br \/>\nAnticoagulant\u00a0; antithrombotique.<\/p>\n<p>La biluvudine est un anticoagulant synth\u00e9tique, un analogue \u00e0 20 peptides de l&#39;hirudine, dont la commercialisation a \u00e9t\u00e9 approuv\u00e9e aux \u00c9tats-Unis en 2000. La bivalirudine se lie sp\u00e9cifiquement au site catalytique de la thrombine et au site de liaison externe anionique , inhibant directement l&#39;activit\u00e9 de la thrombine et inhibant ainsi les r\u00e9actions catalys\u00e9es et induites par la thrombine, et son action est r\u00e9versible. La bivalirudine est principalement utilis\u00e9e comme anticoagulant pour une intervention coronarienne percutan\u00e9e (ICP) \u00e9lective chez l&#39;adulte.<\/p>\n","protected":false},"excerpt":{"rendered":"<p>Nom du produit : Bivalirudine<br \/>\nCAS : 128270-60-0<br \/>\nMF : C98H138N24O33<br \/>\nMW : 2180.29<br \/>\nEINECS : 274-570-6<br \/>\nMol Fichier : 128270-60-0.mol<\/p>\n","protected":false},"featured_media":2269,"comment_status":"open","ping_status":"closed","template":"","meta":{"om_disable_all_campaigns":false,"_monsterinsights_skip_tracking":false,"_monsterinsights_sitenote_active":false,"_monsterinsights_sitenote_note":"","_monsterinsights_sitenote_category":0,"site-sidebar-layout":"default","site-content-layout":"default","ast-site-content-layout":"default","site-content-style":"default","site-sidebar-style":"default","ast-global-header-display":"","ast-banner-title-visibility":"","ast-main-header-display":"","ast-hfb-above-header-display":"","ast-hfb-below-header-display":"","ast-hfb-mobile-header-display":"","site-post-title":"","ast-breadcrumbs-content":"","ast-featured-img":"","footer-sml-layout":"","ast-disable-related-posts":"","theme-transparent-header-meta":"default","adv-header-id-meta":"","stick-header-meta":"","header-above-stick-meta":"","header-main-stick-meta":"","header-below-stick-meta":"","astra-migrate-meta-layouts":"default","ast-page-background-enabled":"default","ast-page-background-meta":{"desktop":{"background-color":"","background-image":"","background-repeat":"repeat","background-position":"center center","background-size":"auto","background-attachment":"scroll","background-type":"","background-media":"","overlay-type":"","overlay-color":"","overlay-opacity":"","overlay-gradient":""},"tablet":{"background-color":"","background-image":"","background-repeat":"repeat","background-position":"center center","background-size":"auto","background-attachment":"scroll","background-type":"","background-media":"","overlay-type":"","overlay-color":"","overlay-opacity":"","overlay-gradient":""},"mobile":{"background-color":"","background-image":"","background-repeat":"repeat","background-position":"center center","background-size":"auto","background-attachment":"scroll","background-type":"","background-media":"","overlay-type":"","overlay-color":"","overlay-opacity":"","overlay-gradient":""}},"ast-content-background-meta":{"desktop":{"background-color":"var(--ast-global-color-5)","background-image":"","background-repeat":"repeat","background-position":"center center","background-size":"auto","background-attachment":"scroll","background-type":"","background-media":"","overlay-type":"","overlay-color":"","overlay-opacity":"","overlay-gradient":""},"tablet":{"background-color":"var(--ast-global-color-5)","background-image":"","background-repeat":"repeat","background-position":"center center","background-size":"auto","background-attachment":"scroll","background-type":"","background-media":"","overlay-type":"","overlay-color":"","overlay-opacity":"","overlay-gradient":""},"mobile":{"background-color":"var(--ast-global-color-5)","background-image":"","background-repeat":"repeat","background-position":"center center","background-size":"auto","background-attachment":"scroll","background-type":"","background-media":"","overlay-type":"","overlay-color":"","overlay-opacity":"","overlay-gradient":""}}},"product_brand":[],"product_cat":[408],"product_tag":[2388],"class_list":{"0":"post-7386","1":"product","2":"type-product","3":"status-publish","4":"has-post-thumbnail","6":"product_cat-sang-et-peptide-vasculaire","7":"product_tag-bivalirudin-cas-128270-60-0-is-an-anticoagulant-for-lab-research-fr","8":"desktop-align-left","9":"tablet-align-left","10":"mobile-align-left","12":"first","13":"instock","14":"shipping-taxable","15":"product-type-simple"},"_links":{"self":[{"href":"https:\/\/puyapeptide.net\/fr\/wp-json\/wp\/v2\/product\/7386","targetHints":{"allow":["GET"]}}],"collection":[{"href":"https:\/\/puyapeptide.net\/fr\/wp-json\/wp\/v2\/product"}],"about":[{"href":"https:\/\/puyapeptide.net\/fr\/wp-json\/wp\/v2\/types\/product"}],"replies":[{"embeddable":true,"href":"https:\/\/puyapeptide.net\/fr\/wp-json\/wp\/v2\/comments?post=7386"}],"wp:featuredmedia":[{"embeddable":true,"href":"https:\/\/puyapeptide.net\/fr\/wp-json\/wp\/v2\/media\/2269"}],"wp:attachment":[{"href":"https:\/\/puyapeptide.net\/fr\/wp-json\/wp\/v2\/media?parent=7386"}],"wp:term":[{"taxonomy":"product_brand","embeddable":true,"href":"https:\/\/puyapeptide.net\/fr\/wp-json\/wp\/v2\/product_brand?post=7386"},{"taxonomy":"product_cat","embeddable":true,"href":"https:\/\/puyapeptide.net\/fr\/wp-json\/wp\/v2\/product_cat?post=7386"},{"taxonomy":"product_tag","embeddable":true,"href":"https:\/\/puyapeptide.net\/fr\/wp-json\/wp\/v2\/product_tag?post=7386"}],"curies":[{"name":"wp","href":"https:\/\/api.w.org\/{rel}","templated":true}]}}