{"id":7429,"date":"2021-12-16T07:59:21","date_gmt":"2021-12-16T12:59:21","guid":{"rendered":"https:\/\/puyapeptide.net\/product\/kisspeptin-10-kisspeptin-10-cas-374675-21-5-est-un-vasoconstricteur-efficace-et-un-inhibiteur-de-langiogenese\/"},"modified":"2021-12-16T07:59:21","modified_gmt":"2021-12-16T12:59:21","slug":"kisspeptin-10-kisspeptin-10-cas-374675-21-5-est-un-vasoconstricteur-efficace-et-un-inhibiteur-de-langiogenese","status":"publish","type":"product","link":"https:\/\/puyapeptide.net\/fr\/product\/kisspeptin-10-kisspeptin-10-cas-374675-21-5-est-un-vasoconstricteur-efficace-et-un-inhibiteur-de-langiogenese\/","title":{"rendered":"Kisspeptin 10\/ KISSPEPTIN-10 CAS 374675-21-5 est un vasoconstricteur efficace et un inhibiteur de l&#39;angiogen\u00e8se"},"content":{"rendered":"<h2><strong>Kisspeptin 10\/ KISSPEPTIN-10 CAS 374675-21-5 est un vasoconstricteur efficace et un inhibiteur de l&#39;angiogen\u00e8se<\/strong><\/h2>\n<p>Nom du produit\u00a0: KISSPEPTIN-10<br \/>\nSynonymes\u00a0: MALIGNANT MELANOMA METASTASIS-SUPPRESSOR KISS-1 (112-121) (HUMAIN);METASTIN (HUMAIN, 45-54);METASTIN (45-54);METASTIN (45 -54) AMIDE, HUMAIN;METASTIN (45-54), HUMAIN;KISSPEPTIN-13 (4-13) (HUMAIN);KISS-1 GENE PRODUCT (HUMAIN, 112-121 AMIDE);TYR-ASN-TRP-ASN- SER-PHE-GLY-LEU-ARG-PHE-NH2<br \/>\nCAS : 374675-21-5<br \/>\nMF : C63H83N17O14<br \/>\nMW : 1302.44<br \/>\nEINECS :<br \/>\nCat\u00e9gories de produits : Peptide Receptors&lt;&amp; &gt;Mol File: 374675-21-5.mol<\/p>\n<p>Kisspeptin-10, l&#39;humain est un puissant vasoconstricteur et inhibiteur de l&#39;angiogen\u00e8se. kisspeptin-10, humain inhibe les m\u00e9tastases tumorales gr\u00e2ce \u00e0 son r\u00e9cepteur GPR54. le syst\u00e8me kisspeptin-10-GPR54 joue un r\u00f4le important dans le d\u00e9veloppement du rein embryonnaire. La signalisation kisspeptin-10\/Kispeptin-10\/GPR54 induit la diff\u00e9renciation des ost\u00e9oblastes par l&#39;expression de BMP2 m\u00e9di\u00e9e par NFATc4. les niveaux de concentration de Kisspeptin-10 aident \u00e0 identifier la b\u00e9nignit\u00e9 et la malignit\u00e9 des petites masses r\u00e9nales avec le SRM.<\/p>\n<p> <strong>Kisspeptin 10\/KISSPEPTIN-10 CAS 374675-21-5 Propri\u00e9t\u00e9s chimiques<\/strong><br \/>\ndensit\u00e9 1,46\u00b10,1 g\/cm3 (Pr\u00e9vue)<br \/>\ntemp\u00e9rature de stockage. -20\u00b0C<br \/>\npka 9.96\u00b10.15(Predicted)<\/p>\n<p> <strong>Fonction et application de Kisspeptin 10\/KISSPEPTIN-10 CAS 374675-21-5<\/strong><br \/>\nKisspeptin-10 est un vasoconstricteur efficace et un inhibiteur de l&#39;angiogen\u00e8se. Kisspeptin-10 inhibe les m\u00e9tastases tumorales via son r\u00e9cepteur GPR54. Le syst\u00e8me kisspeptin-10-GPR54 joue un r\u00f4le important dans le d\u00e9veloppement du rein embryonnaire. La signalisation Kisspeptin-10\/GPR54 induit la diff\u00e9renciation des ost\u00e9oblastes par l&#39;expression de BMP2 m\u00e9di\u00e9e par NFATC4.<\/p>\n","protected":false},"excerpt":{"rendered":"<p>Kisspeptin 10\/ KISSPEPTIN-10 CAS 374675-21-5 est un vasoconstricteur efficace et un inhibiteur de l&#39;angiogen\u00e8se Nom du produit\u00a0: KISSPEPTIN-10 Synonymes\u00a0: MALIGNANT MELANOMA METASTASIS-SUPPRESSOR KISS-1 (112-121) (HUMAIN);METASTIN (HUMAIN, 45-54);METASTIN (45-54);METASTIN (45 -54) AMIDE, HUMAIN;METASTIN (45-54), HUMAIN;KISSPEPTIN-13 (4-13) (HUMAIN);KISS-1 GENE PRODUCT (HUMAIN, 112-121 AMIDE);TYR-ASN-TRP-ASN- SER-PHE-GLY-LEU-ARG-PHE-NH2 CAS : 374675-21-5 MF : C63H83N17O14 MW : 1302.44 EINECS : Cat\u00e9gories de [&hellip;]<\/p>\n","protected":false},"featured_media":2101,"comment_status":"open","ping_status":"closed","template":"","meta":{"om_disable_all_campaigns":false,"_monsterinsights_skip_tracking":false,"_monsterinsights_sitenote_active":false,"_monsterinsights_sitenote_note":"","_monsterinsights_sitenote_category":0,"site-sidebar-layout":"default","site-content-layout":"default","ast-site-content-layout":"default","site-content-style":"default","site-sidebar-style":"default","ast-global-header-display":"","ast-banner-title-visibility":"","ast-main-header-display":"","ast-hfb-above-header-display":"","ast-hfb-below-header-display":"","ast-hfb-mobile-header-display":"","site-post-title":"","ast-breadcrumbs-content":"","ast-featured-img":"","footer-sml-layout":"","ast-disable-related-posts":"","theme-transparent-header-meta":"default","adv-header-id-meta":"","stick-header-meta":"","header-above-stick-meta":"","header-main-stick-meta":"","header-below-stick-meta":"","astra-migrate-meta-layouts":"default","ast-page-background-enabled":"default","ast-page-background-meta":{"desktop":{"background-color":"","background-image":"","background-repeat":"repeat","background-position":"center center","background-size":"auto","background-attachment":"scroll","background-type":"","background-media":"","overlay-type":"","overlay-color":"","overlay-opacity":"","overlay-gradient":""},"tablet":{"background-color":"","background-image":"","background-repeat":"repeat","background-position":"center center","background-size":"auto","background-attachment":"scroll","background-type":"","background-media":"","overlay-type":"","overlay-color":"","overlay-opacity":"","overlay-gradient":""},"mobile":{"background-color":"","background-image":"","background-repeat":"repeat","background-position":"center center","background-size":"auto","background-attachment":"scroll","background-type":"","background-media":"","overlay-type":"","overlay-color":"","overlay-opacity":"","overlay-gradient":""}},"ast-content-background-meta":{"desktop":{"background-color":"var(--ast-global-color-5)","background-image":"","background-repeat":"repeat","background-position":"center center","background-size":"auto","background-attachment":"scroll","background-type":"","background-media":"","overlay-type":"","overlay-color":"","overlay-opacity":"","overlay-gradient":""},"tablet":{"background-color":"var(--ast-global-color-5)","background-image":"","background-repeat":"repeat","background-position":"center center","background-size":"auto","background-attachment":"scroll","background-type":"","background-media":"","overlay-type":"","overlay-color":"","overlay-opacity":"","overlay-gradient":""},"mobile":{"background-color":"var(--ast-global-color-5)","background-image":"","background-repeat":"repeat","background-position":"center center","background-size":"auto","background-attachment":"scroll","background-type":"","background-media":"","overlay-type":"","overlay-color":"","overlay-opacity":"","overlay-gradient":""}}},"product_brand":[],"product_cat":[408],"product_tag":[2321],"class_list":{"0":"post-7429","1":"product","2":"type-product","3":"status-publish","4":"has-post-thumbnail","6":"product_cat-sang-et-peptide-vasculaire","7":"product_tag-kisspeptin-10-kisspeptin-10-cas-374675-21-5-is-an-effective-vasoconstrictor-and-angiogenesis-inhibitor-fr","8":"desktop-align-left","9":"tablet-align-left","10":"mobile-align-left","12":"first","13":"instock","14":"shipping-taxable","15":"product-type-simple"},"_links":{"self":[{"href":"https:\/\/puyapeptide.net\/fr\/wp-json\/wp\/v2\/product\/7429","targetHints":{"allow":["GET"]}}],"collection":[{"href":"https:\/\/puyapeptide.net\/fr\/wp-json\/wp\/v2\/product"}],"about":[{"href":"https:\/\/puyapeptide.net\/fr\/wp-json\/wp\/v2\/types\/product"}],"replies":[{"embeddable":true,"href":"https:\/\/puyapeptide.net\/fr\/wp-json\/wp\/v2\/comments?post=7429"}],"wp:featuredmedia":[{"embeddable":true,"href":"https:\/\/puyapeptide.net\/fr\/wp-json\/wp\/v2\/media\/2101"}],"wp:attachment":[{"href":"https:\/\/puyapeptide.net\/fr\/wp-json\/wp\/v2\/media?parent=7429"}],"wp:term":[{"taxonomy":"product_brand","embeddable":true,"href":"https:\/\/puyapeptide.net\/fr\/wp-json\/wp\/v2\/product_brand?post=7429"},{"taxonomy":"product_cat","embeddable":true,"href":"https:\/\/puyapeptide.net\/fr\/wp-json\/wp\/v2\/product_cat?post=7429"},{"taxonomy":"product_tag","embeddable":true,"href":"https:\/\/puyapeptide.net\/fr\/wp-json\/wp\/v2\/product_tag?post=7429"}],"curies":[{"name":"wp","href":"https:\/\/api.w.org\/{rel}","templated":true}]}}