{"id":7460,"date":"2021-12-16T08:01:29","date_gmt":"2021-12-16T13:01:29","guid":{"rendered":"https:\/\/puyapeptide.net\/product\/acetate-de-lanreotide-cas-127984-74-1-traiter-pour-lacromegalie-et-les-tumeurs-neuroendocrines-symptomatiques\/"},"modified":"2021-12-16T08:01:29","modified_gmt":"2021-12-16T13:01:29","slug":"acetate-de-lanreotide-cas-127984-74-1-traiter-pour-lacromegalie-et-les-tumeurs-neuroendocrines-symptomatiques","status":"publish","type":"product","link":"https:\/\/puyapeptide.net\/fr\/product\/acetate-de-lanreotide-cas-127984-74-1-traiter-pour-lacromegalie-et-les-tumeurs-neuroendocrines-symptomatiques\/","title":{"rendered":"Ac\u00e9tate de Lanreotide CAS 127984-74-1 Traiter pour l&#39;acrom\u00e9galie et les tumeurs neuroendocrines symptomatiques"},"content":{"rendered":"<h2><strong>Ac\u00e9tate de Lanreotide CAS 127984-74-1 Traiter pour l&#39;acrom\u00e9galie et les tumeurs neuroendocrines symptomatiques<\/strong><\/h2>\n<p>Nom du produit\u00a0: ac\u00e9tate de lanr\u00e9otide<br \/>\nSynonymes\u00a0: 10-(4-aminobutyl)-19-[(2-amino-3-naphthalen-2-yl-propanoyl)amino]-N-(1 -carbamoyl-2 -hydroxy-propyl)-16-[(4-hydroxyph\u00e9nyl)m\u00e9thyl]-13-(1H-indol -3-ylm\u00e9thyl)-6,9,12,15,18-pentaoxo-7-propan-2-yl-1 ,2-dithia-5,8,11,14, 17-pentazacycloicosane-4-carboxamide;Somatulina;LANREOTIDE ACETATE;3-(2-Naphtal\u00e9nyl)-D-alanyl-L-cyst\u00e9inyl-L-tyrosyl-D-tryptophyl- L-lysyl-L-valyl-L-cyst\u00e9inyl-L-thr\u00e9oninamide cyclique (2\u21927)-disulfure ac\u00e9tate\u00a0; angiopeptine ac\u00e9tate\u00a0; 10-(4-aminobutyl)-N-(1-amino-3-hydroxy-1-oxobutane -2-yl)-19-[(2-amino-3-naphtal\u00e8ne-2-ylpropanoyl)amino]-16-[(4-hydroxyph\u00e9nyl)m\u00e9thyl]-13-(1H-indol-3-ylm\u00e9thyl)-6, 9,12,15,18-pentaoxo-7-propan-2-yl-1,2-dithia-5,8,11,14,17-pentazacycloicosane-4-carboxamide\u00a0; ac\u00e9tate de lanr\u00e9otide USP\/EP\/BP<br \/>\n CAS\u00a0: 127984-74-1<br \/>\nMF\u00a0: C54H69N11O10S2<br \/>\nMW\u00a0: 0<br \/>\nEINECS\u00a0:<br \/>\nCat\u00e9gories de produits\u00a0: acides amin\u00e9s et d\u00e9riv\u00e9s, produits pharmaceutiques, interm\u00e9diaires et d\u00e9riv\u00e9s<br \/>\nFichier Mol\u00a0: 127984-74- 1.mol<\/p>\n<p>Ac\u00e9tate de lanr\u00e9otide, une somatostatine octapeptide analogue, a atteint son premier march\u00e9 mondial en France pour l&#39;acrom\u00e9galie lorsque la chirurgie ou la radioth\u00e9rapie n&#39;ont pas r\u00e9ussi \u00e0 r\u00e9tablir une s\u00e9cr\u00e9tion normale d&#39;hormone de croissance. Le lanr\u00e9otide est un inhibiteur s\u00e9lectif de l&#39;hormone de croissance et r\u00e9duit la s\u00e9cr\u00e9tion d&#39;hormone de croissance, de thyrotropine, de motiline et de polypeptide pancr\u00e9atique chez l&#39;homme. Le lanr\u00e9otide a des propri\u00e9t\u00e9s antiprolif\u00e9ratives et serait en cours d&#39;essais cliniques pour la pr\u00e9vention de la rest\u00e9nose apr\u00e8s une angioplastie coronarienne, pour la r\u00e9tinopathie diab\u00e9tique et comme traitement du psoriasis. Son potentiel pour les tumeurs neuroendocrines et le cancer de la prostate hormono-sensible a \u00e9galement \u00e9t\u00e9 d\u00e9montr\u00e9.<\/p>\n<p> <strong>Ac\u00e9tate de Lanr\u00e9otide CAS 127984-74-1 Propri\u00e9t\u00e9s chimiques<\/strong><br \/>\ntemp\u00e9rature de stockage. -20\u00b0C<br \/>\nforme de poudre<br \/>\ncouleur blanc \u00e0 blanc cass\u00e9<\/p>\n<p> <strong>Fonction et application de l&#39;ac\u00e9tate de lanr\u00e9otide CAS 127984-74-1<\/strong><br \/>\nL&#39;ac\u00e9tate de lanr\u00e9otide, comme les inhibiteurs de croissance naturels, le lanr\u00e9otide est un inhibiteur peptidique de nombreuses fonctions endocrines, neuroendocrines, exocrines et paracrines. Le lanr\u00e9otide est plus actif et a une dur\u00e9e d&#39;action plus longue que les inhibiteurs de croissance naturels. Son effet inhibiteur sur la s\u00e9cr\u00e9tion d&#39;hormone de croissance est significativement plus s\u00e9lectif que celui sur la s\u00e9cr\u00e9tion d&#39;insuline, et en 2017, la FDA a approuv\u00e9 l&#39;ac\u00e9tate de lanr\u00e9otide pour injection pour le traitement des tumeurs neuroendocrines.<\/p>\n","protected":false},"excerpt":{"rendered":"<p>Nom du produit\u00a0: Ac\u00e9tate de lanr\u00e9otide<br \/>\nCAS\u00a0: 127984-74-1<br \/>\nMF\u00a0: C54H69N11O10S2<br \/>\nMol Fichier\u00a0: 127984-74-1.mol<\/p>\n","protected":false},"featured_media":2101,"comment_status":"open","ping_status":"closed","template":"","meta":{"om_disable_all_campaigns":false,"_monsterinsights_skip_tracking":false,"_monsterinsights_sitenote_active":false,"_monsterinsights_sitenote_note":"","_monsterinsights_sitenote_category":0,"site-sidebar-layout":"default","site-content-layout":"default","ast-site-content-layout":"default","site-content-style":"default","site-sidebar-style":"default","ast-global-header-display":"","ast-banner-title-visibility":"","ast-main-header-display":"","ast-hfb-above-header-display":"","ast-hfb-below-header-display":"","ast-hfb-mobile-header-display":"","site-post-title":"","ast-breadcrumbs-content":"","ast-featured-img":"","footer-sml-layout":"","ast-disable-related-posts":"","theme-transparent-header-meta":"default","adv-header-id-meta":"","stick-header-meta":"","header-above-stick-meta":"","header-main-stick-meta":"","header-below-stick-meta":"","astra-migrate-meta-layouts":"default","ast-page-background-enabled":"default","ast-page-background-meta":{"desktop":{"background-color":"","background-image":"","background-repeat":"repeat","background-position":"center center","background-size":"auto","background-attachment":"scroll","background-type":"","background-media":"","overlay-type":"","overlay-color":"","overlay-opacity":"","overlay-gradient":""},"tablet":{"background-color":"","background-image":"","background-repeat":"repeat","background-position":"center center","background-size":"auto","background-attachment":"scroll","background-type":"","background-media":"","overlay-type":"","overlay-color":"","overlay-opacity":"","overlay-gradient":""},"mobile":{"background-color":"","background-image":"","background-repeat":"repeat","background-position":"center center","background-size":"auto","background-attachment":"scroll","background-type":"","background-media":"","overlay-type":"","overlay-color":"","overlay-opacity":"","overlay-gradient":""}},"ast-content-background-meta":{"desktop":{"background-color":"var(--ast-global-color-5)","background-image":"","background-repeat":"repeat","background-position":"center center","background-size":"auto","background-attachment":"scroll","background-type":"","background-media":"","overlay-type":"","overlay-color":"","overlay-opacity":"","overlay-gradient":""},"tablet":{"background-color":"var(--ast-global-color-5)","background-image":"","background-repeat":"repeat","background-position":"center center","background-size":"auto","background-attachment":"scroll","background-type":"","background-media":"","overlay-type":"","overlay-color":"","overlay-opacity":"","overlay-gradient":""},"mobile":{"background-color":"var(--ast-global-color-5)","background-image":"","background-repeat":"repeat","background-position":"center center","background-size":"auto","background-attachment":"scroll","background-type":"","background-media":"","overlay-type":"","overlay-color":"","overlay-opacity":"","overlay-gradient":""}}},"product_brand":[],"product_cat":[395],"product_tag":[2309],"class_list":{"0":"post-7460","1":"product","2":"type-product","3":"status-publish","4":"has-post-thumbnail","6":"product_cat-peptide-anti-tumoral","7":"product_tag-lanreotide-acetate-cas-127984-74-1-treat-for-acromegaly-and-symptomatic-neuroendocrine-tumors-fr","8":"desktop-align-left","9":"tablet-align-left","10":"mobile-align-left","12":"first","13":"instock","14":"shipping-taxable","15":"product-type-simple"},"_links":{"self":[{"href":"https:\/\/puyapeptide.net\/fr\/wp-json\/wp\/v2\/product\/7460","targetHints":{"allow":["GET"]}}],"collection":[{"href":"https:\/\/puyapeptide.net\/fr\/wp-json\/wp\/v2\/product"}],"about":[{"href":"https:\/\/puyapeptide.net\/fr\/wp-json\/wp\/v2\/types\/product"}],"replies":[{"embeddable":true,"href":"https:\/\/puyapeptide.net\/fr\/wp-json\/wp\/v2\/comments?post=7460"}],"wp:featuredmedia":[{"embeddable":true,"href":"https:\/\/puyapeptide.net\/fr\/wp-json\/wp\/v2\/media\/2101"}],"wp:attachment":[{"href":"https:\/\/puyapeptide.net\/fr\/wp-json\/wp\/v2\/media?parent=7460"}],"wp:term":[{"taxonomy":"product_brand","embeddable":true,"href":"https:\/\/puyapeptide.net\/fr\/wp-json\/wp\/v2\/product_brand?post=7460"},{"taxonomy":"product_cat","embeddable":true,"href":"https:\/\/puyapeptide.net\/fr\/wp-json\/wp\/v2\/product_cat?post=7460"},{"taxonomy":"product_tag","embeddable":true,"href":"https:\/\/puyapeptide.net\/fr\/wp-json\/wp\/v2\/product_tag?post=7460"}],"curies":[{"name":"wp","href":"https:\/\/api.w.org\/{rel}","templated":true}]}}