{"id":7539,"date":"2021-12-16T08:04:35","date_gmt":"2021-12-16T13:04:35","guid":{"rendered":"https:\/\/puyapeptide.net\/product\/bremelanotide-pt-141-pt141-acetate-cas-189691-06-3-utilise-pour-traiter-le-faible-desir-sexuel-chez-les-femmes\/"},"modified":"2021-12-16T08:04:35","modified_gmt":"2021-12-16T13:04:35","slug":"bremelanotide-pt-141-pt141-acetate-cas-189691-06-3-utilise-pour-traiter-le-faible-desir-sexuel-chez-les-femmes","status":"publish","type":"product","link":"https:\/\/puyapeptide.net\/fr\/product\/bremelanotide-pt-141-pt141-acetate-cas-189691-06-3-utilise-pour-traiter-le-faible-desir-sexuel-chez-les-femmes\/","title":{"rendered":"Bremelanotide\/PT-141\/PT141 Ac\u00e9tate CAS 189691-06-3 utilis\u00e9 pour traiter le faible d\u00e9sir sexuel chez les femmes"},"content":{"rendered":"<h2><strong>Bremelanotide\/PT-141\/PT141 Ac\u00e9tate CAS 189691-06-3 utilis\u00e9 pour traiter le faible d\u00e9sir sexuel chez les femmes<\/strong><\/h2>\n<p>Nom du produit\u00a0: Bremelanotide<br \/>\nSynonymes\u00a0: BREMELANOTIDE;Brmelanotice;Ac-Nle-cyclo(-Asp-His-D-Phe-Arg-Trp-Lys)-OH;Bremelanotide, PT141,PT-141;BREMELANOTIDE PT141 ;N-ac\u00e9tyl-L-norleucyl-L-alpha-aspartyl-L-histidyl-D-ph\u00e9nylalanyl-L-arginyl-L-tryptophyl-L-lysine (2-7)-lactame;Bremelanotide,\u03b1-MSH (PT- 141) ;REMELANOTIDE<br \/>\nCAS : 189691-06-3<br \/>\nMF : C50H68N14O10<br \/>\nMW : 1025.18<br \/>\nEINECS : 211-519-9<br \/>\nCat\u00e9gories de produits : Peptides<br \/>\nMol File : 189691 -06-3.mol<\/p>\n<p>PT141, \u00e9galement connu sous le nom de Bremelanotide, est un m\u00e9dicament utilis\u00e9 pour traiter la dysfonction sexuelle f\u00e9minine. PT-141 a montr\u00e9 des r\u00e9sultats positifs de Chemicalbook dans un essai clinique de phase I administr\u00e9 \u00e0 des femmes pr\u00e9m\u00e9nopaus\u00e9es normales. Il aide les femmes pr\u00e9m\u00e9nopaus\u00e9es ayant une libido hypoactive \u00e0 maintenir un d\u00e9sir sexuel normal.<\/p>\n<p> <strong>Bremelanotide\/PT-141\/PT141 Ac\u00e9tate CAS 189691-06-3 Propri\u00e9t\u00e9s chimiques<\/strong><br \/>\ndensit\u00e9 1,43<br \/>\npka 3,37\u00b10,70(Pr\u00e9dit )<br \/>\nStabilit\u00e9\u00a0: La poudre lyophilis\u00e9e non reconstitu\u00e9e doit \u00eatre conserv\u00e9e au r\u00e9frig\u00e9rateur conform\u00e9ment aux instructions du flacon. Apr\u00e8s reconstitution avec de l&#39;eau bact\u00e9riostatique, r\u00e9frig\u00e9rer la solution et utiliser dans les 30 jours. Si une solution tamponn\u00e9e est utilis\u00e9e, la stabilit\u00e9 s&#39;am\u00e9liorera.<\/p>\n<p> <strong>Utilisations de Bremelanotide\/PT-141\/PT141 Acetate CAS 189691-06-3 Propri\u00e9t\u00e9s chimiques<\/strong><br \/>\nTraitement de la dysfonction sexuelle (agoniste des r\u00e9cepteurs de la m\u00e9lanocortine).<br \/>\n Bremelanotide est utilis\u00e9 pour traiter le faible d\u00e9sir sexuel chez les femmes qui ne sont pas m\u00e9nopaus\u00e9es et n&#39;ont pas eu de faible d\u00e9sir sexuel dans le pass\u00e9.<br \/>\n le bremelanotide doit \u00eatre utilis\u00e9 uniquement pour traiter le faible d\u00e9sir sexuel qui survient avec tout type d&#39;activit\u00e9 sexuelle, dans toute situation sexuelle ou avec un partenaire sexuel.<br \/>\nBremelanotide ne doit pas \u00eatre utilis\u00e9 pour traiter un faible d\u00e9sir sexuel caus\u00e9 par des probl\u00e8mes relationnels, des probl\u00e8mes de sant\u00e9, une maladie mentale ou l&#39;utilisation de certains m\u00e9dicaments.<\/p>\n","protected":false},"excerpt":{"rendered":"<p>Nom du produit : Bremelanotide<br \/>\nCAS : 189691-06-3<br \/>\nMF : C50H68N14O10<br \/>\nMW : 1025.18<br \/>\nEINECS : 211-519-9<br \/>\nMol File : 189691-06-3.mol<\/p>\n","protected":false},"featured_media":2122,"comment_status":"open","ping_status":"closed","template":"","meta":{"om_disable_all_campaigns":false,"_monsterinsights_skip_tracking":false,"_monsterinsights_sitenote_active":false,"_monsterinsights_sitenote_note":"","_monsterinsights_sitenote_category":0,"site-sidebar-layout":"default","site-content-layout":"default","ast-site-content-layout":"default","site-content-style":"default","site-sidebar-style":"default","ast-global-header-display":"","ast-banner-title-visibility":"","ast-main-header-display":"","ast-hfb-above-header-display":"","ast-hfb-below-header-display":"","ast-hfb-mobile-header-display":"","site-post-title":"","ast-breadcrumbs-content":"","ast-featured-img":"","footer-sml-layout":"","ast-disable-related-posts":"","theme-transparent-header-meta":"default","adv-header-id-meta":"","stick-header-meta":"","header-above-stick-meta":"","header-main-stick-meta":"","header-below-stick-meta":"","astra-migrate-meta-layouts":"default","ast-page-background-enabled":"default","ast-page-background-meta":{"desktop":{"background-color":"","background-image":"","background-repeat":"repeat","background-position":"center center","background-size":"auto","background-attachment":"scroll","background-type":"","background-media":"","overlay-type":"","overlay-color":"","overlay-opacity":"","overlay-gradient":""},"tablet":{"background-color":"","background-image":"","background-repeat":"repeat","background-position":"center center","background-size":"auto","background-attachment":"scroll","background-type":"","background-media":"","overlay-type":"","overlay-color":"","overlay-opacity":"","overlay-gradient":""},"mobile":{"background-color":"","background-image":"","background-repeat":"repeat","background-position":"center center","background-size":"auto","background-attachment":"scroll","background-type":"","background-media":"","overlay-type":"","overlay-color":"","overlay-opacity":"","overlay-gradient":""}},"ast-content-background-meta":{"desktop":{"background-color":"var(--ast-global-color-5)","background-image":"","background-repeat":"repeat","background-position":"center center","background-size":"auto","background-attachment":"scroll","background-type":"","background-media":"","overlay-type":"","overlay-color":"","overlay-opacity":"","overlay-gradient":""},"tablet":{"background-color":"var(--ast-global-color-5)","background-image":"","background-repeat":"repeat","background-position":"center center","background-size":"auto","background-attachment":"scroll","background-type":"","background-media":"","overlay-type":"","overlay-color":"","overlay-opacity":"","overlay-gradient":""},"mobile":{"background-color":"var(--ast-global-color-5)","background-image":"","background-repeat":"repeat","background-position":"center center","background-size":"auto","background-attachment":"scroll","background-type":"","background-media":"","overlay-type":"","overlay-color":"","overlay-opacity":"","overlay-gradient":""}}},"product_brand":[],"product_cat":[526],"product_tag":[],"class_list":{"0":"post-7539","1":"product","2":"type-product","3":"status-publish","4":"has-post-thumbnail","6":"product_cat-autres-peptides","7":"desktop-align-left","8":"tablet-align-left","9":"mobile-align-left","11":"first","12":"instock","13":"shipping-taxable","14":"product-type-simple"},"_links":{"self":[{"href":"https:\/\/puyapeptide.net\/fr\/wp-json\/wp\/v2\/product\/7539","targetHints":{"allow":["GET"]}}],"collection":[{"href":"https:\/\/puyapeptide.net\/fr\/wp-json\/wp\/v2\/product"}],"about":[{"href":"https:\/\/puyapeptide.net\/fr\/wp-json\/wp\/v2\/types\/product"}],"replies":[{"embeddable":true,"href":"https:\/\/puyapeptide.net\/fr\/wp-json\/wp\/v2\/comments?post=7539"}],"wp:featuredmedia":[{"embeddable":true,"href":"https:\/\/puyapeptide.net\/fr\/wp-json\/wp\/v2\/media\/2122"}],"wp:attachment":[{"href":"https:\/\/puyapeptide.net\/fr\/wp-json\/wp\/v2\/media?parent=7539"}],"wp:term":[{"taxonomy":"product_brand","embeddable":true,"href":"https:\/\/puyapeptide.net\/fr\/wp-json\/wp\/v2\/product_brand?post=7539"},{"taxonomy":"product_cat","embeddable":true,"href":"https:\/\/puyapeptide.net\/fr\/wp-json\/wp\/v2\/product_cat?post=7539"},{"taxonomy":"product_tag","embeddable":true,"href":"https:\/\/puyapeptide.net\/fr\/wp-json\/wp\/v2\/product_tag?post=7539"}],"curies":[{"name":"wp","href":"https:\/\/api.w.org\/{rel}","templated":true}]}}