{"id":7565,"date":"2021-12-16T08:08:17","date_gmt":"2021-12-16T13:08:17","guid":{"rendered":"https:\/\/puyapeptide.net\/product\/pralmorelin-ghrp-2-cas-158861-67-7-pour-la-recherche-en-laboratoire\/"},"modified":"2021-12-16T08:08:17","modified_gmt":"2021-12-16T13:08:17","slug":"pralmorelin-ghrp-2-cas-158861-67-7-pour-la-recherche-en-laboratoire","status":"publish","type":"product","link":"https:\/\/puyapeptide.net\/fr\/product\/pralmorelin-ghrp-2-cas-158861-67-7-pour-la-recherche-en-laboratoire\/","title":{"rendered":"Pralmorelin\/GHRP-2 CAS 158861-67-7 pour la recherche en laboratoire"},"content":{"rendered":"<h2><strong>Pralmorelin\/GHRP-2 CAS 158861-67-7 pour la recherche en laboratoire<\/strong><\/h2>\n<p>Nom du produit\u00a0: Pralmorelin\/GHRP-2<br \/>\nSynonymes\u00a0: d-ala-\u03b2-(2-naphtyl)-d-ala-trp-d-phe-lys amide\u00a0; L-Lysinamide, D-alanyl-3 -(2-naphtal\u00e9nyl)-D-alanyl-L-alanyl-L-tryptophyl-D-ph\u00e9nylalanyl-;PRALMORELIN;D-ALA-D-NAL(2)-ALA-TRP-D-PHE-LYS-NH2 AC\u00c9TATE SEL ;D-ALA-BETA-(2-NAPHTHYL)-D-ALA-TRP-D-PHE-LYS AMIDE;D-ALA-D-2-NAL-ALA-TRP-D-PHE-LYS-NH2;(DES -ALA3,D-ALA1,D-2-NAL2)-GHRP-6;(DES-ALA3)-GHRP-2<br \/>\nCAS\u00a0: 158861-67-7<br \/>\nMF\u00a0: C45H55N9O6<br \/>\nMW\u00a0: 817,97&lt; &amp;&gt;EINECS\u00a0: 206-616-8<br \/>\nCat\u00e9gories de produits\u00a0: Peptide;Peptides;GHRP2;hgh<br \/>\nMol File\u00a0: 158861-67-7.mol<\/p>\n<p>GHRP 2 (Releasing Peptide 2) est un s\u00e9cr\u00e9tagogue de la classe des hexapeptides. Partageant de nombreuses similitudes avec GHRP 6, GHRP 2 est le premier de cette classe, et dans de nombreux cercles, est consid\u00e9r\u00e9 comme le meilleur choix entre lui et GHRP 6. Ce n&#39;est pas souvent utilis\u00e9 seul mais il est presque toujours utilis\u00e9 avec Releasing (GHRH) . Le compos\u00e9 peut \u00e9galement \u00eatre commun\u00e9ment trouv\u00e9 sous les noms P&#39;ralmorelin ou GHRP Kaken 100. Cependant, dans la plupart des cercles pharmaceutiques et bas\u00e9s sur la performance, il a \u00e9t\u00e9 le plus souvent appel\u00e9 GHRP 2.<\/p>\n<p>G&#39; ces derni\u00e8res ann\u00e9es. hrelin non seulement pour favoriser la lib\u00e9ration de la croissance, mais a \u00e9galement d&#39;autres effets biologiques, tels que l&#39;alimentation de m\u00e9diation et le m\u00e9tabolisme \u00e9nerg\u00e9tique, la fonction cardiovasculaire, le contr\u00f4le de la fonction gastro-intestinale et l&#39;inhibition de la prolif\u00e9ration des cellules tumorales, etc. Des \u00e9tudes r\u00e9centes ont montr\u00e9 que la concentration s\u00e9rique de g&#39;hr\u00e9line \u00e9tait positivement corr\u00e9l\u00e9e avec la DMO, de sorte que la ghr\u00e9line peut \u00eatre impliqu\u00e9e dans le m\u00e9tabolisme du tissu osseux, affectant la fonction des ost\u00e9oblastes.<\/p>\n<p> <strong>Pralmorelin\/ GHRP-2 CAS 158861-67- 7 Propri\u00e9t\u00e9s chimiques<\/strong><br \/>\nPoint d&#39;\u00e9bullition 1265.3\u00b165.0 \u00b0C (Pr\u00e9vu)<br \/>\ndensit\u00e9 1.270\u00b10.06 g\/cm3(Pr\u00e9vu)<br \/>\ntemp. de stockage. \u221220\u00b0C<br \/>\nforme de poudre lyophilis\u00e9e<br \/>\npka 13.40\u00b10.46(Predicted)<br \/>\ncouleur blanche \u00e0 beige<br \/>\nCAS DataBase Reference 158861-67-7(CAS DataBase Reference)<\/p>\n<p> <strong>Utilisation de Pralmorelin\/GHRP-2 CAS 158861-67-7<\/strong> <\/p>\n<p>1. La demi-vie de GHRP 2 est cependant assez courte, son pic se produisant environ 15 minutes apr\u00e8s son administration ou au plus tard une heure plus tard. Id\u00e9alement, cette th\u00e9rapie devrait \u00eatre administr\u00e9e p\u00e9riodiquement tous les jours.<\/p>\n<p>2. Semblable \u00e0 GHRP 6, GHRP 2 est sa forme synth\u00e9tis\u00e9e commercialement qui peut beaucoup mieux stimuler la s\u00e9cr\u00e9tion et stimuler un peu mieux les niveaux de PRL, de cortisol et d&#39;ACTH. Pour la g&#39;hrelin, en revanche, elle fonctionne comme un agoniste synth\u00e9tique qui peut se connecter au r\u00e9cepteur s\u00e9cr\u00e9tagogue du . GHRP 2 peut \u00e9galement augmenter les niveaux d&#39;afflux d&#39;ions calcium et, \u00e0 son tour, lib\u00e9rer encore plus d&#39;hormones.<\/p>\n<p>3. En dehors de cela, certaines recherches ont d\u00e9j\u00e0 \u00e9t\u00e9 effectu\u00e9es pour prouver \u00e0 quel point l&#39;efficacit\u00e9 du GRF est similaire. En fait, il s&#39;est av\u00e9r\u00e9 \u00eatre beaucoup plus puissant que tous les autres s\u00e9cr\u00e9teurs lib\u00e9rateurs de G H connus dans le pass\u00e9, y compris GHRP 1 et GHRP 6. Pour cette raison, cette hormone est souvent utilis\u00e9e comme traitement des d\u00e9ficiences cataboliques. et les \u00c9tats de nos jours.<\/p>\n","protected":false},"excerpt":{"rendered":"<p>Nom du produit : Pralmorelin\/GHRP-2<br \/>\nCAS : 158861-67-7<br \/>\nMF : C45H55N9O6<br \/>\nMW : 817,97<br \/>\nEINECS : 206-616-8<br \/>\nMol File : 158861-67- 7.mol<\/p>\n","protected":false},"featured_media":2269,"comment_status":"open","ping_status":"closed","template":"","meta":{"om_disable_all_campaigns":false,"_monsterinsights_skip_tracking":false,"_monsterinsights_sitenote_active":false,"_monsterinsights_sitenote_note":"","_monsterinsights_sitenote_category":0,"site-sidebar-layout":"default","site-content-layout":"default","ast-site-content-layout":"default","site-content-style":"default","site-sidebar-style":"default","ast-global-header-display":"","ast-banner-title-visibility":"","ast-main-header-display":"","ast-hfb-above-header-display":"","ast-hfb-below-header-display":"","ast-hfb-mobile-header-display":"","site-post-title":"","ast-breadcrumbs-content":"","ast-featured-img":"","footer-sml-layout":"","ast-disable-related-posts":"","theme-transparent-header-meta":"default","adv-header-id-meta":"","stick-header-meta":"","header-above-stick-meta":"","header-main-stick-meta":"","header-below-stick-meta":"","astra-migrate-meta-layouts":"default","ast-page-background-enabled":"default","ast-page-background-meta":{"desktop":{"background-color":"","background-image":"","background-repeat":"repeat","background-position":"center center","background-size":"auto","background-attachment":"scroll","background-type":"","background-media":"","overlay-type":"","overlay-color":"","overlay-opacity":"","overlay-gradient":""},"tablet":{"background-color":"","background-image":"","background-repeat":"repeat","background-position":"center center","background-size":"auto","background-attachment":"scroll","background-type":"","background-media":"","overlay-type":"","overlay-color":"","overlay-opacity":"","overlay-gradient":""},"mobile":{"background-color":"","background-image":"","background-repeat":"repeat","background-position":"center center","background-size":"auto","background-attachment":"scroll","background-type":"","background-media":"","overlay-type":"","overlay-color":"","overlay-opacity":"","overlay-gradient":""}},"ast-content-background-meta":{"desktop":{"background-color":"var(--ast-global-color-5)","background-image":"","background-repeat":"repeat","background-position":"center center","background-size":"auto","background-attachment":"scroll","background-type":"","background-media":"","overlay-type":"","overlay-color":"","overlay-opacity":"","overlay-gradient":""},"tablet":{"background-color":"var(--ast-global-color-5)","background-image":"","background-repeat":"repeat","background-position":"center center","background-size":"auto","background-attachment":"scroll","background-type":"","background-media":"","overlay-type":"","overlay-color":"","overlay-opacity":"","overlay-gradient":""},"mobile":{"background-color":"var(--ast-global-color-5)","background-image":"","background-repeat":"repeat","background-position":"center center","background-size":"auto","background-attachment":"scroll","background-type":"","background-media":"","overlay-type":"","overlay-color":"","overlay-opacity":"","overlay-gradient":""}}},"product_brand":[],"product_cat":[526],"product_tag":[2186],"class_list":{"0":"post-7565","1":"product","2":"type-product","3":"status-publish","4":"has-post-thumbnail","6":"product_cat-autres-peptides","7":"product_tag-pralmorelin-ghrp-2-cas-158861-67-7-for-lab-research-fr","8":"desktop-align-left","9":"tablet-align-left","10":"mobile-align-left","12":"first","13":"instock","14":"shipping-taxable","15":"product-type-simple"},"_links":{"self":[{"href":"https:\/\/puyapeptide.net\/fr\/wp-json\/wp\/v2\/product\/7565","targetHints":{"allow":["GET"]}}],"collection":[{"href":"https:\/\/puyapeptide.net\/fr\/wp-json\/wp\/v2\/product"}],"about":[{"href":"https:\/\/puyapeptide.net\/fr\/wp-json\/wp\/v2\/types\/product"}],"replies":[{"embeddable":true,"href":"https:\/\/puyapeptide.net\/fr\/wp-json\/wp\/v2\/comments?post=7565"}],"wp:featuredmedia":[{"embeddable":true,"href":"https:\/\/puyapeptide.net\/fr\/wp-json\/wp\/v2\/media\/2269"}],"wp:attachment":[{"href":"https:\/\/puyapeptide.net\/fr\/wp-json\/wp\/v2\/media?parent=7565"}],"wp:term":[{"taxonomy":"product_brand","embeddable":true,"href":"https:\/\/puyapeptide.net\/fr\/wp-json\/wp\/v2\/product_brand?post=7565"},{"taxonomy":"product_cat","embeddable":true,"href":"https:\/\/puyapeptide.net\/fr\/wp-json\/wp\/v2\/product_cat?post=7565"},{"taxonomy":"product_tag","embeddable":true,"href":"https:\/\/puyapeptide.net\/fr\/wp-json\/wp\/v2\/product_tag?post=7565"}],"curies":[{"name":"wp","href":"https:\/\/api.w.org\/{rel}","templated":true}]}}