{"id":7583,"date":"2021-12-16T08:14:16","date_gmt":"2021-12-16T13:14:16","guid":{"rendered":"https:\/\/puyapeptide.net\/product\/ghrp-6-hormone-de-croissance-liberant-le-peptide-hexapeptide-2-cas-87616-84-0\/"},"modified":"2021-12-16T08:14:16","modified_gmt":"2021-12-16T13:14:16","slug":"ghrp-6-hormone-de-croissance-liberant-le-peptide-hexapeptide-2-cas-87616-84-0","status":"publish","type":"product","link":"https:\/\/puyapeptide.net\/fr\/product\/ghrp-6-hormone-de-croissance-liberant-le-peptide-hexapeptide-2-cas-87616-84-0\/","title":{"rendered":"GHRP-6\/Hormone de croissance lib\u00e9rant le peptide\/Hexapeptide-2 CAS 87616-84-0"},"content":{"rendered":"<h2><strong>GHRP-6\/Hormone de croissance lib\u00e9rant le peptide\/Hexapeptide-2 CAS 87616-84-0<\/strong><\/h2>\n<p>Nom du produit\u00a0: Peptide de lib\u00e9ration de l&#39;hormone de croissance<br \/>\nSynonymes\u00a0: D-TRP7,ALA8,D-PHE10]-A-MELANOCYTESTIMULATINGHORMONEAMIDEFRAGMENT6-11;(2S)-6-amino-2-[[2-[[(2S) )-2-[[(2S)-2-[[(2R)-2-[[(2S)-2-amino-3-(3H-imidazol-4-yl)propanoyl]amino]-3-(1H -indol-3-yl)propanoyl]amino]propanoyl]amino]-3-(1H-indol-3-yl)propanoyl]amino]-3-ph\u00e9nyl-propanoyl]amino]hexanamide;Peptide lib\u00e9rant l&#39;hormone de croissance;(D- trp7,ala8,D-phe10)-A-melanocyte*stimulant ho;(D-TRP7,ALA8,D-PHE10)-A-MELANOCYTE*STIMU LATING HORM;Croissance;[d-trp7, ala8, d-phe10]- Fragment 6-11 d&#39;amide d&#39;hormone stimulant les m\u00e9lanocytes ; Peptide Ghrp-6 de haute puret\u00e9 pour la masse musculaire maigre CAS NO.87616-84-0 CAS NO.87616-84-0<br \/>\nCAS: 87616-84-0<br \/>\n MF : C46H56N12O6<br \/>\nMW : 873.01<br \/>\nEINECS :<br \/>\nCat\u00e9gories de produits : Peptide;GHRP6;hgh<br \/>\nMol File : 87616-84-0.mol<\/p>\n<p>C&#39;est fondamentalement un secretagoue, qui a le potentiel de faciliter l&#39;augmentation efficace des niveaux de s\u00e9cr\u00e9tion naturelle de dans notre corps. Dans le m\u00eame temps, ce compos\u00e9 peut \u00e9galement faciliter une augmentation soudaine de la masse corporelle et entra\u00eener une r\u00e9duction massive de la graisse corporelle. GHRP 6 comprend \u00e9galement des acides amin\u00e9s D artificiels qui conduisent le corps \u00e0 lib\u00e9rer \u00e9galement. GHRP 6 n&#39;est pas connu pour bien fonctionner, il fonctionne donc au niveau du r\u00e9cepteur \u00e0 la place de ce r\u00e9cepteur.<\/p>\n<p>C&#39;est un compos\u00e9 avec une cha\u00eene unique compos\u00e9e de 6 acides amin\u00e9s qui est responsable de dire \u00e0 notre corps quand il a pour commencer \u00e0 lib\u00e9rer les s\u00e9cr\u00e9tions. Il bloque \u00e9galement la somatostatine, une hormone qui est principalement responsable de l&#39;arr\u00eat des s\u00e9cr\u00e9tions.<\/p>\n<p> Son utilisation principale est de favoriser la consommation alimentaire en initiant la sensation de faim et d&#39;am\u00e9liorer la m\u00e9tabolisme \u00e9nerg\u00e9tique. Ce compos\u00e9 a \u00e9galement \u00e9t\u00e9 largement utilis\u00e9 pour traiter la carence en hormone ainsi que d&#39;autres complications telles que l&#39;ob\u00e9sit\u00e9 et les troubles de l&#39;alimentation. Il est mis \u00e0 disposition sur le march\u00e9 par quelques soci\u00e9t\u00e9s de recherche.<\/p>\n<p> <strong>GHRP-6\/Peptide lib\u00e9rant de l&#39;hormone de croissance\/Hexapeptide-2 Propri\u00e9t\u00e9s chimiques CAS 87616-84-0<\/strong><br \/>\nPoint d&#39;\u00e9bullition 1407.0\u00b165.0 \u00b0C ( Pr\u00e9dite)<br \/>\ndensit\u00e9 1,333\u00b10,06 g\/cm3 (pr\u00e9vue)<br \/>\ntemp\u00e9rature de stockage. \u221220\u00b0C<br \/>\npka 13.42\u00b10.46(Predicted)<br \/>\nCAS DataBase Reference 87616-84-0(CAS DataBase Reference)<\/p>\n<p> <strong>Utilisation de GHRP-6\/Peptide lib\u00e9rant de l&#39;hormone de croissance\/Hexapeptide-2 CAS 87616-84-0<\/strong><br \/>\nIl stimule directement la glande pituitaire ant\u00e9rieure, ce qui entra\u00eene par la suite une augmentation de la lib\u00e9ration dans le corps. Comme GHRP 6 affecte directement la boucle de r\u00e9troaction qui d\u00e9clenche des changements dans l&#39;inhibition de la lib\u00e9ration, il peut \u00eatre utilis\u00e9 pour restaurer la fabrication naturelle si la s\u00e9cr\u00e9tion naturelle a \u00e9t\u00e9 alt\u00e9r\u00e9e en raison d&#39;une utilisation artificielle \u00e0 long terme. GHRP 6 aurait \u00e9galement un impact sur notre syst\u00e8me nerveux. Ils sont potentiellement capables de prot\u00e9ger les neurones et d&#39;augmenter la force d&#39;une personne. Le fonctionnement de GHRP 6 est \u00e9tonnamment similaire au fonctionnement de plusieurs poudres brutes de la famille.<\/p>\n","protected":false},"excerpt":{"rendered":"<p>Nom du produit : Peptide lib\u00e9rant l&#39;hormone de croissance<br \/>\nCAS : 87616-84-0<br \/>\nMF : C46H56N12O6<br \/>\nMW : 873.01<br \/>\nMol File : 87616-84-0.mol<\/p>\n","protected":false},"featured_media":2101,"comment_status":"open","ping_status":"closed","template":"","meta":{"om_disable_all_campaigns":false,"_monsterinsights_skip_tracking":false,"_monsterinsights_sitenote_active":false,"_monsterinsights_sitenote_note":"","_monsterinsights_sitenote_category":0,"site-sidebar-layout":"default","site-content-layout":"default","ast-site-content-layout":"default","site-content-style":"default","site-sidebar-style":"default","ast-global-header-display":"","ast-banner-title-visibility":"","ast-main-header-display":"","ast-hfb-above-header-display":"","ast-hfb-below-header-display":"","ast-hfb-mobile-header-display":"","site-post-title":"","ast-breadcrumbs-content":"","ast-featured-img":"","footer-sml-layout":"","ast-disable-related-posts":"","theme-transparent-header-meta":"default","adv-header-id-meta":"","stick-header-meta":"","header-above-stick-meta":"","header-main-stick-meta":"","header-below-stick-meta":"","astra-migrate-meta-layouts":"default","ast-page-background-enabled":"default","ast-page-background-meta":{"desktop":{"background-color":"","background-image":"","background-repeat":"repeat","background-position":"center center","background-size":"auto","background-attachment":"scroll","background-type":"","background-media":"","overlay-type":"","overlay-color":"","overlay-opacity":"","overlay-gradient":""},"tablet":{"background-color":"","background-image":"","background-repeat":"repeat","background-position":"center center","background-size":"auto","background-attachment":"scroll","background-type":"","background-media":"","overlay-type":"","overlay-color":"","overlay-opacity":"","overlay-gradient":""},"mobile":{"background-color":"","background-image":"","background-repeat":"repeat","background-position":"center center","background-size":"auto","background-attachment":"scroll","background-type":"","background-media":"","overlay-type":"","overlay-color":"","overlay-opacity":"","overlay-gradient":""}},"ast-content-background-meta":{"desktop":{"background-color":"var(--ast-global-color-5)","background-image":"","background-repeat":"repeat","background-position":"center center","background-size":"auto","background-attachment":"scroll","background-type":"","background-media":"","overlay-type":"","overlay-color":"","overlay-opacity":"","overlay-gradient":""},"tablet":{"background-color":"var(--ast-global-color-5)","background-image":"","background-repeat":"repeat","background-position":"center center","background-size":"auto","background-attachment":"scroll","background-type":"","background-media":"","overlay-type":"","overlay-color":"","overlay-opacity":"","overlay-gradient":""},"mobile":{"background-color":"var(--ast-global-color-5)","background-image":"","background-repeat":"repeat","background-position":"center center","background-size":"auto","background-attachment":"scroll","background-type":"","background-media":"","overlay-type":"","overlay-color":"","overlay-opacity":"","overlay-gradient":""}}},"product_brand":[],"product_cat":[526],"product_tag":[],"class_list":{"0":"post-7583","1":"product","2":"type-product","3":"status-publish","4":"has-post-thumbnail","6":"product_cat-autres-peptides","7":"desktop-align-left","8":"tablet-align-left","9":"mobile-align-left","11":"first","12":"instock","13":"shipping-taxable","14":"product-type-simple"},"_links":{"self":[{"href":"https:\/\/puyapeptide.net\/fr\/wp-json\/wp\/v2\/product\/7583","targetHints":{"allow":["GET"]}}],"collection":[{"href":"https:\/\/puyapeptide.net\/fr\/wp-json\/wp\/v2\/product"}],"about":[{"href":"https:\/\/puyapeptide.net\/fr\/wp-json\/wp\/v2\/types\/product"}],"replies":[{"embeddable":true,"href":"https:\/\/puyapeptide.net\/fr\/wp-json\/wp\/v2\/comments?post=7583"}],"wp:featuredmedia":[{"embeddable":true,"href":"https:\/\/puyapeptide.net\/fr\/wp-json\/wp\/v2\/media\/2101"}],"wp:attachment":[{"href":"https:\/\/puyapeptide.net\/fr\/wp-json\/wp\/v2\/media?parent=7583"}],"wp:term":[{"taxonomy":"product_brand","embeddable":true,"href":"https:\/\/puyapeptide.net\/fr\/wp-json\/wp\/v2\/product_brand?post=7583"},{"taxonomy":"product_cat","embeddable":true,"href":"https:\/\/puyapeptide.net\/fr\/wp-json\/wp\/v2\/product_cat?post=7583"},{"taxonomy":"product_tag","embeddable":true,"href":"https:\/\/puyapeptide.net\/fr\/wp-json\/wp\/v2\/product_tag?post=7583"}],"curies":[{"name":"wp","href":"https:\/\/api.w.org\/{rel}","templated":true}]}}