{"id":7629,"date":"2021-12-16T10:24:23","date_gmt":"2021-12-16T15:24:23","guid":{"rendered":"https:\/\/puyapeptide.net\/product\/serum-thymic-factor-thymulin-cas-63958-90-7-pour-reguler-la-fonction-immunitaire-cellulaire-et-leffet-anti-virus\/"},"modified":"2021-12-16T10:24:23","modified_gmt":"2021-12-16T15:24:23","slug":"serum-thymic-factor-thymulin-cas-63958-90-7-pour-reguler-la-fonction-immunitaire-cellulaire-et-leffet-anti-virus","status":"publish","type":"product","link":"https:\/\/puyapeptide.net\/fr\/product\/serum-thymic-factor-thymulin-cas-63958-90-7-pour-reguler-la-fonction-immunitaire-cellulaire-et-leffet-anti-virus\/","title":{"rendered":"SERUM THYMIC FACTOR\/ Thymulin CAS 63958-90-7 pour r\u00e9guler la fonction immunitaire cellulaire et l&#39;effet anti-virus"},"content":{"rendered":"<h2><strong>SERUM THYMIC FACTOR\/ Thymulin CAS 63958-90-7 pour r\u00e9guler la fonction immunitaire cellulaire et l&#39;effet anti-virus<\/strong><\/h2>\n<p>Nom du produit\u00a0: SERUM THYMIC FACTOR\/Thymulin<br \/>\nSynonymes\u00a0: pGlu-Ala-Lys-Ser-Gln-Gly-Gly-Ser-Asn;STF, SeruM ThyMic Factor, ThyMulin;L-Asparagine,5-oxo- Sel trifluoroac\u00e9tate de L-prolyl-L-alanyl-L-lysyl-L-seryl-L-glutaminylglycylglycyl-L-seryl-;Pyr-Ala-Lys-Ser-Gln-Gly-Gly-Ser-Asn-OH;Facteur thymique s\u00e9rique (porcin);Facteur s\u00e9rique thymique;Facteur s\u00e9rique thymique (porc);PYR-ALA-LYS-SER-GLN-GLY-GLY-SER-ASN<br \/>\nCAS: 63958-90-7<br \/>\nMF: C33H54N12O15&lt;&amp; &gt;MW : 858.85<br \/>\nEINECS : 236-855-3<br \/>\nCat\u00e9gories de produits : Peptide<br \/>\nMol File : 63958-90-7.mol<\/p>\n<p>La thymuline est une synth\u00e9tis\u00e9e par l&#39;organe appel\u00e9 le thymus . La thymuline sert principalement \u00e0 g\u00e9n\u00e9rer le d\u00e9veloppement ou &quot;l&#39;\u00e9ducation&quot; de certaines cellules produites par la moelle osseuse qui sont actives dans le syst\u00e8me de d\u00e9fense de l&#39;organisme, appel\u00e9es lymphocytes T.<br \/>\nLa thymuline est notamment impliqu\u00e9e dans le d\u00e9veloppement de ces cellules depuis leur \u00e9tat non fonctionnel, dans lequel elles arrivent dans le thymus, jusqu&#39;\u00e0 des cellules d\u00e9fensives pleinement acquises, dites immunocomp\u00e9tentes.<br \/>\n La thymuline n&#39;est que l&#39;un des diff\u00e9rents H s\u00e9cr\u00e9t\u00e9s par cette glande, qui sont produits en quantit\u00e9s beaucoup plus petites apr\u00e8s la deuxi\u00e8me ann\u00e9e de vie<\/p>\n<p> <strong>SERUM THYMIC FACTOR\/ Thymulin CAS 63958-90-7 Propri\u00e9t\u00e9s chimiques<\/strong> &lt;&amp; &gt;Point d&#39;\u00e9bullition 1658,9\u00b165,0 \u00b0C (pr\u00e9dit)<br \/>\ndensit\u00e9 1,417\u00b10,06 g\/cm3(pr\u00e9dit)<br \/>\ntemp. de stockage. \u221220\u00b0C<br \/>\nsolubilit\u00e9 eau d\u00e9min\u00e9ralis\u00e9e : soluble<br \/>\npka 3.08\u00b10.10(Predicted)<br \/>\ncouleur blanche<\/p>\n<p> <strong>Fonction de THYMULIN<\/strong><br \/>\n1. La thymuline est capable d&#39;augmenter \u00e0 la fois la masse musculaire et la densit\u00e9 min\u00e9rale osseuse, ce qui en fait une th\u00e9rapie prometteuse pour le traitement de la fragilit\u00e9 chez les personnes \u00e2g\u00e9es.<br \/>\n2. La thymuline modifie \u00e9galement le m\u00e9tabolisme de la graisse corporelle et peut donc avoir une application dans le traitement de l&#39;ob\u00e9sit\u00e9.<br \/>\n3. Thymulin est un m\u00e9dicament qui agit comme un puissant s\u00e9cr\u00e9tagogue de croissance actif par voie orale.<\/p>\n<p> <strong>Application de THYMULIN<\/strong><br \/>\n1. Appliqu\u00e9e dans le domaine alimentaire, la poudre Semax doit principalement \u00eatre utilis\u00e9e comme additif alimentaire\u00a0;<br \/>\n2. Appliqu\u00e9e dans le domaine des produits de sant\u00e9, la poudre Semax en tant que produit de sant\u00e9 masculine pour augmenter les pouvoirs sexuels\u00a0;<br \/>\n3. Appliqu\u00e9 dans le domaine pharmaceutique, Semax peut traiter divers types d&#39;impuissance masculine et de dysfonctionnement sexuel.<\/p>\n","protected":false},"excerpt":{"rendered":"<p>Nom du produit : SERUM THYMIC FACTOR\/Thymulin<br \/>\nCAS : 63958-90-7<br \/>\nMF : C33H54N12O15<br \/>\nMW : 858.85<br \/>\nEINECS : 236-855-3<br \/>\nMol File : 63958-90- 7.mol<\/p>\n","protected":false},"featured_media":2122,"comment_status":"open","ping_status":"closed","template":"","meta":{"om_disable_all_campaigns":false,"_monsterinsights_skip_tracking":false,"_monsterinsights_sitenote_active":false,"_monsterinsights_sitenote_note":"","_monsterinsights_sitenote_category":0,"site-sidebar-layout":"default","site-content-layout":"default","ast-site-content-layout":"default","site-content-style":"default","site-sidebar-style":"default","ast-global-header-display":"","ast-banner-title-visibility":"","ast-main-header-display":"","ast-hfb-above-header-display":"","ast-hfb-below-header-display":"","ast-hfb-mobile-header-display":"","site-post-title":"","ast-breadcrumbs-content":"","ast-featured-img":"","footer-sml-layout":"","ast-disable-related-posts":"","theme-transparent-header-meta":"default","adv-header-id-meta":"","stick-header-meta":"","header-above-stick-meta":"","header-main-stick-meta":"","header-below-stick-meta":"","astra-migrate-meta-layouts":"default","ast-page-background-enabled":"default","ast-page-background-meta":{"desktop":{"background-color":"","background-image":"","background-repeat":"repeat","background-position":"center center","background-size":"auto","background-attachment":"scroll","background-type":"","background-media":"","overlay-type":"","overlay-color":"","overlay-opacity":"","overlay-gradient":""},"tablet":{"background-color":"","background-image":"","background-repeat":"repeat","background-position":"center center","background-size":"auto","background-attachment":"scroll","background-type":"","background-media":"","overlay-type":"","overlay-color":"","overlay-opacity":"","overlay-gradient":""},"mobile":{"background-color":"","background-image":"","background-repeat":"repeat","background-position":"center center","background-size":"auto","background-attachment":"scroll","background-type":"","background-media":"","overlay-type":"","overlay-color":"","overlay-opacity":"","overlay-gradient":""}},"ast-content-background-meta":{"desktop":{"background-color":"var(--ast-global-color-5)","background-image":"","background-repeat":"repeat","background-position":"center center","background-size":"auto","background-attachment":"scroll","background-type":"","background-media":"","overlay-type":"","overlay-color":"","overlay-opacity":"","overlay-gradient":""},"tablet":{"background-color":"var(--ast-global-color-5)","background-image":"","background-repeat":"repeat","background-position":"center center","background-size":"auto","background-attachment":"scroll","background-type":"","background-media":"","overlay-type":"","overlay-color":"","overlay-opacity":"","overlay-gradient":""},"mobile":{"background-color":"var(--ast-global-color-5)","background-image":"","background-repeat":"repeat","background-position":"center center","background-size":"auto","background-attachment":"scroll","background-type":"","background-media":"","overlay-type":"","overlay-color":"","overlay-opacity":"","overlay-gradient":""}}},"product_brand":[],"product_cat":[366],"product_tag":[2148],"class_list":{"0":"post-7629","1":"product","2":"type-product","3":"status-publish","4":"has-post-thumbnail","6":"product_cat-peptide-immunomodulateur","7":"product_tag-serum-thymic-factor-thymulin-cas-63958-90-7-for-regulate-cellular-immune-function-and-anti-virus-effect-fr","8":"desktop-align-left","9":"tablet-align-left","10":"mobile-align-left","12":"first","13":"instock","14":"shipping-taxable","15":"product-type-simple"},"_links":{"self":[{"href":"https:\/\/puyapeptide.net\/fr\/wp-json\/wp\/v2\/product\/7629","targetHints":{"allow":["GET"]}}],"collection":[{"href":"https:\/\/puyapeptide.net\/fr\/wp-json\/wp\/v2\/product"}],"about":[{"href":"https:\/\/puyapeptide.net\/fr\/wp-json\/wp\/v2\/types\/product"}],"replies":[{"embeddable":true,"href":"https:\/\/puyapeptide.net\/fr\/wp-json\/wp\/v2\/comments?post=7629"}],"wp:featuredmedia":[{"embeddable":true,"href":"https:\/\/puyapeptide.net\/fr\/wp-json\/wp\/v2\/media\/2122"}],"wp:attachment":[{"href":"https:\/\/puyapeptide.net\/fr\/wp-json\/wp\/v2\/media?parent=7629"}],"wp:term":[{"taxonomy":"product_brand","embeddable":true,"href":"https:\/\/puyapeptide.net\/fr\/wp-json\/wp\/v2\/product_brand?post=7629"},{"taxonomy":"product_cat","embeddable":true,"href":"https:\/\/puyapeptide.net\/fr\/wp-json\/wp\/v2\/product_cat?post=7629"},{"taxonomy":"product_tag","embeddable":true,"href":"https:\/\/puyapeptide.net\/fr\/wp-json\/wp\/v2\/product_tag?post=7629"}],"curies":[{"name":"wp","href":"https:\/\/api.w.org\/{rel}","templated":true}]}}