{"id":7637,"date":"2021-12-16T10:24:25","date_gmt":"2021-12-16T15:24:25","guid":{"rendered":"https:\/\/puyapeptide.net\/product\/puya-supply-tirzepatide-cas-2023788-19-2\/"},"modified":"2021-12-16T10:24:25","modified_gmt":"2021-12-16T15:24:25","slug":"puya-supply-tirzepatide-cas-2023788-19-2","status":"publish","type":"product","link":"https:\/\/puyapeptide.net\/fr\/product\/puya-supply-tirzepatide-cas-2023788-19-2\/","title":{"rendered":"Puya Supply Tirzepatide CAS 2023788-19-2"},"content":{"rendered":"<h2><strong>Puya Supply Tirzepatide CAS 2023788-19-2<\/strong><\/h2>\n<p>Nom du produit\u00a0: Tirzepatide<br \/>\nS\u00e9quence Y-Aib-EGTFTSDYSI-Aib-LDKIAQ-diacid-gamma-Glu-(AEEA)2-Lys-AFVQWLIAGGPSSGAPPPS-NH2<br \/>\nSynonymes\u00a0: Tirzepatide;GIP\\GLP-1&lt; &amp;&gt;CAS\u00a0: 2023788-19-2<br \/>\nMF\u00a0:<br \/>\nMW\u00a0: 0<br \/>\nEINECS\u00a0:<br \/>\nCat\u00e9gories de produits\u00a0:<br \/>\nMol File\u00a0: Mol File<\/p>\n<p>Tirzepatide (LY3298176) is un double polypeptide insulinotrope d\u00e9pendant du glucose (GIP) et un agoniste des r\u00e9cepteurs du peptide-1 semblable au glucagon (GLP-1) qui est en cours de d\u00e9veloppement pour le traitement du diab\u00e8te de type 2. Le tirzepatide (LY3298176) montre une efficacit\u00e9 significativement meilleure en ce qui concerne le contr\u00f4le de la glyc\u00e9mie et la perte de poids que le dulaglutide.<\/p>\n","protected":false},"excerpt":{"rendered":"<p>Nom du produit\u00a0: Tirzepatide<br \/>\nSynonymes\u00a0: Tirzepatide;GIP\\GLP-1<br \/>\nCAS\u00a0: 2023788-19-2<br \/>\nFichier Mol\u00a0: Fichier Mol<\/p>\n","protected":false},"featured_media":2122,"comment_status":"open","ping_status":"closed","template":"","meta":{"om_disable_all_campaigns":false,"_monsterinsights_skip_tracking":false,"_monsterinsights_sitenote_active":false,"_monsterinsights_sitenote_note":"","_monsterinsights_sitenote_category":0,"site-sidebar-layout":"default","site-content-layout":"default","ast-site-content-layout":"default","site-content-style":"default","site-sidebar-style":"default","ast-global-header-display":"","ast-banner-title-visibility":"","ast-main-header-display":"","ast-hfb-above-header-display":"","ast-hfb-below-header-display":"","ast-hfb-mobile-header-display":"","site-post-title":"","ast-breadcrumbs-content":"","ast-featured-img":"","footer-sml-layout":"","ast-disable-related-posts":"","theme-transparent-header-meta":"default","adv-header-id-meta":"","stick-header-meta":"","header-above-stick-meta":"","header-main-stick-meta":"","header-below-stick-meta":"","astra-migrate-meta-layouts":"default","ast-page-background-enabled":"default","ast-page-background-meta":{"desktop":{"background-color":"","background-image":"","background-repeat":"repeat","background-position":"center center","background-size":"auto","background-attachment":"scroll","background-type":"","background-media":"","overlay-type":"","overlay-color":"","overlay-opacity":"","overlay-gradient":""},"tablet":{"background-color":"","background-image":"","background-repeat":"repeat","background-position":"center center","background-size":"auto","background-attachment":"scroll","background-type":"","background-media":"","overlay-type":"","overlay-color":"","overlay-opacity":"","overlay-gradient":""},"mobile":{"background-color":"","background-image":"","background-repeat":"repeat","background-position":"center center","background-size":"auto","background-attachment":"scroll","background-type":"","background-media":"","overlay-type":"","overlay-color":"","overlay-opacity":"","overlay-gradient":""}},"ast-content-background-meta":{"desktop":{"background-color":"var(--ast-global-color-5)","background-image":"","background-repeat":"repeat","background-position":"center center","background-size":"auto","background-attachment":"scroll","background-type":"","background-media":"","overlay-type":"","overlay-color":"","overlay-opacity":"","overlay-gradient":""},"tablet":{"background-color":"var(--ast-global-color-5)","background-image":"","background-repeat":"repeat","background-position":"center center","background-size":"auto","background-attachment":"scroll","background-type":"","background-media":"","overlay-type":"","overlay-color":"","overlay-opacity":"","overlay-gradient":""},"mobile":{"background-color":"var(--ast-global-color-5)","background-image":"","background-repeat":"repeat","background-position":"center center","background-size":"auto","background-attachment":"scroll","background-type":"","background-media":"","overlay-type":"","overlay-color":"","overlay-opacity":"","overlay-gradient":""}}},"product_brand":[],"product_cat":[341],"product_tag":[2118],"class_list":{"0":"post-7637","1":"product","2":"type-product","3":"status-publish","4":"has-post-thumbnail","6":"product_cat-peptide-de-diabete","7":"product_tag-puya-supply-tirzepatide-cas-2023788-19-2-fr","8":"desktop-align-left","9":"tablet-align-left","10":"mobile-align-left","12":"first","13":"instock","14":"shipping-taxable","15":"product-type-simple"},"_links":{"self":[{"href":"https:\/\/puyapeptide.net\/fr\/wp-json\/wp\/v2\/product\/7637","targetHints":{"allow":["GET"]}}],"collection":[{"href":"https:\/\/puyapeptide.net\/fr\/wp-json\/wp\/v2\/product"}],"about":[{"href":"https:\/\/puyapeptide.net\/fr\/wp-json\/wp\/v2\/types\/product"}],"replies":[{"embeddable":true,"href":"https:\/\/puyapeptide.net\/fr\/wp-json\/wp\/v2\/comments?post=7637"}],"wp:featuredmedia":[{"embeddable":true,"href":"https:\/\/puyapeptide.net\/fr\/wp-json\/wp\/v2\/media\/2122"}],"wp:attachment":[{"href":"https:\/\/puyapeptide.net\/fr\/wp-json\/wp\/v2\/media?parent=7637"}],"wp:term":[{"taxonomy":"product_brand","embeddable":true,"href":"https:\/\/puyapeptide.net\/fr\/wp-json\/wp\/v2\/product_brand?post=7637"},{"taxonomy":"product_cat","embeddable":true,"href":"https:\/\/puyapeptide.net\/fr\/wp-json\/wp\/v2\/product_cat?post=7637"},{"taxonomy":"product_tag","embeddable":true,"href":"https:\/\/puyapeptide.net\/fr\/wp-json\/wp\/v2\/product_tag?post=7637"}],"curies":[{"name":"wp","href":"https:\/\/api.w.org\/{rel}","templated":true}]}}