{"id":7674,"date":"2021-12-16T10:26:34","date_gmt":"2021-12-16T15:26:34","guid":{"rendered":"https:\/\/puyapeptide.net\/product\/seractide-acth-1-39-hormone-adrenocorticotrope-cas-humain-12279-41-3-pour-la-recherche-en-laboratoire\/"},"modified":"2021-12-16T10:26:34","modified_gmt":"2021-12-16T15:26:34","slug":"seractide-acth-1-39-hormone-adrenocorticotrope-cas-humain-12279-41-3-pour-la-recherche-en-laboratoire","status":"publish","type":"product","link":"https:\/\/puyapeptide.net\/fr\/product\/seractide-acth-1-39-hormone-adrenocorticotrope-cas-humain-12279-41-3-pour-la-recherche-en-laboratoire\/","title":{"rendered":"Seractide\/ACTH (1-39)\/Hormone adr\u00e9nocorticotrope CAS humain 12279-41-3 pour la recherche en laboratoire"},"content":{"rendered":"<h2><strong>Seractide\/ACTH (1-39)\/Hormone adr\u00e9nocorticotrope CAS humain 12279-41-3 pour la recherche en laboratoire<\/strong><\/h2>\n<p>Nom du produit\u00a0: Seractide<br \/>\nSynonymes\u00a0: CORTICOTROPIN (HUMAIN);CORTICOTROPIN;CORTICOTROPIN A;H-SER-TYR-SER-MET-GLU-HIS-PHE-ARG-TRP-GLY-LYS-PRO-VAL- GLY-LYS-LYS-ARG-ARG-PRO-VAL-LYS-VAL-TYR-PRO-ASN-GLY-ALA-GLU-ASP-GLU-SER-ALA-GLU-ALA-PHE-PRO-LEU-GLU- PHE-OH;ACTH (1-39) (humain) Corticotropine;Hormone adr\u00e9nocorticotrope (ACTH) (1-39);Ac\u00e9tate de s\u00e9ractide;Hormone adr\u00e9nocorticotrope (ACTH) (1-39), humaine<br \/>\nCAS: 12279-41- 3<br \/>\nMF\u00a0: C207H308N56O58S1<br \/>\nMW\u00a0: 4541.07<br \/>\nEINECS\u00a0: 634-154-0<br \/>\nCat\u00e9gories de produits\u00a0: Peptide;M\u00e9lanocortine r\u00e9cepteur<br \/>\nMol File\u00a0: 12279-41-3.mol<br \/>\n&lt; &amp;&gt; L&#39;hormone adr\u00e9nocorticotrope (ACTH) (1-39), l&#39;humain est un agoniste des r\u00e9cepteurs de la m\u00e9lanocortine. Cette hormone peptidique de 39 acides amin\u00e9s est produite dans l&#39;hypophyse ant\u00e9rieure lors de la stimulation par l&#39;hormone de lib\u00e9ration de la corticotrophine de l&#39;hypothalamus en r\u00e9ponse au stress. Il stimule la s\u00e9cr\u00e9tion d&#39;hormones st\u00e9ro\u00efdes, en particulier de glucocortico\u00efdes dans le cortex surr\u00e9nalien en agissant par l&#39;interm\u00e9diaire d&#39;un r\u00e9cepteur membranaire cellulaire (ACTH-R). Chez les mammif\u00e8res, l&#39;action de l&#39;ACTH est limit\u00e9e aux zones du cortex surr\u00e9nalien dans lesquelles se forment les hormones glucocortico\u00efdes cortisol (hydrocortisone) et corticost\u00e9rone. L&#39;ACTH a peu de contr\u00f4le sur la s\u00e9cr\u00e9tion d&#39;aldost\u00e9rone, l&#39;autre hormone st\u00e9ro\u00efde majeure du cortex surr\u00e9nalien.<\/p>\n<p> <strong>Seractide CAS 12279-41-3 Propri\u00e9t\u00e9s chimiques<\/strong><br \/>\ntemp\u00e9rature de stockage. Conserver dans un endroit sombre,Atmosph\u00e8re inerte,Conserver au cong\u00e9lateur, \u00e0 moins de -20\u00b0C<br \/>\nsolubilit\u00e9 H2O\u00a0: 1 mg\/mL, clair, incolore<\/p>\n","protected":false},"excerpt":{"rendered":"<p>Nom du produit : Seractide<br \/>\nCAS : 12279-41-3<br \/>\nMF : C207H308N56O58S1<br \/>\nMW : 4541.07<br \/>\nEINECS : 634-154-0<br \/>\nMol Fichier : 12279-41-3.mol<\/p>\n","protected":false},"featured_media":2101,"comment_status":"open","ping_status":"closed","template":"","meta":{"om_disable_all_campaigns":false,"_monsterinsights_skip_tracking":false,"_monsterinsights_sitenote_active":false,"_monsterinsights_sitenote_note":"","_monsterinsights_sitenote_category":0,"site-sidebar-layout":"default","site-content-layout":"default","ast-site-content-layout":"default","site-content-style":"default","site-sidebar-style":"default","ast-global-header-display":"","ast-banner-title-visibility":"","ast-main-header-display":"","ast-hfb-above-header-display":"","ast-hfb-below-header-display":"","ast-hfb-mobile-header-display":"","site-post-title":"","ast-breadcrumbs-content":"","ast-featured-img":"","footer-sml-layout":"","ast-disable-related-posts":"","theme-transparent-header-meta":"default","adv-header-id-meta":"","stick-header-meta":"","header-above-stick-meta":"","header-main-stick-meta":"","header-below-stick-meta":"","astra-migrate-meta-layouts":"default","ast-page-background-enabled":"default","ast-page-background-meta":{"desktop":{"background-color":"","background-image":"","background-repeat":"repeat","background-position":"center center","background-size":"auto","background-attachment":"scroll","background-type":"","background-media":"","overlay-type":"","overlay-color":"","overlay-opacity":"","overlay-gradient":""},"tablet":{"background-color":"","background-image":"","background-repeat":"repeat","background-position":"center center","background-size":"auto","background-attachment":"scroll","background-type":"","background-media":"","overlay-type":"","overlay-color":"","overlay-opacity":"","overlay-gradient":""},"mobile":{"background-color":"","background-image":"","background-repeat":"repeat","background-position":"center center","background-size":"auto","background-attachment":"scroll","background-type":"","background-media":"","overlay-type":"","overlay-color":"","overlay-opacity":"","overlay-gradient":""}},"ast-content-background-meta":{"desktop":{"background-color":"var(--ast-global-color-5)","background-image":"","background-repeat":"repeat","background-position":"center center","background-size":"auto","background-attachment":"scroll","background-type":"","background-media":"","overlay-type":"","overlay-color":"","overlay-opacity":"","overlay-gradient":""},"tablet":{"background-color":"var(--ast-global-color-5)","background-image":"","background-repeat":"repeat","background-position":"center center","background-size":"auto","background-attachment":"scroll","background-type":"","background-media":"","overlay-type":"","overlay-color":"","overlay-opacity":"","overlay-gradient":""},"mobile":{"background-color":"var(--ast-global-color-5)","background-image":"","background-repeat":"repeat","background-position":"center center","background-size":"auto","background-attachment":"scroll","background-type":"","background-media":"","overlay-type":"","overlay-color":"","overlay-opacity":"","overlay-gradient":""}}},"product_brand":[],"product_cat":[526],"product_tag":[2104],"class_list":{"0":"post-7674","1":"product","2":"type-product","3":"status-publish","4":"has-post-thumbnail","6":"product_cat-autres-peptides","7":"product_tag-seractide-acth-1-39-adrenocorticotropic-hormone-human-cas-12279-41-3-for-lab-research-fr","8":"desktop-align-left","9":"tablet-align-left","10":"mobile-align-left","12":"first","13":"instock","14":"shipping-taxable","15":"product-type-simple"},"_links":{"self":[{"href":"https:\/\/puyapeptide.net\/fr\/wp-json\/wp\/v2\/product\/7674","targetHints":{"allow":["GET"]}}],"collection":[{"href":"https:\/\/puyapeptide.net\/fr\/wp-json\/wp\/v2\/product"}],"about":[{"href":"https:\/\/puyapeptide.net\/fr\/wp-json\/wp\/v2\/types\/product"}],"replies":[{"embeddable":true,"href":"https:\/\/puyapeptide.net\/fr\/wp-json\/wp\/v2\/comments?post=7674"}],"wp:featuredmedia":[{"embeddable":true,"href":"https:\/\/puyapeptide.net\/fr\/wp-json\/wp\/v2\/media\/2101"}],"wp:attachment":[{"href":"https:\/\/puyapeptide.net\/fr\/wp-json\/wp\/v2\/media?parent=7674"}],"wp:term":[{"taxonomy":"product_brand","embeddable":true,"href":"https:\/\/puyapeptide.net\/fr\/wp-json\/wp\/v2\/product_brand?post=7674"},{"taxonomy":"product_cat","embeddable":true,"href":"https:\/\/puyapeptide.net\/fr\/wp-json\/wp\/v2\/product_cat?post=7674"},{"taxonomy":"product_tag","embeddable":true,"href":"https:\/\/puyapeptide.net\/fr\/wp-json\/wp\/v2\/product_tag?post=7674"}],"curies":[{"name":"wp","href":"https:\/\/api.w.org\/{rel}","templated":true}]}}