{"id":7707,"date":"2021-12-16T10:28:58","date_gmt":"2021-12-16T15:28:58","guid":{"rendered":"https:\/\/puyapeptide.net\/product\/peptide-selank-cas-129954-34-3-pour-anti-anxiete\/"},"modified":"2021-12-16T10:28:58","modified_gmt":"2021-12-16T15:28:58","slug":"peptide-selank-cas-129954-34-3-pour-anti-anxiete","status":"publish","type":"product","link":"https:\/\/puyapeptide.net\/fr\/product\/peptide-selank-cas-129954-34-3-pour-anti-anxiete\/","title":{"rendered":"Peptide Selank CAS 129954-34-3 Pour anti-anxi\u00e9t\u00e9"},"content":{"rendered":"<h2><strong>Peptide Selank CAS 129954-34-3 Pour anti-anxi\u00e9t\u00e9<\/strong><\/h2>\n<p>Nom du produit : Selank peptide<br \/>\nSynonymes\u00a0: Selank peptide;SelankAcetate;PL14736;L-thr\u00e9onyl-L-lysyl-L-prolyl-L-arginyl-L-prolylglycyl-L-proline;L-THREONYL-L- LYSYL-L-PROLYL-L-ARGINYL-L-PROLYLGLYCYL-L-PROLINE\u00a0; MONOAC\u00c9TATE;H-Thr-Lys-Pro-Arg-Pro-Gly-Pro-OH;SLANK;Peptide de Selank<br \/>\nCAS\u00a0: 129954-34-3<br \/>\nMF\u00a0: C33H57N11O9<br \/>\nMW\u00a0: 751.87<br \/>\nEINECS : 232-660-2<br \/>\nCat\u00e9gories de produit :<br \/>\nMol File : 129954-34-3.mol<\/p>\n<p>Le peptide Selank a \u00e9t\u00e9 \u00e9tiquet\u00e9 comme un peptide \u00ab\u00a0anti-anxi\u00e9t\u00e9\u00a0\u00bb et a \u00e9galement montr\u00e9 une am\u00e9lioration dans l&#39;apprentissage, la m\u00e9moire, la cognition, la d\u00e9pression, la faiblesse et l&#39;\u00e9nergie globale. <\/p>\n<p> <strong>Peptide Selank CAS 129954-34-3 Propri\u00e9t\u00e9s chimiques<\/strong><br \/>\nPoint de fusion 134-136 \u00b0C<br \/>\ndensit\u00e9 1,53\u00b10,1 g\/cm3(Pr\u00e9dit)<br \/>\npka 3,43\u00b10,20(Pr\u00e9vu)&lt; &amp;&gt;<br \/>\n <strong>Fonction et application du peptide Selank CAS 129954-34-3<\/strong><br \/>\nPeut am\u00e9liorer l&#39;anxi\u00e9t\u00e9<br \/>\nPeut am\u00e9liorer l&#39;apprentissage<br \/>\nPeut am\u00e9liorer la m\u00e9moire<br \/>\nPeut aider \u00e0 la r\u00e9cup\u00e9ration des l\u00e9sions c\u00e9r\u00e9brales\u00a0: augmente le BDNF (cerveau- facteur neurotrophique d\u00e9riv\u00e9), un compos\u00e9 important pour la croissance du cerveau<br \/>\nPeut aider \u00e0 stabiliser les enk\u00e9phalines dans le sang\u00a0: ils contrecarrent la r\u00e9ponse au stress<br \/>\nPeut aider au sevrage alcoolique<br \/>\nPeut aider \u00e0 pr\u00e9venir la prise de poids et \u00e0 r\u00e9duire le cholest\u00e9rol<br \/>\nSelank peut renforcer la fonction immunitaire en augmentant l&#39;IL-6 dans les cellules sanguines. L&#39;IL-6 est une prot\u00e9ine inflammatoire qui est cens\u00e9e aider \u00e0 combattre les infections. Selank peut \u00e9galement stimuler la lib\u00e9ration d&#39;interf\u00e9rons, qui sont des mol\u00e9cules antivirales.<\/p>\n<p> <strong>QU&#39;EST-CE QUE SELANK\u00a0?<\/strong><br \/>\nSelank appartient \u00e0 une classe de mol\u00e9cules appel\u00e9es peptides synth\u00e9tiques. Selank a \u00e9t\u00e9 fabriqu\u00e9 en combinant la s\u00e9quence d&#39;un peptide appel\u00e9 tuftsine avec une autre s\u00e9quence qui am\u00e9liore sa stabilit\u00e9 mol\u00e9culaire. La tuftsine est un peptide \u00e9troitement li\u00e9 \u00e0 la fonction immunitaire. Il se produit naturellement et constitue une partie de l&#39;anticorps naturel IgG.<\/p>\n<p>C&#39;est un petit peptide compar\u00e9 \u00e0 la plupart des prot\u00e9ines naturelles. Selank a \u00e9t\u00e9 d\u00e9velopp\u00e9 \u00e0 l&#39;Institut de g\u00e9n\u00e9tique mol\u00e9culaire en coop\u00e9ration avec l&#39;Institut de recherche en pharmacologie VV Zakusov (Acad\u00e9mie russe des sciences m\u00e9dicales), ainsi que le m\u00e9dicament nootrope Semax, parfois appel\u00e9 son cousin peptide. <\/p>\n<p>Selank a \u00e9t\u00e9 approuv\u00e9 en Russie pour le traitement du trouble anxieux g\u00e9n\u00e9ralis\u00e9 (TAG) et pour son utilisation comme nootrope. Dans les essais cliniques, le m\u00e9dicament s&#39;est av\u00e9r\u00e9 fournir un effet nootrope et anxiolytique soutenu qui est utile pour le traitement du trouble d&#39;anxi\u00e9t\u00e9 g\u00e9n\u00e9ralis\u00e9e (TAG).<\/p>\n<p> <strong>COMMENT UTILISER SELANK\u00a0?<\/strong><br \/>\nSelank est un peptide utilis\u00e9 comme spray nasal. C&#39;est parce qu&#39;il sera dig\u00e9r\u00e9 par l&#39;estomac s&#39;il est pris par voie orale. L&#39;inhalation est plus efficace pour l&#39;administration dans la circulation sanguine et dans le cerveau.<br \/>\nLa posologie typique est d&#39;une pulv\u00e9risation dans chaque narine par jour.<\/p>\n","protected":false},"excerpt":{"rendered":"<p>Nom du produit : Selank peptide<br \/>\nCAS : 129954-34-3<br \/>\nMF : C33H57N11O9<br \/>\nMW : 751.87<br \/>\nEINECS : 232-660-2<br \/>\nMol File : 129954-34-3.mol<\/p>\n","protected":false},"featured_media":2290,"comment_status":"open","ping_status":"closed","template":"","meta":{"om_disable_all_campaigns":false,"_monsterinsights_skip_tracking":false,"_monsterinsights_sitenote_active":false,"_monsterinsights_sitenote_note":"","_monsterinsights_sitenote_category":0,"site-sidebar-layout":"default","site-content-layout":"default","ast-site-content-layout":"default","site-content-style":"default","site-sidebar-style":"default","ast-global-header-display":"","ast-banner-title-visibility":"","ast-main-header-display":"","ast-hfb-above-header-display":"","ast-hfb-below-header-display":"","ast-hfb-mobile-header-display":"","site-post-title":"","ast-breadcrumbs-content":"","ast-featured-img":"","footer-sml-layout":"","ast-disable-related-posts":"","theme-transparent-header-meta":"default","adv-header-id-meta":"","stick-header-meta":"","header-above-stick-meta":"","header-main-stick-meta":"","header-below-stick-meta":"","astra-migrate-meta-layouts":"default","ast-page-background-enabled":"default","ast-page-background-meta":{"desktop":{"background-color":"","background-image":"","background-repeat":"repeat","background-position":"center center","background-size":"auto","background-attachment":"scroll","background-type":"","background-media":"","overlay-type":"","overlay-color":"","overlay-opacity":"","overlay-gradient":""},"tablet":{"background-color":"","background-image":"","background-repeat":"repeat","background-position":"center center","background-size":"auto","background-attachment":"scroll","background-type":"","background-media":"","overlay-type":"","overlay-color":"","overlay-opacity":"","overlay-gradient":""},"mobile":{"background-color":"","background-image":"","background-repeat":"repeat","background-position":"center center","background-size":"auto","background-attachment":"scroll","background-type":"","background-media":"","overlay-type":"","overlay-color":"","overlay-opacity":"","overlay-gradient":""}},"ast-content-background-meta":{"desktop":{"background-color":"var(--ast-global-color-5)","background-image":"","background-repeat":"repeat","background-position":"center center","background-size":"auto","background-attachment":"scroll","background-type":"","background-media":"","overlay-type":"","overlay-color":"","overlay-opacity":"","overlay-gradient":""},"tablet":{"background-color":"var(--ast-global-color-5)","background-image":"","background-repeat":"repeat","background-position":"center center","background-size":"auto","background-attachment":"scroll","background-type":"","background-media":"","overlay-type":"","overlay-color":"","overlay-opacity":"","overlay-gradient":""},"mobile":{"background-color":"var(--ast-global-color-5)","background-image":"","background-repeat":"repeat","background-position":"center center","background-size":"auto","background-attachment":"scroll","background-type":"","background-media":"","overlay-type":"","overlay-color":"","overlay-opacity":"","overlay-gradient":""}}},"product_brand":[],"product_cat":[526],"product_tag":[2093],"class_list":{"0":"post-7707","1":"product","2":"type-product","3":"status-publish","4":"has-post-thumbnail","6":"product_cat-autres-peptides","7":"product_tag-selank-peptide-cas-129954-34-3-for-anti-anxiety-fr","8":"desktop-align-left","9":"tablet-align-left","10":"mobile-align-left","12":"first","13":"instock","14":"shipping-taxable","15":"product-type-simple"},"_links":{"self":[{"href":"https:\/\/puyapeptide.net\/fr\/wp-json\/wp\/v2\/product\/7707","targetHints":{"allow":["GET"]}}],"collection":[{"href":"https:\/\/puyapeptide.net\/fr\/wp-json\/wp\/v2\/product"}],"about":[{"href":"https:\/\/puyapeptide.net\/fr\/wp-json\/wp\/v2\/types\/product"}],"replies":[{"embeddable":true,"href":"https:\/\/puyapeptide.net\/fr\/wp-json\/wp\/v2\/comments?post=7707"}],"wp:featuredmedia":[{"embeddable":true,"href":"https:\/\/puyapeptide.net\/fr\/wp-json\/wp\/v2\/media\/2290"}],"wp:attachment":[{"href":"https:\/\/puyapeptide.net\/fr\/wp-json\/wp\/v2\/media?parent=7707"}],"wp:term":[{"taxonomy":"product_brand","embeddable":true,"href":"https:\/\/puyapeptide.net\/fr\/wp-json\/wp\/v2\/product_brand?post=7707"},{"taxonomy":"product_cat","embeddable":true,"href":"https:\/\/puyapeptide.net\/fr\/wp-json\/wp\/v2\/product_cat?post=7707"},{"taxonomy":"product_tag","embeddable":true,"href":"https:\/\/puyapeptide.net\/fr\/wp-json\/wp\/v2\/product_tag?post=7707"}],"curies":[{"name":"wp","href":"https:\/\/api.w.org\/{rel}","templated":true}]}}