{"id":7710,"date":"2021-12-16T10:28:59","date_gmt":"2021-12-16T15:28:59","guid":{"rendered":"https:\/\/puyapeptide.net\/product\/tesamoreline-usan-tesamoreline-cas-218949-48-5-pour-le-traitement-du-syndrome-de-trouble-du-metabolisme-des-lipides-associe-au-vih\/"},"modified":"2021-12-16T10:28:59","modified_gmt":"2021-12-16T15:28:59","slug":"tesamoreline-usan-tesamoreline-cas-218949-48-5-pour-le-traitement-du-syndrome-de-trouble-du-metabolisme-des-lipides-associe-au-vih","status":"publish","type":"product","link":"https:\/\/puyapeptide.net\/fr\/product\/tesamoreline-usan-tesamoreline-cas-218949-48-5-pour-le-traitement-du-syndrome-de-trouble-du-metabolisme-des-lipides-associe-au-vih\/","title":{"rendered":"Tesamor\u00e9line (usan)\/T\u00e9samor\u00e9line CAS 218949-48-5 Pour le traitement du syndrome de trouble du m\u00e9tabolisme des lipides associ\u00e9 au VIH"},"content":{"rendered":"<h2><strong>Tesamor\u00e9line (usan)\/T\u00e9samor\u00e9line CAS 218949-48-5 Pour le traitement du syndrome de trouble du m\u00e9tabolisme des lipides associ\u00e9 au VIH<\/strong><\/h2>\n<p>Nom du produit\u00a0: Tesamor\u00e9line (usan)<br \/>\nSynonymes\u00a0: D06655\u00a0;Tesamorelin (usan)\u00a0;TesamorelinAcetate\u00a0; Vente chaude de peptides pharmaceutiques 2mg Tesamor\u00e9line 99%\u00a0;Tesamor\u00e9line (usan) USP\/EP\/BP<br \/>\nCAS\u00a0: 218949-48 -5<br \/>\nMF\u00a0:<br \/>\nMW\u00a0: 0<br \/>\nEINECS\u00a0: 603-809-2<br \/>\nCat\u00e9gories de produits\u00a0:<br \/>\nFichier Mol\u00a0: Fichier Mol<\/p>\n<p>La t\u00e9samor\u00e9line est un peptide synth\u00e9tique compos\u00e9 de tous les 44 acides amin\u00e9s de hGRF avec l&#39;ajout d&#39;un groupe d&#39;acide trans-3-hex\u00e9no\u00efque. La t\u00e9samor\u00e9line (\u00e9galement connue sous le nom d&#39;Egrifta) est une forme synth\u00e9tique d&#39;hormone de lib\u00e9ration de l&#39;hormone de croissance qui est utilis\u00e9e dans le traitement de la lipodystrophie associ\u00e9e au VIH. fibroblastes d&#39;une mani\u00e8re dose-d\u00e9pendante, comme l&#39;a r\u00e9v\u00e9l\u00e9 le test de migration sur filtre transwell. Le BPC 157 a \u00e9galement acc\u00e9l\u00e9r\u00e9 en fonction de la dose la propagation des fibroblastes tendineux sur les bo\u00eetes de culture. La formation de F-actine d\u00e9tect\u00e9e par coloration FITC-phalloidine a \u00e9t\u00e9 induite dans des fibroblastes trait\u00e9s par BPC 157. L&#39;expression prot\u00e9ique et l&#39;activation de FAK et de paxilline ont \u00e9t\u00e9 d\u00e9termin\u00e9es par analyse Western blot, et les niveaux de phosphorylation de FAK et de paxilline ont \u00e9t\u00e9 augment\u00e9s en fonction de la dose de BPC 157 tandis que les quantit\u00e9s totales de prot\u00e9ines n&#39;ont pas \u00e9t\u00e9 modifi\u00e9es. En conclusion, le BPC 157 favorise l&#39;excroissance ex vivo de fibroblastes tendineux \u00e0 partir d&#39;explants tendineux, la survie cellulaire sous stress et la migration in vitro des fibroblastes tendineux, qui est probablement m\u00e9di\u00e9e par l&#39;activation de la voie FAK-paxilline.<br \/>\n&lt;&amp; &gt; <strong>Applications de la t\u00e9samor\u00e9line<\/strong> <\/p>\n<p>1. La triptor\u00e9line augmente les niveaux de testost\u00e9rone en provoquant une stimulation constante de l&#39;hypophyse, elle diminue la s\u00e9cr\u00e9tion hypophysaire de l&#39;hormone lut\u00e9inisante (LH) et de l&#39;hormone folliculostimulante (FSH).<\/p>\n<p>2. Comme d&#39;autres agonistes de la GnRH, la triptor\u00e9line peut \u00eatre utilis\u00e9e dans le traitement des cancers hormono-sensibles tels que le cancer de la prostate ou du sein, la pubert\u00e9 pr\u00e9coce, les affections d\u00e9pendantes des \u0153strog\u00e8nes (telles que l&#39;endom\u00e9triose ou les fibromes ut\u00e9rins) et dans la procr\u00e9ation assist\u00e9e.<\/p>\n","protected":false},"excerpt":{"rendered":"<p>Nom du produit : Tesamor\u00e9line (usan)<br \/>\nCAS : 218949-48-5<br \/>\nEINECS : 603-809-2<br \/>\nMol File : Mol File<\/p>\n","protected":false},"featured_media":2164,"comment_status":"open","ping_status":"closed","template":"","meta":{"om_disable_all_campaigns":false,"_monsterinsights_skip_tracking":false,"_monsterinsights_sitenote_active":false,"_monsterinsights_sitenote_note":"","_monsterinsights_sitenote_category":0,"site-sidebar-layout":"default","site-content-layout":"default","ast-site-content-layout":"default","site-content-style":"default","site-sidebar-style":"default","ast-global-header-display":"","ast-banner-title-visibility":"","ast-main-header-display":"","ast-hfb-above-header-display":"","ast-hfb-below-header-display":"","ast-hfb-mobile-header-display":"","site-post-title":"","ast-breadcrumbs-content":"","ast-featured-img":"","footer-sml-layout":"","ast-disable-related-posts":"","theme-transparent-header-meta":"default","adv-header-id-meta":"","stick-header-meta":"","header-above-stick-meta":"","header-main-stick-meta":"","header-below-stick-meta":"","astra-migrate-meta-layouts":"default","ast-page-background-enabled":"default","ast-page-background-meta":{"desktop":{"background-color":"","background-image":"","background-repeat":"repeat","background-position":"center center","background-size":"auto","background-attachment":"scroll","background-type":"","background-media":"","overlay-type":"","overlay-color":"","overlay-opacity":"","overlay-gradient":""},"tablet":{"background-color":"","background-image":"","background-repeat":"repeat","background-position":"center center","background-size":"auto","background-attachment":"scroll","background-type":"","background-media":"","overlay-type":"","overlay-color":"","overlay-opacity":"","overlay-gradient":""},"mobile":{"background-color":"","background-image":"","background-repeat":"repeat","background-position":"center center","background-size":"auto","background-attachment":"scroll","background-type":"","background-media":"","overlay-type":"","overlay-color":"","overlay-opacity":"","overlay-gradient":""}},"ast-content-background-meta":{"desktop":{"background-color":"var(--ast-global-color-5)","background-image":"","background-repeat":"repeat","background-position":"center center","background-size":"auto","background-attachment":"scroll","background-type":"","background-media":"","overlay-type":"","overlay-color":"","overlay-opacity":"","overlay-gradient":""},"tablet":{"background-color":"var(--ast-global-color-5)","background-image":"","background-repeat":"repeat","background-position":"center center","background-size":"auto","background-attachment":"scroll","background-type":"","background-media":"","overlay-type":"","overlay-color":"","overlay-opacity":"","overlay-gradient":""},"mobile":{"background-color":"var(--ast-global-color-5)","background-image":"","background-repeat":"repeat","background-position":"center center","background-size":"auto","background-attachment":"scroll","background-type":"","background-media":"","overlay-type":"","overlay-color":"","overlay-opacity":"","overlay-gradient":""}}},"product_brand":[],"product_cat":[526],"product_tag":[2057],"class_list":{"0":"post-7710","1":"product","2":"type-product","3":"status-publish","4":"has-post-thumbnail","6":"product_cat-autres-peptides","7":"product_tag-tesamorelin-usan-tesamorelin-cas-218949-48-5-for-the-treatment-of-hiv-associated-lipid-metabolism-disorder-syndrome-fr","8":"desktop-align-left","9":"tablet-align-left","10":"mobile-align-left","12":"first","13":"instock","14":"shipping-taxable","15":"product-type-simple"},"_links":{"self":[{"href":"https:\/\/puyapeptide.net\/fr\/wp-json\/wp\/v2\/product\/7710","targetHints":{"allow":["GET"]}}],"collection":[{"href":"https:\/\/puyapeptide.net\/fr\/wp-json\/wp\/v2\/product"}],"about":[{"href":"https:\/\/puyapeptide.net\/fr\/wp-json\/wp\/v2\/types\/product"}],"replies":[{"embeddable":true,"href":"https:\/\/puyapeptide.net\/fr\/wp-json\/wp\/v2\/comments?post=7710"}],"wp:featuredmedia":[{"embeddable":true,"href":"https:\/\/puyapeptide.net\/fr\/wp-json\/wp\/v2\/media\/2164"}],"wp:attachment":[{"href":"https:\/\/puyapeptide.net\/fr\/wp-json\/wp\/v2\/media?parent=7710"}],"wp:term":[{"taxonomy":"product_brand","embeddable":true,"href":"https:\/\/puyapeptide.net\/fr\/wp-json\/wp\/v2\/product_brand?post=7710"},{"taxonomy":"product_cat","embeddable":true,"href":"https:\/\/puyapeptide.net\/fr\/wp-json\/wp\/v2\/product_cat?post=7710"},{"taxonomy":"product_tag","embeddable":true,"href":"https:\/\/puyapeptide.net\/fr\/wp-json\/wp\/v2\/product_tag?post=7710"}],"curies":[{"name":"wp","href":"https:\/\/api.w.org\/{rel}","templated":true}]}}